{"id":11690,"date":"2021-04-19T12:44:02","date_gmt":"2021-04-19T12:44:02","guid":{"rendered":"https:\/\/www.reiserwatches.com\/?page_id=11690"},"modified":"2022-06-15T16:07:33","modified_gmt":"2022-06-15T14:07:33","slug":"showroom","status":"publish","type":"page","link":"https:\/\/www.reiserwatches.com\/de\/showroom\/","title":{"rendered":"Ausstellungsraum"},"content":{"rendered":"<div data-elementor-type=\"wp-page\" data-elementor-id=\"11690\" class=\"elementor elementor-11690\" data-elementor-post-type=\"page\">\n\t\t\t\t\t\t<section class=\"elementor-section elementor-top-section elementor-element elementor-element-58aaf131 elementor-section-height-min-height elementor-section-items-bottom elementor-section-boxed elementor-section-height-default\" data-id=\"58aaf131\" data-element_type=\"section\" data-settings=\"{&quot;background_background&quot;:&quot;classic&quot;}\">\n\t\t\t\t\t\t\t<div class=\"elementor-background-overlay\"><\/div>\n\t\t\t\t\t\t\t<div class=\"elementor-container elementor-column-gap-default\">\n\t\t\t\t\t<div class=\"elementor-column elementor-col-100 elementor-top-column elementor-element elementor-element-1e7a9e6d\" data-id=\"1e7a9e6d\" data-element_type=\"column\">\n\t\t\t<div class=\"elementor-widget-wrap elementor-element-populated\">\n\t\t\t\t\t\t<div class=\"elementor-element elementor-element-63a7be0f elementor-widget elementor-widget-heading\" data-id=\"63a7be0f\" data-element_type=\"widget\" data-widget_type=\"heading.default\">\n\t\t\t\t<div class=\"elementor-widget-container\">\n\t\t\t<h1 class=\"elementor-heading-title elementor-size-default\">Ausstellungsraum<\/h1>\t\t<\/div>\n\t\t\t\t<\/div>\n\t\t\t\t<div class=\"elementor-element elementor-element-5480d56d elementor-widget elementor-widget-text-editor\" data-id=\"5480d56d\" data-element_type=\"widget\" data-widget_type=\"text-editor.default\">\n\t\t\t\t<div class=\"elementor-widget-container\">\n\t\t\t\t\t\t\t<p>Treffen Sie uns pers\u00f6nlich<\/p>\t\t\t\t\t\t<\/div>\n\t\t\t\t<\/div>\n\t\t\t\t\t<\/div>\n\t\t<\/div>\n\t\t\t\t\t<\/div>\n\t\t<\/section>\n\t\t\t\t<section class=\"elementor-section elementor-top-section elementor-element elementor-element-1bdf521c elementor-section-boxed elementor-section-height-default elementor-section-height-default\" data-id=\"1bdf521c\" data-element_type=\"section\">\n\t\t\t\t\t\t<div class=\"elementor-container elementor-column-gap-default\">\n\t\t\t\t\t<div class=\"elementor-column elementor-col-50 elementor-top-column elementor-element elementor-element-77185d62\" data-id=\"77185d62\" data-element_type=\"column\">\n\t\t\t<div class=\"elementor-widget-wrap elementor-element-populated\">\n\t\t\t\t\t\t<div class=\"elementor-element elementor-element-76fcb63 elementor-widget elementor-widget-image\" data-id=\"76fcb63\" data-element_type=\"widget\" data-widget_type=\"image.default\">\n\t\t\t\t<div class=\"elementor-widget-container\">\n\t\t\t\t\t\t\t\t\t\t\t\t\t<img fetchpriority=\"high\" decoding=\"async\" width=\"695\" height=\"521\" src=\"https:\/\/www.reiserwatches.com\/wp-content\/uploads\/2021\/05\/office1.jpg\" class=\"attachment-large size-large wp-image-12449\" alt=\"\" srcset=\"https:\/\/www.reiserwatches.com\/wp-content\/uploads\/2021\/05\/office1.jpg 695w, https:\/\/www.reiserwatches.com\/wp-content\/uploads\/2021\/05\/office1-322x241.jpg 322w, https:\/\/www.reiserwatches.com\/wp-content\/uploads\/2021\/05\/office1-555x416.jpg 555w, https:\/\/www.reiserwatches.com\/wp-content\/uploads\/2021\/05\/office1-300x225.jpg 300w, https:\/\/www.reiserwatches.com\/wp-content\/uploads\/2021\/05\/office1-16x12.jpg 16w\" sizes=\"(max-width: 695px) 100vw, 695px\" \/>\t\t\t\t\t\t\t\t\t\t\t\t\t<\/div>\n\t\t\t\t<\/div>\n\t\t\t\t\t<\/div>\n\t\t<\/div>\n\t\t\t\t<div class=\"elementor-column elementor-col-50 elementor-top-column elementor-element elementor-element-629bbd81\" data-id=\"629bbd81\" data-element_type=\"column\" data-settings=\"{&quot;background_background&quot;:&quot;classic&quot;}\">\n\t\t\t<div class=\"elementor-widget-wrap elementor-element-populated\">\n\t\t\t\t\t\t<div class=\"elementor-element elementor-element-68e8b97e elementor-widget elementor-widget-heading\" data-id=\"68e8b97e\" data-element_type=\"widget\" data-widget_type=\"heading.default\">\n\t\t\t\t<div class=\"elementor-widget-container\">\n\t\t\t<h2 class=\"elementor-heading-title elementor-size-default\">Der Ausstellungsraum<\/h2>\t\t<\/div>\n\t\t\t\t<\/div>\n\t\t\t\t<div class=\"elementor-element elementor-element-3741b74c elementor-widget elementor-widget-text-editor\" data-id=\"3741b74c\" data-element_type=\"widget\" data-widget_type=\"text-editor.default\">\n\t\t\t\t<div class=\"elementor-widget-container\">\n\t\t\t\t\t\t\t<p>Unser Flaggschiff-Showroom ist der Ort, an dem REISER zum Leben erweckt wird.<\/p><p>Wir laden Sie ein, unsere Uhren zu erleben, zu entspannen, zu reflektieren, sich zu verbinden oder abzuschalten in einer entspannten Atmosph\u00e4re.\u00a0<\/p>\t\t\t\t\t\t<\/div>\n\t\t\t\t<\/div>\n\t\t\t\t\t<\/div>\n\t\t<\/div>\n\t\t\t\t\t<\/div>\n\t\t<\/section>\n\t\t\t\t<section class=\"elementor-section elementor-top-section elementor-element elementor-element-65c3e782 elementor-reverse-mobile elementor-section-boxed elementor-section-height-default elementor-section-height-default\" data-id=\"65c3e782\" data-element_type=\"section\">\n\t\t\t\t\t\t<div class=\"elementor-container elementor-column-gap-default\">\n\t\t\t\t\t<div class=\"elementor-column elementor-col-50 elementor-top-column elementor-element elementor-element-6ec3a5f2\" data-id=\"6ec3a5f2\" data-element_type=\"column\">\n\t\t\t<div class=\"elementor-widget-wrap elementor-element-populated\">\n\t\t\t\t\t\t<div class=\"elementor-element elementor-element-1b7a3f3 elementor-widget elementor-widget-heading\" data-id=\"1b7a3f3\" data-element_type=\"widget\" data-widget_type=\"heading.default\">\n\t\t\t\t<div class=\"elementor-widget-container\">\n\t\t\t<h2 class=\"elementor-heading-title elementor-size-default\">Die Erfahrung <\/h2>\t\t<\/div>\n\t\t\t\t<\/div>\n\t\t\t\t<div class=\"elementor-element elementor-element-4ac370e3 elementor-widget elementor-widget-text-editor\" data-id=\"4ac370e3\" data-element_type=\"widget\" data-widget_type=\"text-editor.default\">\n\t\t\t\t<div class=\"elementor-widget-container\">\n\t\t\t\t\t\t\t<p>Wir stellen Ihnen kostenlos Kaffee, Tee und andere Erfrischungen zur Verf\u00fcgung, und nat\u00fcrlich m\u00f6chten wir Ihnen die beste Umgebung bieten, um unsere Kollektion zu betrachten und unsere Uhren anzuprobieren.<\/p>\t\t\t\t\t\t<\/div>\n\t\t\t\t<\/div>\n\t\t\t\t\t<\/div>\n\t\t<\/div>\n\t\t\t\t<div class=\"elementor-column elementor-col-50 elementor-top-column elementor-element elementor-element-27e43788\" data-id=\"27e43788\" data-element_type=\"column\">\n\t\t\t<div class=\"elementor-widget-wrap elementor-element-populated\">\n\t\t\t\t\t\t<div class=\"elementor-element elementor-element-05166dc elementor-widget elementor-widget-image\" data-id=\"05166dc\" data-element_type=\"widget\" data-widget_type=\"image.default\">\n\t\t\t\t<div class=\"elementor-widget-container\">\n\t\t\t\t\t\t\t\t\t\t\t\t\t<img decoding=\"async\" width=\"695\" height=\"521\" src=\"https:\/\/www.reiserwatches.com\/wp-content\/uploads\/2021\/05\/office2.jpg\" class=\"attachment-large size-large wp-image-12450\" alt=\"\" srcset=\"https:\/\/www.reiserwatches.com\/wp-content\/uploads\/2021\/05\/office2.jpg 695w, https:\/\/www.reiserwatches.com\/wp-content\/uploads\/2021\/05\/office2-322x241.jpg 322w, https:\/\/www.reiserwatches.com\/wp-content\/uploads\/2021\/05\/office2-555x416.jpg 555w, https:\/\/www.reiserwatches.com\/wp-content\/uploads\/2021\/05\/office2-300x225.jpg 300w, https:\/\/www.reiserwatches.com\/wp-content\/uploads\/2021\/05\/office2-16x12.jpg 16w\" sizes=\"(max-width: 695px) 100vw, 695px\" \/>\t\t\t\t\t\t\t\t\t\t\t\t\t<\/div>\n\t\t\t\t<\/div>\n\t\t\t\t\t<\/div>\n\t\t<\/div>\n\t\t\t\t\t<\/div>\n\t\t<\/section>\n\t\t\t\t<section class=\"elementor-section elementor-top-section elementor-element elementor-element-64cf6d18 elementor-section-boxed elementor-section-height-default elementor-section-height-default\" data-id=\"64cf6d18\" data-element_type=\"section\" data-settings=\"{&quot;background_background&quot;:&quot;classic&quot;}\">\n\t\t\t\t\t\t<div class=\"elementor-container elementor-column-gap-default\">\n\t\t\t\t\t<div class=\"elementor-column elementor-col-50 elementor-top-column elementor-element elementor-element-18735b6c\" data-id=\"18735b6c\" data-element_type=\"column\">\n\t\t\t<div class=\"elementor-widget-wrap elementor-element-populated\">\n\t\t\t\t\t\t<div class=\"elementor-element elementor-element-a7d2709 elementor-widget elementor-widget-image\" data-id=\"a7d2709\" data-element_type=\"widget\" data-widget_type=\"image.default\">\n\t\t\t\t<div class=\"elementor-widget-container\">\n\t\t\t\t\t\t\t\t\t\t\t\t\t<img decoding=\"async\" width=\"800\" height=\"600\" src=\"https:\/\/www.reiserwatches.com\/wp-content\/uploads\/2021\/04\/IMG_5334-1024x768.jpg\" class=\"attachment-large size-large wp-image-11990\" alt=\"\" srcset=\"https:\/\/www.reiserwatches.com\/wp-content\/uploads\/2021\/04\/IMG_5334-1024x768.jpg 1024w, https:\/\/www.reiserwatches.com\/wp-content\/uploads\/2021\/04\/IMG_5334-scaled-322x242.jpg 322w, https:\/\/www.reiserwatches.com\/wp-content\/uploads\/2021\/04\/IMG_5334-scaled-555x416.jpg 555w, https:\/\/www.reiserwatches.com\/wp-content\/uploads\/2021\/04\/IMG_5334-300x225.jpg 300w, https:\/\/www.reiserwatches.com\/wp-content\/uploads\/2021\/04\/IMG_5334-768x576.jpg 768w, https:\/\/www.reiserwatches.com\/wp-content\/uploads\/2021\/04\/IMG_5334-1536x1152.jpg 1536w, https:\/\/www.reiserwatches.com\/wp-content\/uploads\/2021\/04\/IMG_5334-2048x1536.jpg 2048w, https:\/\/www.reiserwatches.com\/wp-content\/uploads\/2021\/04\/IMG_5334-16x12.jpg 16w\" sizes=\"(max-width: 800px) 100vw, 800px\" \/>\t\t\t\t\t\t\t\t\t\t\t\t\t<\/div>\n\t\t\t\t<\/div>\n\t\t\t\t\t<\/div>\n\t\t<\/div>\n\t\t\t\t<div class=\"elementor-column elementor-col-50 elementor-top-column elementor-element elementor-element-3cfaef13\" data-id=\"3cfaef13\" data-element_type=\"column\">\n\t\t\t<div class=\"elementor-widget-wrap elementor-element-populated\">\n\t\t\t\t\t\t<div class=\"elementor-element elementor-element-20d003c elementor-widget elementor-widget-heading\" data-id=\"20d003c\" data-element_type=\"widget\" data-widget_type=\"heading.default\">\n\t\t\t\t<div class=\"elementor-widget-container\">\n\t\t\t<h2 class=\"elementor-heading-title elementor-size-default\">Pers\u00f6nliche Verabredungen<\/h2>\t\t<\/div>\n\t\t\t\t<\/div>\n\t\t\t\t<div class=\"elementor-element elementor-element-201af594 elementor-widget elementor-widget-text-editor\" data-id=\"201af594\" data-element_type=\"widget\" data-widget_type=\"text-editor.default\">\n\t\t\t\t<div class=\"elementor-widget-container\">\n\t\t\t\t\t\t\t<p>Kommen Sie in entspannter Atmosph\u00e4re vorbei, um unser Team kennenzulernen, unsere Uhren anzuprobieren oder einfach \u00fcber Uhren zu sprechen.<\/p><p>Wir freuen uns immer, wenn wir Uhrenliebhaber begr\u00fc\u00dfen d\u00fcrfen und lieben es, unsere Community pers\u00f6nlich kennenzulernen.<\/p>\t\t\t\t\t\t<\/div>\n\t\t\t\t<\/div>\n\t\t\t\t\t<\/div>\n\t\t<\/div>\n\t\t\t\t\t<\/div>\n\t\t<\/section>\n\t\t\t\t<section class=\"elementor-section elementor-top-section elementor-element elementor-element-e5c9b5d elementor-section-boxed elementor-section-height-default elementor-section-height-default\" data-id=\"e5c9b5d\" data-element_type=\"section\">\n\t\t\t\t\t\t<div class=\"elementor-container elementor-column-gap-default\">\n\t\t\t\t\t<div class=\"elementor-column elementor-col-100 elementor-top-column elementor-element elementor-element-aafd9e0\" data-id=\"aafd9e0\" data-element_type=\"column\" data-settings=\"{&quot;background_background&quot;:&quot;classic&quot;}\">\n\t\t\t<div class=\"elementor-widget-wrap elementor-element-populated\">\n\t\t\t\t\t\t<div class=\"elementor-element elementor-element-3968fa4 elementor-widget elementor-widget-heading\" data-id=\"3968fa4\" data-element_type=\"widget\" data-widget_type=\"heading.default\">\n\t\t\t\t<div class=\"elementor-widget-container\">\n\t\t\t<h3 class=\"elementor-heading-title elementor-size-default\">Buchen Sie einen Besuch<\/h3>\t\t<\/div>\n\t\t\t\t<\/div>\n\t\t\t\t<div class=\"elementor-element elementor-element-6ed087f elementor-widget elementor-widget-text-editor\" data-id=\"6ed087f\" data-element_type=\"widget\" data-widget_type=\"text-editor.default\">\n\t\t\t\t<div class=\"elementor-widget-container\">\n\t\t\t\t\t\t\t<p>Bitte beachten Sie: Aufgrund der aktuellen COVID-19-Pandemie sind Besuche nur nach Vereinbarung m\u00f6glich und auf einen Gast pro Besuch begrenzt.<\/p><p><strong>Bitte kontaktieren Sie uns, um einen Besuchstermin zu vereinbaren, bis wir das Online-Terminierungssystem implementiert haben.<\/strong><\/p>\t\t\t\t\t\t<\/div>\n\t\t\t\t<\/div>\n\t\t\t\t<div class=\"elementor-element elementor-element-292f384 elementor-widget elementor-widget-heading\" data-id=\"292f384\" data-element_type=\"widget\" data-widget_type=\"heading.default\">\n\t\t\t\t<div class=\"elementor-widget-container\">\n\t\t\t<h4 class=\"elementor-heading-title elementor-size-default\">Unsere Adresse:<\/h4>\t\t<\/div>\n\t\t\t\t<\/div>\n\t\t\t\t<div class=\"elementor-element elementor-element-96fe801 elementor-widget elementor-widget-text-editor\" data-id=\"96fe801\" data-element_type=\"widget\" data-widget_type=\"text-editor.default\">\n\t\t\t\t<div class=\"elementor-widget-container\">\n\t\t\t\t\t\t\t<p>Manege 6 G <br \/>6662 WC Elst (GE)<br \/>Die Niederlande<\/p>\t\t\t\t\t\t<\/div>\n\t\t\t\t<\/div>\n\t\t\t\t<div class=\"elementor-element elementor-element-22064df elementor-widget elementor-widget-google_maps\" data-id=\"22064df\" data-element_type=\"widget\" data-widget_type=\"google_maps.default\">\n\t\t\t\t<div class=\"elementor-widget-container\">\n\t\t\t\t\t<div class=\"elementor-custom-embed\">\n\t\t\t<iframe loading=\"lazy\"\n\t\t\t\t\tsrc=\"https:\/\/maps.google.com\/maps?q=Manege%206%20G%206662%20WC%20Elst%20%28GE%29&#038;t=m&#038;z=10&#038;output=embed&#038;iwloc=near\"\n\t\t\t\t\ttitle=\"Manege 6 G 6662 WM Elst (GE)\"\n\t\t\t\t\taria-label=\"Manege 6 G 6662 WM Elst (GE)\"\n\t\t\t><\/iframe>\n\t\t<\/div>\n\t\t\t\t<\/div>\n\t\t\t\t<\/div>\n\t\t\t\t\t<\/div>\n\t\t<\/div>\n\t\t\t\t\t<\/div>\n\t\t<\/section>\n\t\t\t\t<\/div>","protected":false},"excerpt":{"rendered":"<p>Showroom Treffen Sie uns pers\u00f6nlich Der Showroom In unserem Flaggschiff-Showroom wird REISER zum Leben erweckt. Wir laden Sie ein, unsere Uhren zu erleben, sich zu entspannen, nachzudenken, sich zu verbinden oder zu trennen in einer entspannten Atmosph\u00e4re. Die Erfahrung Wir bieten kostenlosen Kaffee, Tee und andere Erfrischungen und m\u00f6chten Ihnen nat\u00fcrlich die beste Umgebung bieten, um [\u2026]<\/p>","protected":false},"author":1,"featured_media":0,"parent":0,"menu_order":0,"comment_status":"closed","ping_status":"closed","template":"elementor_header_footer","meta":{"_acf_changed":false,"footnotes":""},"class_list":["post-11690","page","type-page","status-publish","hentry"],"acf":[],"_links":{"self":[{"href":"https:\/\/www.reiserwatches.com\/de\/wp-json\/wp\/v2\/pages\/11690","targetHints":{"allow":["GET"]}}],"collection":[{"href":"https:\/\/www.reiserwatches.com\/de\/wp-json\/wp\/v2\/pages"}],"about":[{"href":"https:\/\/www.reiserwatches.com\/de\/wp-json\/wp\/v2\/types\/page"}],"author":[{"embeddable":true,"href":"https:\/\/www.reiserwatches.com\/de\/wp-json\/wp\/v2\/users\/1"}],"replies":[{"embeddable":true,"href":"https:\/\/www.reiserwatches.com\/de\/wp-json\/wp\/v2\/comments?post=11690"}],"version-history":[{"count":0,"href":"https:\/\/www.reiserwatches.com\/de\/wp-json\/wp\/v2\/pages\/11690\/revisions"}],"wp:attachment":[{"href":"https:\/\/www.reiserwatches.com\/de\/wp-json\/wp\/v2\/media?parent=11690"}],"curies":[{"name":"wp","href":"https:\/\/api.w.org\/{rel}","templated":true}]}}