{"id":1962,"date":"2020-09-30T15:40:06","date_gmt":"2020-09-30T15:40:06","guid":{"rendered":"http:\/\/rrnewlayout.kinsta.cloud\/?page_id=1962"},"modified":"2022-06-15T16:10:28","modified_gmt":"2022-06-15T14:10:28","slug":"made-in-germany","status":"publish","type":"page","link":"https:\/\/www.reiserwatches.com\/de\/made-in-germany\/","title":{"rendered":"Hergestellt in Deutschland"},"content":{"rendered":"<div data-elementor-type=\"wp-page\" data-elementor-id=\"1962\" class=\"elementor elementor-1962\" data-elementor-post-type=\"page\">\n\t\t\t\t\t\t<section class=\"elementor-section elementor-top-section elementor-element elementor-element-c7515af elementor-section-boxed elementor-section-height-default elementor-section-height-default\" data-id=\"c7515af\" data-element_type=\"section\">\n\t\t\t\t\t\t<div class=\"elementor-container elementor-column-gap-custom\">\n\t\t\t\t\t<div class=\"elementor-column elementor-col-100 elementor-top-column elementor-element elementor-element-952f0d7\" data-id=\"952f0d7\" data-element_type=\"column\">\n\t\t\t<div class=\"elementor-widget-wrap elementor-element-populated\">\n\t\t\t\t\t\t<div class=\"elementor-element elementor-element-3c10ddc elementor-widget elementor-widget-image\" data-id=\"3c10ddc\" data-element_type=\"widget\" data-widget_type=\"image.default\">\n\t\t\t\t<div class=\"elementor-widget-container\">\n\t\t\t\t\t\t\t\t\t\t\t\t\t<img fetchpriority=\"high\" decoding=\"async\" width=\"300\" height=\"300\" src=\"https:\/\/www.reiserwatches.com\/wp-content\/uploads\/2021\/06\/strap-300x300.jpg\" class=\"attachment-medium size-medium wp-image-14006\" alt=\"\" srcset=\"https:\/\/www.reiserwatches.com\/wp-content\/uploads\/2021\/06\/strap-300x300.jpg 300w, https:\/\/www.reiserwatches.com\/wp-content\/uploads\/2021\/06\/strap-322x322.jpg 322w, https:\/\/www.reiserwatches.com\/wp-content\/uploads\/2021\/06\/strap-555x555.jpg 555w, https:\/\/www.reiserwatches.com\/wp-content\/uploads\/2021\/06\/strap.jpg 1024w, https:\/\/www.reiserwatches.com\/wp-content\/uploads\/2021\/06\/strap-150x150.jpg 150w, https:\/\/www.reiserwatches.com\/wp-content\/uploads\/2021\/06\/strap-768x768.jpg 768w, https:\/\/www.reiserwatches.com\/wp-content\/uploads\/2021\/06\/strap-12x12.jpg 12w\" sizes=\"(max-width: 300px) 100vw, 300px\" \/>\t\t\t\t\t\t\t\t\t\t\t\t\t<\/div>\n\t\t\t\t<\/div>\n\t\t\t\t<div class=\"elementor-element elementor-element-00f6e40 elementor-widget elementor-widget-heading\" data-id=\"00f6e40\" data-element_type=\"widget\" data-widget_type=\"heading.default\">\n\t\t\t\t<div class=\"elementor-widget-container\">\n\t\t\t<h1 class=\"elementor-heading-title elementor-size-default\">Hergestellt in Deutschland<\/h1>\t\t<\/div>\n\t\t\t\t<\/div>\n\t\t\t\t<div class=\"elementor-element elementor-element-e2a6cdb elementor-widget elementor-widget-text-editor\" data-id=\"e2a6cdb\" data-element_type=\"widget\" data-widget_type=\"text-editor.default\">\n\t\t\t\t<div class=\"elementor-widget-container\">\n\t\t\t\t\t\t\t<p>Ein international anerkanntes Qualit\u00e4tssiegel.<\/p>\t\t\t\t\t\t<\/div>\n\t\t\t\t<\/div>\n\t\t\t\t\t<\/div>\n\t\t<\/div>\n\t\t\t\t\t<\/div>\n\t\t<\/section>\n\t\t\t\t<section class=\"elementor-section elementor-top-section elementor-element elementor-element-5f7d192 elementor-section-boxed elementor-section-height-default elementor-section-height-default\" data-id=\"5f7d192\" data-element_type=\"section\">\n\t\t\t\t\t\t<div class=\"elementor-container elementor-column-gap-default\">\n\t\t\t\t\t<div class=\"elementor-column elementor-col-50 elementor-top-column elementor-element elementor-element-e52bea8\" data-id=\"e52bea8\" data-element_type=\"column\">\n\t\t\t<div class=\"elementor-widget-wrap elementor-element-populated\">\n\t\t\t\t\t\t<div class=\"elementor-element elementor-element-7864425 elementor-widget elementor-widget-image\" data-id=\"7864425\" data-element_type=\"widget\" data-widget_type=\"image.default\">\n\t\t\t\t<div class=\"elementor-widget-container\">\n\t\t\t\t\t\t\t\t\t\t\t\t\t<img decoding=\"async\" width=\"792\" height=\"594\" src=\"https:\/\/www.reiserwatches.com\/wp-content\/uploads\/2021\/04\/germany.jpg\" class=\"attachment-large size-large wp-image-11684\" alt=\"\" srcset=\"https:\/\/www.reiserwatches.com\/wp-content\/uploads\/2021\/04\/germany.jpg 792w, https:\/\/www.reiserwatches.com\/wp-content\/uploads\/2021\/04\/germany-322x242.jpg 322w, https:\/\/www.reiserwatches.com\/wp-content\/uploads\/2021\/04\/germany-555x416.jpg 555w, https:\/\/www.reiserwatches.com\/wp-content\/uploads\/2021\/04\/germany-300x225.jpg 300w, https:\/\/www.reiserwatches.com\/wp-content\/uploads\/2021\/04\/germany-768x576.jpg 768w, https:\/\/www.reiserwatches.com\/wp-content\/uploads\/2021\/04\/germany-16x12.jpg 16w\" sizes=\"(max-width: 792px) 100vw, 792px\" \/>\t\t\t\t\t\t\t\t\t\t\t\t\t<\/div>\n\t\t\t\t<\/div>\n\t\t\t\t\t<\/div>\n\t\t<\/div>\n\t\t\t\t<div class=\"elementor-column elementor-col-50 elementor-top-column elementor-element elementor-element-b3c4848\" data-id=\"b3c4848\" data-element_type=\"column\" data-settings=\"{&quot;background_background&quot;:&quot;classic&quot;}\">\n\t\t\t<div class=\"elementor-widget-wrap elementor-element-populated\">\n\t\t\t\t\t\t<div class=\"elementor-element elementor-element-c2075cc elementor-widget elementor-widget-heading\" data-id=\"c2075cc\" data-element_type=\"widget\" data-widget_type=\"heading.default\">\n\t\t\t\t<div class=\"elementor-widget-container\">\n\t\t\t<h2 class=\"elementor-heading-title elementor-size-default\">Die Stadt Pforzheim<\/h2>\t\t<\/div>\n\t\t\t\t<\/div>\n\t\t\t\t<div class=\"elementor-element elementor-element-9e8df1d elementor-widget elementor-widget-text-editor\" data-id=\"9e8df1d\" data-element_type=\"widget\" data-widget_type=\"text-editor.default\">\n\t\t\t\t<div class=\"elementor-widget-container\">\n\t\t\t\t\t\t\t<p>Deutschland ist weltbekannt als Inkubator f\u00fcr Spitzentechnologie, Hochleistungstechnik und uhrmacherischen Fortschritt.<\/p><p>Alles begann in den 1700er Jahren in der Stadt Pforzheim, wo geschickte Handwerker einige der fortschrittlichsten Zeitmessinstrumente entwickelten.<\/p>\t\t\t\t\t\t<\/div>\n\t\t\t\t<\/div>\n\t\t\t\t\t<\/div>\n\t\t<\/div>\n\t\t\t\t\t<\/div>\n\t\t<\/section>\n\t\t\t\t<section class=\"elementor-section elementor-top-section elementor-element elementor-element-fd5a7f4 elementor-reverse-mobile elementor-section-boxed elementor-section-height-default elementor-section-height-default\" data-id=\"fd5a7f4\" data-element_type=\"section\">\n\t\t\t\t\t\t<div class=\"elementor-container elementor-column-gap-default\">\n\t\t\t\t\t<div class=\"elementor-column elementor-col-50 elementor-top-column elementor-element elementor-element-d4f0521\" data-id=\"d4f0521\" data-element_type=\"column\">\n\t\t\t<div class=\"elementor-widget-wrap elementor-element-populated\">\n\t\t\t\t\t\t<div class=\"elementor-element elementor-element-8157cf5 elementor-widget elementor-widget-heading\" data-id=\"8157cf5\" data-element_type=\"widget\" data-widget_type=\"heading.default\">\n\t\t\t\t<div class=\"elementor-widget-container\">\n\t\t\t<h2 class=\"elementor-heading-title elementor-size-default\">ENTWICKELT IN DEN NIEDERLANDEN<\/h2>\t\t<\/div>\n\t\t\t\t<\/div>\n\t\t\t\t<div class=\"elementor-element elementor-element-5eeabc1 elementor-widget elementor-widget-text-editor\" data-id=\"5eeabc1\" data-element_type=\"widget\" data-widget_type=\"text-editor.default\">\n\t\t\t\t<div class=\"elementor-widget-container\">\n\t\t\t\t\t\t\t<p>In der Zwischenzeit hatten die Niederl\u00e4nder bereits ein tiefes Verst\u00e4ndnis f\u00fcr die K\u00fcnste kultiviert. Heute gelten sie als eines der einflussreichsten L\u00e4nder in der Kunstwelt, bekannt f\u00fcr ihre klaren, intelligenten und minimalistischen Designs.<\/p><p>Unser kreativer Touch ist unserem niederl\u00e4ndischen Hintergrund und unserer Verbundenheit mit dem k\u00fcnstlerischen Fortschritt geschuldet.<\/p>\t\t\t\t\t\t<\/div>\n\t\t\t\t<\/div>\n\t\t\t\t\t<\/div>\n\t\t<\/div>\n\t\t\t\t<div class=\"elementor-column elementor-col-50 elementor-top-column elementor-element elementor-element-308255d\" data-id=\"308255d\" data-element_type=\"column\">\n\t\t\t<div class=\"elementor-widget-wrap elementor-element-populated\">\n\t\t\t\t\t\t<div class=\"elementor-element elementor-element-5ace8ff elementor-widget elementor-widget-image\" data-id=\"5ace8ff\" data-element_type=\"widget\" data-widget_type=\"image.default\">\n\t\t\t\t<div class=\"elementor-widget-container\">\n\t\t\t\t\t\t\t\t\t\t\t\t\t<img decoding=\"async\" width=\"800\" height=\"600\" src=\"https:\/\/www.reiserwatches.com\/wp-content\/uploads\/2021\/04\/designedinnetherlands-1024x768.jpg\" class=\"attachment-large size-large wp-image-11659\" alt=\"\" srcset=\"https:\/\/www.reiserwatches.com\/wp-content\/uploads\/2021\/04\/designedinnetherlands-1024x768.jpg 1024w, https:\/\/www.reiserwatches.com\/wp-content\/uploads\/2021\/04\/designedinnetherlands-322x242.jpg 322w, https:\/\/www.reiserwatches.com\/wp-content\/uploads\/2021\/04\/designedinnetherlands-555x416.jpg 555w, https:\/\/www.reiserwatches.com\/wp-content\/uploads\/2021\/04\/designedinnetherlands-300x225.jpg 300w, https:\/\/www.reiserwatches.com\/wp-content\/uploads\/2021\/04\/designedinnetherlands-768x576.jpg 768w, https:\/\/www.reiserwatches.com\/wp-content\/uploads\/2021\/04\/designedinnetherlands-16x12.jpg 16w, https:\/\/www.reiserwatches.com\/wp-content\/uploads\/2021\/04\/designedinnetherlands.jpg 1028w\" sizes=\"(max-width: 800px) 100vw, 800px\" \/>\t\t\t\t\t\t\t\t\t\t\t\t\t<\/div>\n\t\t\t\t<\/div>\n\t\t\t\t\t<\/div>\n\t\t<\/div>\n\t\t\t\t\t<\/div>\n\t\t<\/section>\n\t\t\t\t<section class=\"elementor-section elementor-top-section elementor-element elementor-element-d96ec75 elementor-section-boxed elementor-section-height-default elementor-section-height-default\" data-id=\"d96ec75\" data-element_type=\"section\" data-settings=\"{&quot;background_background&quot;:&quot;classic&quot;}\">\n\t\t\t\t\t\t<div class=\"elementor-container elementor-column-gap-default\">\n\t\t\t\t\t<div class=\"elementor-column elementor-col-50 elementor-top-column elementor-element elementor-element-5fad23a\" data-id=\"5fad23a\" data-element_type=\"column\">\n\t\t\t<div class=\"elementor-widget-wrap elementor-element-populated\">\n\t\t\t\t\t\t<div class=\"elementor-element elementor-element-0e95b0d elementor-widget elementor-widget-image\" data-id=\"0e95b0d\" data-element_type=\"widget\" data-widget_type=\"image.default\">\n\t\t\t\t<div class=\"elementor-widget-container\">\n\t\t\t\t\t\t\t\t\t\t\t\t\t<img loading=\"lazy\" decoding=\"async\" width=\"800\" height=\"600\" src=\"https:\/\/www.reiserwatches.com\/wp-content\/uploads\/2021\/04\/Untitled-2-1024x768.jpg\" class=\"attachment-large size-large wp-image-11655\" alt=\"\" srcset=\"https:\/\/www.reiserwatches.com\/wp-content\/uploads\/2021\/04\/Untitled-2-1024x768.jpg 1024w, https:\/\/www.reiserwatches.com\/wp-content\/uploads\/2021\/04\/Untitled-2-322x242.jpg 322w, https:\/\/www.reiserwatches.com\/wp-content\/uploads\/2021\/04\/Untitled-2-555x416.jpg 555w, https:\/\/www.reiserwatches.com\/wp-content\/uploads\/2021\/04\/Untitled-2-300x225.jpg 300w, https:\/\/www.reiserwatches.com\/wp-content\/uploads\/2021\/04\/Untitled-2-768x576.jpg 768w, https:\/\/www.reiserwatches.com\/wp-content\/uploads\/2021\/04\/Untitled-2-16x12.jpg 16w, https:\/\/www.reiserwatches.com\/wp-content\/uploads\/2021\/04\/Untitled-2.jpg 1028w\" sizes=\"(max-width: 800px) 100vw, 800px\" \/>\t\t\t\t\t\t\t\t\t\t\t\t\t<\/div>\n\t\t\t\t<\/div>\n\t\t\t\t\t<\/div>\n\t\t<\/div>\n\t\t\t\t<div class=\"elementor-column elementor-col-50 elementor-top-column elementor-element elementor-element-de1f5cc\" data-id=\"de1f5cc\" data-element_type=\"column\">\n\t\t\t<div class=\"elementor-widget-wrap elementor-element-populated\">\n\t\t\t\t\t\t<div class=\"elementor-element elementor-element-91e2355 elementor-widget elementor-widget-heading\" data-id=\"91e2355\" data-element_type=\"widget\" data-widget_type=\"heading.default\">\n\t\t\t\t<div class=\"elementor-widget-container\">\n\t\t\t<h2 class=\"elementor-heading-title elementor-size-default\">Hergestellt in Deutschland<\/h2>\t\t<\/div>\n\t\t\t\t<\/div>\n\t\t\t\t<div class=\"elementor-element elementor-element-e4f90f5 elementor-widget elementor-widget-text-editor\" data-id=\"e4f90f5\" data-element_type=\"widget\" data-widget_type=\"text-editor.default\">\n\t\t\t\t<div class=\"elementor-widget-container\">\n\t\t\t\t\t\t\t<p>Wir verk\u00f6rpern sowohl unsere deutsche als auch unsere niederl\u00e4ndische Herkunft und ehren die tiefe Geschichte beider Kulturen.<\/p><p>Wir sind stolz auf unser multikulturelles Erbe und verk\u00f6rpern die Fortf\u00fchrung beider Wege.<\/p><p>Unsere Uhren werden in Deutschland montiert und tragen das Label \"Made in Germany\": eine Garantie f\u00fcr Qualit\u00e4t und Pr\u00e4zision nach strengen, gesetzlich festgelegten Kriterien.<\/p>\t\t\t\t\t\t<\/div>\n\t\t\t\t<\/div>\n\t\t\t\t\t<\/div>\n\t\t<\/div>\n\t\t\t\t\t<\/div>\n\t\t<\/section>\n\t\t\t\t<\/div>","protected":false},"excerpt":{"rendered":"<p>Made in Germany Ein international anerkanntes Qualit\u00e4tssiegel. Die Stadt Pforzheim Deutschland ist weltweit als Inkubator f\u00fcr Spitzentechnologie, Hochleistungstechnik und uhrmacherischen Fortschritt bekannt. Alles begann im 17. Jahrhundert in der Stadt Pforzheim, wo erfahrene Handwerker einige der fortschrittlichsten Zeitmessinstrumente entwickelten. Entworfen in den Niederlanden Inzwischen ist die [\u2026]<\/p>","protected":false},"author":1,"featured_media":0,"parent":0,"menu_order":0,"comment_status":"closed","ping_status":"closed","template":"elementor_header_footer","meta":{"_acf_changed":false,"footnotes":""},"class_list":["post-1962","page","type-page","status-publish","hentry"],"acf":[],"_links":{"self":[{"href":"https:\/\/www.reiserwatches.com\/de\/wp-json\/wp\/v2\/pages\/1962","targetHints":{"allow":["GET"]}}],"collection":[{"href":"https:\/\/www.reiserwatches.com\/de\/wp-json\/wp\/v2\/pages"}],"about":[{"href":"https:\/\/www.reiserwatches.com\/de\/wp-json\/wp\/v2\/types\/page"}],"author":[{"embeddable":true,"href":"https:\/\/www.reiserwatches.com\/de\/wp-json\/wp\/v2\/users\/1"}],"replies":[{"embeddable":true,"href":"https:\/\/www.reiserwatches.com\/de\/wp-json\/wp\/v2\/comments?post=1962"}],"version-history":[{"count":0,"href":"https:\/\/www.reiserwatches.com\/de\/wp-json\/wp\/v2\/pages\/1962\/revisions"}],"wp:attachment":[{"href":"https:\/\/www.reiserwatches.com\/de\/wp-json\/wp\/v2\/media?parent=1962"}],"curies":[{"name":"wp","href":"https:\/\/api.w.org\/{rel}","templated":true}]}}