{"id":2080,"date":"2020-10-01T13:41:24","date_gmt":"2020-10-01T13:41:24","guid":{"rendered":"http:\/\/rrnewlayout.kinsta.cloud\/?page_id=2080"},"modified":"2022-11-21T13:35:47","modified_gmt":"2022-11-21T11:35:47","slug":"shipping","status":"publish","type":"page","link":"https:\/\/www.reiserwatches.com\/de\/shipping\/","title":{"rendered":"Versandinformationen"},"content":{"rendered":"<div data-elementor-type=\"wp-page\" data-elementor-id=\"2080\" class=\"elementor elementor-2080\" data-elementor-post-type=\"page\">\n\t\t\t\t\t\t<section class=\"elementor-section elementor-top-section elementor-element elementor-element-075cd41 elementor-section-boxed elementor-section-height-default elementor-section-height-default\" data-id=\"075cd41\" data-element_type=\"section\">\n\t\t\t\t\t\t<div class=\"elementor-container elementor-column-gap-default\">\n\t\t\t\t\t<div class=\"elementor-column elementor-col-100 elementor-top-column elementor-element elementor-element-80d221e\" data-id=\"80d221e\" data-element_type=\"column\">\n\t\t\t<div class=\"elementor-widget-wrap elementor-element-populated\">\n\t\t\t\t\t\t<div class=\"elementor-element elementor-element-5b38b83 elementor-widget elementor-widget-heading\" data-id=\"5b38b83\" data-element_type=\"widget\" data-widget_type=\"heading.default\">\n\t\t\t\t<div class=\"elementor-widget-container\">\n\t\t\t<h3 class=\"elementor-heading-title elementor-size-default\">Weltweit versandkostenfrei<\/h3>\t\t<\/div>\n\t\t\t\t<\/div>\n\t\t\t\t<div class=\"elementor-element elementor-element-8efdaed elementor-widget elementor-widget-text-editor\" data-id=\"8efdaed\" data-element_type=\"widget\" data-widget_type=\"text-editor.default\">\n\t\t\t\t<div class=\"elementor-widget-container\">\n\t\t\t\t\t\t\t<p><em>Zuletzt aktualisiert am 21. November 2022.<\/em><\/p><p>Ihre Bestellung wird innerhalb von 1-2 Werktagen nach Zahlungseingang bearbeitet.\u00a0<\/p><p>Sobald Ihre Bestellung den Spediteur erreicht, wird eine Tracking-Nummer an Ihre E-Mail gesendet.<\/p><p>Die Lieferzeiten entnehmen Sie bitte der nachstehenden Tabelle. Alle genannten Tage sind Arbeitstage.<\/p>\t\t\t\t\t\t<\/div>\n\t\t\t\t<\/div>\n\t\t\t\t<div class=\"elementor-element elementor-element-f4ba5cd elementor-widget elementor-widget-heading\" data-id=\"f4ba5cd\" data-element_type=\"widget\" data-widget_type=\"heading.default\">\n\t\t\t\t<div class=\"elementor-widget-container\">\n\t\t\t<h3 class=\"elementor-heading-title elementor-size-default\">Lieferzeiten<\/h3>\t\t<\/div>\n\t\t\t\t<\/div>\n\t\t\t\t<div class=\"elementor-element elementor-element-33a797f elementor-widget elementor-widget-toggle\" data-id=\"33a797f\" data-element_type=\"widget\" data-widget_type=\"toggle.default\">\n\t\t\t\t<div class=\"elementor-widget-container\">\n\t\t\t\t\t<div class=\"elementor-toggle\">\n\t\t\t\t\t\t\t<div class=\"elementor-toggle-item\">\n\t\t\t\t\t<div id=\"elementor-tab-title-5411\" class=\"elementor-tab-title\" data-tab=\"1\" role=\"button\" aria-controls=\"elementor-tab-content-5411\" aria-expanded=\"false\">\n\t\t\t\t\t\t\t\t\t\t\t\t<span class=\"elementor-toggle-icon elementor-toggle-icon-left\" aria-hidden=\"true\">\n\t\t\t\t\t\t\t\t\t\t\t\t\t\t\t<span class=\"elementor-toggle-icon-closed\"><i class=\"fas fa-chevron-down\"><\/i><\/span>\n\t\t\t\t\t\t\t\t<span class=\"elementor-toggle-icon-opened\"><i class=\"elementor-toggle-icon-opened fas fa-chevron-down\"><\/i><\/span>\n\t\t\t\t\t\t\t\t\t\t\t\t\t<\/span>\n\t\t\t\t\t\t\t\t\t\t\t\t<a class=\"elementor-toggle-title\" tabindex=\"0\">Europa<\/a>\n\t\t\t\t\t<\/div>\n\n\t\t\t\t\t<div id=\"elementor-tab-content-5411\" class=\"elementor-tab-content elementor-clearfix\" data-tab=\"1\" role=\"region\" aria-labelledby=\"elementor-tab-title-5411\"><table dir=\"ltr\" border=\"1\" cellspacing=\"0\" cellpadding=\"0\"><colgroup><col width=\"163\" \/><col width=\"100\" \/><\/colgroup><tbody><tr><td data-sheets-value=\"{&quot;1&quot;:2,&quot;2&quot;:&quot;Austria&quot;}\">\u00d6sterreich<\/td><td data-sheets-value=\"{&quot;1&quot;:2,&quot;2&quot;:&quot;3-5 days&quot;}\">3-5 Tage<\/td><\/tr><tr><td data-sheets-value=\"{&quot;1&quot;:2,&quot;2&quot;:&quot;Belgium&quot;}\">Belgien<\/td><td data-sheets-value=\"{&quot;1&quot;:2,&quot;2&quot;:&quot;1-2 days&quot;}\">1-2 Tage<\/td><\/tr><tr><td data-sheets-value=\"{&quot;1&quot;:2,&quot;2&quot;:&quot;Bulgaria&quot;}\">Bulgarien<\/td><td data-sheets-value=\"{&quot;1&quot;:2,&quot;2&quot;:&quot;4-6 days&quot;}\">4-6 Tage<\/td><\/tr><tr><td data-sheets-value=\"{&quot;1&quot;:2,&quot;2&quot;:&quot;Croatia&quot;}\">Kroatien<\/td><td data-sheets-value=\"{&quot;1&quot;:2,&quot;2&quot;:&quot;5-8 days&quot;}\">5-8 Tage<\/td><\/tr><tr><td data-sheets-value=\"{&quot;1&quot;:2,&quot;2&quot;:&quot;Republic of Cyprus&quot;}\">Republik Zypern<\/td><td data-sheets-value=\"{&quot;1&quot;:2,&quot;2&quot;:&quot;4-6 days&quot;}\">4-6 Tage<\/td><\/tr><tr><td data-sheets-value=\"{&quot;1&quot;:2,&quot;2&quot;:&quot;Czech Republic&quot;}\">Tschechische Republik<\/td><td data-sheets-value=\"{&quot;1&quot;:2,&quot;2&quot;:&quot;3-6 days&quot;}\">3-6 Tage<\/td><\/tr><tr><td data-sheets-value=\"{&quot;1&quot;:2,&quot;2&quot;:&quot;Denmark&quot;}\">D\u00e4nemark<\/td><td data-sheets-value=\"{&quot;1&quot;:2,&quot;2&quot;:&quot;2-3 days&quot;}\">2-3 Tage<\/td><\/tr><tr><td data-sheets-value=\"{&quot;1&quot;:2,&quot;2&quot;:&quot;Estonia&quot;}\">Estland<\/td><td data-sheets-value=\"{&quot;1&quot;:2,&quot;2&quot;:&quot;4-6 days&quot;}\">4-6 Tage<\/td><\/tr><tr><td data-sheets-value=\"{&quot;1&quot;:2,&quot;2&quot;:&quot;France&quot;}\">Frankreich<\/td><td data-sheets-value=\"{&quot;1&quot;:2,&quot;2&quot;:&quot;2-4 days&quot;}\">2-4 Tage<\/td><\/tr><tr><td data-sheets-value=\"{&quot;1&quot;:2,&quot;2&quot;:&quot;Germany&quot;}\">Deutschland<\/td><td data-sheets-value=\"{&quot;1&quot;:2,&quot;2&quot;:&quot;2-3 days&quot;}\">2-3 Tage<\/td><\/tr><tr><td data-sheets-value=\"{&quot;1&quot;:2,&quot;2&quot;:&quot;Greece&quot;}\">Griechenland<\/td><td data-sheets-value=\"{&quot;1&quot;:2,&quot;2&quot;:&quot;3-6 days&quot;}\">3-6 Tage<\/td><\/tr><tr><td data-sheets-value=\"{&quot;1&quot;:2,&quot;2&quot;:&quot;Ireland&quot;}\">Irland<\/td><td data-sheets-value=\"{&quot;1&quot;:2,&quot;2&quot;:&quot;2-4 days&quot;}\">2-4 Tage<\/td><\/tr><tr><td data-sheets-value=\"{&quot;1&quot;:2,&quot;2&quot;:&quot;Italy&quot;}\">Italien<\/td><td data-sheets-value=\"{&quot;1&quot;:2,&quot;2&quot;:&quot;2-5 days&quot;}\">2-5 Tage<\/td><\/tr><tr><td data-sheets-value=\"{&quot;1&quot;:2,&quot;2&quot;:&quot;Malta&quot;}\">Malta<\/td><td data-sheets-value=\"{&quot;1&quot;:2,&quot;2&quot;:&quot;3-6 days&quot;}\">3-6 Tage<\/td><\/tr><tr><td data-sheets-value=\"{&quot;1&quot;:2,&quot;2&quot;:&quot;Netherlands&quot;}\">Niederlande<\/td><td data-sheets-value=\"{&quot;1&quot;:2,&quot;2&quot;:&quot;1-2 days&quot;}\">1-2 Tage<\/td><\/tr><tr><td data-sheets-value=\"{&quot;1&quot;:2,&quot;2&quot;:&quot;Poland&quot;}\">Polen<\/td><td data-sheets-value=\"{&quot;1&quot;:2,&quot;2&quot;:&quot;2-4 days&quot;}\">2-4 Tage<\/td><\/tr><tr><td data-sheets-value=\"{&quot;1&quot;:2,&quot;2&quot;:&quot;Portugal&quot;}\">Portugal<\/td><td data-sheets-value=\"{&quot;1&quot;:2,&quot;2&quot;:&quot;1-4 days&quot;}\">1-4 Tage<\/td><\/tr><tr><td data-sheets-value=\"{&quot;1&quot;:2,&quot;2&quot;:&quot;Spain&quot;}\">Spanien<\/td><td data-sheets-value=\"{&quot;1&quot;:2,&quot;2&quot;:&quot;3-5 days&quot;}\">3-5 Tage<\/td><\/tr><tr><td data-sheets-value=\"{&quot;1&quot;:2,&quot;2&quot;:&quot;All other EU countries:&quot;}\">Alle anderen EU-L\u00e4nder:<\/td><td data-sheets-value=\"{&quot;1&quot;:2,&quot;2&quot;:&quot;3-7 days&quot;}\">3-7 Tage<\/td><\/tr><tr><td data-sheets-value=\"{&quot;1&quot;:2,&quot;2&quot;:&quot;Island territories&quot;}\">Inselterritorien<\/td><td data-sheets-value=\"{&quot;1&quot;:2,&quot;2&quot;:&quot;5-24 days&quot;}\">5-24 Tage<\/td><\/tr><\/tbody><\/table><\/div>\n\t\t\t\t<\/div>\n\t\t\t\t\t\t\t<div class=\"elementor-toggle-item\">\n\t\t\t\t\t<div id=\"elementor-tab-title-5412\" class=\"elementor-tab-title\" data-tab=\"2\" role=\"button\" aria-controls=\"elementor-tab-content-5412\" aria-expanded=\"false\">\n\t\t\t\t\t\t\t\t\t\t\t\t<span class=\"elementor-toggle-icon elementor-toggle-icon-left\" aria-hidden=\"true\">\n\t\t\t\t\t\t\t\t\t\t\t\t\t\t\t<span class=\"elementor-toggle-icon-closed\"><i class=\"fas fa-chevron-down\"><\/i><\/span>\n\t\t\t\t\t\t\t\t<span class=\"elementor-toggle-icon-opened\"><i class=\"elementor-toggle-icon-opened fas fa-chevron-down\"><\/i><\/span>\n\t\t\t\t\t\t\t\t\t\t\t\t\t<\/span>\n\t\t\t\t\t\t\t\t\t\t\t\t<a class=\"elementor-toggle-title\" tabindex=\"0\">Nord-Amerika<\/a>\n\t\t\t\t\t<\/div>\n\n\t\t\t\t\t<div id=\"elementor-tab-content-5412\" class=\"elementor-tab-content elementor-clearfix\" data-tab=\"2\" role=\"region\" aria-labelledby=\"elementor-tab-title-5412\"><table dir=\"ltr\" border=\"1\" cellspacing=\"0\" cellpadding=\"0\"><colgroup><col width=\"163\" \/><col width=\"100\" \/><\/colgroup><tbody><tr><td data-sheets-value=\"{&quot;1&quot;:2,&quot;2&quot;:&quot;United States&quot;}\">Vereinigte Staaten<\/td><td data-sheets-value=\"{&quot;1&quot;:2,&quot;2&quot;:&quot;4-9 days&quot;}\">4-9 Tage<\/td><\/tr><tr><td data-sheets-value=\"{&quot;1&quot;:2,&quot;2&quot;:&quot;Canada&quot;}\">Kanada<\/td><td data-sheets-value=\"{&quot;1&quot;:2,&quot;2&quot;:&quot;4-9 days&quot;}\">4-9 Tage<\/td><\/tr><\/tbody><\/table><\/div>\n\t\t\t\t<\/div>\n\t\t\t\t\t\t\t<div class=\"elementor-toggle-item\">\n\t\t\t\t\t<div id=\"elementor-tab-title-5413\" class=\"elementor-tab-title\" data-tab=\"3\" role=\"button\" aria-controls=\"elementor-tab-content-5413\" aria-expanded=\"false\">\n\t\t\t\t\t\t\t\t\t\t\t\t<span class=\"elementor-toggle-icon elementor-toggle-icon-left\" aria-hidden=\"true\">\n\t\t\t\t\t\t\t\t\t\t\t\t\t\t\t<span class=\"elementor-toggle-icon-closed\"><i class=\"fas fa-chevron-down\"><\/i><\/span>\n\t\t\t\t\t\t\t\t<span class=\"elementor-toggle-icon-opened\"><i class=\"elementor-toggle-icon-opened fas fa-chevron-down\"><\/i><\/span>\n\t\t\t\t\t\t\t\t\t\t\t\t\t<\/span>\n\t\t\t\t\t\t\t\t\t\t\t\t<a class=\"elementor-toggle-title\" tabindex=\"0\">Asien<\/a>\n\t\t\t\t\t<\/div>\n\n\t\t\t\t\t<div id=\"elementor-tab-content-5413\" class=\"elementor-tab-content elementor-clearfix\" data-tab=\"3\" role=\"region\" aria-labelledby=\"elementor-tab-title-5413\"><table dir=\"ltr\" border=\"1\" cellspacing=\"0\" cellpadding=\"0\"><colgroup> <col width=\"163\" \/> <col width=\"100\" \/><\/colgroup>\n<tbody>\n<tr>\n<td data-sheets-value=\"{&quot;1&quot;:2,&quot;2&quot;:&quot;Saudi Arabia&quot;}\">Saudi-Arabien<\/td>\n<td data-sheets-value=\"{&quot;1&quot;:2,&quot;2&quot;:&quot;6-16 days&quot;}\">6-16 Tage<\/td>\n<\/tr>\n<tr>\n<td data-sheets-value=\"{&quot;1&quot;:2,&quot;2&quot;:&quot;Qatar&quot;}\">Katar<\/td>\n<td data-sheets-value=\"{&quot;1&quot;:2,&quot;2&quot;:&quot;5-12 days&quot;}\">5-12 Tage<\/td>\n<\/tr>\n<tr>\n<td data-sheets-value=\"{&quot;1&quot;:2,&quot;2&quot;:&quot;Kuwait&quot;}\">Kuwait<\/td>\n<td data-sheets-value=\"{&quot;1&quot;:2,&quot;2&quot;:&quot;12-25 days&quot;}\">12-25 Tage<\/td>\n<\/tr>\n<tr>\n<td data-sheets-value=\"{&quot;1&quot;:2,&quot;2&quot;:&quot;United Arab Emirates&quot;}\">Vereinigte Arabische Emirate<\/td>\n<td data-sheets-value=\"{&quot;1&quot;:2,&quot;2&quot;:&quot;4-8 days&quot;}\">4-8 Tage<\/td>\n<\/tr>\n<tr>\n<td data-sheets-value=\"{&quot;1&quot;:2,&quot;2&quot;:&quot;Vietnam&quot;}\">Vietnam<\/td>\n<td data-sheets-value=\"{&quot;1&quot;:2,&quot;2&quot;:&quot;7-15 days&quot;}\">7-15 Tage<\/td>\n<\/tr>\n<tr>\n<td data-sheets-value=\"{&quot;1&quot;:2,&quot;2&quot;:&quot;Thailand&quot;}\">Thailand<\/td>\n<td data-sheets-value=\"{&quot;1&quot;:2,&quot;2&quot;:&quot;4-8 days&quot;}\">4-8 Tage<\/td>\n<\/tr>\n<tr>\n<td data-sheets-value=\"{&quot;1&quot;:2,&quot;2&quot;:&quot;Malaysia&quot;}\">Malaysia<\/td>\n<td data-sheets-value=\"{&quot;1&quot;:2,&quot;2&quot;:&quot;6-14 days&quot;}\">6-14 Tage<\/td>\n<\/tr>\n<tr>\n<td data-sheets-value=\"{&quot;1&quot;:2,&quot;2&quot;:&quot;Japan&quot;}\">Japan<\/td>\n<td data-sheets-value=\"{&quot;1&quot;:2,&quot;2&quot;:&quot;4-8 days&quot;}\">4-8 Tage<\/td>\n<\/tr>\n<tr>\n<td data-sheets-value=\"{&quot;1&quot;:2,&quot;2&quot;:&quot;South Korea&quot;}\">S\u00fcdkorea<\/td>\n<td data-sheets-value=\"{&quot;1&quot;:2,&quot;2&quot;:&quot;5-9 days&quot;}\">5-9 Tage<\/td>\n<\/tr>\n<tr>\n<td data-sheets-value=\"{&quot;1&quot;:2,&quot;2&quot;:&quot;Hong Kong&quot;}\">Hongkong<\/td>\n<td data-sheets-value=\"{&quot;1&quot;:2,&quot;2&quot;:&quot;4-7 days&quot;}\">4-7 Tage<\/td>\n<\/tr>\n<tr>\n<td data-sheets-value=\"{&quot;1&quot;:2,&quot;2&quot;:&quot;Singapore&quot;}\">Singapur<\/td>\n<td data-sheets-value=\"{&quot;1&quot;:2,&quot;2&quot;:&quot;4-8 days&quot;}\">4-8 Tage<\/td>\n<\/tr>\n<\/tbody>\n<\/table><\/div>\n\t\t\t\t<\/div>\n\t\t\t\t\t\t\t<div class=\"elementor-toggle-item\">\n\t\t\t\t\t<div id=\"elementor-tab-title-5414\" class=\"elementor-tab-title\" data-tab=\"4\" role=\"button\" aria-controls=\"elementor-tab-content-5414\" aria-expanded=\"false\">\n\t\t\t\t\t\t\t\t\t\t\t\t<span class=\"elementor-toggle-icon elementor-toggle-icon-left\" aria-hidden=\"true\">\n\t\t\t\t\t\t\t\t\t\t\t\t\t\t\t<span class=\"elementor-toggle-icon-closed\"><i class=\"fas fa-chevron-down\"><\/i><\/span>\n\t\t\t\t\t\t\t\t<span class=\"elementor-toggle-icon-opened\"><i class=\"elementor-toggle-icon-opened fas fa-chevron-down\"><\/i><\/span>\n\t\t\t\t\t\t\t\t\t\t\t\t\t<\/span>\n\t\t\t\t\t\t\t\t\t\t\t\t<a class=\"elementor-toggle-title\" tabindex=\"0\">S\u00fcdamerika<\/a>\n\t\t\t\t\t<\/div>\n\n\t\t\t\t\t<div id=\"elementor-tab-content-5414\" class=\"elementor-tab-content elementor-clearfix\" data-tab=\"4\" role=\"region\" aria-labelledby=\"elementor-tab-title-5414\"><table dir=\"ltr\" border=\"1\" cellspacing=\"0\" cellpadding=\"0\"><colgroup><col width=\"163\" \/><col width=\"100\" \/><\/colgroup><tbody><tr><td data-sheets-value=\"{&quot;1&quot;:2,&quot;2&quot;:&quot;Mexico&quot;}\">Mexiko<\/td><td data-sheets-value=\"{&quot;1&quot;:2,&quot;2&quot;:&quot;6-16 days&quot;}\">6-16 Tage<\/td><\/tr><tr><td data-sheets-value=\"{&quot;1&quot;:2,&quot;2&quot;:&quot;Brazil&quot;}\">Brasilien<\/td><td data-sheets-value=\"{&quot;1&quot;:2,&quot;2&quot;:&quot;9-25 days&quot;}\">9-25 Tage<\/td><\/tr><tr><td data-sheets-value=\"{&quot;1&quot;:2,&quot;2&quot;:&quot;Argentina&quot;}\">Argentinien<\/td><td data-sheets-value=\"{&quot;1&quot;:2,&quot;2&quot;:&quot;12-25 days&quot;}\">12-25 Tage<\/td><\/tr><tr><td data-sheets-value=\"{&quot;1&quot;:2,&quot;2&quot;:&quot;Chile&quot;}\">Chile<\/td><td data-sheets-value=\"{&quot;1&quot;:2,&quot;2&quot;:&quot;5-13 days&quot;}\">5-13 Tage<\/td><\/tr><tr><td data-sheets-value=\"{&quot;1&quot;:2,&quot;2&quot;:&quot;Peru&quot;}\">Peru<\/td><td data-sheets-value=\"{&quot;1&quot;:2,&quot;2&quot;:&quot;6-16 days&quot;}\">6-16 Tage<\/td><\/tr><\/tbody><\/table><\/div>\n\t\t\t\t<\/div>\n\t\t\t\t\t\t\t<div class=\"elementor-toggle-item\">\n\t\t\t\t\t<div id=\"elementor-tab-title-5415\" class=\"elementor-tab-title\" data-tab=\"5\" role=\"button\" aria-controls=\"elementor-tab-content-5415\" aria-expanded=\"false\">\n\t\t\t\t\t\t\t\t\t\t\t\t<span class=\"elementor-toggle-icon elementor-toggle-icon-left\" aria-hidden=\"true\">\n\t\t\t\t\t\t\t\t\t\t\t\t\t\t\t<span class=\"elementor-toggle-icon-closed\"><i class=\"fas fa-chevron-down\"><\/i><\/span>\n\t\t\t\t\t\t\t\t<span class=\"elementor-toggle-icon-opened\"><i class=\"elementor-toggle-icon-opened fas fa-chevron-down\"><\/i><\/span>\n\t\t\t\t\t\t\t\t\t\t\t\t\t<\/span>\n\t\t\t\t\t\t\t\t\t\t\t\t<a class=\"elementor-toggle-title\" tabindex=\"0\">Oceana<\/a>\n\t\t\t\t\t<\/div>\n\n\t\t\t\t\t<div id=\"elementor-tab-content-5415\" class=\"elementor-tab-content elementor-clearfix\" data-tab=\"5\" role=\"region\" aria-labelledby=\"elementor-tab-title-5415\"><table dir=\"ltr\" border=\"1\" cellspacing=\"0\" cellpadding=\"0\"><colgroup><col width=\"163\" \/><col width=\"100\" \/><\/colgroup><tbody><tr><td data-sheets-value=\"{&quot;1&quot;:2,&quot;2&quot;:&quot;Australia&quot;}\">Australien<\/td><td data-sheets-value=\"{&quot;1&quot;:2,&quot;2&quot;:&quot;6-12 days&quot;}\">6-12 Tage<\/td><\/tr><tr><td data-sheets-value=\"{&quot;1&quot;:2,&quot;2&quot;:&quot;New Zealand&quot;}\">Neuseeland<\/td><td data-sheets-value=\"{&quot;1&quot;:2,&quot;2&quot;:&quot;5-11 days&quot;}\">5-11 Tage<\/td><\/tr><\/tbody><\/table><\/div>\n\t\t\t\t<\/div>\n\t\t\t\t\t\t\t<div class=\"elementor-toggle-item\">\n\t\t\t\t\t<div id=\"elementor-tab-title-5416\" class=\"elementor-tab-title\" data-tab=\"6\" role=\"button\" aria-controls=\"elementor-tab-content-5416\" aria-expanded=\"false\">\n\t\t\t\t\t\t\t\t\t\t\t\t<span class=\"elementor-toggle-icon elementor-toggle-icon-left\" aria-hidden=\"true\">\n\t\t\t\t\t\t\t\t\t\t\t\t\t\t\t<span class=\"elementor-toggle-icon-closed\"><i class=\"fas fa-chevron-down\"><\/i><\/span>\n\t\t\t\t\t\t\t\t<span class=\"elementor-toggle-icon-opened\"><i class=\"elementor-toggle-icon-opened fas fa-chevron-down\"><\/i><\/span>\n\t\t\t\t\t\t\t\t\t\t\t\t\t<\/span>\n\t\t\t\t\t\t\t\t\t\t\t\t<a class=\"elementor-toggle-title\" tabindex=\"0\">Rest der Welt<\/a>\n\t\t\t\t\t<\/div>\n\n\t\t\t\t\t<div id=\"elementor-tab-content-5416\" class=\"elementor-tab-content elementor-clearfix\" data-tab=\"6\" role=\"region\" aria-labelledby=\"elementor-tab-title-5416\"><table dir=\"ltr\" border=\"1\" cellspacing=\"0\" cellpadding=\"0\"><colgroup><col width=\"163\" \/><col width=\"100\" \/><\/colgroup><tbody><tr><td data-sheets-value=\"{&quot;1&quot;:2,&quot;2&quot;:&quot;All other countries&quot;}\">Alle anderen L\u00e4nder<\/td><td data-sheets-value=\"{&quot;1&quot;:2,&quot;2&quot;:&quot;5-25 days&quot;}\">5-25 Tage<\/td><\/tr><\/tbody><\/table><\/div>\n\t\t\t\t<\/div>\n\t\t\t\t\t\t\t\t<\/div>\n\t\t\t\t<\/div>\n\t\t\t\t<\/div>\n\t\t\t\t<div class=\"elementor-element elementor-element-a427efa elementor-widget elementor-widget-heading\" data-id=\"a427efa\" data-element_type=\"widget\" data-widget_type=\"heading.default\">\n\t\t\t\t<div class=\"elementor-widget-container\">\n\t\t\t<h3 class=\"elementor-heading-title elementor-size-default\">Einfuhrsteuer &amp; Z\u00f6lle<\/h3>\t\t<\/div>\n\t\t\t\t<\/div>\n\t\t\t\t<div class=\"elementor-element elementor-element-2fbe8ec elementor-widget elementor-widget-text-editor\" data-id=\"2fbe8ec\" data-element_type=\"widget\" data-widget_type=\"text-editor.default\">\n\t\t\t\t<div class=\"elementor-widget-container\">\n\t\t\t\t\t\t\t<p>Da wir aus der Europ\u00e4ischen Union versenden und EU-Kunden keine Einfuhrsteuern oder andere Abgaben zahlen m\u00fcssen!\u00a0<\/p><p>Ihre Bestellung kann Einfuhrz\u00f6llen und Steuern unterliegen, die erhoben werden, sobald eine Sendung Ihr Land erreicht. Sie sollten Ihr Zollamt f\u00fcr spezifische Betr\u00e4ge und Prozents\u00e4tze kontaktieren. REISER kann nicht kontrollieren und ist nicht verantwortlich f\u00fcr jegliche Z\u00f6lle\/Steuern, die auf Ihr Paket angewendet werden.<\/p><p>Sie sind f\u00fcr die Zahlung zus\u00e4tzlicher Geb\u00fchren f\u00fcr die Zollabfertigung verantwortlich. Die Zollbestimmungen variieren stark von Land zu Land; bitte kontaktieren Sie Ihr lokales Zollamt f\u00fcr weitere Informationen. Beachten Sie, dass es in seltenen F\u00e4llen vorkommen kann, dass Zollagenten die Lieferung einiger Pakete verz\u00f6gern.<\/p>\t\t\t\t\t\t<\/div>\n\t\t\t\t<\/div>\n\t\t\t\t\t<\/div>\n\t\t<\/div>\n\t\t\t\t\t<\/div>\n\t\t<\/section>\n\t\t\t\t<\/div>","protected":false},"excerpt":{"rendered":"<p>Kostenloser Versand weltweit Zuletzt aktualisiert am 21. November 2022. Ihre Bestellung wird innerhalb von 1-2 Werktagen nach Eingang der Zahlung bearbeitet.  Sobald Ihre Bestellung den Spediteur erreicht, wird eine Tracking-Nummer an Ihre E-Mail gesendet. Die Lieferzeiten entnehmen Sie bitte der nachstehenden Tabelle. Alle angegebenen Tage sind Arbeitstage. Lieferzeiten Europa \u00d6sterreich 3-5 Tage [...]<\/p>","protected":false},"author":1,"featured_media":0,"parent":0,"menu_order":0,"comment_status":"closed","ping_status":"closed","template":"elementor_theme","meta":{"_acf_changed":false,"footnotes":""},"class_list":["post-2080","page","type-page","status-publish","hentry"],"acf":[],"_links":{"self":[{"href":"https:\/\/www.reiserwatches.com\/de\/wp-json\/wp\/v2\/pages\/2080","targetHints":{"allow":["GET"]}}],"collection":[{"href":"https:\/\/www.reiserwatches.com\/de\/wp-json\/wp\/v2\/pages"}],"about":[{"href":"https:\/\/www.reiserwatches.com\/de\/wp-json\/wp\/v2\/types\/page"}],"author":[{"embeddable":true,"href":"https:\/\/www.reiserwatches.com\/de\/wp-json\/wp\/v2\/users\/1"}],"replies":[{"embeddable":true,"href":"https:\/\/www.reiserwatches.com\/de\/wp-json\/wp\/v2\/comments?post=2080"}],"version-history":[{"count":0,"href":"https:\/\/www.reiserwatches.com\/de\/wp-json\/wp\/v2\/pages\/2080\/revisions"}],"wp:attachment":[{"href":"https:\/\/www.reiserwatches.com\/de\/wp-json\/wp\/v2\/media?parent=2080"}],"curies":[{"name":"wp","href":"https:\/\/api.w.org\/{rel}","templated":true}]}}