{"id":2084,"date":"2020-10-01T13:41:30","date_gmt":"2020-10-01T13:41:30","guid":{"rendered":"http:\/\/rrnewlayout.kinsta.cloud\/?page_id=2084"},"modified":"2022-06-15T16:01:59","modified_gmt":"2022-06-15T14:01:59","slug":"privacy-policy","status":"publish","type":"page","link":"https:\/\/www.reiserwatches.com\/de\/privacy-policy\/","title":{"rendered":"Datenschutzrichtlinie"},"content":{"rendered":"<div data-elementor-type=\"wp-page\" data-elementor-id=\"2084\" class=\"elementor elementor-2084\" data-elementor-post-type=\"page\">\n\t\t\t\t\t\t<section class=\"elementor-section elementor-top-section elementor-element elementor-element-1059f85 elementor-section-boxed elementor-section-height-default elementor-section-height-default\" data-id=\"1059f85\" data-element_type=\"section\">\n\t\t\t\t\t\t<div class=\"elementor-container elementor-column-gap-default\">\n\t\t\t\t\t<div class=\"elementor-column elementor-col-100 elementor-top-column elementor-element elementor-element-9cada76\" data-id=\"9cada76\" data-element_type=\"column\">\n\t\t\t<div class=\"elementor-widget-wrap elementor-element-populated\">\n\t\t\t\t\t\t<div class=\"elementor-element elementor-element-49edce6 elementor-widget elementor-widget-text-editor\" data-id=\"49edce6\" data-element_type=\"widget\" data-widget_type=\"text-editor.default\">\n\t\t\t\t<div class=\"elementor-widget-container\">\n\t\t\t\t\t\t\t<p>Das folgende Dokument enth\u00e4lt ausdr\u00fccklich die Datenschutzrichtlinie, die Ihre Nutzung der Website regelt, die sich unter www.reiserwatches.com (die \u201eWebsite\u201c) befindet. Durch den Besuch dieser Website und\/oder die Nutzung der auf oder \u00fcber diese Website angebotenen Dienste stimmen Sie den Bedingungen dieser Datenschutzrichtlinie zu, die von Zeit zu Zeit ge\u00e4ndert werden k\u00f6nnen. Wie weiter unten erl\u00e4utert, kann dieses Dokument jederzeit nach unserem alleinigen Ermessen ge\u00e4ndert oder modifiziert werden, und solche \u00c4nderungen werden sofort nach der Ver\u00f6ffentlichung der \u00c4nderung oder Modifikation des Dokuments auf dieser Website wirksam. Diese Datenschutzrichtlinie ist in Global Watches B.V integriert und Teil davon. (\u201eREISER\u201c) Nutzungsbedingungen, die Ihre Nutzung dieser Website im Allgemeinen regeln.<\/p><p>\u00a0<\/p><div class=\"heading-wrapper\"><div id=\"draft-privacy-notice-text-all-markets-except-switzerland\"><h4 class=\"heading-h3\">Klarna-Datenschutzerkl\u00e4rungstext (alle M\u00e4rkte au\u00dfer der Schweiz)<\/h4><\/div><\/div><p>\u201eUm Ihnen die Zahlungsmethoden von Klarna anbieten zu k\u00f6nnen, k\u00f6nnen wir Ihre personenbezogenen Daten in Form von Kontakt- und Bestelldaten im Checkout an Klarna weitergeben, damit Klarna beurteilen kann, ob Sie f\u00fcr deren Zahlungsmethoden in Frage kommen und diese Zahlungsmethoden auf sie zuschneiden. Sie. Ihre \u00fcbermittelten personenbezogenen Daten werden gem\u00e4\u00df\u00a0<a class=\"link-item link-secondary\" href=\"https:\/\/www.klarna.com\/international\/privacy-policy\/\"><span class=\"link-content\">Klarnas eigene Datenschutzerkl\u00e4rung<\/span><\/a>.\u201c<\/p><div class=\"heading-wrapper\"><div class=\"animated-tooltip-container\"><div class=\"animated-tooltip-item animated-tooltip-left\">\u00a0<\/div><\/div><div id=\"draft-privacy-notice-text-switzerland-only\"><h4 class=\"heading-h3\">Klarna-Datenschutzerkl\u00e4rung (nur Schweiz)<\/h4><\/div><\/div><p>In der Schweiz bietet Klarna seine Dienstleistungen zusammen mit seiner Tochtergesellschaft Billpay an. Wenn Sie personenbezogene Daten an Klarna und Billpay weitergeben, m\u00fcssen Sie dies in Ihrer Datenschutzerkl\u00e4rung erl\u00e4utern und dort auf die lokalen Datenschutzerkl\u00e4rungen von Klarna und Billpay verlinken. Im Folgenden finden Sie ein Beispiel daf\u00fcr, wie dies in Ihrer bestehenden Datenschutzerkl\u00e4rung aussehen k\u00f6nnte (die spezifischen \u00fcbertragenen Datenkategorien m\u00fcssen hinzugef\u00fcgt werden und der Text muss in Ihre Landessprache \u00fcbersetzt werden):<\/p><p>Zahlungsm\u00f6glichkeiten von Billpay\/Klarna: Um Ihnen die Zahlungsm\u00f6glichkeiten von Klarna anbieten zu k\u00f6nnen und zu beurteilen, ob Sie sich f\u00fcr deren Zahlungsm\u00f6glichkeiten qualifizieren und um die Zahlungsm\u00f6glichkeiten auf Sie zuzuschneiden, geben wir ggf und Bestelldaten an Klarna und Billpay. Ihre personenbezogenen Daten werden gem\u00e4\u00df geltendem Datenschutzrecht und gem\u00e4\u00df den Angaben in Klarnas (<a class=\"link-item link-secondary\" href=\"https:\/\/cdn.klarna.com\/1.0\/shared\/content\/legal\/terms\/0\/de_ch\/privacy_bp\"><span class=\"link-content\">de<\/span><\/a>,\u00a0<a class=\"link-item link-secondary\" href=\"https:\/\/cdn.klarna.com\/1.0\/shared\/content\/legal\/terms\/0\/fr_ch\/privacy_bp\"><span class=\"link-content\">NS<\/span><\/a>,\u00a0<a class=\"link-item link-secondary\" href=\"https:\/\/cdn.klarna.com\/1.0\/shared\/content\/legal\/terms\/0\/it_ch\/privacy_bp\"><span class=\"link-content\">es<\/span><\/a>\u00a0oder\u00a0<a class=\"link-item link-secondary\" href=\"https:\/\/cdn.klarna.com\/1.0\/shared\/content\/legal\/terms\/0\/en_ch\/privacy_bp\"><span class=\"link-content\">de<\/span><\/a>\u00a0Versionen) und Billpays (<a class=\"link-item link-secondary\" href=\"https:\/\/cdn.klarna.com\/1.0\/shared\/content\/legal\/terms\/0\/de_ch\/invoice\"><span class=\"link-content\">de<\/span><\/a>,\u00a0<a class=\"link-item link-secondary\" href=\"https:\/\/cdn.klarna.com\/1.0\/shared\/content\/legal\/terms\/EID\/fr_ch\/invoice\"><span class=\"link-content\">NS<\/span><\/a>,\u00a0<a class=\"link-item link-secondary\" href=\"https:\/\/cdn.klarna.com\/1.0\/shared\/content\/legal\/terms\/EID\/it_ch\/invoice\"><span class=\"link-content\">es<\/span><\/a>\u00a0oder\u00a0<a class=\"link-item link-secondary\" href=\"https:\/\/cdn.klarna.com\/1.0\/shared\/content\/legal\/terms\/EID\/en_ch\/invoice\"><span class=\"link-content\">de<\/span><\/a>\u00a0Versionen) Datenschutzhinweise.<\/p><h4>INFORMATIONSSAMMLUNG<\/h4><p>Wir k\u00f6nnen Sie bei jedem Besuch der Website um pers\u00f6nliche Informationen bitten und\/oder bestimmte Informationen von Ihrem Computer sammeln. Diese Datenschutzrichtlinie erl\u00e4utert im Allgemeinen, welche personenbezogenen Daten und andere Daten auf unserer Website erfasst werden, wie die Daten verwendet werden, an wen wir diese Daten weitergeben und Ihre Rechte in Bezug auf die Verwendung und Speicherung dieser Daten.<\/p><p>Wir werden niemals wissentlich personenbezogene Daten von Personen unter 13 Jahren ohne vorherige nachpr\u00fcfbare Zustimmung der Eltern anfordern, wenn dies gesetzlich vorgeschrieben ist. Wenn uns bekannt wird, dass ein Kunde unter 13 Jahre alt ist und sich ohne die gesetzlich vorgeschriebene vorherige nachweisbare Zustimmung der Eltern registriert hat, werden wir seine personenbezogenen Registrierungsdaten aus unseren Dateien entfernen.<\/p><h4>PERS\u00d6NLICHE INFORMATIONEN<\/h4><p>\u201ePers\u00f6nliche Daten\u201c, um die wir bitten, k\u00f6nnen Ihren Namen beinhalten, sind jedoch nicht darauf beschr\u00e4nkt; Privat- und\/oder Gesch\u00e4ftsadresse; E-Mail-Addresse; Telefon und\/oder Mobiltelefon; Kurznachrichtendienst oder SMS-Adresse oder andere mobile Ger\u00e4teadresse; Instant-Messaging-Adresse; demografische Informationen und\/oder andere Informationen, die Sie als Einzelperson identifizieren oder einen Online- oder Offline-Kontakt mit Ihnen als Einzelperson erm\u00f6glichen.<\/p><p>Sie haben das Recht, sich von bestimmten unserer Verwendungen Ihrer personenbezogenen Daten abzumelden. Wenn Sie beispielsweise auf dieser Website aufgefordert werden, personenbezogene Daten anzugeben, haben Sie m\u00f6glicherweise die M\u00f6glichkeit, (1) Korrespondenz von uns zu erhalten oder (2) Ihre personenbezogenen Daten an andere weiterzugeben Unternehmen f\u00fcr ihre Marketingzwecke. Sie k\u00f6nnen diese Auswahl jederzeit \u00e4ndern. Eine solche Anfrage gilt jedoch nur zu dem Datum, um das sie gebeten wurde. Zum Beispiel: Wenn Sie sich daf\u00fcr entschieden haben, dass wir Ihre personenbezogenen Daten zu Marketingzwecken an andere Unternehmen weitergeben, und uns sp\u00e4ter aufgefordert haben, dies nicht mehr zu tun, werden wir dies nur tun, wenn Ihre Anfrage bearbeitet wird und wir nicht daf\u00fcr verantwortlich gemacht werden die zuvor mit Ihrer Zustimmung geteilten Informationen. In diesen F\u00e4llen m\u00fcssen Sie sich direkt an diese Entit\u00e4ten wenden.<\/p><p>Sie k\u00f6nnen sich von REISER-Werbe-E-Mails abmelden, indem Sie in jeder E-Mail, die Sie von uns erhalten, auf einen Abmeldelink klicken.<\/p><p>Auch wenn Sie den Erhalt von Werbekorrespondenz von uns ablehnen k\u00f6nnen, k\u00f6nnen wir Sie dennoch im Zusammenhang mit Ihrer Beziehung, Ihren Aktivit\u00e4ten und Ihrer Kommunikation mit uns kontaktieren.<\/p><h4>NUTZUNGSINFORMATIONEN, COOKIES, IP, USW.<\/h4><p>Durch den Besuch dieser Website und\/oder die Nutzung der auf oder \u00fcber diese Website angebotenen Dienste erkl\u00e4ren Sie sich damit einverstanden, dass wir Nutzungsinformationen automatisiert sammeln. Solche Informationen werden beispielsweise gesammelt, wenn sich Benutzer registrieren oder Funktionen auf unserer Website abonnieren, an Gewinnspielen und Wettbewerben teilnehmen, Umfragen ausf\u00fcllen, einen Kommentar oder eine Frage an uns \u00fcber eine \u201eKontakt\u201c- oder \u00e4hnliche Funktion auf unserer Website senden, uns eine E-Mail oder \u00fcbermitteln Sie uns auf andere Weise personenbezogene Daten \u00fcber unsere Website.<\/p><p>Wir verwenden \u201eCookies\u201c, um Informationen \u00fcber Sie zu speichern und manchmal zu verfolgen. Cookies sind kleine Dateien, die von einem Webserver an Ihren Webbrowser oder zugeh\u00f6rige Software gesendet und auf der Festplatte Ihres Computers gespeichert werden. Cookies verfolgen Ihre Nutzung und Ihren Besuch auf unserer Website, z. B. die von Ihnen besuchten Seiten und die von Ihnen gekauften Artikel. Sie k\u00f6nnen die Informationen in Ihrem Warenkorb und\/oder Ihren Benutzernamen und\/oder Ihr Passwort speichern. Ein Cookie kann es uns erm\u00f6glichen, Ihre Nutzung unserer Website mit anderen Informationen \u00fcber Sie, einschlie\u00dflich Ihrer pers\u00f6nlichen Daten, in Verbindung zu bringen. All diese Zwecke dienen dazu, Ihr Erlebnis auf unserer Website zu verbessern und zu personalisieren, um festzustellen, welche Bereiche und Funktionen unserer Website am beliebtesten sind, und um Verbesserungen und Aktualisierungen vorzunehmen, um das Erlebnis der REISER-Website zu verbessern.<\/p><p>Sie k\u00f6nnen den Empfang unserer Cookies in den Einstellungen Ihres Webbrowsers oder der zugeh\u00f6rigen Software ablehnen. Die meisten Webbrowser k\u00f6nnen so eingestellt werden, dass sie Sie informieren, wenn ein Cookie an Sie gesendet wurde, und Ihnen die M\u00f6glichkeit bieten, dieses Cookie abzulehnen. Die Ablehnung eines Cookies kann jedoch in einigen F\u00e4llen dazu f\u00fchren, dass Sie die Nutzung der Website oder bestimmte Bereiche oder Funktionen der Website nicht nutzen oder die Anzeige oder Funktion der Website beeintr\u00e4chtigen. F\u00fcr weitere Informationen wenden Sie sich an den Support-Service Ihres Webbrowsers\/der Software Ihrer Wahl, um den Datenschutz f\u00fcr Cookies zu konfigurieren.<\/p><p>Wir k\u00f6nnen \u201eClear Gifs\u201c (auch bekannt als \u201eWeb Beacons\u201c oder \u201ePixel-Tags\u201c) oder \u00e4hnliche Technologien in der Website und\/oder in unserer Kommunikation mit Ihnen verwenden, damit wir wissen, ob Sie eine Website besucht oder eine Nachricht erhalten haben Botschaft. Ein klares GIF ist in der Regel ein transparentes Ein-Pixel-Bild (obwohl es auch ein sichtbares Bild sein kann), das sich auf einer Webseite oder in einer E-Mail oder einer anderen Art von Nachricht befindet und von einem entfernten Standort auf der Website abgerufen wird Internet, das die \u00dcberpr\u00fcfung des Betrachtens oder Empfangens einer Webseite oder Nachricht durch eine Person erm\u00f6glicht. Ein klares GIF kann es uns erm\u00f6glichen, Ihre Anzeige oder Ihren Empfang einer Webseite oder Nachricht mit anderen Informationen \u00fcber Sie, einschlie\u00dflich Ihrer personenbezogenen Daten, in Verbindung zu bringen.<\/p><p>Unser Server erhebt automatisch Daten \u00fcber die Internetadresse Ihres Servers, wenn Sie uns besuchen. Diese Informationen, die als Internetprotokolladresse (\u201eIP-Adresse\u201c) bekannt sind, sind eine Nummer, die Ihrem Computer automatisch von Ihrem Internetdienstanbieter zugewiesen wird, wenn Sie im Internet sind. Wenn Sie Seiten von unserer Website anfordern, k\u00f6nnen unsere Server Ihre IP-Adresse und manchmal Ihren Dom\u00e4nennamen protokollieren. Unser Server kann auch die verweisende Seite aufzeichnen, die Sie mit uns verlinkt hat (z. B. eine andere Website oder eine Suchmaschine); die Seiten, die Sie auf dieser Website besuchen; die Website, die Sie nach dieser Website besuchen; die Anzeigen, die Sie sehen und\/oder auf die Sie klicken; Ihre Produktinteressen; andere Informationen \u00fcber die Art des Webbrowsers, Computers, Plattform, zugeh\u00f6rige Software und Einstellungen, die Sie verwenden; alle Suchbegriffe, die Sie auf dieser Website oder einer Empfehlungswebsite eingegeben haben; und andere Webnutzungsaktivit\u00e4ten und Daten, die von unseren Webservern protokolliert werden.<\/p><p>Wir verwenden diese Informationen f\u00fcr die interne Systemverwaltung, um Probleme mit unserem Server zu diagnostizieren und unsere Website zu verwalten. Solche Informationen k\u00f6nnen auch verwendet werden, um allgemeine demografische Informationen wie Herkunftsland und Internetdienstanbieter zu sammeln. Wir k\u00f6nnen diese Informationen auch mit Ihren personenbezogenen Daten verkn\u00fcpfen. Einige oder alle dieser Aktivit\u00e4ten in Bezug auf Informationen zur Website-Nutzung k\u00f6nnen in unserem Namen von unseren Dienstanbietern durchgef\u00fchrt werden, falls vorhanden.<\/p><p>Wir verwenden die personenbezogenen Daten, die Sie unserer Website zur Verf\u00fcgung stellen, beispielsweise, um auf Ihre Anfragen zu antworten und Ihnen unsere Produkt- und Serviceangebote zur Verf\u00fcgung zu stellen. Beispielsweise werden wir auf Ihre Anfragen und Anfragen antworten und Ihnen alle Dienste und Funktionen zur Verf\u00fcgung stellen, die auf oder \u00fcber unsere Website angeboten werden. Wir k\u00f6nnen Ihre personenbezogenen Daten auch verwenden, um uns bei der Entwicklung und Verbesserung unserer Website zu unterst\u00fctzen, unsere Website an Ihre Interessen anzupassen und unsere internen Aufzeichnungen zu f\u00fchren. Wir k\u00f6nnen Informationen, die von Ihnen auf verschiedene Weise oder zu unterschiedlichen Zeiten gesammelt wurden, abgleichen, einschlie\u00dflich personenbezogener Daten und Informationen zur Website-Nutzung, und diese Informationen zusammen mit Informationen verwenden, die aus anderen Quellen, einschlie\u00dflich Dritter, stammen. Dar\u00fcber hinaus k\u00f6nnen wir Ihnen Mitteilungen (z. B. in Form von E-Mails, Mailings und dergleichen) zusenden und anderweitig mit Ihnen \u00fcber Produkte, Dienstleistungen, Unternehmen, Werbeaktionen, Wettbewerbe und Veranstaltungen korrespondieren, die von uns gesponsert werden und andere, von denen wir glauben, dass sie Sie interessieren k\u00f6nnten. REISER kann unseren Nutzern E-Mails als Service anbieten. Sie erhalten nur dann eine Werbe-E-Mail von REISER, wenn Sie bei der Registrierung oder bei Ihren anderen Aktivit\u00e4ten auf oder \u00fcber unsere Website oder bei Verwendung unseres Newsletter-Anmeldeformulars zustimmen, diese Artikel zu erhalten. Anweisungen zum Abbestellen sind in jeder E-Mail enthalten. Sie k\u00f6nnen sich vom Erhalt solcher Mitteilungen von uns abmelden, indem Sie die Anweisungen im obigen Abschnitt zum Abmelden befolgen.<\/p><h4>GESAMTE INFORMATIONEN, STATISTIKEN, DRITTANBIETERWERBUNG USW.<\/h4><p>Wir k\u00f6nnen das Nutzerverhalten als Ma\u00df f\u00fcr das Interesse und die Nutzung unserer Website und E-Mails sowohl einzeln als auch insgesamt analysieren. Wir k\u00f6nnen andere Drittanbieter einsetzen, um beim Betrieb unserer Website zu helfen. Wir k\u00f6nnen Ihre Informationen an unsere verbundenen Unternehmen, Dienstleister und andere Dritte weitergeben, die Dienstleistungen f\u00fcr oder \u00fcber diese Website oder f\u00fcr unser Gesch\u00e4ft erbringen (wie z Unternehmen, Vertriebsunternehmen, Fulfillment-Unternehmen und andere \u00e4hnliche Dienstleister, die solche Informationen in unserem Auftrag verwenden). Wir verlangen von unseren Dienstleistern, die Vertraulichkeit Ihrer personenbezogenen Daten zu wahren.<\/p><p>Wir k\u00f6nnen aggregierte Statistiken zum Nutzerverhalten als Ma\u00df f\u00fcr das Interesse an und die Nutzung unserer Website und E-Mails in Form von aggregierten Daten an Dritte weitergeben, wie z. B. Gesamtmuster oder demografische Berichte, die keine beschreiben oder identifizieren einzelnen Benutzer. Aggregierte Informationen sind nicht pers\u00f6nlich identifizierbare\/anonyme Informationen \u00fcber Sie, wie Alter, Geschlecht, Art der gekauften Produkte, Seiten, auf die Sie am h\u00e4ufigsten zugreifen, oder Suchbegriffe, die Sie eingeben. Aggregierte Informationen werden kollektiv verwendet, und keine einzelne Person kann anhand dieser zusammengestellten Informationen identifiziert werden.<\/p><p>Da aggregierte Informationen nicht mit einer Person verkn\u00fcpft werden k\u00f6nnen und somit die Privatsph\u00e4re einer Person nicht verletzen, gelten Ihre in diesem Dokument dargestellten Benutzerrechte hier nicht und REISER beh\u00e4lt sich das Recht vor, solche aggregierten Informationen zu verwenden, und nur nach eigenem Ermessen und ohne Opt-out-M\u00f6glichkeit. Wenn ein Benutzer uns jedoch auffordert, seine personenbezogenen Daten und Nutzungsdaten von unseren Servern zu l\u00f6schen, werden wir diese in aggregierten Informationen nat\u00fcrlich nicht mehr verwenden, da wir sie im Hinblick auf die Datenschutzrechte des Benutzers nicht mehr haben.<\/p><p>Wir k\u00f6nnen Drittanbieter-Werbeunternehmen einsetzen, um Anzeigen zu schalten, wenn Sie unsere Website besuchen. Diese Unternehmen k\u00f6nnen Informationen (in der Regel ohne Ihren Namen, Ihre Adresse, E-Mail-Adresse oder Telefonnummer) \u00fcber Ihre Besuche dieser und anderer Websites verwenden, um Werbung f\u00fcr Waren und Dienstleistungen bereitzustellen, die f\u00fcr Sie von Interesse sind. Diese Unternehmen k\u00f6nnen Cookies und Clear Gifs verwenden, um die Werbewirksamkeit zu messen. Alle Informationen, die diese Drittanbieter \u00fcber Cookies und Clear Gifs sammeln, sind nicht pers\u00f6nlich identifizierbar.<\/p><h4>REGIERUNGS- UND GESETZBEH\u00d6RDEN<\/h4><p>Wir k\u00f6nnen Benutzerinformationen an Regierungsbeh\u00f6rden und andere Dritte weitergeben, wenn wir von Regierungsbeh\u00f6rden dazu gezwungen werden, nach unserem Ermessen oder auf andere Weise, wie gesetzlich vorgeschrieben, in gutem Glauben, einschlie\u00dflich, aber nicht beschr\u00e4nkt auf, als Reaktion auf Gerichtsbeschl\u00fcsse und Vorladungen und wie anderweitig im Zusammenhang mit einem gerichtlichen oder beh\u00f6rdlichen Verfahren oder einem Gerichtsverfahren erforderlich. Wir k\u00f6nnen auch Benutzerinformationen offenlegen, wenn wir Grund zu der Annahme haben, dass jemand unsere Rechte oder unser Eigentum, andere Benutzer der Website oder andere Personen, die durch solche Aktivit\u00e4ten gesch\u00e4digt werden k\u00f6nnten, verletzt oder in diese eingreift. REISER arbeitet mit Strafverfolgungsbeh\u00f6rden und anderen Dritten zusammen, um Gesetze, geistige Eigentumsrechte und andere Rechte durchzusetzen.<\/p><h4>IHRE RECHTE UND VERFAHREN BEZ\u00dcGLICH IHRER INFORMATIONEN<\/h4><p>Sie k\u00f6nnen die pers\u00f6nlichen Informationen, die in Ihrem Benutzerkonto auf dieser Website gespeichert sind, \u00fcberpr\u00fcfen, indem Sie uns unter cs [mit @ ersetzen] www.reiserwatches.com kontaktieren. Wir senden Ihnen eine Kopie der pers\u00f6nlichen Daten, die wir in Ihrem Benutzerkonto gespeichert haben (falls vorhanden). Sie k\u00f6nnen uns jederzeit neue oder aktualisierte Informationen zur Verf\u00fcgung stellen. Wir werden uns bem\u00fchen, Ihrem Antrag auf Zugriff, Aktualisierung oder L\u00f6schung Ihrer Daten so schnell wie m\u00f6glich zu entsprechen. Bevor wir Ihnen jedoch Informationen zur Verf\u00fcgung stellen, Ungenauigkeiten korrigieren oder Informationen l\u00f6schen k\u00f6nnen, bitten wir Sie m\u00f6glicherweise, Ihre Identit\u00e4t zu \u00fcberpr\u00fcfen und andere Details anzugeben, die uns bei der Beantwortung Ihrer Anfrage helfen.<\/p><h4>SICHERHEITSMASSNAHMEN UND RISIKEN<\/h4><p>REISER wird angemessene Schritte unternehmen, um die Sicherheit und Integrit\u00e4t aller auf dieser Website bereitgestellten personenbezogenen Daten zu sch\u00fctzen. Wir erkennen jedoch an, dass die \u00dcbertragung von Daten nicht 100% sicher ist und sich unserer vollst\u00e4ndigen Kontrolle entziehen kann. Wir k\u00f6nnen nicht garantieren, dass Informationen w\u00e4hrend der \u00dcbertragung \u00fcber das Internet oder w\u00e4hrend der Speicherung auf unserem System oder anderweitig in unserer Obhut absolut sicher vor dem Eindringen Dritter sind. Dar\u00fcber hinaus ist es m\u00f6glich, dass Dritte, die nicht der Kontrolle von REISER unterliegen, unrechtm\u00e4\u00dfig \u00dcbertragungen oder private Kommunikation abfangen oder darauf zugreifen. Obwohl wir uns bem\u00fchen, Ihre personenbezogenen Daten zu sch\u00fctzen, kann REISER die Sicherheit der von Ihnen an uns \u00fcbermittelten Daten nicht gew\u00e4hrleisten oder garantieren. Jede solche \u00dcbertragung erfolgt auf Ihr eigenes Risiko.<\/p><p>Wir \u00fcbernehmen keine Haftung f\u00fcr die Offenlegung Ihrer Daten aufgrund von Fehlern oder unbefugten Handlungen Dritter w\u00e4hrend oder nach der \u00dcbertragung.<\/p><p>F\u00fcr den unwahrscheinlichen Fall, dass wir glauben, dass die Sicherheit Ihrer pers\u00f6nlichen Daten in unserem Besitz oder unserer Kontrolle gef\u00e4hrdet ist, k\u00f6nnen wir versuchen, Sie \u00fcber diese Entwicklung zu informieren. Sofern eine Mitteilung angemessen ist, werden wir uns bem\u00fchen, dies den Umst\u00e4nden entsprechend zeitnah zu tun und, soweit uns Ihre E-Mail-Adresse vorliegt, k\u00f6nnen wir Sie per E-Mail benachrichtigen. Sie stimmen zu, dass wir E-Mail als Mittel f\u00fcr eine solche Benachrichtigung verwenden.<\/p><p>Diese Website wird gem\u00e4\u00df niederl\u00e4ndischem Recht in den Niederlanden gehostet und betrieben. Durch die Bereitstellung personenbezogener Daten auf dieser Website erkl\u00e4ren Sie sich mit der Erfassung, Pflege, Verarbeitung und \u00dcbertragung dieser Daten in und an die Niederlande und andere L\u00e4nder und Territorien einverstanden und stimmen dieser zu.<\/p><h4>SCHLUSSBEDINGUNGEN<\/h4><p>Wenn Sie sich auf unserer Website befinden, haben Sie m\u00f6glicherweise die M\u00f6glichkeit, andere Websites zu besuchen oder zu verlinken, die nicht von REISER betrieben werden, einschlie\u00dflich anderer Websites, die von unseren verbundenen Unternehmen oder von nicht verbundenen Dritten betrieben werden. Diese Websites k\u00f6nnen personenbezogene Daten \u00fcber Sie sammeln. REISER kontrolliert keine Websites, die von diesen Unternehmen betrieben werden, und ist nicht f\u00fcr die Informationspraktiken dieser Websites verantwortlich. Diese Datenschutzrichtlinie bezieht sich nicht auf die Informationspraktiken dieser anderen Websites.<\/p><p>REISER beh\u00e4lt sich das Recht vor, diese Datenschutzrichtlinie oder andere unserer Richtlinien oder Praktiken jederzeit zu \u00e4ndern oder zu aktualisieren und wird die Benutzer dieser Website durch Ver\u00f6ffentlichung einer solchen ge\u00e4nderten oder aktualisierten Datenschutzrichtlinie auf dieser Seite benachrichtigen. Alle \u00c4nderungen oder Aktualisierungen werden sofort nach der Ver\u00f6ffentlichung auf dieser Website wirksam. Unter bestimmten Umst\u00e4nden k\u00f6nnen wir Sie auch auf zus\u00e4tzliche Weise, beispielsweise per E-Mail, \u00fcber \u00c4nderungen oder Aktualisierungen unserer Datenschutzrichtlinie informieren.<\/p><p>F\u00fcr den Fall, dass REISER oder im Wesentlichen alle seine Verm\u00f6genswerte von einem oder mehreren Dritten infolge einer Akquisition, Fusion, Ver\u00e4u\u00dferung, Reorganisation, Konsolidierung oder Liquidation erworben werden, k\u00f6nnen personenbezogene Daten zu den \u00fcbertragenen Verm\u00f6genswerten geh\u00f6ren.<\/p><p>Zuletzt \u00fcberarbeitet: 18. Mai 2021<\/p>\t\t\t\t\t\t<\/div>\n\t\t\t\t<\/div>\n\t\t\t\t\t<\/div>\n\t\t<\/div>\n\t\t\t\t\t<\/div>\n\t\t<\/section>\n\t\t\t\t<\/div>","protected":false},"excerpt":{"rendered":"<p>Das folgende Dokument erl\u00e4utert die Datenschutzrichtlinie, die Ihre Nutzung der Website regelt, die sich unter www.reiserwatches.com (die \u201eWebsite\u201c) befindet. Durch den Besuch dieser Website und\/oder die Nutzung der auf oder \u00fcber diese Website angebotenen Dienste stimmen Sie den Bedingungen dieser Datenschutzrichtlinie zu, die von Zeit zu Zeit ge\u00e4ndert werden k\u00f6nnen [\u2026]<\/p>","protected":false},"author":1,"featured_media":0,"parent":0,"menu_order":0,"comment_status":"closed","ping_status":"closed","template":"elementor_theme","meta":{"_acf_changed":false,"footnotes":""},"class_list":["post-2084","page","type-page","status-publish","hentry"],"acf":[],"_links":{"self":[{"href":"https:\/\/www.reiserwatches.com\/de\/wp-json\/wp\/v2\/pages\/2084","targetHints":{"allow":["GET"]}}],"collection":[{"href":"https:\/\/www.reiserwatches.com\/de\/wp-json\/wp\/v2\/pages"}],"about":[{"href":"https:\/\/www.reiserwatches.com\/de\/wp-json\/wp\/v2\/types\/page"}],"author":[{"embeddable":true,"href":"https:\/\/www.reiserwatches.com\/de\/wp-json\/wp\/v2\/users\/1"}],"replies":[{"embeddable":true,"href":"https:\/\/www.reiserwatches.com\/de\/wp-json\/wp\/v2\/comments?post=2084"}],"version-history":[{"count":0,"href":"https:\/\/www.reiserwatches.com\/de\/wp-json\/wp\/v2\/pages\/2084\/revisions"}],"wp:attachment":[{"href":"https:\/\/www.reiserwatches.com\/de\/wp-json\/wp\/v2\/media?parent=2084"}],"curies":[{"name":"wp","href":"https:\/\/api.w.org\/{rel}","templated":true}]}}