{"id":2099,"date":"2020-10-01T13:44:06","date_gmt":"2020-10-01T13:44:06","guid":{"rendered":"http:\/\/rrnewlayout.kinsta.cloud\/?page_id=2099"},"modified":"2022-06-15T16:07:38","modified_gmt":"2022-06-15T14:07:38","slug":"terms-and-conditions","status":"publish","type":"page","link":"https:\/\/www.reiserwatches.com\/de\/terms-and-conditions\/","title":{"rendered":"Bedingungen und Konditionen"},"content":{"rendered":"<div data-elementor-type=\"wp-page\" data-elementor-id=\"2099\" class=\"elementor elementor-2099\" data-elementor-post-type=\"page\">\n\t\t\t\t\t\t<section class=\"elementor-section elementor-top-section elementor-element elementor-element-d88750e elementor-section-height-min-height elementor-section-boxed elementor-section-height-default elementor-section-items-middle\" data-id=\"d88750e\" data-element_type=\"section\" data-settings=\"{&quot;background_background&quot;:&quot;gradient&quot;,&quot;animation&quot;:&quot;none&quot;,&quot;animation_tablet&quot;:&quot;none&quot;}\">\n\t\t\t\t\t\t\t<div class=\"elementor-background-overlay\"><\/div>\n\t\t\t\t\t\t\t<div class=\"elementor-container elementor-column-gap-default\">\n\t\t\t\t\t<div class=\"elementor-column elementor-col-100 elementor-top-column elementor-element elementor-element-286ed39\" data-id=\"286ed39\" data-element_type=\"column\">\n\t\t\t<div class=\"elementor-widget-wrap elementor-element-populated\">\n\t\t\t\t\t\t<div class=\"elementor-element elementor-element-b523948 elementor-widget elementor-widget-heading\" data-id=\"b523948\" data-element_type=\"widget\" data-widget_type=\"heading.default\">\n\t\t\t\t<div class=\"elementor-widget-container\">\n\t\t\t<h1 class=\"elementor-heading-title elementor-size-default\">Bedingungen und Konditionen<\/h1>\t\t<\/div>\n\t\t\t\t<\/div>\n\t\t\t\t\t<\/div>\n\t\t<\/div>\n\t\t\t\t\t<\/div>\n\t\t<\/section>\n\t\t\t\t<section class=\"elementor-section elementor-top-section elementor-element elementor-element-14e7230 elementor-section-boxed elementor-section-height-default elementor-section-height-default\" data-id=\"14e7230\" data-element_type=\"section\" data-settings=\"{&quot;background_background&quot;:&quot;classic&quot;}\">\n\t\t\t\t\t\t<div class=\"elementor-container elementor-column-gap-no\">\n\t\t\t\t\t<div class=\"elementor-column elementor-col-100 elementor-top-column elementor-element elementor-element-8e90407\" data-id=\"8e90407\" data-element_type=\"column\">\n\t\t\t<div class=\"elementor-widget-wrap elementor-element-populated\">\n\t\t\t\t\t\t<div class=\"elementor-element elementor-element-6fe4676 elementor-widget elementor-widget-text-editor\" data-id=\"6fe4676\" data-element_type=\"widget\" data-widget_type=\"text-editor.default\">\n\t\t\t\t<div class=\"elementor-widget-container\">\n\t\t\t\t\t\t\t<p><b>\u00c4nderungen dieser Bedingungen<\/b><\/p>\n<p>REISER beh\u00e4lt sich das Recht vor, dieses und alle anderen gemeinsam als \u201eBedingungen\u201c anerkannten Dokumente jederzeit und ohne vorherige Ank\u00fcndigung zu \u00e4ndern oder zu aktualisieren und wird die Benutzer dieser Website durch Ver\u00f6ffentlichung dieser ge\u00e4nderten oder aktualisierten Bedingungen auf dieser Seite benachrichtigen. Alle \u00c4nderungen oder Aktualisierungen werden sofort nach der Ver\u00f6ffentlichung auf dieser Website wirksam. Unter bestimmten Umst\u00e4nden k\u00f6nnen wir Sie auch auf zus\u00e4tzliche Weise \u00fcber \u00c4nderungen oder Aktualisierungen unserer Bedingungen informieren, z. B. indem wir Ihnen eine E-Mail senden.<\/p>\n<p><b>Nutzung und Einschr\u00e4nkungen<\/b><\/p>\n<p>Die Funktionen dieser Website d\u00fcrfen nur von Personen aufgerufen und genutzt werden, die nach geltendem Recht rechtsverbindliche Vertr\u00e4ge abschlie\u00dfen k\u00f6nnen, die mindestens 18 Jahre alt sind und denen die Nutzung der Website nach geltendem Recht nicht untersagt ist. Sie erkennen an und stimmen zu, dass REISER nach eigenem Ermessen und ohne Vorank\u00fcndigung oder Verpflichtung Ihnen gegen\u00fcber vor\u00fcbergehend oder dauerhaft einen oder den gesamten Zugriff auf die Website aussetzen oder einstellen kann. Wir k\u00f6nnen von Zeit zu Zeit Teile unserer Website oder deren Inhalte (nachstehend definiert) \u00e4ndern, verschieben oder l\u00f6schen oder hinzuf\u00fcgen, und diese Bedingungen decken alle nachfolgenden \u00c4nderungen oder Modifikationen unserer Website und\/oder ihres Inhalts ab.<\/p>\n<p>Au\u00dfer f\u00fcr den Kauf von Waren von unserer Website sind unsere Website und der Inhalt unserer Website (die \u201eInhalte\u201c) f\u00fcr den pers\u00f6nlichen, nicht kommerziellen Gebrauch bestimmt und Sie stimmen zu, dass Sie: (a) gekaufte Produkte nicht weiterverkaufen oder die Produkte, die Website oder deren Inhalt (nachstehend definiert) anderweitig kommerziell nutzen; (b) Inhalte, die Website oder zugeh\u00f6rige Software in irgendeiner Weise, ganz oder teilweise, zu \u00e4ndern, zu reproduzieren, zu ver\u00f6ffentlichen, zu \u00fcbertragen, zu verteilen, anzuzeigen, abgeleitete Werke daraus zu erstellen, zu verkaufen oder daran teilzunehmen oder in irgendeiner Weise zu verwerten; (c) Produktlisten oder -beschreibungen zu sammeln oder zu verwenden; (d) Data Mining oder \u00e4hnliche Methoden zur Datenerfassung von der Website verwenden; (e) ohne die ausdr\u00fcckliche Zustimmung von REISER Framing-Techniken zu verwenden, einzurahmen oder zu verwenden, um Marken, Logos oder andere gesch\u00fctzte Informationen von REISER (einschlie\u00dflich Bilder, Text, Layout oder Design) einzuschlie\u00dfen; oder (f) mit Ausnahme Ihrer Nutzung der Website, die in diesen Bedingungen ausdr\u00fccklich gestattet ist, auf Systeme oder Server zuzugreifen, auf denen die Website gehostet wird, oder den Versuch, darauf zuzugreifen, oder die Website in irgendeiner Weise zu modifizieren oder zu \u00e4ndern. Jede unbefugte Nutzung der Website f\u00fchrt zu einem Nutzungsverbot f\u00fcr die Website.<\/p>\n<p><b>Rechte an geistigem Eigentum<\/b><\/p>\n<p>Die Website und ihre Inhalte sind durch Urheberrechts-, Marken-, Handelsaufmachungs- und andere Gesetze gesch\u00fctzt und REISER besitzt und\/oder verwendet mit Genehmigung alle weltweiten Rechte, Titel und Interessen an der Website und ihren Inhalten. REISER, ALPEN und alle anderen auf der Website erscheinenden Marken sind Marken von REISER oder werden mit Genehmigung lizenziert und\/oder verwendet. Sie stimmen zu, solche Marken nicht ohne die ausdr\u00fcckliche Genehmigung von REISER anzuzeigen oder zu verwenden.<\/p>\n<p><b>Benutzerkommentare, Feedback, Postkarten und andere Einsendungen<\/b><\/p>\n<p>\u201eEinsendungen\u201c ist jede Art von nutzergenerierten Inhalten auf der Website, die von einem Nutzer gem\u00e4\u00df den vereinbarten Methoden und an den entsprechenden Stellen eingereicht wurden. Dazu geh\u00f6ren unter anderem Kommentare, Feedback, Postkarten, Vorschl\u00e4ge, Ideen und andere Einsendungen, die Sie REISER auf oder durch diese Website offengelegt, \u00fcbermittelt oder angeboten oder in Verbindung mit Ihrer Nutzung anderweitig offengelegt, \u00fcbermittelt oder angeboten haben dieser Webseite.<\/p>\n<p>Einsendungen sind und bleiben Eigentum von REISER. Sie stimmen zu, auf Anfrage von REISER alle Rechte an und abgeleitet von den Einsendungen, die Sie m\u00f6glicherweise haben, abzutreten und an REISER zu \u00fcbertragen, einschlie\u00dflich, aber nicht beschr\u00e4nkt auf alle Eigentumsrechte und Rechte zur Nutzung, zum Verkauf und zur Kommerzialisierung des geistigen Eigentums und das Recht, Antr\u00e4ge einzureichen solche Rechte zu registrieren. REISER ist nicht verpflichtet (1) Kommentare vertraulich zu behandeln; (2) um Ihnen eine Entsch\u00e4digung f\u00fcr Kommentare zu zahlen; oder (3) um auf Benutzerkommentare zu antworten.<\/p>\n<p>Indem Sie eine Einsendung auf der Website vornehmen, erkl\u00e4ren Sie sich damit einverstanden, dass diese Einsendung keine Rechte Dritter verletzt, einschlie\u00dflich Urheberrechte, Marken, Datenschutz, Patente oder andere pers\u00f6nliche oder Eigentumsrechte. Soweit eine Einsendung Ihren Namen, Ihr Abbild, Ihre Stimme oder biografische Informationen (\u201ePers\u00f6nlichkeitsrechte\u201c) enth\u00e4lt, gew\u00e4hren Sie REISER hiermit und veranlassen diese andere Person, REISER ein \u00fcbertragbares, nicht exklusives, weltweites , geb\u00fchrenfreie Lizenz zur Nutzung dieser Pers\u00f6nlichkeitsrechte f\u00fcr Werbung oder Marketing von REISER-Produkten in jedem Medium. Sie erkl\u00e4ren sich damit einverstanden, REISER und seine verbundenen Unternehmen und ihre jeweiligen leitenden Angestellten, Direktoren und Mitarbeiter von allen Verlusten, Verbindlichkeiten, Anspr\u00fcchen und Ausgaben (einschlie\u00dflich Anwaltsgeb\u00fchren) freizustellen und schadlos zu halten, die sich aus Ihrem Konto, Ihrer Nutzung dieser Website, Ihrer Einreichung und jeglichem . ergeben Darin enthaltene Pers\u00f6nlichkeitsrechte.<\/p>\n<p>Sie stimmen au\u00dferdem zu, dass Ihre Einsendungen auf der Website kein verleumderisches oder anderweitig rechtswidriges, beleidigendes oder obsz\u00f6nes Material enthalten. Sie sind und bleiben allein verantwortlich f\u00fcr den Inhalt jeder von Ihnen eingereichten Einsendung. Sie stimmen zu, dass REISER die Informationen in Ihrem Beitrag in \u00dcbereinstimmung mit den Bedingungen der Datenschutzrichtlinie verwenden und\/oder offenlegen darf.<\/p>\n<p><b>Elektronische Kommunikation<\/b><\/p>\n<p>Sie stimmen zu, elektronische Mitteilungen von REISER entweder in Form einer E-Mail an die in Ihrem Konto angegebene E-Mail-Adresse oder durch Mitteilungen auf der Website zu erhalten. Sie erkennen an und stimmen zu, dass jede elektronische Kommunikation in Form einer solchen E-Mail oder Ver\u00f6ffentlichung auf der Website alle gesetzlichen Anforderungen erf\u00fcllt, dass eine solche Kommunikation schriftlich erfolgen muss.<\/p>\n<p>Weitere Informationen zur elektronischen Kommunikation finden Sie in unserer Datenschutzrichtlinie.<\/p>\n<p><b>Ihr Konto<\/b><\/p>\n<p>Sie m\u00fcssen ein Konto bei REISER einrichten, um \u00fcber die Website einkaufen zu k\u00f6nnen. Sie sind allein verantwortlich f\u00fcr (i) die Aufrechterhaltung der Sicherheit Ihres Kontos und Passworts; (ii) Beschr\u00e4nkung des Zugriffs auf Ihr Konto auf sich selbst; und (iii) die E-Mail-Adresse Ihres Kontos aktuell zu halten. Sie sind allein verantwortlich f\u00fcr alle Aktivit\u00e4ten, einschlie\u00dflich, aber nicht beschr\u00e4nkt auf alle K\u00e4ufe von Produkten auf der Website und die Ver\u00f6ffentlichung von Einsendungen, die unter Ihrem Konto erfolgen.<\/p>\n<p>Sie erkennen an und stimmen zu, dass REISER auf Ihre Kontoinformationen, Einsendungen, Mitteilungen und Informationen in Bezug auf Ihre Nutzung der Website und alle anderen Informationen unter Ihrem Konto zugreifen, diese aufbewahren und offenlegen kann, wenn REISER gesetzlich oder rechtlich dazu verpflichtet ist oder wenn REISER nach eigenem Ermessen feststellt, dass eine solche Ma\u00dfnahme erforderlich ist, um die Rechte von REISER, Dritten und anderen Benutzern der Website zu sch\u00fctzen oder anderweitig auf Ihre Kundendienstanfragen zu antworten.<\/p>\n<p>Die Bedingungen und Rechte zur Offenlegung personenbezogener Daten werden in unserer Datenschutzerkl\u00e4rung n\u00e4her erl\u00e4utert.<\/p>\n<p><b>Site-Transaktionen<\/b><\/p>\n<p>Wir behalten uns das Recht vor, bei jeder Bestellung, die Sie bei uns aufgeben, eine weitere Identifizierung f\u00fcr die Kreditkartenverarbeitung zu verlangen. Wir behalten uns das Recht vor, Bestellungen, die Sie auf der Website eingeben, zu \u00e4ndern und\/oder abzulehnen. Wir k\u00f6nnen nach unserem alleinigen Ermessen gekaufte Mengen pro Person, pro Haushalt oder pro Bestellung begrenzen oder stornieren; einschlie\u00dflich mehrerer Bestellungen, die von oder unter demselben Kundenkonto, derselben Kreditkarte eingegeben wurden, und\/oder Bestellungen, die dieselbe Rechnungs- und\/oder Lieferadresse verwenden. Wir behalten uns das Recht vor, Bestellungen einzuschr\u00e4nken oder zu verbieten, die nach unserem alleinigen Ermessen von H\u00e4ndlern, Wiederverk\u00e4ufern oder Distributoren aufgegeben werden. Falls wir eine Bestellung \u00e4ndern oder stornieren, werden wir versuchen, Sie zu benachrichtigen, indem wir die entsprechenden Kontaktinformationen kontaktieren, die beim Absenden der Bestellung auf der Website angegeben wurden.<\/p>\n<p><b>Versandinformationen<\/b><\/p>\n<p>Die Versandbedingungen finden Sie auf unserer Versandseite.<\/p>\n<p><b>\u00c4nderung<\/b><\/p>\n<p>Alle auf dieser Website angebotenen oder ver\u00f6ffentlichten Inhalte k\u00f6nnen jederzeit und von Zeit zu Zeit ohne vorherige Ank\u00fcndigung oder Verpflichtung Ihnen gegen\u00fcber ge\u00e4ndert oder eingestellt werden. Ohne das Vorstehende einzuschr\u00e4nken, beh\u00e4lt sich REISER das Recht vor, nach eigenem Ermessen von Zeit zu Zeit Geb\u00fchren f\u00fcr die Nutzung oder den Kauf von oder den Zugriff auf Produkte, Dienstleistungen oder Inhalte, die \u00fcber die Website angeboten werden, zu erheben.<\/p>\n<p>REISER beh\u00e4lt sich das Recht vor, diese Bedingungen oder andere unserer Richtlinien oder Praktiken jederzeit zu \u00e4ndern oder zu aktualisieren und wird die Benutzer dieser Website durch Ver\u00f6ffentlichung solcher ge\u00e4nderten oder aktualisierten Bedingungen auf dieser Seite benachrichtigen. Alle \u00c4nderungen oder Aktualisierungen werden sofort nach der Ver\u00f6ffentlichung auf dieser Website wirksam. Unter bestimmten Umst\u00e4nden k\u00f6nnen wir Sie auch auf zus\u00e4tzliche Weise \u00fcber \u00c4nderungen oder Aktualisierungen unserer Bedingungen informieren, z. B. indem wir Ihnen eine E-Mail senden.<\/p>\n<p><b>Verkaufsbedingungen<\/b><\/p>\n<p>Alle Produktverk\u00e4ufe \u00fcber die Website unterliegen der R\u00fcckgabe- und Umtauschrichtlinie und den Versandinformationen, die auf der Website ver\u00f6ffentlicht werden. Durch die Bestellung und\/oder Annahme der Lieferung der Produkte erkl\u00e4ren Sie sich mit diesen Richtlinien einverstanden. Die Richtlinien k\u00f6nnen ohne vorherige Ank\u00fcndigung ge\u00e4ndert werden, und wir stellen sie den Benutzern vor jeder Transaktion zur \u00dcberpr\u00fcfung zur Verf\u00fcgung.<\/p>\n<p><b>Garantie<\/b><\/p>\n<p>REISER gew\u00e4hrt f\u00fcr Ihre Uhr eine internationale Garantie von zwei Jahren ab Kaufdatum auf alle Modelle mit Material- oder Verarbeitungsfehlern.<\/p>\n<p>Diese Garantie deckt nicht:<\/p>\n<p>Riemen, Glas oder Batterien.<\/p>\n<p>Innere oder \u00e4u\u00dfere Sch\u00e4den durch \u00fcberm\u00e4\u00dfigen Verschlei\u00df, unsachgem\u00e4\u00dfe Verwendung oder falsche Handhabung.<\/p>\n<p>Sch\u00e4den aufgrund von Serviceleistungen durch ein nicht autorisiertes Servicecenter.<\/p>\n<p><b>Haftungsbeschr\u00e4nkung<\/b><\/p>\n<p>Soweit gesetzlich zul\u00e4ssig, schlie\u00dfen REISER und seine Tochtergesellschaften und\/oder eines seiner verbundenen Unternehmen (das \u201eREISER\u201c) jegliche Haftung f\u00fcr Sch\u00e4den (wie auch immer, einschlie\u00dflich, aber nicht beschr\u00e4nkt auf Vertrag, Tor (einschlie\u00dflich Fahrl\u00e4ssigkeit), Verletzung) aus gesetzlicher Verpflichtung oder anderweitig), die sich aus oder in Verbindung mit Ihrem Zugriff auf (oder der Unm\u00f6glichkeit des Zugriffs) oder der Nutzung der Website und ihrer Inhalte ergeben. Alle Bedingungen, Garantien und andere Bedingungen, die durch Gesetz, Common Law oder anderweitig impliziert werden k\u00f6nnen, werden hiermit im gesetzlich maximal zul\u00e4ssigen Umfang ausgeschlossen. In keinem Fall haften REISER oder ihre jeweiligen leitenden Angestellten, Direktoren, Auftragnehmer, Mitarbeiter oder Vertreter f\u00fcr: (i) indirekte, besondere oder Folgesch\u00e4den oder -sch\u00e4den oder (i) entgangenen Gewinn, (iii) Gesch\u00e4ftsverluste , (iv) Vertragsverlust oder (vii) Datenverlust, der in jedem Fall einem Benutzer im Zusammenhang mit der Website, allen damit verlinkten Websites und allen darauf ver\u00f6ffentlichten Materialien entsteht, selbst wenn REISER zuvor benachrichtigt wurde der M\u00f6glichkeit eines solchen Schadens. Nichts in diesen Allgemeinen Gesch\u00e4ftsbedingungen schlie\u00dft unsere Haftung f\u00fcr Tod oder K\u00f6rperverletzung aufgrund unserer Fahrl\u00e4ssigkeit, Verletzung von Verpflichtungen aus geltendem Recht oder f\u00fcr Betrug oder betr\u00fcgerische Falschdarstellung oder sonstige Haftung aus, soweit dies nicht m\u00f6glich ist nach geltendem Recht aufgehoben oder eingeschr\u00e4nkt.<\/p>\n<p><b>Geltendes Recht und Gerichtsstand<\/b><\/p>\n<p>Diese Website wird gem\u00e4\u00df niederl\u00e4ndischem Recht in den Niederlanden gehostet und betrieben. Durch die Bereitstellung personenbezogener Daten auf dieser Website erkl\u00e4ren Sie sich mit der Erfassung, Pflege, Verarbeitung und \u00dcbertragung dieser Daten in und an die Niederlande und andere L\u00e4nder und Territorien einverstanden und stimmen dieser zu.<\/p>\n<p><b>Nichtigkeit<\/b><\/p>\n<p>Sollte eine Bestimmung dieser Allgemeinen Gesch\u00e4ftsbedingungen in einer Gerichtsbarkeit f\u00fcr ung\u00fcltig, illegal oder nicht durchsetzbar befunden werden, hat dies keinen Einfluss auf die Wirksamkeit oder G\u00fcltigkeit in anderen Gerichtsbarkeiten oder die Wirksamkeit einer anderen Bestimmung hierin.<\/p>\n<p><b>Fragen<\/b><\/p>\n<p>Wenn Sie Bedenken bez\u00fcglich Material auf der Website oder diesen Allgemeinen Gesch\u00e4ftsbedingungen haben, kontaktieren Sie uns bitte per E-Mail unter: cs [ersetzen durch at] www.reiserwatches.com<\/p>\n<p><\/p>\t\t\t\t\t\t<\/div>\n\t\t\t\t<\/div>\n\t\t\t\t\t<\/div>\n\t\t<\/div>\n\t\t\t\t\t<\/div>\n\t\t<\/section>\n\t\t\t\t<\/div>","protected":false},"excerpt":{"rendered":"<p>\u00c4nderungen dieser Bedingungen REISER beh\u00e4lt sich das Recht vor, dieses und alle anderen Dokumente, die gemeinsam als \u201eBedingungen\u201c bezeichnet werden, jederzeit und ohne vorherige Ank\u00fcndigung zu \u00e4ndern oder zu aktualisieren, und wird die Benutzer dieser Website durch Ver\u00f6ffentlichung solcher ge\u00e4nderten oder aktualisierten Bedingungen benachrichtigen diese Seite. Alle \u00c4nderungen oder Aktualisierungen werden sofort wirksam [\u2026]<\/p>","protected":false},"author":1,"featured_media":0,"parent":0,"menu_order":0,"comment_status":"closed","ping_status":"closed","template":"elementor_header_footer","meta":{"_acf_changed":false,"footnotes":""},"class_list":["post-2099","page","type-page","status-publish","hentry"],"acf":[],"_links":{"self":[{"href":"https:\/\/www.reiserwatches.com\/de\/wp-json\/wp\/v2\/pages\/2099","targetHints":{"allow":["GET"]}}],"collection":[{"href":"https:\/\/www.reiserwatches.com\/de\/wp-json\/wp\/v2\/pages"}],"about":[{"href":"https:\/\/www.reiserwatches.com\/de\/wp-json\/wp\/v2\/types\/page"}],"author":[{"embeddable":true,"href":"https:\/\/www.reiserwatches.com\/de\/wp-json\/wp\/v2\/users\/1"}],"replies":[{"embeddable":true,"href":"https:\/\/www.reiserwatches.com\/de\/wp-json\/wp\/v2\/comments?post=2099"}],"version-history":[{"count":0,"href":"https:\/\/www.reiserwatches.com\/de\/wp-json\/wp\/v2\/pages\/2099\/revisions"}],"wp:attachment":[{"href":"https:\/\/www.reiserwatches.com\/de\/wp-json\/wp\/v2\/media?parent=2099"}],"curies":[{"name":"wp","href":"https:\/\/api.w.org\/{rel}","templated":true}]}}