{"id":2481,"date":"2020-10-21T11:33:05","date_gmt":"2020-10-21T11:33:05","guid":{"rendered":"http:\/\/rrnewlayout.kinsta.cloud\/?page_id=2481"},"modified":"2022-06-15T16:07:42","modified_gmt":"2022-06-15T14:07:42","slug":"warranty","status":"publish","type":"page","link":"https:\/\/www.reiserwatches.com\/de\/warranty\/","title":{"rendered":"Garantie"},"content":{"rendered":"<div data-elementor-type=\"wp-page\" data-elementor-id=\"2481\" class=\"elementor elementor-2481\" data-elementor-post-type=\"page\">\n\t\t\t\t\t\t<section class=\"elementor-section elementor-top-section elementor-element elementor-element-9fa3df3 elementor-section-boxed elementor-section-height-default elementor-section-height-default\" data-id=\"9fa3df3\" data-element_type=\"section\">\n\t\t\t\t\t\t<div class=\"elementor-container elementor-column-gap-default\">\n\t\t\t\t\t<div class=\"elementor-column elementor-col-100 elementor-top-column elementor-element elementor-element-ff497c3\" data-id=\"ff497c3\" data-element_type=\"column\">\n\t\t\t<div class=\"elementor-widget-wrap elementor-element-populated\">\n\t\t\t\t\t\t<div class=\"elementor-element elementor-element-c7bad57 elementor-widget elementor-widget-text-editor\" data-id=\"c7bad57\" data-element_type=\"widget\" data-widget_type=\"text-editor.default\">\n\t\t\t\t<div class=\"elementor-widget-container\">\n\t\t\t\t\t\t\t<p>Unsere Produkte werden nach den hochwertigen Standards von REISER hergestellt. Nichtsdestotrotz ist Ihre Uhr durch unsere eingeschr\u00e4nkte Garantie gegen jegliche Herstellungsfehler abgedeckt; dies schlie\u00dft das Uhrwerk, die Indexe, das Zifferblatt und die Zeiger ein.<\/p><p>Die Garantie f\u00fcr ein REISER-Uhrwerk gilt f\u00fcr einen Zeitraum von vierundzwanzig (24) Monaten ab dem Kaufdatum. Nach Ablauf der Garantiezeit wird f\u00fcr jede Reparatur eine Servicegeb\u00fchr erhoben.<\/p><p>Andere Teile, die oben nicht aufgef\u00fchrt sind, werden von dieser Garantie nicht abgedeckt. Wenn das Produkt w\u00e4hrend der Garantiezeit zur\u00fcckgegeben wird, repariert oder ersetzt REISER jede defekte Uhr oder jedes defekte Uhrenteil ohne zus\u00e4tzliche Kosten innerhalb einer angemessenen Zeit, nachdem das Produkt zur\u00fcckgegeben wurde. Dem Kunden k\u00f6nnen jedoch die Kosten f\u00fcr den Versand des Produkts auferlegt werden.\u00a0<\/p><p>Die Garantie deckt nicht ab:<\/p><ul><li>Sch\u00e4den, die durch normale Abnutzung und Alterung, normalen Gebrauch oder Farbver\u00e4nderungen am Armband (Leder, Textil, Gummi, Metall), am Glas (Kratzer), Abbl\u00e4ttern der Beschichtung, an der L\u00fcnette, am Geh\u00e4use oder an anderen nicht ausdr\u00fccklich genannten Teilen entstanden sind<\/li><li>Defekte und Sch\u00e4den durch Verlust, Diebstahl, Feuer, Wasser oder eine Naturkatastrophe<\/li><li>Sch\u00e4den, die indirekt durch anormalen Gebrauch oder Missbrauch (Nichtbeachtung der Gebrauchsanweisung) oder durch Unachtsamkeit, Fahrl\u00e4ssigkeit oder Unf\u00e4lle verursacht wurden (St\u00f6\u00dfe\/Schl\u00e4ge, Dellen, Quetschungen, zerbrochenes Kristall\/Glas usw.)<\/li><li>Ausfall oder Besch\u00e4digung durch nicht vertretbare Reparatur oder \u00c4nderung<\/li><li>Batterie, Armband, Krone oder Kristall\/Glas<\/li><\/ul><p><br \/>REISER erkennt keine Garantieanspr\u00fcche an, die nicht von der Originaldokumentation begleitet werden. Um eine Reparatur oder einen Ersatz unter dieser eingeschr\u00e4nkten Garantie zu erhalten, m\u00fcssen Sie sicherstellen, dass der autorisierte H\u00e4ndler, bei dem das Produkt erworben wurde, die Garantiekarte ordnungsgem\u00e4\u00df ausgef\u00fcllt hat.\u00a0<\/p><p>REISER erkennt keine Garantieanspr\u00fcche f\u00fcr Uhren an, die bei einem nicht autorisierten H\u00e4ndler gekauft wurden.<\/p><p>Wenn Sie einen Schaden an Ihrer Uhr feststellen, der als von unserer Garantie abgedeckt gilt, k\u00f6nnen Sie sich mit unserem Kundendienst in Verbindung setzen, indem Sie unten eine Anfrage einreichen, um weitere Hilfe zu erhalten. Um den Prozess zu erleichtern und zu beschleunigen, f\u00fcllen Sie bitte so viele Informationen wie m\u00f6glich aus, damit wir die Anfrage effizienter bearbeiten k\u00f6nnen.<\/p>\t\t\t\t\t\t<\/div>\n\t\t\t\t<\/div>\n\t\t\t\t<div class=\"elementor-element elementor-element-635634c elementor-widget elementor-widget-text-editor\" data-id=\"635634c\" data-element_type=\"widget\" data-widget_type=\"text-editor.default\">\n\t\t\t\t<div class=\"elementor-widget-container\">\n\t\t\t\t\t\t\t<p>Bitte f\u00fcllen Sie alle Felder im untenstehenden Formular aus. Die Angabe genauer und detaillierter Informationen hilft unserem Team, Ihre Garantieanfrage so schnell wie m\u00f6glich zu bearbeiten.<\/p>\t\t\t\t\t\t<\/div>\n\t\t\t\t<\/div>\n\t\t\t\t<div class=\"elementor-element elementor-element-6ba5655 elementor-widget elementor-widget-heading\" data-id=\"6ba5655\" data-element_type=\"widget\" data-widget_type=\"heading.default\">\n\t\t\t\t<div class=\"elementor-widget-container\">\n\t\t\t<h2 class=\"elementor-heading-title elementor-size-default\">eine Garantieanfrage stellen<\/h2>\t\t<\/div>\n\t\t\t\t<\/div>\n\t\t\t\t<div class=\"elementor-element elementor-element-8901855 elementor-button-align-stretch elementor-widget elementor-widget-form\" data-id=\"8901855\" data-element_type=\"widget\" data-settings=\"{&quot;button_width&quot;:&quot;60&quot;,&quot;step_next_label&quot;:&quot;Next&quot;,&quot;step_previous_label&quot;:&quot;Previous&quot;,&quot;step_type&quot;:&quot;number_text&quot;,&quot;step_icon_shape&quot;:&quot;circle&quot;}\" data-widget_type=\"form.default\">\n\t\t\t\t<div class=\"elementor-widget-container\">\n\t\t\t\t\t<form class=\"elementor-form\" method=\"post\" name=\"New Form\" action=\"\">\n\t\t\t<input type=\"hidden\" name=\"post_id\" value=\"2481\"\/>\n\t\t\t<input type=\"hidden\" name=\"form_id\" value=\"8901855\"\/>\n\t\t\t<input type=\"hidden\" name=\"referer_title\" value=\"\" \/>\n\n\t\t\t\n\t\t\t<div class=\"elementor-form-fields-wrapper elementor-labels-above\">\n\t\t\t\t\t\t\t\t<div class=\"elementor-field-type-text elementor-field-group elementor-column elementor-field-group-name elementor-col-60\">\n\t\t\t\t\t\t\t\t\t\t\t\t<label for=\"form-field-name\" class=\"elementor-field-label\">\n\t\t\t\t\t\t\t\tName\t\t\t\t\t\t\t<\/label>\n\t\t\t\t\t\t\t\t\t\t\t\t\t\t<input size=\"1\" type=\"text\" name=\"form_fields[name]\" id=\"form-field-name\" class=\"elementor-field elementor-size-sm  elementor-field-textual\" placeholder=\"Name\">\n\t\t\t\t\t\t\t\t\t\t\t<\/div>\n\t\t\t\t\t\t\t\t<div class=\"elementor-field-type-email elementor-field-group elementor-column elementor-field-group-email elementor-col-60 elementor-field-required\">\n\t\t\t\t\t\t\t\t\t\t\t\t<label for=\"form-field-email\" class=\"elementor-field-label\">\n\t\t\t\t\t\t\t\tE-Mail\t\t\t\t\t\t\t<\/label>\n\t\t\t\t\t\t\t\t\t\t\t\t\t\t<input size=\"1\" type=\"email\" name=\"form_fields[email]\" id=\"form-field-email\" class=\"elementor-field elementor-size-sm  elementor-field-textual\" placeholder=\"E-Mail\" required=\"required\" aria-required=\"true\">\n\t\t\t\t\t\t\t\t\t\t\t<\/div>\n\t\t\t\t\t\t\t\t<div class=\"elementor-field-type-text elementor-field-group elementor-column elementor-field-group-field_194ff3b elementor-col-60 elementor-field-required\">\n\t\t\t\t\t\t\t\t\t\t\t\t<label for=\"form-field-field_194ff3b\" class=\"elementor-field-label\">\n\t\t\t\t\t\t\t\tBestellnummer\t\t\t\t\t\t\t<\/label>\n\t\t\t\t\t\t\t\t\t\t\t\t\t\t<input size=\"1\" type=\"text\" name=\"form_fields[field_194ff3b]\" id=\"form-field-field_194ff3b\" class=\"elementor-field elementor-size-sm  elementor-field-textual\" placeholder=\"Bestellnummer\" required=\"required\" aria-required=\"true\">\n\t\t\t\t\t\t\t\t\t\t\t<\/div>\n\t\t\t\t\t\t\t\t<div class=\"elementor-field-type-textarea elementor-field-group elementor-column elementor-field-group-message elementor-col-60\">\n\t\t\t\t\t\t\t\t\t\t\t\t<label for=\"form-field-message\" class=\"elementor-field-label\">\n\t\t\t\t\t\t\t\tBitte erkl\u00e4ren Sie, was das Problem ist\t\t\t\t\t\t\t<\/label>\n\t\t\t\t\t\t<textarea class=\"elementor-field-textual elementor-field  elementor-size-sm\" name=\"form_fields[message]\" id=\"form-field-message\" rows=\"4\" placeholder=\"...\"><\/textarea>\t\t\t\t<\/div>\n\t\t\t\t\t\t\t\t<div class=\"elementor-field-group elementor-column elementor-field-type-submit elementor-col-60 e-form__buttons\">\n\t\t\t\t\t<button type=\"submit\" class=\"elementor-button elementor-size-sm\">\n\t\t\t\t\t\t<span >\n\t\t\t\t\t\t\t\t\t\t\t\t\t\t\t<span class=\"elementor-button-icon\">\n\t\t\t\t\t\t\t\t\t\t\t\t\t\t\t\t\t\t\t\t\t\t\t\t\t\t<\/span>\n\t\t\t\t\t\t\t\t\t\t\t\t\t\t\t\t\t\t\t\t\t\t<span class=\"elementor-button-text\">Senden <\/span>\n\t\t\t\t\t\t\t\t\t\t\t\t\t<\/span>\n\t\t\t\t\t<\/button>\n\t\t\t\t<\/div>\n\t\t\t<\/div>\n\t\t<input type=\"hidden\" name=\"trp-form-language\" value=\"de\"\/><\/form>\n\t\t\t\t<\/div>\n\t\t\t\t<\/div>\n\t\t\t\t\t<\/div>\n\t\t<\/div>\n\t\t\t\t\t<\/div>\n\t\t<\/section>\n\t\t\t\t<\/div>","protected":false},"excerpt":{"rendered":"<p>Unsere Produkte werden nach den hohen Qualit\u00e4tsstandards von REISER hergestellt. Nichtsdestotrotz ist Ihre Uhr durch unsere eingeschr\u00e4nkte Garantie gegen Herstellungsfehler gedeckt; Dazu geh\u00f6ren das Uhrwerk, die Indizes, das Zifferblatt und die Zeiger. Die Garantie f\u00fcr eine REISER-Uhr gilt f\u00fcr einen Zeitraum von vierundzwanzig (24) Monaten ab Kaufdatum. Auf [\u2026]<\/p>","protected":false},"author":1,"featured_media":0,"parent":0,"menu_order":0,"comment_status":"closed","ping_status":"closed","template":"elementor_theme","meta":{"_acf_changed":false,"footnotes":""},"class_list":["post-2481","page","type-page","status-publish","hentry"],"acf":[],"_links":{"self":[{"href":"https:\/\/www.reiserwatches.com\/de\/wp-json\/wp\/v2\/pages\/2481","targetHints":{"allow":["GET"]}}],"collection":[{"href":"https:\/\/www.reiserwatches.com\/de\/wp-json\/wp\/v2\/pages"}],"about":[{"href":"https:\/\/www.reiserwatches.com\/de\/wp-json\/wp\/v2\/types\/page"}],"author":[{"embeddable":true,"href":"https:\/\/www.reiserwatches.com\/de\/wp-json\/wp\/v2\/users\/1"}],"replies":[{"embeddable":true,"href":"https:\/\/www.reiserwatches.com\/de\/wp-json\/wp\/v2\/comments?post=2481"}],"version-history":[{"count":0,"href":"https:\/\/www.reiserwatches.com\/de\/wp-json\/wp\/v2\/pages\/2481\/revisions"}],"wp:attachment":[{"href":"https:\/\/www.reiserwatches.com\/de\/wp-json\/wp\/v2\/media?parent=2481"}],"curies":[{"name":"wp","href":"https:\/\/api.w.org\/{rel}","templated":true}]}}