{"id":3235,"date":"2020-11-02T11:29:29","date_gmt":"2020-11-02T11:29:29","guid":{"rendered":"http:\/\/rrnewlayout.kinsta.cloud\/?page_id=3235"},"modified":"2022-06-15T16:02:32","modified_gmt":"2022-06-15T14:02:32","slug":"returns","status":"publish","type":"page","link":"https:\/\/www.reiserwatches.com\/de\/returns\/","title":{"rendered":"R\u00fcckgabe"},"content":{"rendered":"<div data-elementor-type=\"wp-page\" data-elementor-id=\"3235\" class=\"elementor elementor-3235\" data-elementor-post-type=\"page\">\n\t\t\t\t\t\t<section class=\"elementor-section elementor-top-section elementor-element elementor-element-5659be1 elementor-section-boxed elementor-section-height-default elementor-section-height-default\" data-id=\"5659be1\" data-element_type=\"section\">\n\t\t\t\t\t\t<div class=\"elementor-container elementor-column-gap-default\">\n\t\t\t\t\t<div class=\"elementor-column elementor-col-100 elementor-top-column elementor-element elementor-element-e8641e9\" data-id=\"e8641e9\" data-element_type=\"column\">\n\t\t\t<div class=\"elementor-widget-wrap elementor-element-populated\">\n\t\t\t\t\t\t<div class=\"elementor-element elementor-element-e764834 elementor-widget elementor-widget-text-editor\" data-id=\"e764834\" data-element_type=\"widget\" data-widget_type=\"text-editor.default\">\n\t\t\t\t<div class=\"elementor-widget-container\">\n\t\t\t\t\t\t\t<p class=\" translation-block\"><span data-preserver-spaces=\"true\">Sie haben das Recht, Ihre Bestellung innerhalb von<\/span> <strong><span data-preserver-spaces=\"true\">14 Tagen ab Lieferdatum zur\u00fcckzugeben<\/span><\/strong> <span data-preserver-spaces=\"true\">.<\/span><\/p><p><strong>Wie k\u00f6nnen Sie Ihre Bestellung zur\u00fcckgeben?<\/strong><\/p><ul><li><span data-preserver-spaces=\"true\">F\u00fcllen Sie das untenstehende R\u00fccksendeformular aus, und Sie erhalten Anweisungen, wie Sie Ihre Bestellung zur\u00fccksenden k\u00f6nnen.<\/span><\/li><li><span data-preserver-spaces=\"true\">Die Artikel m\u00fcssen sp\u00e4testens 14 Tage nach Erhalt des Pakets zur\u00fcckgeschickt werden.<\/span><\/li><li><span data-preserver-spaces=\"true\">Die Kosten f\u00fcr die R\u00fccksendung gehen zu Ihren eigenen Lasten.<\/span><\/li><\/ul><p><strong><br \/>R\u00fcckgabebedingungen<\/strong><\/p><ul><li><span data-preserver-spaces=\"true\">Besch\u00e4digte, unvollst\u00e4ndige oder verunreinigte Artikel, die vom Kunden eingesandt werden, werden nicht angenommen und es wird keine R\u00fcckerstattung gew\u00e4hrt.<\/span><\/li><li><span data-preserver-spaces=\"true\">Alle zur\u00fcckgesandten Artikel m\u00fcssen fabrikneu, originalverpackt und unbenutzt zur\u00fcckgeschickt werden.<\/span><\/li><li><span data-preserver-spaces=\"true\">Wir sind nicht verantwortlich f\u00fcr verlorene Gegenst\u00e4nde w\u00e4hrend der R\u00fccksendung<\/span><\/li><li><span data-preserver-spaces=\"true\">Sie erhalten eine vollst\u00e4ndige R\u00fcckerstattung, wenn Ihr R\u00fcckgabeantrag mit unseren Richtlinien \u00fcbereinstimmt<\/span><\/li><\/ul>\t\t\t\t\t\t<\/div>\n\t\t\t\t<\/div>\n\t\t\t\t<div class=\"elementor-element elementor-element-9bf338b elementor-hidden-desktop elementor-hidden-tablet elementor-hidden-phone elementor-widget elementor-widget-text-editor\" data-id=\"9bf338b\" data-element_type=\"widget\" data-widget_type=\"text-editor.default\">\n\t\t\t\t<div class=\"elementor-widget-container\">\n\t\t\t\t\t\t\t<p>Kunden haben bis zu <b>14 Tage ab dem Datum der Lieferung<\/b> ihr Recht auf R\u00fcckgabe von Produkten auszu\u00fcben und eine R\u00fcckerstattung oder einen Umtausch zu verlangen. Bevor eine R\u00fcckerstattung oder ein Umtausch bearbeitet werden kann, muss der Kunde das R\u00fcckgabeformular \u00fcber den unten stehenden Link ausf\u00fcllen, um f\u00fcr die R\u00fcckgabe berechtigt zu sein. Alle Waren m\u00fcssen vom Kunden auf eigene Kosten an REISER zur\u00fcckgeschickt werden. Die Artikel m\u00fcssen sp\u00e4testens innerhalb von 14 Tagen nach Erhalt des Pakets an REISER zur\u00fcckgeschickt werden.<\/p><p>Alle zur\u00fcckgesendeten Artikel m\u00fcssen in der Originalverpackung und in unbenutztem Zustand zur\u00fcckgeschickt werden. Der urspr\u00fcngliche Kaufpreis der Ware wird dem Kunden zur\u00fcckerstattet, sobald REISER die Ware erh\u00e4lt.<\/p><p>Im Falle eines Umtauschs wird das Ersatzprodukt versandt, sobald der zur\u00fcckgesandte Artikel bei REISER eingegangen ist. Besch\u00e4digte, unvollst\u00e4ndige oder verunreinigte Artikel, die vom Kunden gesendet werden, werden nicht akzeptiert und es erfolgt keine R\u00fcckerstattung oder kein Umtausch.<\/p><p>REISER ist nicht verantwortlich f\u00fcr verlorene Gegenst\u00e4nde w\u00e4hrend der R\u00fccksendung<\/p>\t\t\t\t\t\t<\/div>\n\t\t\t\t<\/div>\n\t\t\t\t<div class=\"elementor-element elementor-element-67ff71a elementor-widget elementor-widget-heading\" data-id=\"67ff71a\" data-element_type=\"widget\" data-widget_type=\"heading.default\">\n\t\t\t\t<div class=\"elementor-widget-container\">\n\t\t\t<h3 class=\"elementor-heading-title elementor-size-default\">Senden Sie eine R\u00fccksendeanfrage<\/h3>\t\t<\/div>\n\t\t\t\t<\/div>\n\t\t\t\t<div class=\"elementor-element elementor-element-c4fc787 elementor-widget elementor-widget-text-editor\" data-id=\"c4fc787\" data-element_type=\"widget\" data-widget_type=\"text-editor.default\">\n\t\t\t\t<div class=\"elementor-widget-container\">\n\t\t\t\t\t\t\t<p>Bitte f\u00fcllen Sie alle Felder im untenstehenden Formular aus. Die Angabe von genauen und detaillierten Informationen hilft unserem Team, Ihre R\u00fccksendung so schnell wie m\u00f6glich zu bearbeiten.<\/p>\t\t\t\t\t\t<\/div>\n\t\t\t\t<\/div>\n\t\t\t\t<div class=\"elementor-element elementor-element-c0895bc elementor-button-align-stretch elementor-widget elementor-widget-form\" data-id=\"c0895bc\" data-element_type=\"widget\" data-settings=\"{&quot;button_width&quot;:&quot;60&quot;,&quot;step_next_label&quot;:&quot;Next&quot;,&quot;step_previous_label&quot;:&quot;Previous&quot;,&quot;step_type&quot;:&quot;number_text&quot;,&quot;step_icon_shape&quot;:&quot;circle&quot;}\" data-widget_type=\"form.default\">\n\t\t\t\t<div class=\"elementor-widget-container\">\n\t\t\t\t\t<form class=\"elementor-form\" method=\"post\" name=\"New Form\" action=\"\">\n\t\t\t<input type=\"hidden\" name=\"post_id\" value=\"3235\"\/>\n\t\t\t<input type=\"hidden\" name=\"form_id\" value=\"c0895bc\"\/>\n\t\t\t<input type=\"hidden\" name=\"referer_title\" value=\"\" \/>\n\n\t\t\t\n\t\t\t<div class=\"elementor-form-fields-wrapper elementor-labels-above\">\n\t\t\t\t\t\t\t\t<div class=\"elementor-field-type-text elementor-field-group elementor-column elementor-field-group-name elementor-col-60\">\n\t\t\t\t\t\t\t\t\t\t\t\t<label for=\"form-field-name\" class=\"elementor-field-label\">\n\t\t\t\t\t\t\t\tName\t\t\t\t\t\t\t<\/label>\n\t\t\t\t\t\t\t\t\t\t\t\t\t\t<input size=\"1\" type=\"text\" name=\"form_fields[name]\" id=\"form-field-name\" class=\"elementor-field elementor-size-sm  elementor-field-textual\" placeholder=\"Name\">\n\t\t\t\t\t\t\t\t\t\t\t<\/div>\n\t\t\t\t\t\t\t\t<div class=\"elementor-field-type-email elementor-field-group elementor-column elementor-field-group-email elementor-col-60 elementor-field-required\">\n\t\t\t\t\t\t\t\t\t\t\t\t<label for=\"form-field-email\" class=\"elementor-field-label\">\n\t\t\t\t\t\t\t\tE-Mail\t\t\t\t\t\t\t<\/label>\n\t\t\t\t\t\t\t\t\t\t\t\t\t\t<input size=\"1\" type=\"email\" name=\"form_fields[email]\" id=\"form-field-email\" class=\"elementor-field elementor-size-sm  elementor-field-textual\" placeholder=\"E-Mail\" required=\"required\" aria-required=\"true\">\n\t\t\t\t\t\t\t\t\t\t\t<\/div>\n\t\t\t\t\t\t\t\t<div class=\"elementor-field-type-text elementor-field-group elementor-column elementor-field-group-field_194ff3b elementor-col-60 elementor-field-required\">\n\t\t\t\t\t\t\t\t\t\t\t\t<label for=\"form-field-field_194ff3b\" class=\"elementor-field-label\">\n\t\t\t\t\t\t\t\tBestellnummer\t\t\t\t\t\t\t<\/label>\n\t\t\t\t\t\t\t\t\t\t\t\t\t\t<input size=\"1\" type=\"text\" name=\"form_fields[field_194ff3b]\" id=\"form-field-field_194ff3b\" class=\"elementor-field elementor-size-sm  elementor-field-textual\" placeholder=\"Bestellnummer\" required=\"required\" aria-required=\"true\">\n\t\t\t\t\t\t\t\t\t\t\t<\/div>\n\t\t\t\t\t\t\t\t<div class=\"elementor-field-type-textarea elementor-field-group elementor-column elementor-field-group-message elementor-col-60\">\n\t\t\t\t\t\t\t\t\t\t\t\t<label for=\"form-field-message\" class=\"elementor-field-label\">\n\t\t\t\t\t\t\t\tWie k\u00f6nnen wir helfen?\t\t\t\t\t\t\t<\/label>\n\t\t\t\t\t\t<textarea class=\"elementor-field-textual elementor-field  elementor-size-sm\" name=\"form_fields[message]\" id=\"form-field-message\" rows=\"4\" placeholder=\"...\"><\/textarea>\t\t\t\t<\/div>\n\t\t\t\t\t\t\t\t<div class=\"elementor-field-group elementor-column elementor-field-type-submit elementor-col-60 e-form__buttons\">\n\t\t\t\t\t<button type=\"submit\" class=\"elementor-button elementor-size-sm\">\n\t\t\t\t\t\t<span >\n\t\t\t\t\t\t\t\t\t\t\t\t\t\t\t<span class=\"elementor-button-icon\">\n\t\t\t\t\t\t\t\t\t\t\t\t\t\t\t\t\t\t\t\t\t\t\t\t\t\t<\/span>\n\t\t\t\t\t\t\t\t\t\t\t\t\t\t\t\t\t\t\t\t\t\t<span class=\"elementor-button-text\">Senden <\/span>\n\t\t\t\t\t\t\t\t\t\t\t\t\t<\/span>\n\t\t\t\t\t<\/button>\n\t\t\t\t<\/div>\n\t\t\t<\/div>\n\t\t<input type=\"hidden\" name=\"trp-form-language\" value=\"de\"\/><\/form>\n\t\t\t\t<\/div>\n\t\t\t\t<\/div>\n\t\t\t\t\t<\/div>\n\t\t<\/div>\n\t\t\t\t\t<\/div>\n\t\t<\/section>\n\t\t\t\t<\/div>","protected":false},"excerpt":{"rendered":"<p>Sie haben das Recht, Ihre Bestellung innerhalb von 14 Tagen ab Lieferdatum zur\u00fcckzugeben. Wie k\u00f6nnen Sie Ihre Bestellung zur\u00fccksenden? F\u00fcllen Sie das unten stehende R\u00fccksendeformular aus und Sie erhalten Anweisungen zur R\u00fccksendung Ihrer Bestellung. Die Artikel m\u00fcssen sp\u00e4testens 14 Tage nach Erhalt des Pakets zur\u00fcckgesendet werden. Zur\u00fcckkehren [\u2026]<\/p>","protected":false},"author":1,"featured_media":0,"parent":0,"menu_order":0,"comment_status":"closed","ping_status":"closed","template":"elementor_theme","meta":{"_acf_changed":false,"footnotes":""},"class_list":["post-3235","page","type-page","status-publish","hentry"],"acf":[],"_links":{"self":[{"href":"https:\/\/www.reiserwatches.com\/de\/wp-json\/wp\/v2\/pages\/3235","targetHints":{"allow":["GET"]}}],"collection":[{"href":"https:\/\/www.reiserwatches.com\/de\/wp-json\/wp\/v2\/pages"}],"about":[{"href":"https:\/\/www.reiserwatches.com\/de\/wp-json\/wp\/v2\/types\/page"}],"author":[{"embeddable":true,"href":"https:\/\/www.reiserwatches.com\/de\/wp-json\/wp\/v2\/users\/1"}],"replies":[{"embeddable":true,"href":"https:\/\/www.reiserwatches.com\/de\/wp-json\/wp\/v2\/comments?post=3235"}],"version-history":[{"count":0,"href":"https:\/\/www.reiserwatches.com\/de\/wp-json\/wp\/v2\/pages\/3235\/revisions"}],"wp:attachment":[{"href":"https:\/\/www.reiserwatches.com\/de\/wp-json\/wp\/v2\/media?parent=3235"}],"curies":[{"name":"wp","href":"https:\/\/api.w.org\/{rel}","templated":true}]}}