{"id":3285,"date":"2020-11-02T17:27:09","date_gmt":"2020-11-02T17:27:09","guid":{"rendered":"http:\/\/rrnewlayout.kinsta.cloud\/?page_id=3285"},"modified":"2022-08-08T16:04:52","modified_gmt":"2022-08-08T14:04:52","slug":"alpen-skeleton","status":"publish","type":"page","link":"https:\/\/www.reiserwatches.com\/de\/alpen-skeleton\/","title":{"rendered":"ALPEN Skeleton"},"content":{"rendered":"<div data-elementor-type=\"wp-page\" data-elementor-id=\"3285\" class=\"elementor elementor-3285\" data-elementor-post-type=\"page\">\n\t\t\t\t\t\t<section class=\"elementor-section elementor-top-section elementor-element elementor-element-6a4ad44 elementor-section-height-min-height elementor-section-items-bottom elementor-section-boxed elementor-section-height-default\" data-id=\"6a4ad44\" data-element_type=\"section\" data-settings=\"{&quot;background_background&quot;:&quot;classic&quot;}\">\n\t\t\t\t\t\t\t<div class=\"elementor-background-overlay\"><\/div>\n\t\t\t\t\t\t\t<div class=\"elementor-container elementor-column-gap-default\">\n\t\t\t\t\t<div class=\"elementor-column elementor-col-100 elementor-top-column elementor-element elementor-element-c6930a0\" data-id=\"c6930a0\" data-element_type=\"column\">\n\t\t\t<div class=\"elementor-widget-wrap elementor-element-populated\">\n\t\t\t\t\t\t<div class=\"elementor-element elementor-element-cfe17cc elementor-widget elementor-widget-heading\" data-id=\"cfe17cc\" data-element_type=\"widget\" data-widget_type=\"heading.default\">\n\t\t\t\t<div class=\"elementor-widget-container\">\n\t\t\t<h1 class=\"elementor-heading-title elementor-size-default\">ALPEN Skeleton<\/h1>\t\t<\/div>\n\t\t\t\t<\/div>\n\t\t\t\t<div class=\"elementor-element elementor-element-d71c95b elementor-widget elementor-widget-text-editor\" data-id=\"d71c95b\" data-element_type=\"widget\" data-widget_type=\"text-editor.default\">\n\t\t\t\t<div class=\"elementor-widget-container\">\n\t\t\t\t\t\t\t<p>Limitiert auf 75 St\u00fcck<\/p>\t\t\t\t\t\t<\/div>\n\t\t\t\t<\/div>\n\t\t\t\t\t<\/div>\n\t\t<\/div>\n\t\t\t\t\t<\/div>\n\t\t<\/section>\n\t\t\t\t<section class=\"elementor-section elementor-top-section elementor-element elementor-element-760ee3b elementor-section-boxed elementor-section-height-default elementor-section-height-default\" data-id=\"760ee3b\" data-element_type=\"section\">\n\t\t\t\t\t\t<div class=\"elementor-container elementor-column-gap-default\">\n\t\t\t\t\t<div class=\"elementor-column elementor-col-100 elementor-top-column elementor-element elementor-element-e164b3d\" data-id=\"e164b3d\" data-element_type=\"column\">\n\t\t\t<div class=\"elementor-widget-wrap elementor-element-populated\">\n\t\t\t\t\t\t<div class=\"elementor-element elementor-element-1976831 elementor-product-loop-item--align-center elementor-grid-4 elementor-grid-tablet-3 elementor-grid-mobile-2 elementor-products-grid elementor-wc-products elementor-widget elementor-widget-woocommerce-products\" data-id=\"1976831\" data-element_type=\"widget\" data-widget_type=\"woocommerce-products.default\">\n\t\t\t\t<div class=\"elementor-widget-container\">\n\t\t\t<div class=\"woocommerce columns-4\"><ul class=\"products elementor-grid columns-4\">\n<li class=\"product type-product post-1874 status-publish first outofstock product_cat-uncategorized product_tag-rr02 has-post-thumbnail taxable shipping-taxable purchasable product-type-simple\">\n\t<a href=\"https:\/\/www.reiserwatches.com\/de\/r\/rr02-fkm-skeleton-silver\/\" class=\"woocommerce-LoopProduct-link woocommerce-loop-product__link\"><img fetchpriority=\"high\" decoding=\"async\" width=\"322\" height=\"412\" src=\"https:\/\/www.reiserwatches.com\/wp-content\/uploads\/2021\/03\/0017_REISER_Skeleton_Front_S1_Rubber_00000.png-min-322x412.png\" class=\"attachment-woocommerce_thumbnail size-woocommerce_thumbnail\" alt=\"\" srcset=\"https:\/\/www.reiserwatches.com\/wp-content\/uploads\/2021\/03\/0017_REISER_Skeleton_Front_S1_Rubber_00000.png-min-322x412.png 322w, https:\/\/www.reiserwatches.com\/wp-content\/uploads\/2021\/03\/0017_REISER_Skeleton_Front_S1_Rubber_00000.png-min-555x710.png 555w, https:\/\/www.reiserwatches.com\/wp-content\/uploads\/2021\/03\/0017_REISER_Skeleton_Front_S1_Rubber_00000.png-min-235x300.png 235w, https:\/\/www.reiserwatches.com\/wp-content\/uploads\/2021\/03\/0017_REISER_Skeleton_Front_S1_Rubber_00000.png-min-9x12.png 9w, https:\/\/www.reiserwatches.com\/wp-content\/uploads\/2021\/03\/0017_REISER_Skeleton_Front_S1_Rubber_00000.png-min.png 750w\" sizes=\"(max-width: 322px) 100vw, 322px\" \/><h2 class=\"woocommerce-loop-product__title\">ALPEN Skeleton \u2013 Silber (NBR-Gummi)<\/h2>\n\t<span class=\"price\"><span class=\"wcpbc-price wcpbc-price-1874\" data-product-id=\"1874\"><span class=\"woocommerce-Price-amount amount\"><bdi><span class=\"woocommerce-Price-currencySymbol\">\u20ac<\/span>949.00<\/bdi><\/span><\/span><\/span>\n<\/a><a href=\"https:\/\/www.reiserwatches.com\/de\/r\/rr02-fkm-skeleton-silver\/\" data-quantity=\"1\" class=\"button product_type_simple\" data-product_id=\"1874\" data-product_sku=\"41-SKEL-SLV-BLK-FKM\" aria-label=\"Lese mehr \u00fcber \u201eALPEN Skeleton - Silver (NBR Rubber)\u201c\" aria-describedby=\"\" rel=\"nofollow\" data-no-translation=\"\" data-trp-gettext=\"\" data-no-translation-aria-label=\"\">Weiterlesen<\/a><\/li>\n<li class=\"product type-product post-1027 status-publish outofstock product_cat-uncategorized product_tag-rr02 has-post-thumbnail taxable shipping-taxable purchasable product-type-simple\">\n\t<a href=\"https:\/\/www.reiserwatches.com\/de\/r\/rr02-skeleton-silver\/\" class=\"woocommerce-LoopProduct-link woocommerce-loop-product__link\"><img decoding=\"async\" width=\"322\" height=\"412\" src=\"https:\/\/www.reiserwatches.com\/wp-content\/uploads\/2021\/03\/0016_REISER_Skeleton_Front_S1_Bracelet_00000.png-min-322x412.png\" class=\"attachment-woocommerce_thumbnail size-woocommerce_thumbnail\" alt=\"\" srcset=\"https:\/\/www.reiserwatches.com\/wp-content\/uploads\/2021\/03\/0016_REISER_Skeleton_Front_S1_Bracelet_00000.png-min-322x412.png 322w, https:\/\/www.reiserwatches.com\/wp-content\/uploads\/2021\/03\/0016_REISER_Skeleton_Front_S1_Bracelet_00000.png-min-555x710.png 555w, https:\/\/www.reiserwatches.com\/wp-content\/uploads\/2021\/03\/0016_REISER_Skeleton_Front_S1_Bracelet_00000.png-min-235x300.png 235w, https:\/\/www.reiserwatches.com\/wp-content\/uploads\/2021\/03\/0016_REISER_Skeleton_Front_S1_Bracelet_00000.png-min-9x12.png 9w, https:\/\/www.reiserwatches.com\/wp-content\/uploads\/2021\/03\/0016_REISER_Skeleton_Front_S1_Bracelet_00000.png-min.png 750w\" sizes=\"(max-width: 322px) 100vw, 322px\" \/><h2 class=\"woocommerce-loop-product__title\">ALPEN Skeleton \u2013 Silbermetallic<\/h2>\n\t<span class=\"price\"><span class=\"wcpbc-price wcpbc-price-1027\" data-product-id=\"1027\"><span class=\"woocommerce-Price-amount amount\"><bdi><span class=\"woocommerce-Price-currencySymbol\">\u20ac<\/span>999.00<\/bdi><\/span><\/span><\/span>\n<\/a><a href=\"https:\/\/www.reiserwatches.com\/de\/r\/rr02-skeleton-silver\/\" data-quantity=\"1\" class=\"button product_type_simple\" data-product_id=\"1027\" data-product_sku=\"41-SKEL-SLV-BLK-SS\" aria-label=\"Lese mehr \u00fcber \u201eALPEN Skeleton - Silver Metalic\u201c\" aria-describedby=\"\" rel=\"nofollow\" data-no-translation=\"\" data-trp-gettext=\"\" data-no-translation-aria-label=\"\">Weiterlesen<\/a><\/li>\n<\/ul>\n<\/div>\t\t<\/div>\n\t\t\t\t<\/div>\n\t\t\t\t\t<\/div>\n\t\t<\/div>\n\t\t\t\t\t<\/div>\n\t\t<\/section>\n\t\t\t\t<section class=\"elementor-section elementor-top-section elementor-element elementor-element-690905e elementor-section-boxed elementor-section-height-default elementor-section-height-default\" data-id=\"690905e\" data-element_type=\"section\">\n\t\t\t\t\t\t<div class=\"elementor-container elementor-column-gap-default\">\n\t\t\t\t\t<div class=\"elementor-column elementor-col-50 elementor-top-column elementor-element elementor-element-222903d\" data-id=\"222903d\" data-element_type=\"column\">\n\t\t\t<div class=\"elementor-widget-wrap elementor-element-populated\">\n\t\t\t\t\t\t<div class=\"elementor-element elementor-element-cf43dd0 elementor-widget elementor-widget-image\" data-id=\"cf43dd0\" data-element_type=\"widget\" data-widget_type=\"image.default\">\n\t\t\t\t<div class=\"elementor-widget-container\">\n\t\t\t\t\t\t\t\t\t\t\t\t\t<img decoding=\"async\" width=\"800\" height=\"800\" src=\"https:\/\/www.reiserwatches.com\/wp-content\/uploads\/2021\/10\/Reiser-ALPEN-Skeleton.017SQ.jpg\" class=\"attachment-large size-large wp-image-18648\" alt=\"\" srcset=\"https:\/\/www.reiserwatches.com\/wp-content\/uploads\/2021\/10\/Reiser-ALPEN-Skeleton.017SQ.jpg 1000w, https:\/\/www.reiserwatches.com\/wp-content\/uploads\/2021\/10\/Reiser-ALPEN-Skeleton.017SQ-322x322.jpg 322w, https:\/\/www.reiserwatches.com\/wp-content\/uploads\/2021\/10\/Reiser-ALPEN-Skeleton.017SQ-555x555.jpg 555w, https:\/\/www.reiserwatches.com\/wp-content\/uploads\/2021\/10\/Reiser-ALPEN-Skeleton.017SQ-300x300.jpg 300w, https:\/\/www.reiserwatches.com\/wp-content\/uploads\/2021\/10\/Reiser-ALPEN-Skeleton.017SQ-150x150.jpg 150w, https:\/\/www.reiserwatches.com\/wp-content\/uploads\/2021\/10\/Reiser-ALPEN-Skeleton.017SQ-768x768.jpg 768w, https:\/\/www.reiserwatches.com\/wp-content\/uploads\/2021\/10\/Reiser-ALPEN-Skeleton.017SQ-12x12.jpg 12w\" sizes=\"(max-width: 800px) 100vw, 800px\" \/>\t\t\t\t\t\t\t\t\t\t\t\t\t<\/div>\n\t\t\t\t<\/div>\n\t\t\t\t\t<\/div>\n\t\t<\/div>\n\t\t\t\t<div class=\"elementor-column elementor-col-50 elementor-top-column elementor-element elementor-element-2e2c258\" data-id=\"2e2c258\" data-element_type=\"column\" data-settings=\"{&quot;background_background&quot;:&quot;classic&quot;}\">\n\t\t\t<div class=\"elementor-widget-wrap elementor-element-populated\">\n\t\t\t\t\t\t<div class=\"elementor-element elementor-element-5d6bf37 elementor-widget elementor-widget-heading\" data-id=\"5d6bf37\" data-element_type=\"widget\" data-widget_type=\"heading.default\">\n\t\t\t\t<div class=\"elementor-widget-container\">\n\t\t\t<h2 class=\"elementor-heading-title elementor-size-default\">Die beste Uhr, die wir bisher entwickelt haben<\/h2>\t\t<\/div>\n\t\t\t\t<\/div>\n\t\t\t\t<div class=\"elementor-element elementor-element-efff753 elementor-widget elementor-widget-text-editor\" data-id=\"efff753\" data-element_type=\"widget\" data-widget_type=\"text-editor.default\">\n\t\t\t\t<div class=\"elementor-widget-container\">\n\t\t\t\t\t\t\t<p>Wir stellen Ihnen das ALPEN Skeleton vor.<\/p><p>Die Idee hinter dem Zifferblattdesign ist es, das Innenleben des zeitgen\u00f6ssischen skelettierten Zifferblatts zu maximieren.<\/p><p>Die PVD-veredelten Uhrwerkbr\u00fccken und das passende Zifferblatt sorgen f\u00fcr ein dezentes Erscheinungsbild, das auch die Lesbarkeit erheblich verbessert.<\/p><p>Wir haben \u00fcber 18 Monate an diesem Projekt gearbeitet und freuen uns sehr, es Ihnen endlich pr\u00e4sentieren zu k\u00f6nnen.<\/p>\t\t\t\t\t\t<\/div>\n\t\t\t\t<\/div>\n\t\t\t\t<div class=\"elementor-element elementor-element-387e237 elementor-widget elementor-widget-heading\" data-id=\"387e237\" data-element_type=\"widget\" data-widget_type=\"heading.default\">\n\t\t\t\t<div class=\"elementor-widget-container\">\n\t\t\t<h2 class=\"elementor-heading-title elementor-size-default\">Limitiert auf 75 St\u00fcck<\/h2>\t\t<\/div>\n\t\t\t\t<\/div>\n\t\t\t\t\t<\/div>\n\t\t<\/div>\n\t\t\t\t\t<\/div>\n\t\t<\/section>\n\t\t\t\t<section class=\"elementor-section elementor-top-section elementor-element elementor-element-1824982 elementor-reverse-mobile elementor-section-boxed elementor-section-height-default elementor-section-height-default\" data-id=\"1824982\" data-element_type=\"section\">\n\t\t\t\t\t\t<div class=\"elementor-container elementor-column-gap-default\">\n\t\t\t\t\t<div class=\"elementor-column elementor-col-50 elementor-top-column elementor-element elementor-element-c9e2236\" data-id=\"c9e2236\" data-element_type=\"column\">\n\t\t\t<div class=\"elementor-widget-wrap elementor-element-populated\">\n\t\t\t\t\t\t<div class=\"elementor-element elementor-element-3274c1c elementor-widget elementor-widget-heading\" data-id=\"3274c1c\" data-element_type=\"widget\" data-widget_type=\"heading.default\">\n\t\t\t\t<div class=\"elementor-widget-container\">\n\t\t\t<h2 class=\"elementor-heading-title elementor-size-default\">Swiss Made STP 6-15 Uhrwerk<\/h2>\t\t<\/div>\n\t\t\t\t<\/div>\n\t\t\t\t<div class=\"elementor-element elementor-element-da6aac4 elementor-widget elementor-widget-text-editor\" data-id=\"da6aac4\" data-element_type=\"widget\" data-widget_type=\"text-editor.default\">\n\t\t\t\t<div class=\"elementor-widget-container\">\n\t\t\t\t\t\t\t<p>Diese neue Version des Deb\u00fctmodells wird von einem Schweizer STP 6-15 angetrieben. \u00c4hnlich aufgebaut wie der allseits beliebte ETA 2824-2, schl\u00e4gt auch der STP 6-15 mit 28.800 Halbschwingungen pro Stunde (4hz).<\/p><p>Es verf\u00fcgt \u00fcber 26 Steine und hat eine Gangreserve von 44 Stunden, was etwas mehr als die des 2824-2 ist. Der STP 6-15 verf\u00fcgt auch \u00fcber Br\u00fccken, bei denen \u00fcbersch\u00fcssiges Material entfernt wurde, wodurch sein Innenleben sichtbar wird.<\/p><p>Das Uhrwerk ist mit einer schwarzen PVD-Beschichtung versehen und der Rotor ist mit Ros\u00e9gold-PVD mit Genfer Streifen verziert.<\/p>\t\t\t\t\t\t<\/div>\n\t\t\t\t<\/div>\n\t\t\t\t<div class=\"elementor-element elementor-element-2a7e29f elementor-widget elementor-widget-heading\" data-id=\"2a7e29f\" data-element_type=\"widget\" data-widget_type=\"heading.default\">\n\t\t\t\t<div class=\"elementor-widget-container\">\n\t\t\t<h2 class=\"elementor-heading-title elementor-size-default\">Limitiert auf 75 St\u00fcck<\/h2>\t\t<\/div>\n\t\t\t\t<\/div>\n\t\t\t\t\t<\/div>\n\t\t<\/div>\n\t\t\t\t<div class=\"elementor-column elementor-col-50 elementor-top-column elementor-element elementor-element-ea67c20\" data-id=\"ea67c20\" data-element_type=\"column\">\n\t\t\t<div class=\"elementor-widget-wrap elementor-element-populated\">\n\t\t\t\t\t\t<div class=\"elementor-element elementor-element-0482386 elementor-widget elementor-widget-image\" data-id=\"0482386\" data-element_type=\"widget\" data-widget_type=\"image.default\">\n\t\t\t\t<div class=\"elementor-widget-container\">\n\t\t\t\t\t\t\t\t\t\t\t\t\t<img loading=\"lazy\" decoding=\"async\" width=\"750\" height=\"750\" src=\"https:\/\/www.reiserwatches.com\/wp-content\/uploads\/2021\/10\/Reiser-ALPEN-Skeleton.011SQ.jpg\" class=\"attachment-large size-large wp-image-18649\" alt=\"\" srcset=\"https:\/\/www.reiserwatches.com\/wp-content\/uploads\/2021\/10\/Reiser-ALPEN-Skeleton.011SQ.jpg 750w, https:\/\/www.reiserwatches.com\/wp-content\/uploads\/2021\/10\/Reiser-ALPEN-Skeleton.011SQ-322x322.jpg 322w, https:\/\/www.reiserwatches.com\/wp-content\/uploads\/2021\/10\/Reiser-ALPEN-Skeleton.011SQ-555x555.jpg 555w, https:\/\/www.reiserwatches.com\/wp-content\/uploads\/2021\/10\/Reiser-ALPEN-Skeleton.011SQ-300x300.jpg 300w, https:\/\/www.reiserwatches.com\/wp-content\/uploads\/2021\/10\/Reiser-ALPEN-Skeleton.011SQ-150x150.jpg 150w, https:\/\/www.reiserwatches.com\/wp-content\/uploads\/2021\/10\/Reiser-ALPEN-Skeleton.011SQ-12x12.jpg 12w\" sizes=\"(max-width: 750px) 100vw, 750px\" \/>\t\t\t\t\t\t\t\t\t\t\t\t\t<\/div>\n\t\t\t\t<\/div>\n\t\t\t\t\t<\/div>\n\t\t<\/div>\n\t\t\t\t\t<\/div>\n\t\t<\/section>\n\t\t\t\t<section class=\"elementor-section elementor-top-section elementor-element elementor-element-7a92ea3 elementor-section-boxed elementor-section-height-default elementor-section-height-default\" data-id=\"7a92ea3\" data-element_type=\"section\" data-settings=\"{&quot;background_background&quot;:&quot;classic&quot;}\">\n\t\t\t\t\t\t<div class=\"elementor-container elementor-column-gap-default\">\n\t\t\t\t\t<div class=\"elementor-column elementor-col-50 elementor-top-column elementor-element elementor-element-94f7941\" data-id=\"94f7941\" data-element_type=\"column\">\n\t\t\t<div class=\"elementor-widget-wrap elementor-element-populated\">\n\t\t\t\t\t\t<div class=\"elementor-element elementor-element-a83bc08 elementor-widget elementor-widget-image\" data-id=\"a83bc08\" data-element_type=\"widget\" data-widget_type=\"image.default\">\n\t\t\t\t<div class=\"elementor-widget-container\">\n\t\t\t\t\t\t\t\t\t\t\t\t\t<img loading=\"lazy\" decoding=\"async\" width=\"750\" height=\"750\" src=\"https:\/\/www.reiserwatches.com\/wp-content\/uploads\/2021\/10\/Reiser-ALPEN-Skeleton.014SQ.jpg\" class=\"attachment-large size-large wp-image-18650\" alt=\"\" srcset=\"https:\/\/www.reiserwatches.com\/wp-content\/uploads\/2021\/10\/Reiser-ALPEN-Skeleton.014SQ.jpg 750w, https:\/\/www.reiserwatches.com\/wp-content\/uploads\/2021\/10\/Reiser-ALPEN-Skeleton.014SQ-322x322.jpg 322w, https:\/\/www.reiserwatches.com\/wp-content\/uploads\/2021\/10\/Reiser-ALPEN-Skeleton.014SQ-555x555.jpg 555w, https:\/\/www.reiserwatches.com\/wp-content\/uploads\/2021\/10\/Reiser-ALPEN-Skeleton.014SQ-300x300.jpg 300w, https:\/\/www.reiserwatches.com\/wp-content\/uploads\/2021\/10\/Reiser-ALPEN-Skeleton.014SQ-150x150.jpg 150w, https:\/\/www.reiserwatches.com\/wp-content\/uploads\/2021\/10\/Reiser-ALPEN-Skeleton.014SQ-12x12.jpg 12w\" sizes=\"(max-width: 750px) 100vw, 750px\" \/>\t\t\t\t\t\t\t\t\t\t\t\t\t<\/div>\n\t\t\t\t<\/div>\n\t\t\t\t\t<\/div>\n\t\t<\/div>\n\t\t\t\t<div class=\"elementor-column elementor-col-50 elementor-top-column elementor-element elementor-element-5fd788c\" data-id=\"5fd788c\" data-element_type=\"column\">\n\t\t\t<div class=\"elementor-widget-wrap elementor-element-populated\">\n\t\t\t\t\t\t<div class=\"elementor-element elementor-element-1571a3c elementor-widget elementor-widget-heading\" data-id=\"1571a3c\" data-element_type=\"widget\" data-widget_type=\"heading.default\">\n\t\t\t\t<div class=\"elementor-widget-container\">\n\t\t\t<h2 class=\"elementor-heading-title elementor-size-default\">Hergestellt in Deutschland<\/h2>\t\t<\/div>\n\t\t\t\t<\/div>\n\t\t\t\t<div class=\"elementor-element elementor-element-cf4bfd0 elementor-widget elementor-widget-text-editor\" data-id=\"cf4bfd0\" data-element_type=\"widget\" data-widget_type=\"text-editor.default\">\n\t\t\t\t<div class=\"elementor-widget-container\">\n\t\t\t\t\t\t\t<p>Wir fassen sowohl unsere deutsche als auch unsere niederl\u00e4ndische Herkunft zusammen und ehren die tiefe Geschichte jeder Kultur.<\/p><p>Wir sind stolz auf unser multikulturelles Erbe und verk\u00f6rpern die Fortf\u00fchrung beider Wege.<\/p><p>Unsere Uhren sind Made in Germany und werden von einem Uhrmacher in Familienbesitz in Pforzheim, Deutschland, hergestellt.<\/p>\t\t\t\t\t\t<\/div>\n\t\t\t\t<\/div>\n\t\t\t\t\t<\/div>\n\t\t<\/div>\n\t\t\t\t\t<\/div>\n\t\t<\/section>\n\t\t\t\t<section class=\"elementor-section elementor-top-section elementor-element elementor-element-76b54e4 elementor-section-boxed elementor-section-height-default elementor-section-height-default\" data-id=\"76b54e4\" data-element_type=\"section\">\n\t\t\t\t\t\t<div class=\"elementor-container elementor-column-gap-default\">\n\t\t\t\t\t<div class=\"elementor-column elementor-col-100 elementor-top-column elementor-element elementor-element-04c9368\" data-id=\"04c9368\" data-element_type=\"column\">\n\t\t\t<div class=\"elementor-widget-wrap elementor-element-populated\">\n\t\t\t\t\t\t<div class=\"elementor-element elementor-element-4315279 elementor-widget elementor-widget-heading\" data-id=\"4315279\" data-element_type=\"widget\" data-widget_type=\"heading.default\">\n\t\t\t\t<div class=\"elementor-widget-container\">\n\t\t\t<h1 class=\"elementor-heading-title elementor-size-default\">Mehr Details<\/h1>\t\t<\/div>\n\t\t\t\t<\/div>\n\t\t\t\t<div class=\"elementor-element elementor-element-70a11cb elementor-widget elementor-widget-toggle\" data-id=\"70a11cb\" data-element_type=\"widget\" data-widget_type=\"toggle.default\">\n\t\t\t\t<div class=\"elementor-widget-container\">\n\t\t\t\t\t<div class=\"elementor-toggle\">\n\t\t\t\t\t\t\t<div class=\"elementor-toggle-item\">\n\t\t\t\t\t<h6 id=\"elementor-tab-title-1181\" class=\"elementor-tab-title\" data-tab=\"1\" role=\"button\" aria-controls=\"elementor-tab-content-1181\" aria-expanded=\"false\">\n\t\t\t\t\t\t\t\t\t\t\t\t<span class=\"elementor-toggle-icon elementor-toggle-icon-left\" aria-hidden=\"true\">\n\t\t\t\t\t\t\t\t\t\t\t\t\t\t\t<span class=\"elementor-toggle-icon-closed\"><i class=\"fas fa-chevron-right\"><\/i><\/span>\n\t\t\t\t\t\t\t\t<span class=\"elementor-toggle-icon-opened\"><i class=\"elementor-toggle-icon-opened fas fa-chevron-down\"><\/i><\/span>\n\t\t\t\t\t\t\t\t\t\t\t\t\t<\/span>\n\t\t\t\t\t\t\t\t\t\t\t\t<a class=\"elementor-toggle-title\" tabindex=\"0\">Wann wird es versendet?<\/a>\n\t\t\t\t\t<\/h6>\n\n\t\t\t\t\t<div id=\"elementor-tab-content-1181\" class=\"elementor-tab-content elementor-clearfix\" data-tab=\"1\" role=\"region\" aria-labelledby=\"elementor-tab-title-1181\"><p>Die ALPEN Skeleton Kollektion ist innerhalb von 3 Tagen nach Eingang Ihrer Bestellung versandfertig.<\/p><\/div>\n\t\t\t\t<\/div>\n\t\t\t\t\t\t\t<div class=\"elementor-toggle-item\">\n\t\t\t\t\t<h6 id=\"elementor-tab-title-1182\" class=\"elementor-tab-title\" data-tab=\"2\" role=\"button\" aria-controls=\"elementor-tab-content-1182\" aria-expanded=\"false\">\n\t\t\t\t\t\t\t\t\t\t\t\t<span class=\"elementor-toggle-icon elementor-toggle-icon-left\" aria-hidden=\"true\">\n\t\t\t\t\t\t\t\t\t\t\t\t\t\t\t<span class=\"elementor-toggle-icon-closed\"><i class=\"fas fa-chevron-right\"><\/i><\/span>\n\t\t\t\t\t\t\t\t<span class=\"elementor-toggle-icon-opened\"><i class=\"elementor-toggle-icon-opened fas fa-chevron-down\"><\/i><\/span>\n\t\t\t\t\t\t\t\t\t\t\t\t\t<\/span>\n\t\t\t\t\t\t\t\t\t\t\t\t<a class=\"elementor-toggle-title\" tabindex=\"0\">Kann ich meine Lieferadresse \u00e4ndern?<\/a>\n\t\t\t\t\t<\/h6>\n\n\t\t\t\t\t<div id=\"elementor-tab-content-1182\" class=\"elementor-tab-content elementor-clearfix\" data-tab=\"2\" role=\"region\" aria-labelledby=\"elementor-tab-title-1182\"><p>Bitte kontaktieren Sie unseren Kundenservice so schnell wie m\u00f6glich. Wenn Ihre Bestellung noch nicht die Ausf\u00fchrungsphase erreicht hat, ist es m\u00f6glich, dass wir sie noch \u00e4ndern oder stornieren k\u00f6nnen.<\/p><\/div>\n\t\t\t\t<\/div>\n\t\t\t\t\t\t\t<div class=\"elementor-toggle-item\">\n\t\t\t\t\t<h6 id=\"elementor-tab-title-1183\" class=\"elementor-tab-title\" data-tab=\"3\" role=\"button\" aria-controls=\"elementor-tab-content-1183\" aria-expanded=\"false\">\n\t\t\t\t\t\t\t\t\t\t\t\t<span class=\"elementor-toggle-icon elementor-toggle-icon-left\" aria-hidden=\"true\">\n\t\t\t\t\t\t\t\t\t\t\t\t\t\t\t<span class=\"elementor-toggle-icon-closed\"><i class=\"fas fa-chevron-right\"><\/i><\/span>\n\t\t\t\t\t\t\t\t<span class=\"elementor-toggle-icon-opened\"><i class=\"elementor-toggle-icon-opened fas fa-chevron-down\"><\/i><\/span>\n\t\t\t\t\t\t\t\t\t\t\t\t\t<\/span>\n\t\t\t\t\t\t\t\t\t\t\t\t<a class=\"elementor-toggle-title\" tabindex=\"0\">Kann ich meine Bestellung stornieren?<\/a>\n\t\t\t\t\t<\/h6>\n\n\t\t\t\t\t<div id=\"elementor-tab-content-1183\" class=\"elementor-tab-content elementor-clearfix\" data-tab=\"3\" role=\"region\" aria-labelledby=\"elementor-tab-title-1183\"><p>Bitte kontaktieren Sie unseren Kundenservice so schnell wie m\u00f6glich. Wenn Ihre Bestellung noch nicht die Ausf\u00fchrungsphase erreicht hat, ist es m\u00f6glich, dass wir sie noch \u00e4ndern oder stornieren k\u00f6nnen.<\/p><\/div>\n\t\t\t\t<\/div>\n\t\t\t\t\t\t\t<div class=\"elementor-toggle-item\">\n\t\t\t\t\t<h6 id=\"elementor-tab-title-1184\" class=\"elementor-tab-title\" data-tab=\"4\" role=\"button\" aria-controls=\"elementor-tab-content-1184\" aria-expanded=\"false\">\n\t\t\t\t\t\t\t\t\t\t\t\t<span class=\"elementor-toggle-icon elementor-toggle-icon-left\" aria-hidden=\"true\">\n\t\t\t\t\t\t\t\t\t\t\t\t\t\t\t<span class=\"elementor-toggle-icon-closed\"><i class=\"fas fa-chevron-right\"><\/i><\/span>\n\t\t\t\t\t\t\t\t<span class=\"elementor-toggle-icon-opened\"><i class=\"elementor-toggle-icon-opened fas fa-chevron-down\"><\/i><\/span>\n\t\t\t\t\t\t\t\t\t\t\t\t\t<\/span>\n\t\t\t\t\t\t\t\t\t\t\t\t<a class=\"elementor-toggle-title\" tabindex=\"0\">Sind die Uhren nummeriert?<\/a>\n\t\t\t\t\t<\/h6>\n\n\t\t\t\t\t<div id=\"elementor-tab-content-1184\" class=\"elementor-tab-content elementor-clearfix\" data-tab=\"4\" role=\"region\" aria-labelledby=\"elementor-tab-title-1184\"><p>Nein, jede Uhr hat ein einzigartiges Zertifikat, das beweist, dass Sie 1 von 75 St\u00fcck produziert haben.\u00a0<\/p><\/div>\n\t\t\t\t<\/div>\n\t\t\t\t\t\t\t\t<\/div>\n\t\t\t\t<\/div>\n\t\t\t\t<\/div>\n\t\t\t\t\t<\/div>\n\t\t<\/div>\n\t\t\t\t\t<\/div>\n\t\t<\/section>\n\t\t\t\t<\/div>","protected":false},"excerpt":{"rendered":"<p>ALPEN Skeleton Limitiert auf 75 St\u00fcck Die beste Uhr, die wir bisher entwickelt haben Wir stellen Ihnen die ALPEN Skeleton vor. Die Idee hinter dem Zifferblattdesign ist es, das Innenleben des modernen skelettierten Zifferblatts zu maximieren. Die PVD-beschichteten Werkbr\u00fccken und das passende Zifferblatt sorgen f\u00fcr ein dezentes Erscheinungsbild, das auch die Lesbarkeit erheblich unterst\u00fctzt. Wir [\u2026]<\/p>","protected":false},"author":1,"featured_media":0,"parent":0,"menu_order":0,"comment_status":"closed","ping_status":"closed","template":"elementor_header_footer","meta":{"_acf_changed":false,"footnotes":""},"class_list":["post-3285","page","type-page","status-publish","hentry"],"acf":[],"_links":{"self":[{"href":"https:\/\/www.reiserwatches.com\/de\/wp-json\/wp\/v2\/pages\/3285","targetHints":{"allow":["GET"]}}],"collection":[{"href":"https:\/\/www.reiserwatches.com\/de\/wp-json\/wp\/v2\/pages"}],"about":[{"href":"https:\/\/www.reiserwatches.com\/de\/wp-json\/wp\/v2\/types\/page"}],"author":[{"embeddable":true,"href":"https:\/\/www.reiserwatches.com\/de\/wp-json\/wp\/v2\/users\/1"}],"replies":[{"embeddable":true,"href":"https:\/\/www.reiserwatches.com\/de\/wp-json\/wp\/v2\/comments?post=3285"}],"version-history":[{"count":0,"href":"https:\/\/www.reiserwatches.com\/de\/wp-json\/wp\/v2\/pages\/3285\/revisions"}],"wp:attachment":[{"href":"https:\/\/www.reiserwatches.com\/de\/wp-json\/wp\/v2\/media?parent=3285"}],"curies":[{"name":"wp","href":"https:\/\/api.w.org\/{rel}","templated":true}]}}