{"id":19992,"date":"2021-12-02T13:01:57","date_gmt":"2021-12-02T11:01:57","guid":{"rendered":"https:\/\/www.reiserwatches.com\/?page_id=19992"},"modified":"2021-12-02T14:20:33","modified_gmt":"2021-12-02T12:20:33","slug":"magazine","status":"publish","type":"page","link":"https:\/\/www.reiserwatches.com\/es\/magazine\/","title":{"rendered":"Revista"},"content":{"rendered":"<div data-elementor-type=\"wp-page\" data-elementor-id=\"19992\" class=\"elementor elementor-19992\" data-elementor-post-type=\"page\">\n\t\t\t\t\t\t<section class=\"elementor-section elementor-top-section elementor-element elementor-element-eb10126 elementor-section-boxed elementor-section-height-default elementor-section-height-default\" data-id=\"eb10126\" data-element_type=\"section\" data-settings=\"{&quot;background_background&quot;:&quot;classic&quot;}\">\n\t\t\t\t\t\t<div class=\"elementor-container elementor-column-gap-default\">\n\t\t\t\t\t<div class=\"elementor-column elementor-col-100 elementor-top-column elementor-element elementor-element-048150e\" data-id=\"048150e\" data-element_type=\"column\">\n\t\t\t<div class=\"elementor-widget-wrap elementor-element-populated\">\n\t\t\t\t\t\t<div class=\"elementor-element elementor-element-b59e2fe elementor-widget elementor-widget-heading\" data-id=\"b59e2fe\" data-element_type=\"widget\" data-widget_type=\"heading.default\">\n\t\t\t\t<div class=\"elementor-widget-container\">\n\t\t\t<h2 class=\"elementor-heading-title elementor-size-default\">Revista de relojer\u00eda<\/h2>\t\t<\/div>\n\t\t\t\t<\/div>\n\t\t\t\t\t<\/div>\n\t\t<\/div>\n\t\t\t\t\t<\/div>\n\t\t<\/section>\n\t\t\t\t<section class=\"elementor-section elementor-top-section elementor-element elementor-element-19253df elementor-section-boxed elementor-section-height-default elementor-section-height-default\" data-id=\"19253df\" data-element_type=\"section\">\n\t\t\t\t\t\t<div class=\"elementor-container elementor-column-gap-no\">\n\t\t\t\t\t<div class=\"elementor-column elementor-col-100 elementor-top-column elementor-element elementor-element-e302879\" data-id=\"e302879\" data-element_type=\"column\">\n\t\t\t<div class=\"elementor-widget-wrap elementor-element-populated\">\n\t\t\t\t\t\t<div class=\"elementor-element elementor-element-2f4cce2 elementor-widget elementor-widget-image\" data-id=\"2f4cce2\" data-element_type=\"widget\" data-widget_type=\"image.default\">\n\t\t\t\t<div class=\"elementor-widget-container\">\n\t\t\t\t\t\t\t\t\t\t\t\t\t<img fetchpriority=\"high\" decoding=\"async\" width=\"750\" height=\"750\" src=\"https:\/\/www.reiserwatches.com\/wp-content\/uploads\/2021\/10\/Reiser-ALPEN-Skeleton.014SQ.jpg\" class=\"attachment-large size-large wp-image-18650\" alt=\"\" srcset=\"https:\/\/www.reiserwatches.com\/wp-content\/uploads\/2021\/10\/Reiser-ALPEN-Skeleton.014SQ.jpg 750w, https:\/\/www.reiserwatches.com\/wp-content\/uploads\/2021\/10\/Reiser-ALPEN-Skeleton.014SQ-322x322.jpg 322w, https:\/\/www.reiserwatches.com\/wp-content\/uploads\/2021\/10\/Reiser-ALPEN-Skeleton.014SQ-555x555.jpg 555w, https:\/\/www.reiserwatches.com\/wp-content\/uploads\/2021\/10\/Reiser-ALPEN-Skeleton.014SQ-300x300.jpg 300w, https:\/\/www.reiserwatches.com\/wp-content\/uploads\/2021\/10\/Reiser-ALPEN-Skeleton.014SQ-150x150.jpg 150w, https:\/\/www.reiserwatches.com\/wp-content\/uploads\/2021\/10\/Reiser-ALPEN-Skeleton.014SQ-12x12.jpg 12w\" sizes=\"(max-width: 750px) 100vw, 750px\" \/>\t\t\t\t\t\t\t\t\t\t\t\t\t<\/div>\n\t\t\t\t<\/div>\n\t\t\t\t\t<\/div>\n\t\t<\/div>\n\t\t\t\t\t<\/div>\n\t\t<\/section>\n\t\t\t\t<section class=\"elementor-section elementor-top-section elementor-element elementor-element-8df8006 elementor-section-boxed elementor-section-height-default elementor-section-height-default\" data-id=\"8df8006\" data-element_type=\"section\">\n\t\t\t\t\t\t<div class=\"elementor-container elementor-column-gap-custom\">\n\t\t\t\t\t<div class=\"elementor-column elementor-col-100 elementor-top-column elementor-element elementor-element-c364a9b\" data-id=\"c364a9b\" data-element_type=\"column\">\n\t\t\t<div class=\"elementor-widget-wrap elementor-element-populated\">\n\t\t\t\t\t\t<div class=\"elementor-element elementor-element-2990f16 elementor-widget elementor-widget-text-editor\" data-id=\"2990f16\" data-element_type=\"widget\" data-widget_type=\"text-editor.default\">\n\t\t\t\t<div class=\"elementor-widget-container\">\n\t\t\t\t\t\t\t<i>VER ALERTA:<\/i> <b>La nueva marca alemana de la que todo el mundo habla<\/b>\t\t\t\t\t\t<\/div>\n\t\t\t\t<\/div>\n\t\t\t\t\t<\/div>\n\t\t<\/div>\n\t\t\t\t\t<\/div>\n\t\t<\/section>\n\t\t\t\t<section class=\"elementor-section elementor-top-section elementor-element elementor-element-e1307e6 elementor-section-boxed elementor-section-height-default elementor-section-height-default\" data-id=\"e1307e6\" data-element_type=\"section\">\n\t\t\t\t\t\t<div class=\"elementor-container elementor-column-gap-custom\">\n\t\t\t\t\t<div class=\"elementor-column elementor-col-50 elementor-top-column elementor-element elementor-element-802e1e6\" data-id=\"802e1e6\" data-element_type=\"column\">\n\t\t\t<div class=\"elementor-widget-wrap elementor-element-populated\">\n\t\t\t\t\t\t<div class=\"elementor-element elementor-element-038cba8 elementor-author-box--layout-image-left elementor-author-box--align-left elementor-widget elementor-widget-author-box\" data-id=\"038cba8\" data-element_type=\"widget\" data-widget_type=\"author-box.default\">\n\t\t\t\t<div class=\"elementor-widget-container\">\n\t\t\t\t\t<div class=\"elementor-author-box\">\n\t\t\t\t\t\t\t<div  class=\"elementor-author-box__avatar\">\n\t\t\t\t\t<img decoding=\"async\" src=\"https:\/\/www.reiserwatches.com\/wp-content\/uploads\/2021\/12\/neil-200x300.png\" alt=\"Juan P\u00e9rez\" loading=\"lazy\">\n\t\t\t\t<\/div>\n\t\t\t\n\t\t\t<div class=\"elementor-author-box__text\">\n\t\t\t\t\t\t\t\t\t<div >\n\t\t\t\t\t\t<h4 class=\"elementor-author-box__name\">\n\t\t\t\t\t\t\tJuan P\u00e9rez\t\t\t\t\t\t<\/h4>\n\t\t\t\t\t<\/div>\n\t\t\t\t\n\t\t\t\t\n\t\t\t\t\t\t\t<\/div>\n\t\t<\/div>\n\t\t\t\t<\/div>\n\t\t\t\t<\/div>\n\t\t\t\t\t<\/div>\n\t\t<\/div>\n\t\t\t\t<div class=\"elementor-column elementor-col-50 elementor-top-column elementor-element elementor-element-f3a79a3\" data-id=\"f3a79a3\" data-element_type=\"column\">\n\t\t\t<div class=\"elementor-widget-wrap elementor-element-populated\">\n\t\t\t\t\t\t<div class=\"elementor-element elementor-element-e7ccf40 elementor-icon-list--layout-traditional elementor-list-item-link-full_width elementor-widget elementor-widget-icon-list\" data-id=\"e7ccf40\" data-element_type=\"widget\" data-widget_type=\"icon-list.default\">\n\t\t\t\t<div class=\"elementor-widget-container\">\n\t\t\t\t\t<ul class=\"elementor-icon-list-items\">\n\t\t\t\t\t\t\t<li class=\"elementor-icon-list-item\">\n\t\t\t\t\t\t\t\t\t\t<span class=\"elementor-icon-list-text\"><b>patricio coney<\/b><\/span>\n\t\t\t\t\t\t\t\t\t<\/li>\n\t\t\t\t\t\t\t\t<li class=\"elementor-icon-list-item\">\n\t\t\t\t\t\t\t\t\t\t<span class=\"elementor-icon-list-text\">3 DE DICIEMBRE DE 2021<\/span>\n\t\t\t\t\t\t\t\t\t<\/li>\n\t\t\t\t\t\t<\/ul>\n\t\t\t\t<\/div>\n\t\t\t\t<\/div>\n\t\t\t\t\t<\/div>\n\t\t<\/div>\n\t\t\t\t\t<\/div>\n\t\t<\/section>\n\t\t\t\t<section class=\"elementor-section elementor-top-section elementor-element elementor-element-4e0c92a elementor-section-boxed elementor-section-height-default elementor-section-height-default\" data-id=\"4e0c92a\" data-element_type=\"section\">\n\t\t\t\t\t\t<div class=\"elementor-container elementor-column-gap-default\">\n\t\t\t\t\t<div class=\"elementor-column elementor-col-100 elementor-top-column elementor-element elementor-element-1d0c329\" data-id=\"1d0c329\" data-element_type=\"column\">\n\t\t\t<div class=\"elementor-widget-wrap elementor-element-populated\">\n\t\t\t\t\t\t<div class=\"elementor-element elementor-element-9220b67 elementor-widget elementor-widget-text-editor\" data-id=\"9220b67\" data-element_type=\"widget\" data-widget_type=\"text-editor.default\">\n\t\t\t\t<div class=\"elementor-widget-container\">\n\t\t\t\t\t\t\t<p>Es Omega contra Breitling: dos jugadores importantes en esta \u00faltima ronda antes de que vayamos a los penales que comenzar\u00e1n el 1 de diciembre. En la pista izquierda, encontramos una interpretaci\u00f3n moderna del cl\u00e1sico Speedmaster, el lado oscuro de la luna Apolo 8.&nbsp;<\/p>\t\t\t\t\t\t<\/div>\n\t\t\t\t<\/div>\n\t\t\t\t<div class=\"elementor-element elementor-element-02dc5b4 elementor-widget elementor-widget-image\" data-id=\"02dc5b4\" data-element_type=\"widget\" data-widget_type=\"image.default\">\n\t\t\t\t<div class=\"elementor-widget-container\">\n\t\t\t\t\t\t\t\t\t\t\t\t\t<img decoding=\"async\" width=\"800\" height=\"534\" src=\"https:\/\/www.reiserwatches.com\/wp-content\/uploads\/2021\/11\/Reiser-ALPEN-Skeleton.021-min-1024x683.jpg\" class=\"attachment-large size-large wp-image-18898\" alt=\"\" srcset=\"https:\/\/www.reiserwatches.com\/wp-content\/uploads\/2021\/11\/Reiser-ALPEN-Skeleton.021-min-1024x683.jpg 1024w, https:\/\/www.reiserwatches.com\/wp-content\/uploads\/2021\/11\/Reiser-ALPEN-Skeleton.021-min-322x215.jpg 322w, https:\/\/www.reiserwatches.com\/wp-content\/uploads\/2021\/11\/Reiser-ALPEN-Skeleton.021-min-555x370.jpg 555w, https:\/\/www.reiserwatches.com\/wp-content\/uploads\/2021\/11\/Reiser-ALPEN-Skeleton.021-min-300x200.jpg 300w, https:\/\/www.reiserwatches.com\/wp-content\/uploads\/2021\/11\/Reiser-ALPEN-Skeleton.021-min-768x512.jpg 768w, https:\/\/www.reiserwatches.com\/wp-content\/uploads\/2021\/11\/Reiser-ALPEN-Skeleton.021-min-1536x1025.jpg 1536w, https:\/\/www.reiserwatches.com\/wp-content\/uploads\/2021\/11\/Reiser-ALPEN-Skeleton.021-min-2048x1366.jpg 2048w, https:\/\/www.reiserwatches.com\/wp-content\/uploads\/2021\/11\/Reiser-ALPEN-Skeleton.021-min-18x12.jpg 18w\" sizes=\"(max-width: 800px) 100vw, 800px\" \/>\t\t\t\t\t\t\t\t\t\t\t\t\t<\/div>\n\t\t\t\t<\/div>\n\t\t\t\t<div class=\"elementor-element elementor-element-1af9e3a elementor-widget elementor-widget-text-editor\" data-id=\"1af9e3a\" data-element_type=\"widget\" data-widget_type=\"text-editor.default\">\n\t\t\t\t<div class=\"elementor-widget-container\">\n\t\t\t\t\t\t\t<h3><b>Se trata del movimiento interior.<\/b><\/h3><p>Es Omega contra Breitling: dos jugadores importantes en esta \u00faltima ronda antes de que vayamos a los penales que comenzar\u00e1n el 1 de diciembre.\u00a0<\/p><p>En la pista izquierda, encontramos una interpretaci\u00f3n moderna del cl\u00e1sico Speedmaster, el lado oscuro de la luna Apolo 8.\u00a0<\/p><p>Ha sido elogiado por el uso de materiales cer\u00e1micos y la hermosa decoraci\u00f3n del movimiento ablacionada con l\u00e1ser. En el camino correcto, tenemos la versi\u00f3n moderna del ic\u00f3nico Chronomat de la d\u00e9cada de 1980, que presenta el regreso del brazalete rouleaux.<\/p>\t\t\t\t\t\t<\/div>\n\t\t\t\t<\/div>\n\t\t\t\t<div class=\"elementor-element elementor-element-9c8c2e3 elementor-widget elementor-widget-image\" data-id=\"9c8c2e3\" data-element_type=\"widget\" data-widget_type=\"image.default\">\n\t\t\t\t<div class=\"elementor-widget-container\">\n\t\t\t\t\t\t\t\t\t\t\t\t\t<img decoding=\"async\" width=\"800\" height=\"534\" src=\"https:\/\/www.reiserwatches.com\/wp-content\/uploads\/2021\/11\/Reiser-ALPEN-Skeleton.017-min-1024x683.jpg\" class=\"attachment-large size-large wp-image-18899\" alt=\"\" srcset=\"https:\/\/www.reiserwatches.com\/wp-content\/uploads\/2021\/11\/Reiser-ALPEN-Skeleton.017-min-1024x683.jpg 1024w, https:\/\/www.reiserwatches.com\/wp-content\/uploads\/2021\/11\/Reiser-ALPEN-Skeleton.017-min-322x215.jpg 322w, https:\/\/www.reiserwatches.com\/wp-content\/uploads\/2021\/11\/Reiser-ALPEN-Skeleton.017-min-555x370.jpg 555w, https:\/\/www.reiserwatches.com\/wp-content\/uploads\/2021\/11\/Reiser-ALPEN-Skeleton.017-min-300x200.jpg 300w, https:\/\/www.reiserwatches.com\/wp-content\/uploads\/2021\/11\/Reiser-ALPEN-Skeleton.017-min-768x512.jpg 768w, https:\/\/www.reiserwatches.com\/wp-content\/uploads\/2021\/11\/Reiser-ALPEN-Skeleton.017-min-1536x1025.jpg 1536w, https:\/\/www.reiserwatches.com\/wp-content\/uploads\/2021\/11\/Reiser-ALPEN-Skeleton.017-min-2048x1366.jpg 2048w, https:\/\/www.reiserwatches.com\/wp-content\/uploads\/2021\/11\/Reiser-ALPEN-Skeleton.017-min-18x12.jpg 18w\" sizes=\"(max-width: 800px) 100vw, 800px\" \/>\t\t\t\t\t\t\t\t\t\t\t\t\t<\/div>\n\t\t\t\t<\/div>\n\t\t\t\t<div class=\"elementor-element elementor-element-58a3886 elementor-widget elementor-widget-text-editor\" data-id=\"58a3886\" data-element_type=\"widget\" data-widget_type=\"text-editor.default\">\n\t\t\t\t<div class=\"elementor-widget-container\">\n\t\t\t\t\t\t\t<h3><strong>Artesan\u00eda alemana en su m\u00e1xima expresi\u00f3n<\/strong><\/h3><p>Es Omega contra Breitling: dos jugadores importantes en esta \u00faltima ronda antes de que vayamos a los penales que comenzar\u00e1n el 1 de diciembre.\u00a0<\/p><p>En la pista izquierda, encontramos una interpretaci\u00f3n moderna del cl\u00e1sico Speedmaster, el lado oscuro de la luna Apolo 8.\u00a0<\/p><p>Ha sido elogiado por el uso de materiales cer\u00e1micos y la hermosa decoraci\u00f3n del movimiento ablacionada con l\u00e1ser. En el camino correcto, tenemos la versi\u00f3n moderna del ic\u00f3nico Chronomat de la d\u00e9cada de 1980, que presenta el regreso del brazalete rouleaux.<\/p>\t\t\t\t\t\t<\/div>\n\t\t\t\t<\/div>\n\t\t\t\t<div class=\"elementor-element elementor-element-d43df89 elementor-widget elementor-widget-image\" data-id=\"d43df89\" data-element_type=\"widget\" data-widget_type=\"image.default\">\n\t\t\t\t<div class=\"elementor-widget-container\">\n\t\t\t\t\t\t\t\t\t\t\t\t\t<img loading=\"lazy\" decoding=\"async\" width=\"800\" height=\"800\" src=\"https:\/\/www.reiserwatches.com\/wp-content\/uploads\/2021\/10\/0002_Reiser-ALPEN-Skeleton.003SQ.jpg-min.jpg\" class=\"attachment-large size-large wp-image-18838\" alt=\"\" srcset=\"https:\/\/www.reiserwatches.com\/wp-content\/uploads\/2021\/10\/0002_Reiser-ALPEN-Skeleton.003SQ.jpg-min.jpg 825w, https:\/\/www.reiserwatches.com\/wp-content\/uploads\/2021\/10\/0002_Reiser-ALPEN-Skeleton.003SQ.jpg-min-322x322.jpg 322w, https:\/\/www.reiserwatches.com\/wp-content\/uploads\/2021\/10\/0002_Reiser-ALPEN-Skeleton.003SQ.jpg-min-555x555.jpg 555w, https:\/\/www.reiserwatches.com\/wp-content\/uploads\/2021\/10\/0002_Reiser-ALPEN-Skeleton.003SQ.jpg-min-300x300.jpg 300w, https:\/\/www.reiserwatches.com\/wp-content\/uploads\/2021\/10\/0002_Reiser-ALPEN-Skeleton.003SQ.jpg-min-150x150.jpg 150w, https:\/\/www.reiserwatches.com\/wp-content\/uploads\/2021\/10\/0002_Reiser-ALPEN-Skeleton.003SQ.jpg-min-768x768.jpg 768w, https:\/\/www.reiserwatches.com\/wp-content\/uploads\/2021\/10\/0002_Reiser-ALPEN-Skeleton.003SQ.jpg-min-12x12.jpg 12w\" sizes=\"(max-width: 800px) 100vw, 800px\" \/>\t\t\t\t\t\t\t\t\t\t\t\t\t<\/div>\n\t\t\t\t<\/div>\n\t\t\t\t<div class=\"elementor-element elementor-element-cf2f477 elementor-widget elementor-widget-text-editor\" data-id=\"cf2f477\" data-element_type=\"widget\" data-widget_type=\"text-editor.default\">\n\t\t\t\t<div class=\"elementor-widget-container\">\n\t\t\t\t\t\t\t<h3><strong>Las proporciones perfectas<\/strong><\/h3><p>Es Omega contra Breitling: dos jugadores importantes en esta \u00faltima ronda antes de que vayamos a los penales que comenzar\u00e1n el 1 de diciembre.\u00a0<\/p><p>En la pista izquierda, encontramos una interpretaci\u00f3n moderna del cl\u00e1sico Speedmaster, el lado oscuro de la luna Apolo 8.\u00a0<\/p><p>Ha sido elogiado por el uso de materiales cer\u00e1micos y la hermosa decoraci\u00f3n del movimiento ablacionada con l\u00e1ser. En el camino correcto, tenemos la versi\u00f3n moderna del ic\u00f3nico Chronomat de la d\u00e9cada de 1980, que presenta el regreso del brazalete rouleaux.<\/p>\t\t\t\t\t\t<\/div>\n\t\t\t\t<\/div>\n\t\t\t\t<div class=\"elementor-element elementor-element-cfe760c elementor-widget__width-initial elementor-widget-mobile__width-inherit elementor-button-align-stretch elementor-widget elementor-widget-form\" data-id=\"cfe760c\" data-element_type=\"widget\" data-settings=\"{&quot;step_next_label&quot;:&quot;Next&quot;,&quot;step_previous_label&quot;:&quot;Previous&quot;,&quot;button_width&quot;:&quot;100&quot;,&quot;step_type&quot;:&quot;number_text&quot;,&quot;step_icon_shape&quot;:&quot;circle&quot;}\" data-widget_type=\"form.default\">\n\t\t\t\t<div class=\"elementor-widget-container\">\n\t\t\t\t\t<form class=\"elementor-form\" method=\"post\" name=\"New Form\" action=\"\">\n\t\t\t<input type=\"hidden\" name=\"post_id\" value=\"19992\"\/>\n\t\t\t<input type=\"hidden\" name=\"form_id\" value=\"cfe760c\"\/>\n\t\t\t<input type=\"hidden\" name=\"referer_title\" value=\"\" \/>\n\n\t\t\t\n\t\t\t<div class=\"elementor-form-fields-wrapper elementor-labels-above\">\n\t\t\t\t\t\t\t\t<div class=\"elementor-field-type-email elementor-field-group elementor-column elementor-field-group-email elementor-col-100 elementor-field-required\">\n\t\t\t\t\t\t\t\t\t\t\t\t<label for=\"form-field-email\" class=\"elementor-field-label\">\n\t\t\t\t\t\t\t\t\u00danete a nuestro club \t\t\t\t\t\t\t<\/label>\n\t\t\t\t\t\t\t\t\t\t\t\t\t\t<input size=\"1\" type=\"email\" name=\"form_fields[email]\" id=\"form-field-email\" class=\"elementor-field elementor-size-sm  elementor-field-textual\" placeholder=\"Introduzca su correo electr\u00f3nico aqu\u00ed\" required=\"required\" aria-required=\"true\">\n\t\t\t\t\t\t\t\t\t\t\t<\/div>\n\t\t\t\t\t\t\t\t<div class=\"elementor-field-group elementor-column elementor-field-type-submit elementor-col-100 e-form__buttons\">\n\t\t\t\t\t<button type=\"submit\" class=\"elementor-button elementor-size-sm\">\n\t\t\t\t\t\t<span >\n\t\t\t\t\t\t\t\t\t\t\t\t\t\t\t<span class=\"elementor-button-icon\">\n\t\t\t\t\t\t\t\t\t\t\t\t\t\t\t\t\t\t\t\t\t\t\t\t\t\t<\/span>\n\t\t\t\t\t\t\t\t\t\t\t\t\t\t\t\t\t\t\t\t\t\t<span class=\"elementor-button-text\">Reg\u00edstrese y reciba 10% en su primer pedido<\/span>\n\t\t\t\t\t\t\t\t\t\t\t\t\t<\/span>\n\t\t\t\t\t<\/button>\n\t\t\t\t<\/div>\n\t\t\t<\/div>\n\t\t<input type=\"hidden\" name=\"trp-form-language\" value=\"es\"\/><\/form>\n\t\t\t\t<\/div>\n\t\t\t\t<\/div>\n\t\t\t\t<div class=\"elementor-element elementor-element-458f760 elementor-widget elementor-widget-text-editor\" data-id=\"458f760\" data-element_type=\"widget\" data-widget_type=\"text-editor.default\">\n\t\t\t\t<div class=\"elementor-widget-container\">\n\t\t\t\t\t\t\t<p><br \/>\u00a1No te preocupes! REISER solo te enviar\u00e1 la informaci\u00f3n de la marca si no te env\u00eda spam.<\/p>\t\t\t\t\t\t<\/div>\n\t\t\t\t<\/div>\n\t\t\t\t\t<\/div>\n\t\t<\/div>\n\t\t\t\t\t<\/div>\n\t\t<\/section>\n\t\t\t\t<section class=\"elementor-section elementor-top-section elementor-element elementor-element-fc71f67 elementor-section-boxed elementor-section-height-default elementor-section-height-default\" data-id=\"fc71f67\" data-element_type=\"section\">\n\t\t\t\t\t\t<div class=\"elementor-container elementor-column-gap-default\">\n\t\t\t\t\t<div class=\"elementor-column elementor-col-100 elementor-top-column elementor-element elementor-element-fac27fe\" data-id=\"fac27fe\" data-element_type=\"column\">\n\t\t\t<div class=\"elementor-widget-wrap elementor-element-populated\">\n\t\t\t\t\t\t<div class=\"elementor-element elementor-element-1deb7a3 elementor-widget elementor-widget-text-editor\" data-id=\"1deb7a3\" data-element_type=\"widget\" data-widget_type=\"text-editor.default\">\n\t\t\t\t<div class=\"elementor-widget-container\">\n\t\t\t\t\t\t\t<p>Copyright todos los derechos reservados- 2021 | Pol\u00edtica de privacidad | T\u00e9rminos de servicio<\/p>\t\t\t\t\t\t<\/div>\n\t\t\t\t<\/div>\n\t\t\t\t\t<\/div>\n\t\t<\/div>\n\t\t\t\t\t<\/div>\n\t\t<\/section>\n\t\t\t\t<\/div>","protected":false},"excerpt":{"rendered":"<p>Revista de horolog\u00eda ALERTA DE RELOJ: La nueva marca alemana de la que todo el mundo habla Patrick Coney 3 DE DICIEMBRE DE 2021 Es Omega contra Breitling: dos jugadores importantes en esta \u00faltima ronda antes de que lleguemos a los tiros penales que comenzar\u00e1n el 1 de diciembre. En la pista izquierda, encontramos una interpretaci\u00f3n moderna del cl\u00e1sico Speedmaster, el Dark Side [\u2026]<\/p>","protected":false},"author":1,"featured_media":0,"parent":0,"menu_order":0,"comment_status":"closed","ping_status":"closed","template":"elementor_canvas","meta":{"_acf_changed":false,"footnotes":""},"class_list":["post-19992","page","type-page","status-publish","hentry"],"acf":[],"_links":{"self":[{"href":"https:\/\/www.reiserwatches.com\/es\/wp-json\/wp\/v2\/pages\/19992","targetHints":{"allow":["GET"]}}],"collection":[{"href":"https:\/\/www.reiserwatches.com\/es\/wp-json\/wp\/v2\/pages"}],"about":[{"href":"https:\/\/www.reiserwatches.com\/es\/wp-json\/wp\/v2\/types\/page"}],"author":[{"embeddable":true,"href":"https:\/\/www.reiserwatches.com\/es\/wp-json\/wp\/v2\/users\/1"}],"replies":[{"embeddable":true,"href":"https:\/\/www.reiserwatches.com\/es\/wp-json\/wp\/v2\/comments?post=19992"}],"version-history":[{"count":0,"href":"https:\/\/www.reiserwatches.com\/es\/wp-json\/wp\/v2\/pages\/19992\/revisions"}],"wp:attachment":[{"href":"https:\/\/www.reiserwatches.com\/es\/wp-json\/wp\/v2\/media?parent=19992"}],"curies":[{"name":"wp","href":"https:\/\/api.w.org\/{rel}","templated":true}]}}