{"id":2080,"date":"2020-10-01T13:41:24","date_gmt":"2020-10-01T13:41:24","guid":{"rendered":"http:\/\/rrnewlayout.kinsta.cloud\/?page_id=2080"},"modified":"2022-11-21T13:35:47","modified_gmt":"2022-11-21T11:35:47","slug":"shipping","status":"publish","type":"page","link":"https:\/\/www.reiserwatches.com\/es\/shipping\/","title":{"rendered":"Datos de env\u00edo"},"content":{"rendered":"<div data-elementor-type=\"wp-page\" data-elementor-id=\"2080\" class=\"elementor elementor-2080\" data-elementor-post-type=\"page\">\n\t\t\t\t\t\t<section class=\"elementor-section elementor-top-section elementor-element elementor-element-075cd41 elementor-section-boxed elementor-section-height-default elementor-section-height-default\" data-id=\"075cd41\" data-element_type=\"section\">\n\t\t\t\t\t\t<div class=\"elementor-container elementor-column-gap-default\">\n\t\t\t\t\t<div class=\"elementor-column elementor-col-100 elementor-top-column elementor-element elementor-element-80d221e\" data-id=\"80d221e\" data-element_type=\"column\">\n\t\t\t<div class=\"elementor-widget-wrap elementor-element-populated\">\n\t\t\t\t\t\t<div class=\"elementor-element elementor-element-5b38b83 elementor-widget elementor-widget-heading\" data-id=\"5b38b83\" data-element_type=\"widget\" data-widget_type=\"heading.default\">\n\t\t\t\t<div class=\"elementor-widget-container\">\n\t\t\t<h3 class=\"elementor-heading-title elementor-size-default\">Env\u00edo gratuito a nivel mundial<\/h3>\t\t<\/div>\n\t\t\t\t<\/div>\n\t\t\t\t<div class=\"elementor-element elementor-element-8efdaed elementor-widget elementor-widget-text-editor\" data-id=\"8efdaed\" data-element_type=\"widget\" data-widget_type=\"text-editor.default\">\n\t\t\t\t<div class=\"elementor-widget-container\">\n\t\t\t\t\t\t\t<p><em>\u00daltima actualizaci\u00f3n: 21 de noviembre de 2022.<\/em><\/p><p>Su pedido se procesa dentro de 1-2 d\u00edas h\u00e1biles despu\u00e9s de que se recibe el pago.\u00a0<\/p><p>Una vez que su pedido llegue al transportista, se le enviar\u00e1 un n\u00famero de seguimiento a su correo electr\u00f3nico.<\/p><p>Los plazos de entrega se indican a continuaci\u00f3n. Todos los d\u00edas mencionados son d\u00edas laborables.<\/p>\t\t\t\t\t\t<\/div>\n\t\t\t\t<\/div>\n\t\t\t\t<div class=\"elementor-element elementor-element-f4ba5cd elementor-widget elementor-widget-heading\" data-id=\"f4ba5cd\" data-element_type=\"widget\" data-widget_type=\"heading.default\">\n\t\t\t\t<div class=\"elementor-widget-container\">\n\t\t\t<h3 class=\"elementor-heading-title elementor-size-default\">Tiempos de entrega<\/h3>\t\t<\/div>\n\t\t\t\t<\/div>\n\t\t\t\t<div class=\"elementor-element elementor-element-33a797f elementor-widget elementor-widget-toggle\" data-id=\"33a797f\" data-element_type=\"widget\" data-widget_type=\"toggle.default\">\n\t\t\t\t<div class=\"elementor-widget-container\">\n\t\t\t\t\t<div class=\"elementor-toggle\">\n\t\t\t\t\t\t\t<div class=\"elementor-toggle-item\">\n\t\t\t\t\t<div id=\"elementor-tab-title-5411\" class=\"elementor-tab-title\" data-tab=\"1\" role=\"button\" aria-controls=\"elementor-tab-content-5411\" aria-expanded=\"false\">\n\t\t\t\t\t\t\t\t\t\t\t\t<span class=\"elementor-toggle-icon elementor-toggle-icon-left\" aria-hidden=\"true\">\n\t\t\t\t\t\t\t\t\t\t\t\t\t\t\t<span class=\"elementor-toggle-icon-closed\"><i class=\"fas fa-chevron-down\"><\/i><\/span>\n\t\t\t\t\t\t\t\t<span class=\"elementor-toggle-icon-opened\"><i class=\"elementor-toggle-icon-opened fas fa-chevron-down\"><\/i><\/span>\n\t\t\t\t\t\t\t\t\t\t\t\t\t<\/span>\n\t\t\t\t\t\t\t\t\t\t\t\t<a class=\"elementor-toggle-title\" tabindex=\"0\">Europa<\/a>\n\t\t\t\t\t<\/div>\n\n\t\t\t\t\t<div id=\"elementor-tab-content-5411\" class=\"elementor-tab-content elementor-clearfix\" data-tab=\"1\" role=\"region\" aria-labelledby=\"elementor-tab-title-5411\"><table dir=\"ltr\" border=\"1\" cellspacing=\"0\" cellpadding=\"0\"><colgroup><col width=\"163\" \/><col width=\"100\" \/><\/colgroup><tbody><tr><td data-sheets-value=\"{&quot;1&quot;:2,&quot;2&quot;:&quot;Austria&quot;}\">Austria<\/td><td data-sheets-value=\"{&quot;1&quot;:2,&quot;2&quot;:&quot;3-5 days&quot;}\">3-5 d\u00edas<\/td><\/tr><tr><td data-sheets-value=\"{&quot;1&quot;:2,&quot;2&quot;:&quot;Belgium&quot;}\">B\u00e9lgica<\/td><td data-sheets-value=\"{&quot;1&quot;:2,&quot;2&quot;:&quot;1-2 days&quot;}\">1-2 d\u00edas<\/td><\/tr><tr><td data-sheets-value=\"{&quot;1&quot;:2,&quot;2&quot;:&quot;Bulgaria&quot;}\">Bulgaria<\/td><td data-sheets-value=\"{&quot;1&quot;:2,&quot;2&quot;:&quot;4-6 days&quot;}\">4-6 d\u00edas<\/td><\/tr><tr><td data-sheets-value=\"{&quot;1&quot;:2,&quot;2&quot;:&quot;Croatia&quot;}\">Croacia<\/td><td data-sheets-value=\"{&quot;1&quot;:2,&quot;2&quot;:&quot;5-8 days&quot;}\">5-8 d\u00edas<\/td><\/tr><tr><td data-sheets-value=\"{&quot;1&quot;:2,&quot;2&quot;:&quot;Republic of Cyprus&quot;}\">Rep\u00fablica de Chipre<\/td><td data-sheets-value=\"{&quot;1&quot;:2,&quot;2&quot;:&quot;4-6 days&quot;}\">4-6 d\u00edas<\/td><\/tr><tr><td data-sheets-value=\"{&quot;1&quot;:2,&quot;2&quot;:&quot;Czech Republic&quot;}\">Republica checa<\/td><td data-sheets-value=\"{&quot;1&quot;:2,&quot;2&quot;:&quot;3-6 days&quot;}\">3-6 d\u00edas<\/td><\/tr><tr><td data-sheets-value=\"{&quot;1&quot;:2,&quot;2&quot;:&quot;Denmark&quot;}\">Dinamarca<\/td><td data-sheets-value=\"{&quot;1&quot;:2,&quot;2&quot;:&quot;2-3 days&quot;}\">2-3 d\u00edas<\/td><\/tr><tr><td data-sheets-value=\"{&quot;1&quot;:2,&quot;2&quot;:&quot;Estonia&quot;}\">Estonia<\/td><td data-sheets-value=\"{&quot;1&quot;:2,&quot;2&quot;:&quot;4-6 days&quot;}\">4-6 d\u00edas<\/td><\/tr><tr><td data-sheets-value=\"{&quot;1&quot;:2,&quot;2&quot;:&quot;France&quot;}\">Francia<\/td><td data-sheets-value=\"{&quot;1&quot;:2,&quot;2&quot;:&quot;2-4 days&quot;}\">2-4 d\u00edas<\/td><\/tr><tr><td data-sheets-value=\"{&quot;1&quot;:2,&quot;2&quot;:&quot;Germany&quot;}\">Alemania<\/td><td data-sheets-value=\"{&quot;1&quot;:2,&quot;2&quot;:&quot;2-3 days&quot;}\">2-3 d\u00edas<\/td><\/tr><tr><td data-sheets-value=\"{&quot;1&quot;:2,&quot;2&quot;:&quot;Greece&quot;}\">Grecia<\/td><td data-sheets-value=\"{&quot;1&quot;:2,&quot;2&quot;:&quot;3-6 days&quot;}\">3-6 d\u00edas<\/td><\/tr><tr><td data-sheets-value=\"{&quot;1&quot;:2,&quot;2&quot;:&quot;Ireland&quot;}\">Irlanda<\/td><td data-sheets-value=\"{&quot;1&quot;:2,&quot;2&quot;:&quot;2-4 days&quot;}\">2-4 d\u00edas<\/td><\/tr><tr><td data-sheets-value=\"{&quot;1&quot;:2,&quot;2&quot;:&quot;Italy&quot;}\">Italia<\/td><td data-sheets-value=\"{&quot;1&quot;:2,&quot;2&quot;:&quot;2-5 days&quot;}\">2-5 d\u00edas<\/td><\/tr><tr><td data-sheets-value=\"{&quot;1&quot;:2,&quot;2&quot;:&quot;Malta&quot;}\">Malta<\/td><td data-sheets-value=\"{&quot;1&quot;:2,&quot;2&quot;:&quot;3-6 days&quot;}\">3-6 d\u00edas<\/td><\/tr><tr><td data-sheets-value=\"{&quot;1&quot;:2,&quot;2&quot;:&quot;Netherlands&quot;}\">Pa\u00edses Bajos<\/td><td data-sheets-value=\"{&quot;1&quot;:2,&quot;2&quot;:&quot;1-2 days&quot;}\">1-2 d\u00edas<\/td><\/tr><tr><td data-sheets-value=\"{&quot;1&quot;:2,&quot;2&quot;:&quot;Poland&quot;}\">Polonia<\/td><td data-sheets-value=\"{&quot;1&quot;:2,&quot;2&quot;:&quot;2-4 days&quot;}\">2-4 d\u00edas<\/td><\/tr><tr><td data-sheets-value=\"{&quot;1&quot;:2,&quot;2&quot;:&quot;Portugal&quot;}\">Portugal<\/td><td data-sheets-value=\"{&quot;1&quot;:2,&quot;2&quot;:&quot;1-4 days&quot;}\">1-4 d\u00edas<\/td><\/tr><tr><td data-sheets-value=\"{&quot;1&quot;:2,&quot;2&quot;:&quot;Spain&quot;}\">Espa\u00f1a<\/td><td data-sheets-value=\"{&quot;1&quot;:2,&quot;2&quot;:&quot;3-5 days&quot;}\">3-5 d\u00edas<\/td><\/tr><tr><td data-sheets-value=\"{&quot;1&quot;:2,&quot;2&quot;:&quot;All other EU countries:&quot;}\">Todos los dem\u00e1s pa\u00edses de la UE:<\/td><td data-sheets-value=\"{&quot;1&quot;:2,&quot;2&quot;:&quot;3-7 days&quot;}\">3-7 d\u00edas<\/td><\/tr><tr><td data-sheets-value=\"{&quot;1&quot;:2,&quot;2&quot;:&quot;Island territories&quot;}\">Territorios insulares<\/td><td data-sheets-value=\"{&quot;1&quot;:2,&quot;2&quot;:&quot;5-24 days&quot;}\">5-24 d\u00edas<\/td><\/tr><\/tbody><\/table><\/div>\n\t\t\t\t<\/div>\n\t\t\t\t\t\t\t<div class=\"elementor-toggle-item\">\n\t\t\t\t\t<div id=\"elementor-tab-title-5412\" class=\"elementor-tab-title\" data-tab=\"2\" role=\"button\" aria-controls=\"elementor-tab-content-5412\" aria-expanded=\"false\">\n\t\t\t\t\t\t\t\t\t\t\t\t<span class=\"elementor-toggle-icon elementor-toggle-icon-left\" aria-hidden=\"true\">\n\t\t\t\t\t\t\t\t\t\t\t\t\t\t\t<span class=\"elementor-toggle-icon-closed\"><i class=\"fas fa-chevron-down\"><\/i><\/span>\n\t\t\t\t\t\t\t\t<span class=\"elementor-toggle-icon-opened\"><i class=\"elementor-toggle-icon-opened fas fa-chevron-down\"><\/i><\/span>\n\t\t\t\t\t\t\t\t\t\t\t\t\t<\/span>\n\t\t\t\t\t\t\t\t\t\t\t\t<a class=\"elementor-toggle-title\" tabindex=\"0\">Norteam\u00e9rica<\/a>\n\t\t\t\t\t<\/div>\n\n\t\t\t\t\t<div id=\"elementor-tab-content-5412\" class=\"elementor-tab-content elementor-clearfix\" data-tab=\"2\" role=\"region\" aria-labelledby=\"elementor-tab-title-5412\"><table dir=\"ltr\" border=\"1\" cellspacing=\"0\" cellpadding=\"0\"><colgroup><col width=\"163\" \/><col width=\"100\" \/><\/colgroup><tbody><tr><td data-sheets-value=\"{&quot;1&quot;:2,&quot;2&quot;:&quot;United States&quot;}\">Estados Unidos<\/td><td data-sheets-value=\"{&quot;1&quot;:2,&quot;2&quot;:&quot;4-9 days&quot;}\">4-9 d\u00edas<\/td><\/tr><tr><td data-sheets-value=\"{&quot;1&quot;:2,&quot;2&quot;:&quot;Canada&quot;}\">Canad\u00e1<\/td><td data-sheets-value=\"{&quot;1&quot;:2,&quot;2&quot;:&quot;4-9 days&quot;}\">4-9 d\u00edas<\/td><\/tr><\/tbody><\/table><\/div>\n\t\t\t\t<\/div>\n\t\t\t\t\t\t\t<div class=\"elementor-toggle-item\">\n\t\t\t\t\t<div id=\"elementor-tab-title-5413\" class=\"elementor-tab-title\" data-tab=\"3\" role=\"button\" aria-controls=\"elementor-tab-content-5413\" aria-expanded=\"false\">\n\t\t\t\t\t\t\t\t\t\t\t\t<span class=\"elementor-toggle-icon elementor-toggle-icon-left\" aria-hidden=\"true\">\n\t\t\t\t\t\t\t\t\t\t\t\t\t\t\t<span class=\"elementor-toggle-icon-closed\"><i class=\"fas fa-chevron-down\"><\/i><\/span>\n\t\t\t\t\t\t\t\t<span class=\"elementor-toggle-icon-opened\"><i class=\"elementor-toggle-icon-opened fas fa-chevron-down\"><\/i><\/span>\n\t\t\t\t\t\t\t\t\t\t\t\t\t<\/span>\n\t\t\t\t\t\t\t\t\t\t\t\t<a class=\"elementor-toggle-title\" tabindex=\"0\">Asia<\/a>\n\t\t\t\t\t<\/div>\n\n\t\t\t\t\t<div id=\"elementor-tab-content-5413\" class=\"elementor-tab-content elementor-clearfix\" data-tab=\"3\" role=\"region\" aria-labelledby=\"elementor-tab-title-5413\"><table dir=\"ltr\" border=\"1\" cellspacing=\"0\" cellpadding=\"0\"><colgroup> <col width=\"163\" \/> <col width=\"100\" \/><\/colgroup>\n<tbody>\n<tr>\n<td data-sheets-value=\"{&quot;1&quot;:2,&quot;2&quot;:&quot;Saudi Arabia&quot;}\">Arabia Saudita<\/td>\n<td data-sheets-value=\"{&quot;1&quot;:2,&quot;2&quot;:&quot;6-16 days&quot;}\">6-16 d\u00edas<\/td>\n<\/tr>\n<tr>\n<td data-sheets-value=\"{&quot;1&quot;:2,&quot;2&quot;:&quot;Qatar&quot;}\">Katar<\/td>\n<td data-sheets-value=\"{&quot;1&quot;:2,&quot;2&quot;:&quot;5-12 days&quot;}\">5-12 d\u00edas<\/td>\n<\/tr>\n<tr>\n<td data-sheets-value=\"{&quot;1&quot;:2,&quot;2&quot;:&quot;Kuwait&quot;}\">Kuwait<\/td>\n<td data-sheets-value=\"{&quot;1&quot;:2,&quot;2&quot;:&quot;12-25 days&quot;}\">12-25 d\u00edas<\/td>\n<\/tr>\n<tr>\n<td data-sheets-value=\"{&quot;1&quot;:2,&quot;2&quot;:&quot;United Arab Emirates&quot;}\">Emiratos \u00c1rabes Unidos<\/td>\n<td data-sheets-value=\"{&quot;1&quot;:2,&quot;2&quot;:&quot;4-8 days&quot;}\">4-8 d\u00edas<\/td>\n<\/tr>\n<tr>\n<td data-sheets-value=\"{&quot;1&quot;:2,&quot;2&quot;:&quot;Vietnam&quot;}\">Vietnam<\/td>\n<td data-sheets-value=\"{&quot;1&quot;:2,&quot;2&quot;:&quot;7-15 days&quot;}\">7-15 d\u00edas<\/td>\n<\/tr>\n<tr>\n<td data-sheets-value=\"{&quot;1&quot;:2,&quot;2&quot;:&quot;Thailand&quot;}\">Tailandia<\/td>\n<td data-sheets-value=\"{&quot;1&quot;:2,&quot;2&quot;:&quot;4-8 days&quot;}\">4-8 d\u00edas<\/td>\n<\/tr>\n<tr>\n<td data-sheets-value=\"{&quot;1&quot;:2,&quot;2&quot;:&quot;Malaysia&quot;}\">Malasia<\/td>\n<td data-sheets-value=\"{&quot;1&quot;:2,&quot;2&quot;:&quot;6-14 days&quot;}\">6-14 d\u00edas<\/td>\n<\/tr>\n<tr>\n<td data-sheets-value=\"{&quot;1&quot;:2,&quot;2&quot;:&quot;Japan&quot;}\">Jap\u00f3n<\/td>\n<td data-sheets-value=\"{&quot;1&quot;:2,&quot;2&quot;:&quot;4-8 days&quot;}\">4-8 d\u00edas<\/td>\n<\/tr>\n<tr>\n<td data-sheets-value=\"{&quot;1&quot;:2,&quot;2&quot;:&quot;South Korea&quot;}\">Corea del Sur<\/td>\n<td data-sheets-value=\"{&quot;1&quot;:2,&quot;2&quot;:&quot;5-9 days&quot;}\">5-9 d\u00edas<\/td>\n<\/tr>\n<tr>\n<td data-sheets-value=\"{&quot;1&quot;:2,&quot;2&quot;:&quot;Hong Kong&quot;}\">Hong Kong<\/td>\n<td data-sheets-value=\"{&quot;1&quot;:2,&quot;2&quot;:&quot;4-7 days&quot;}\">4-7 d\u00edas<\/td>\n<\/tr>\n<tr>\n<td data-sheets-value=\"{&quot;1&quot;:2,&quot;2&quot;:&quot;Singapore&quot;}\">Singapur<\/td>\n<td data-sheets-value=\"{&quot;1&quot;:2,&quot;2&quot;:&quot;4-8 days&quot;}\">4-8 d\u00edas<\/td>\n<\/tr>\n<\/tbody>\n<\/table><\/div>\n\t\t\t\t<\/div>\n\t\t\t\t\t\t\t<div class=\"elementor-toggle-item\">\n\t\t\t\t\t<div id=\"elementor-tab-title-5414\" class=\"elementor-tab-title\" data-tab=\"4\" role=\"button\" aria-controls=\"elementor-tab-content-5414\" aria-expanded=\"false\">\n\t\t\t\t\t\t\t\t\t\t\t\t<span class=\"elementor-toggle-icon elementor-toggle-icon-left\" aria-hidden=\"true\">\n\t\t\t\t\t\t\t\t\t\t\t\t\t\t\t<span class=\"elementor-toggle-icon-closed\"><i class=\"fas fa-chevron-down\"><\/i><\/span>\n\t\t\t\t\t\t\t\t<span class=\"elementor-toggle-icon-opened\"><i class=\"elementor-toggle-icon-opened fas fa-chevron-down\"><\/i><\/span>\n\t\t\t\t\t\t\t\t\t\t\t\t\t<\/span>\n\t\t\t\t\t\t\t\t\t\t\t\t<a class=\"elementor-toggle-title\" tabindex=\"0\">Sudamerica<\/a>\n\t\t\t\t\t<\/div>\n\n\t\t\t\t\t<div id=\"elementor-tab-content-5414\" class=\"elementor-tab-content elementor-clearfix\" data-tab=\"4\" role=\"region\" aria-labelledby=\"elementor-tab-title-5414\"><table dir=\"ltr\" border=\"1\" cellspacing=\"0\" cellpadding=\"0\"><colgroup><col width=\"163\" \/><col width=\"100\" \/><\/colgroup><tbody><tr><td data-sheets-value=\"{&quot;1&quot;:2,&quot;2&quot;:&quot;Mexico&quot;}\">M\u00e9xico<\/td><td data-sheets-value=\"{&quot;1&quot;:2,&quot;2&quot;:&quot;6-16 days&quot;}\">6-16 d\u00edas<\/td><\/tr><tr><td data-sheets-value=\"{&quot;1&quot;:2,&quot;2&quot;:&quot;Brazil&quot;}\">Brasil<\/td><td data-sheets-value=\"{&quot;1&quot;:2,&quot;2&quot;:&quot;9-25 days&quot;}\">9-25 d\u00edas<\/td><\/tr><tr><td data-sheets-value=\"{&quot;1&quot;:2,&quot;2&quot;:&quot;Argentina&quot;}\">Argentina<\/td><td data-sheets-value=\"{&quot;1&quot;:2,&quot;2&quot;:&quot;12-25 days&quot;}\">12-25 d\u00edas<\/td><\/tr><tr><td data-sheets-value=\"{&quot;1&quot;:2,&quot;2&quot;:&quot;Chile&quot;}\">Chile<\/td><td data-sheets-value=\"{&quot;1&quot;:2,&quot;2&quot;:&quot;5-13 days&quot;}\">5-13 d\u00edas<\/td><\/tr><tr><td data-sheets-value=\"{&quot;1&quot;:2,&quot;2&quot;:&quot;Peru&quot;}\">Per\u00fa<\/td><td data-sheets-value=\"{&quot;1&quot;:2,&quot;2&quot;:&quot;6-16 days&quot;}\">6-16 d\u00edas<\/td><\/tr><\/tbody><\/table><\/div>\n\t\t\t\t<\/div>\n\t\t\t\t\t\t\t<div class=\"elementor-toggle-item\">\n\t\t\t\t\t<div id=\"elementor-tab-title-5415\" class=\"elementor-tab-title\" data-tab=\"5\" role=\"button\" aria-controls=\"elementor-tab-content-5415\" aria-expanded=\"false\">\n\t\t\t\t\t\t\t\t\t\t\t\t<span class=\"elementor-toggle-icon elementor-toggle-icon-left\" aria-hidden=\"true\">\n\t\t\t\t\t\t\t\t\t\t\t\t\t\t\t<span class=\"elementor-toggle-icon-closed\"><i class=\"fas fa-chevron-down\"><\/i><\/span>\n\t\t\t\t\t\t\t\t<span class=\"elementor-toggle-icon-opened\"><i class=\"elementor-toggle-icon-opened fas fa-chevron-down\"><\/i><\/span>\n\t\t\t\t\t\t\t\t\t\t\t\t\t<\/span>\n\t\t\t\t\t\t\t\t\t\t\t\t<a class=\"elementor-toggle-title\" tabindex=\"0\">Oceana<\/a>\n\t\t\t\t\t<\/div>\n\n\t\t\t\t\t<div id=\"elementor-tab-content-5415\" class=\"elementor-tab-content elementor-clearfix\" data-tab=\"5\" role=\"region\" aria-labelledby=\"elementor-tab-title-5415\"><table dir=\"ltr\" border=\"1\" cellspacing=\"0\" cellpadding=\"0\"><colgroup><col width=\"163\" \/><col width=\"100\" \/><\/colgroup><tbody><tr><td data-sheets-value=\"{&quot;1&quot;:2,&quot;2&quot;:&quot;Australia&quot;}\">Australia<\/td><td data-sheets-value=\"{&quot;1&quot;:2,&quot;2&quot;:&quot;6-12 days&quot;}\">6-12 d\u00edas<\/td><\/tr><tr><td data-sheets-value=\"{&quot;1&quot;:2,&quot;2&quot;:&quot;New Zealand&quot;}\">Nueva Zelanda<\/td><td data-sheets-value=\"{&quot;1&quot;:2,&quot;2&quot;:&quot;5-11 days&quot;}\">5-11 d\u00edas<\/td><\/tr><\/tbody><\/table><\/div>\n\t\t\t\t<\/div>\n\t\t\t\t\t\t\t<div class=\"elementor-toggle-item\">\n\t\t\t\t\t<div id=\"elementor-tab-title-5416\" class=\"elementor-tab-title\" data-tab=\"6\" role=\"button\" aria-controls=\"elementor-tab-content-5416\" aria-expanded=\"false\">\n\t\t\t\t\t\t\t\t\t\t\t\t<span class=\"elementor-toggle-icon elementor-toggle-icon-left\" aria-hidden=\"true\">\n\t\t\t\t\t\t\t\t\t\t\t\t\t\t\t<span class=\"elementor-toggle-icon-closed\"><i class=\"fas fa-chevron-down\"><\/i><\/span>\n\t\t\t\t\t\t\t\t<span class=\"elementor-toggle-icon-opened\"><i class=\"elementor-toggle-icon-opened fas fa-chevron-down\"><\/i><\/span>\n\t\t\t\t\t\t\t\t\t\t\t\t\t<\/span>\n\t\t\t\t\t\t\t\t\t\t\t\t<a class=\"elementor-toggle-title\" tabindex=\"0\">Resto del mundo<\/a>\n\t\t\t\t\t<\/div>\n\n\t\t\t\t\t<div id=\"elementor-tab-content-5416\" class=\"elementor-tab-content elementor-clearfix\" data-tab=\"6\" role=\"region\" aria-labelledby=\"elementor-tab-title-5416\"><table dir=\"ltr\" border=\"1\" cellspacing=\"0\" cellpadding=\"0\"><colgroup><col width=\"163\" \/><col width=\"100\" \/><\/colgroup><tbody><tr><td data-sheets-value=\"{&quot;1&quot;:2,&quot;2&quot;:&quot;All other countries&quot;}\">Todos los dem\u00e1s pa\u00edses<\/td><td data-sheets-value=\"{&quot;1&quot;:2,&quot;2&quot;:&quot;5-25 days&quot;}\">5-25 d\u00edas<\/td><\/tr><\/tbody><\/table><\/div>\n\t\t\t\t<\/div>\n\t\t\t\t\t\t\t\t<\/div>\n\t\t\t\t<\/div>\n\t\t\t\t<\/div>\n\t\t\t\t<div class=\"elementor-element elementor-element-a427efa elementor-widget elementor-widget-heading\" data-id=\"a427efa\" data-element_type=\"widget\" data-widget_type=\"heading.default\">\n\t\t\t\t<div class=\"elementor-widget-container\">\n\t\t\t<h3 class=\"elementor-heading-title elementor-size-default\">Impuestos y derechos de importaci\u00f3n<\/h3>\t\t<\/div>\n\t\t\t\t<\/div>\n\t\t\t\t<div class=\"elementor-element elementor-element-2fbe8ec elementor-widget elementor-widget-text-editor\" data-id=\"2fbe8ec\" data-element_type=\"widget\" data-widget_type=\"text-editor.default\">\n\t\t\t\t<div class=\"elementor-widget-container\">\n\t\t\t\t\t\t\t<p>\u00a1Ya que enviamos desde la Uni\u00f3n Europea y los clientes de la UE no tienen que pagar impuestos de importaci\u00f3n u otros aranceles!\u00a0<\/p><p>Su pedido puede estar sujeto a aranceles e impuestos de importaci\u00f3n, que se cobran una vez que el env\u00edo llega a su pa\u00eds. Debe comunicarse con su oficina de aduanas para obtener cantidades y porcentajes espec\u00edficos. REISER no puede controlar y no es responsable de los aranceles \/ impuestos aplicados a su paquete.<\/p><p>Usted ser\u00e1 responsable de pagar los cargos adicionales por el despacho de aduanas. Las pol\u00edticas aduaneras var\u00edan mucho de un pa\u00eds a otro; p\u00f3ngase en contacto con su oficina de aduanas local para obtener m\u00e1s informaci\u00f3n. Tenga en cuenta que, en raras ocasiones, los agentes de aduanas pueden retrasar la entrega de algunos paquetes.<\/p>\t\t\t\t\t\t<\/div>\n\t\t\t\t<\/div>\n\t\t\t\t\t<\/div>\n\t\t<\/div>\n\t\t\t\t\t<\/div>\n\t\t<\/section>\n\t\t\t\t<\/div>","protected":false},"excerpt":{"rendered":"<p>Free shipping worldwide Last updated on 21 November 2022. Your order is processed within 1-2 business days after the payment is received.\u00a0 Once your order reaches the carrier, a tracking number will be sent to your e-mail. For delivery times, please see below. All days mentioned are working days. Delivery times Europe Austria 3-5 days [&hellip;]<\/p>","protected":false},"author":1,"featured_media":0,"parent":0,"menu_order":0,"comment_status":"closed","ping_status":"closed","template":"elementor_theme","meta":{"_acf_changed":false,"footnotes":""},"class_list":["post-2080","page","type-page","status-publish","hentry"],"acf":[],"_links":{"self":[{"href":"https:\/\/www.reiserwatches.com\/es\/wp-json\/wp\/v2\/pages\/2080","targetHints":{"allow":["GET"]}}],"collection":[{"href":"https:\/\/www.reiserwatches.com\/es\/wp-json\/wp\/v2\/pages"}],"about":[{"href":"https:\/\/www.reiserwatches.com\/es\/wp-json\/wp\/v2\/types\/page"}],"author":[{"embeddable":true,"href":"https:\/\/www.reiserwatches.com\/es\/wp-json\/wp\/v2\/users\/1"}],"replies":[{"embeddable":true,"href":"https:\/\/www.reiserwatches.com\/es\/wp-json\/wp\/v2\/comments?post=2080"}],"version-history":[{"count":0,"href":"https:\/\/www.reiserwatches.com\/es\/wp-json\/wp\/v2\/pages\/2080\/revisions"}],"wp:attachment":[{"href":"https:\/\/www.reiserwatches.com\/es\/wp-json\/wp\/v2\/media?parent=2080"}],"curies":[{"name":"wp","href":"https:\/\/api.w.org\/{rel}","templated":true}]}}