{"id":2084,"date":"2020-10-01T13:41:30","date_gmt":"2020-10-01T13:41:30","guid":{"rendered":"http:\/\/rrnewlayout.kinsta.cloud\/?page_id=2084"},"modified":"2022-06-15T16:01:59","modified_gmt":"2022-06-15T14:01:59","slug":"privacy-policy","status":"publish","type":"page","link":"https:\/\/www.reiserwatches.com\/es\/privacy-policy\/","title":{"rendered":"Pol\u00edtica de privacidad"},"content":{"rendered":"<div data-elementor-type=\"wp-page\" data-elementor-id=\"2084\" class=\"elementor elementor-2084\" data-elementor-post-type=\"page\">\n\t\t\t\t\t\t<section class=\"elementor-section elementor-top-section elementor-element elementor-element-1059f85 elementor-section-boxed elementor-section-height-default elementor-section-height-default\" data-id=\"1059f85\" data-element_type=\"section\">\n\t\t\t\t\t\t<div class=\"elementor-container elementor-column-gap-default\">\n\t\t\t\t\t<div class=\"elementor-column elementor-col-100 elementor-top-column elementor-element elementor-element-9cada76\" data-id=\"9cada76\" data-element_type=\"column\">\n\t\t\t<div class=\"elementor-widget-wrap elementor-element-populated\">\n\t\t\t\t\t\t<div class=\"elementor-element elementor-element-49edce6 elementor-widget elementor-widget-text-editor\" data-id=\"49edce6\" data-element_type=\"widget\" data-widget_type=\"text-editor.default\">\n\t\t\t\t<div class=\"elementor-widget-container\">\n\t\t\t\t\t\t\t<p>El siguiente documento explica la pol\u00edtica de privacidad que rige su uso del sitio web, que se encuentra en www.reiserwatches.com (el &quot;sitio web&quot;). Al visitar este sitio web y \/ o utilizar los servicios ofrecidos en oa trav\u00e9s de este sitio web, usted acepta los t\u00e9rminos de esta pol\u00edtica de privacidad, ya que pueden ser modificados de vez en cuando. Como se explica m\u00e1s adelante, este documento puede cambiarse o modificarse en cualquier momento a nuestro exclusivo criterio, y dichos cambios entrar\u00e1n en vigencia inmediatamente despu\u00e9s de la publicaci\u00f3n del cambio o modificaci\u00f3n del documento en este sitio web. Esta pol\u00edtica de privacidad est\u00e1 incorporada y es parte de Global Watches B.V. (\u201cREISER\u201d) t\u00e9rminos y condiciones de uso, que rigen su uso de este sitio web en general.<\/p><p>\u00a0<\/p><div class=\"heading-wrapper\"><div id=\"draft-privacy-notice-text-all-markets-except-switzerland\"><h4 class=\"heading-h3\">Texto del aviso de privacidad de Klarna (todos los mercados excepto Suiza)<\/h4><\/div><\/div><p>\u201cPara poder ofrecerle los m\u00e9todos de pago de Klarna, en el proceso de pago podr\u00edamos pasar sus datos personales en forma de contacto y detalles del pedido a Klarna, para que Klarna pueda evaluar si usted califica para sus m\u00e9todos de pago y adaptar esos m\u00e9todos de pago para usted. Sus datos personales transferidos se procesan de acuerdo con\u00a0<a class=\"link-item link-secondary\" href=\"https:\/\/www.klarna.com\/international\/privacy-policy\/\"><span class=\"link-content\">Aviso de privacidad propio de Klarna<\/span><\/a>. &quot;<\/p><div class=\"heading-wrapper\"><div class=\"animated-tooltip-container\"><div class=\"animated-tooltip-item animated-tooltip-left\">\u00a0<\/div><\/div><div id=\"draft-privacy-notice-text-switzerland-only\"><h4 class=\"heading-h3\">Aviso de privacidad de Klarna (solo Suiza)<\/h4><\/div><\/div><p>En Suiza, Klarna ofrece sus servicios junto con su subsidiaria Billpay. Si comparte datos personales con Klarna y Billpay, debe explicarlo en su aviso de privacidad y el enlace a los avisos de privacidad locales de Klarna y Billpay all\u00ed. A continuaci\u00f3n, se muestra un ejemplo de c\u00f3mo podr\u00eda verse en su aviso de privacidad existente (las categor\u00edas de datos espec\u00edficas transferidas para agregar y el texto para traducir a su idioma local):<\/p><p>Opciones de pago de Billpay \/ Klarna: para poder ofrecerle las opciones de pago de Klarna y evaluar si califica para sus opciones de pago y adaptar las opciones de pago para usted, en el proceso de pago podr\u00edamos pasar sus datos personales en el formulario de contacto. y detalles del pedido a Klarna y Billpay. Sus datos personales se manejan de acuerdo con la ley de protecci\u00f3n de datos aplicable y de acuerdo con la informaci\u00f3n de Klarna&#039;s (<a class=\"link-item link-secondary\" href=\"https:\/\/cdn.klarna.com\/1.0\/shared\/content\/legal\/terms\/0\/de_ch\/privacy_bp\"><span class=\"link-content\">Delaware<\/span><\/a>,\u00a0<a class=\"link-item link-secondary\" href=\"https:\/\/cdn.klarna.com\/1.0\/shared\/content\/legal\/terms\/0\/fr_ch\/privacy_bp\"><span class=\"link-content\">fr<\/span><\/a>,\u00a0<a class=\"link-item link-secondary\" href=\"https:\/\/cdn.klarna.com\/1.0\/shared\/content\/legal\/terms\/0\/it_ch\/privacy_bp\"><span class=\"link-content\">eso<\/span><\/a>\u00a0o\u00a0<a class=\"link-item link-secondary\" href=\"https:\/\/cdn.klarna.com\/1.0\/shared\/content\/legal\/terms\/0\/en_ch\/privacy_bp\"><span class=\"link-content\">en<\/span><\/a>\u00a0versiones) y Billpay (<a class=\"link-item link-secondary\" href=\"https:\/\/cdn.klarna.com\/1.0\/shared\/content\/legal\/terms\/0\/de_ch\/invoice\"><span class=\"link-content\">Delaware<\/span><\/a>,\u00a0<a class=\"link-item link-secondary\" href=\"https:\/\/cdn.klarna.com\/1.0\/shared\/content\/legal\/terms\/EID\/fr_ch\/invoice\"><span class=\"link-content\">fr<\/span><\/a>,\u00a0<a class=\"link-item link-secondary\" href=\"https:\/\/cdn.klarna.com\/1.0\/shared\/content\/legal\/terms\/EID\/it_ch\/invoice\"><span class=\"link-content\">eso<\/span><\/a>\u00a0o\u00a0<a class=\"link-item link-secondary\" href=\"https:\/\/cdn.klarna.com\/1.0\/shared\/content\/legal\/terms\/EID\/en_ch\/invoice\"><span class=\"link-content\">en<\/span><\/a>\u00a0versiones) avisos de privacidad.<\/p><h4>RECOPILACI\u00d3N DE INFORMACI\u00d3N<\/h4><p>Es posible que le pidamos informaci\u00f3n personal y \/ o recopilemos cierta informaci\u00f3n de su computadora cada vez que visite el sitio web. Esta pol\u00edtica de privacidad explica, en general, qu\u00e9 informaci\u00f3n personal y otra informaci\u00f3n se recopila en nuestro sitio web, c\u00f3mo se usa la informaci\u00f3n, con qui\u00e9n podemos compartir dicha informaci\u00f3n y sus derechos con respecto al uso y almacenamiento de dicha informaci\u00f3n.<\/p><p>Nunca solicitaremos a sabiendas informaci\u00f3n de identificaci\u00f3n personal de ninguna persona menor de 13 a\u00f1os sin el consentimiento previo y verificable de los padres cuando sea legalmente necesario. Si nos damos cuenta de que un cliente es menor de 13 a\u00f1os y se ha registrado sin el consentimiento paterno verificable previo legalmente requerido, eliminaremos su informaci\u00f3n de registro de identificaci\u00f3n personal de nuestros archivos.<\/p><h4>INFORMACION PERSONAL<\/h4><p>La \u201cinformaci\u00f3n personal\u201d que solicitamos puede incluir, entre otros, su nombre; domicilio y \/ o domicilio comercial; direcci\u00f3n de correo electr\u00f3nico; tel\u00e9fono y \/ o m\u00f3vil; servicio de mensajes cortos o direcci\u00f3n de mensaje de texto u otra direcci\u00f3n de dispositivo m\u00f3vil; direcci\u00f3n de mensajer\u00eda instant\u00e1nea; informaci\u00f3n demogr\u00e1fica y \/ u otra informaci\u00f3n que pueda identificarlo como individuo o permitir el contacto en l\u00ednea o fuera de l\u00ednea con usted como individuo.<\/p><p>Tiene derecho a &quot;optar por no participar&quot; de algunos de nuestros usos de su informaci\u00f3n personal. Por ejemplo, en el momento en que se le solicite que proporcione informaci\u00f3n personal en este sitio web, puede tener la oportunidad de elegir o no: (1) recibir correspondencia nuestra, o (2) compartir su informaci\u00f3n personal con otros entidades para sus fines de marketing. Puede solicitar cambiar estas opciones en cualquier momento. Sin embargo, dicha solicitud solo se aplicar\u00e1 en la fecha en que se solicit\u00f3. Por ejemplo: si opt\u00f3 por permitirnos compartir su informaci\u00f3n personal con otras entidades para sus fines de marketing, y luego nos solicit\u00f3 que dejemos de hacerlo, solo lo haremos cuando se procese su solicitud, y no seremos responsables por la informaci\u00f3n previamente compartida con su consentimiento. En estos casos, deber\u00e1 comunicarse directamente con esas entidades.<\/p><p>Puede optar por no recibir correos electr\u00f3nicos promocionales de REISER haciendo clic en un enlace de exclusi\u00f3n voluntaria dentro de cualquier correo electr\u00f3nico que pueda recibir de nosotros.<\/p><p>A pesar de que puede optar por no recibir correspondencia promocional de nuestra parte, a\u00fan podemos comunicarnos con usted en relaci\u00f3n con su relaci\u00f3n, actividades y comunicaciones con nosotros.<\/p><h4>INFORMACI\u00d3N DE USO, COOKIES, IP, ETC.<\/h4><p>Al visitar este sitio web y \/ o utilizar los servicios ofrecidos en oa trav\u00e9s de este sitio web, usted acepta permitirnos recopilar informaci\u00f3n de uso por medios automatizados. Dicha informaci\u00f3n se recopila, por ejemplo, cuando los usuarios se registran o se suscriben para funciones en nuestro sitio web, participan en sorteos y concursos, completan encuestas, env\u00edan un comentario o pregunta mediante un &quot;cont\u00e1ctenos&quot; o una funci\u00f3n similar en nuestro sitio web, env\u00ede enviarnos un correo electr\u00f3nico, o de cualquier otra manera enviarnos informaci\u00f3n personal a trav\u00e9s de nuestro sitio web.<\/p><p>Usamos &quot;cookies&quot; para mantener, y en ocasiones rastrear, informaci\u00f3n sobre usted. Las cookies son peque\u00f1os archivos de datos que se env\u00edan a su navegador web o software relacionado desde un servidor web y se almacenan en el disco duro de su computadora. Las cookies rastrean su uso y visita en nuestro sitio web, como las p\u00e1ginas que visita y los art\u00edculos que compra. Pueden almacenar la informaci\u00f3n en su carrito de compras y \/ o su nombre de usuario y \/ o contrase\u00f1a. Una cookie puede permitirnos relacionar su uso de nuestro sitio web con otra informaci\u00f3n sobre usted, incluida su informaci\u00f3n personal. Todos estos prop\u00f3sitos sirven para mejorar y personalizar su experiencia en nuestro sitio web, para determinar qu\u00e9 \u00e1reas y caracter\u00edsticas de nuestro sitio web son m\u00e1s populares y para realizar mejoras y actualizaciones para mejorar la experiencia del sitio web REISER.<\/p><p>Puede negarse a recibir nuestras cookies en la configuraci\u00f3n de su navegador web o software relacionado. La mayor\u00eda de los navegadores web pueden configurarse para informarle cuando se le ha enviado una cookie y brindarle la oportunidad de rechazarla. Sin embargo, rechazar una cookie puede, en algunos casos, impedirle usar o afectar negativamente la visualizaci\u00f3n o funci\u00f3n del sitio web o ciertas \u00e1reas o caracter\u00edsticas del sitio web. Para obtener m\u00e1s informaci\u00f3n, consulte el servicio de soporte de su navegador web \/ software de elecci\u00f3n sobre c\u00f3mo configurar la privacidad de las cookies.<\/p><p>Podemos utilizar &quot;gifs transparentes&quot; (tambi\u00e9n conocidos como &quot;balizas web&quot; o &quot;etiquetas de p\u00edxeles&quot;) o tecnolog\u00edas similares, en el sitio web y \/ o en nuestras comunicaciones con usted para permitirnos saber si ha visitado una p\u00e1gina web o recibido un mensaje. Un gif claro suele ser una imagen transparente de un p\u00edxel (aunque tambi\u00e9n puede ser una imagen visible), ubicada en una p\u00e1gina web o en un correo electr\u00f3nico u otro tipo de mensaje, que se recupera de un sitio remoto en el Internet que permite la verificaci\u00f3n de la visualizaci\u00f3n o recepci\u00f3n de una p\u00e1gina web o mensaje por parte de una persona. Un gif transparente puede permitirnos relacionar su visualizaci\u00f3n o recepci\u00f3n de una p\u00e1gina web o mensaje con otra informaci\u00f3n sobre usted, incluida su informaci\u00f3n personal.<\/p><p>Nuestro servidor recopila autom\u00e1ticamente datos sobre la direcci\u00f3n de Internet de su servidor cuando nos visita. Esta informaci\u00f3n, conocida como direcci\u00f3n de protocolo de Internet (&quot;direcci\u00f3n IP&quot;) es un n\u00famero que su proveedor de servicios de Internet asigna autom\u00e1ticamente a su computadora cada vez que navega por Internet. Cuando solicita p\u00e1ginas de nuestro sitio web, nuestros servidores pueden registrar su direcci\u00f3n IP y, a veces, su nombre de dominio. Nuestro servidor tambi\u00e9n puede registrar la p\u00e1gina de referencia que lo vincul\u00f3 con nosotros (por ejemplo, otro sitio web o un motor de b\u00fasqueda); las p\u00e1ginas que visita en este sitio web; el sitio web que visita despu\u00e9s de este sitio web; los anuncios que ve y \/ o en los que hace clic; sus intereses de productos; otra informaci\u00f3n sobre el tipo de navegador web, computadora, plataforma, software relacionado y configuraciones que est\u00e1 utilizando; cualquier t\u00e9rmino de b\u00fasqueda que haya ingresado en este sitio web o en un sitio de referencia; y otra actividad de uso de la web y datos registrados por nuestros servidores web.<\/p><p>Usamos esta informaci\u00f3n para la administraci\u00f3n del sistema interno, para ayudar a diagnosticar problemas con nuestro servidor y para administrar nuestro sitio web. Dicha informaci\u00f3n tambi\u00e9n se puede utilizar para recopilar informaci\u00f3n demogr\u00e1fica amplia, como el pa\u00eds de origen y el proveedor de servicios de Internet. Tambi\u00e9n podemos vincular esta informaci\u00f3n con su informaci\u00f3n personal. Cualquiera o todas estas actividades con respecto a la informaci\u00f3n de uso del sitio web pueden ser realizadas en nuestro nombre por nuestros proveedores de servicios, si corresponde.<\/p><p>Utilizaremos la informaci\u00f3n personal que proporcione a nuestro sitio web, por ejemplo, para responder a sus solicitudes y para brindarle nuestras ofertas de productos y servicios. Por ejemplo, responderemos a sus solicitudes y consultas y le proporcionaremos los servicios y caracter\u00edsticas que puedan ofrecerse en nuestro sitio web oa trav\u00e9s de este. Tambi\u00e9n podemos utilizar su informaci\u00f3n personal para ayudarnos a desarrollar y mejorar nuestro sitio web, adaptar nuestro sitio web a sus intereses y mantener nuestro registro interno. Podemos comparar la informaci\u00f3n recopilada de usted a trav\u00e9s de diferentes medios o en diferentes momentos, incluida la informaci\u00f3n personal y la informaci\u00f3n de uso del sitio web, y usar dicha informaci\u00f3n junto con la informaci\u00f3n obtenida de otras fuentes, incluidos terceros. Adem\u00e1s, podemos enviarle avisos (por ejemplo, en forma de correos electr\u00f3nicos, correos electr\u00f3nicos y similares), y mantener correspondencia con usted sobre productos, servicios, empresas, promociones, concursos y eventos, patrocinados por nosotros y otros, que pensamos que pueden interesarle. REISER puede ofrecer correos electr\u00f3nicos como servicio a nuestros usuarios. Solo recibir\u00e1 un correo electr\u00f3nico promocional de REISER si est\u00e1 de acuerdo durante el registro, o durante sus otras actividades en oa trav\u00e9s de nuestro sitio web, o utilizando nuestro formulario de suscripci\u00f3n al bolet\u00edn, para recibir estos art\u00edculos. Las instrucciones para cancelar la suscripci\u00f3n se incluyen en cada correo electr\u00f3nico. Puede optar por no recibir dichos avisos de nuestra parte siguiendo las instrucciones en la secci\u00f3n de derecho a optar por no recibir m\u00e1s arriba.<\/p><h4>INFORMACI\u00d3N AGREGADA, ESTAD\u00cdSTICAS, PUBLICIDAD DE TERCEROS, ETC.<\/h4><p>Podemos analizar el comportamiento del usuario como una medida del inter\u00e9s y el uso de nuestro sitio web y correos electr\u00f3nicos, tanto de forma individual como en conjunto. Podemos utilizar otros socios externos para ayudar a operar nuestro sitio web. Podemos compartir su informaci\u00f3n con nuestras afiliadas, proveedores de servicios y otros terceros que brindan servicios para oa trav\u00e9s de este sitio web o para nuestro negocio (como empresas de alojamiento de sitios web o bases de datos, empresas de alojamiento de listas de direcciones, proveedores de servicios de correo electr\u00f3nico, an\u00e1lisis empresas, empresas de distribuci\u00f3n, empresas de cumplimiento y otros proveedores de servicios similares que utilizan dicha informaci\u00f3n en nuestro nombre). Exigimos a nuestros proveedores de servicios que mantengan la confidencialidad de su informaci\u00f3n personal.<\/p><p>Podemos divulgar estad\u00edsticas agregadas sobre el comportamiento del usuario como una medida del inter\u00e9s y el uso de nuestro sitio web y correos electr\u00f3nicos a terceros en forma de datos agregados, como patrones generales o informes demogr\u00e1ficos que no describen o identifican ning\u00fan Usuario individual. La informaci\u00f3n agregada es informaci\u00f3n an\u00f3nima \/ no identificable personalmente sobre usted, como edad, sexo, tipos de productos comprados, p\u00e1ginas a las que accede con m\u00e1s frecuencia o t\u00e9rminos de b\u00fasqueda que ingresa. La informaci\u00f3n agregada se usa de manera colectiva y ninguna persona puede ser identificada por esa informaci\u00f3n compilada.<\/p><p>Dado que la informaci\u00f3n agregada no se puede vincular a ning\u00fan individuo y, como tal, no viola la privacidad de ning\u00fan individuo, sus derechos de usuario presentados en este documento no se aplican aqu\u00ed y REISER se reserva el derecho de usar dicha informaci\u00f3n agregada, y solo ella, como crea conveniente y sin la opci\u00f3n de optar por no participar. Sin embargo, si un usuario nos solicita que eliminemos su informaci\u00f3n personal y la informaci\u00f3n de uso de nuestros servidores, naturalmente dejaremos de usarla como informaci\u00f3n agregada, ya que ya no la tendremos, con respecto a los derechos de privacidad del usuario.<\/p><p>Podemos utilizar empresas de publicidad de terceros para publicar anuncios cuando visita nuestro sitio web. Estas empresas pueden utilizar informaci\u00f3n (generalmente sin incluir su nombre, direcci\u00f3n, direcci\u00f3n de correo electr\u00f3nico o n\u00famero de tel\u00e9fono) sobre sus visitas a este y otros sitios web con el fin de proporcionar anuncios sobre bienes y servicios de su inter\u00e9s. Estas empresas pueden emplear cookies y gifs transparentes para medir la eficacia de la publicidad. Cualquier informaci\u00f3n que estos terceros recopilen a trav\u00e9s de cookies y gifs transparentes no es identificable personalmente.<\/p><h4>AUTORIDADES GUBERNAMENTALES Y LEGALES<\/h4><p>Podemos divulgar informaci\u00f3n del usuario a las autoridades gubernamentales y a otros terceros cuando las autoridades gubernamentales nos obliguen a hacerlo, a nuestra discreci\u00f3n, o seg\u00fan lo requiera la ley en nuestra creencia de buena fe, lo que incluye, entre otros, en respuesta a \u00f3rdenes judiciales y citaciones y seg\u00fan se requiera de otro modo en relaci\u00f3n con un procedimiento judicial o gubernamental o un proceso legal. Tambi\u00e9n podemos divulgar informaci\u00f3n del usuario cuando tengamos motivos para creer que alguien est\u00e1 causando da\u00f1os o interferencia con nuestros derechos o propiedad, otros usuarios del sitio web o cualquier otra persona que pueda verse perjudicada por tales actividades. REISER coopera con las investigaciones de las fuerzas del orden y otros terceros para hacer cumplir las leyes, los derechos de propiedad intelectual y otros derechos.<\/p><h4>SUS DERECHOS Y PROCEDIMIENTOS CON RESPECTO A SU INFORMACI\u00d3N<\/h4><p>Puede revisar la informaci\u00f3n personal que est\u00e1 almacenada en su cuenta de usuario en este sitio web comunic\u00e1ndose con nosotros en cs [reemplace con @] www.reiserwatches.com. Le enviaremos una copia de la informaci\u00f3n personal que tenemos archivada en su cuenta de usuario (si corresponde). Puede proporcionarnos informaci\u00f3n nueva o actualizada en cualquier momento. Nos esforzaremos por responder a su solicitud para acceder, actualizar o eliminar su informaci\u00f3n tan pronto como sea posible. Sin embargo, antes de que podamos brindarle cualquier informaci\u00f3n, corregir cualquier inexactitud o eliminar cualquier informaci\u00f3n, es posible que le pidamos que verifique su identidad y que brinde otros detalles para ayudarnos a responder a su solicitud.<\/p><h4>MEDIDAS DE SEGURIDAD Y RIESGOS<\/h4><p>REISER tomar\u00e1 medidas razonables para proteger la seguridad e integridad de toda la informaci\u00f3n personal proporcionada a este sitio web. Sin embargo, reconocemos que toda la transmisi\u00f3n de datos no es 100% segura y puede estar fuera de nuestro control total. No podemos garantizar que la informaci\u00f3n, durante la transmisi\u00f3n a trav\u00e9s de Internet o mientras est\u00e9 almacenada en nuestro sistema o bajo nuestro cuidado, est\u00e9 absolutamente a salvo de la intrusi\u00f3n de otros. Adem\u00e1s, es posible que terceros que no est\u00e9n bajo el control de REISER intercepten o accedan a transmisiones o comunicaciones privadas de manera ilegal. Si bien nos esforzamos por proteger su informaci\u00f3n personal, REISER no puede garantizar ni garantizar la seguridad de la informaci\u00f3n que nos transmita. Cualquier tipo de transmisi\u00f3n se realiza bajo su propio riesgo.<\/p><p>No tendremos ninguna responsabilidad por la divulgaci\u00f3n de su informaci\u00f3n debido a errores o actos no autorizados de terceros durante o despu\u00e9s de la transmisi\u00f3n.<\/p><p>En el improbable caso de que creamos que la seguridad de su informaci\u00f3n personal en nuestra posesi\u00f3n o control puede haber sido comprometida, podemos intentar notificarle sobre ese desarrollo. Si una notificaci\u00f3n es apropiada, nos esforzaremos por hacerlo lo antes posible dadas las circunstancias y, en la medida en que tengamos su direcci\u00f3n de correo electr\u00f3nico, podemos notificarle por correo electr\u00f3nico. Usted da su consentimiento para que usemos el correo electr\u00f3nico como medio de dicha notificaci\u00f3n.<\/p><p>Este sitio web est\u00e1 alojado y operado en los Pa\u00edses Bajos, de conformidad con la ley holandesa. Al proporcionar informaci\u00f3n personal a este sitio web, usted comprende y acepta la recopilaci\u00f3n, el mantenimiento, el procesamiento y la transferencia de dicha informaci\u00f3n en los Pa\u00edses Bajos y otros pa\u00edses y territorios.<\/p><h4>TERMINOS FINALES<\/h4><p>Cuando est\u00e9 en nuestro sitio web, puede tener la oportunidad de visitar, o enlazar, otros sitios no operados por REISER, incluidos otros sitios web operados por nuestras afiliadas o por terceros no afiliados. Estos sitios pueden recopilar informaci\u00f3n personal sobre usted. REISER no controla los sitios operados por estas entidades y no es responsable de las pr\u00e1cticas de informaci\u00f3n de estos sitios. Esta pol\u00edtica de privacidad no aborda las pr\u00e1cticas de informaci\u00f3n de esos otros sitios web.<\/p><p>REISER se reserva el derecho de cambiar o actualizar esta pol\u00edtica de privacidad, o cualquier otra de nuestras pol\u00edticas o pr\u00e1cticas, en cualquier momento, y notificar\u00e1 a los usuarios de este sitio web mediante la publicaci\u00f3n de dicha pol\u00edtica de privacidad modificada o actualizada en esta p\u00e1gina. Cualquier cambio o actualizaci\u00f3n entrar\u00e1 en vigencia inmediatamente despu\u00e9s de su publicaci\u00f3n en este sitio web. En determinadas circunstancias, tambi\u00e9n podemos optar por notificarle los cambios o actualizaciones de nuestra pol\u00edtica de privacidad por medios adicionales, como envi\u00e1ndole un correo electr\u00f3nico.<\/p><p>En el caso de que REISER, o sustancialmente todos sus activos, sean adquiridos por uno o m\u00e1s terceros como resultado de una adquisici\u00f3n, fusi\u00f3n, venta, reorganizaci\u00f3n, consolidaci\u00f3n o liquidaci\u00f3n, la informaci\u00f3n personal puede ser uno de los activos transferidos.<\/p><p>\u00daltima revisi\u00f3n: 18 de mayo de 2021<\/p>\t\t\t\t\t\t<\/div>\n\t\t\t\t<\/div>\n\t\t\t\t\t<\/div>\n\t\t<\/div>\n\t\t\t\t\t<\/div>\n\t\t<\/section>\n\t\t\t\t<\/div>","protected":false},"excerpt":{"rendered":"<p>El siguiente documento explicita la pol\u00edtica de privacidad que rige su uso del sitio web, que se encuentra en www.reiserwatches.com (el &quot;sitio web&quot;). Al visitar este sitio web y\/o utilizar los servicios ofrecidos en este sitio web o a trav\u00e9s de este, usted acepta los t\u00e9rminos de esta pol\u00edtica de privacidad, ya que pueden modificarse [\u2026]<\/p>","protected":false},"author":1,"featured_media":0,"parent":0,"menu_order":0,"comment_status":"closed","ping_status":"closed","template":"elementor_theme","meta":{"_acf_changed":false,"footnotes":""},"class_list":["post-2084","page","type-page","status-publish","hentry"],"acf":[],"_links":{"self":[{"href":"https:\/\/www.reiserwatches.com\/es\/wp-json\/wp\/v2\/pages\/2084","targetHints":{"allow":["GET"]}}],"collection":[{"href":"https:\/\/www.reiserwatches.com\/es\/wp-json\/wp\/v2\/pages"}],"about":[{"href":"https:\/\/www.reiserwatches.com\/es\/wp-json\/wp\/v2\/types\/page"}],"author":[{"embeddable":true,"href":"https:\/\/www.reiserwatches.com\/es\/wp-json\/wp\/v2\/users\/1"}],"replies":[{"embeddable":true,"href":"https:\/\/www.reiserwatches.com\/es\/wp-json\/wp\/v2\/comments?post=2084"}],"version-history":[{"count":0,"href":"https:\/\/www.reiserwatches.com\/es\/wp-json\/wp\/v2\/pages\/2084\/revisions"}],"wp:attachment":[{"href":"https:\/\/www.reiserwatches.com\/es\/wp-json\/wp\/v2\/media?parent=2084"}],"curies":[{"name":"wp","href":"https:\/\/api.w.org\/{rel}","templated":true}]}}