{"id":2099,"date":"2020-10-01T13:44:06","date_gmt":"2020-10-01T13:44:06","guid":{"rendered":"http:\/\/rrnewlayout.kinsta.cloud\/?page_id=2099"},"modified":"2022-06-15T16:07:38","modified_gmt":"2022-06-15T14:07:38","slug":"terms-and-conditions","status":"publish","type":"page","link":"https:\/\/www.reiserwatches.com\/es\/terms-and-conditions\/","title":{"rendered":"T\u00e9rminos y condiciones"},"content":{"rendered":"<div data-elementor-type=\"wp-page\" data-elementor-id=\"2099\" class=\"elementor elementor-2099\" data-elementor-post-type=\"page\">\n\t\t\t\t\t\t<section class=\"elementor-section elementor-top-section elementor-element elementor-element-d88750e elementor-section-height-min-height elementor-section-boxed elementor-section-height-default elementor-section-items-middle\" data-id=\"d88750e\" data-element_type=\"section\" data-settings=\"{&quot;background_background&quot;:&quot;gradient&quot;,&quot;animation&quot;:&quot;none&quot;,&quot;animation_tablet&quot;:&quot;none&quot;}\">\n\t\t\t\t\t\t\t<div class=\"elementor-background-overlay\"><\/div>\n\t\t\t\t\t\t\t<div class=\"elementor-container elementor-column-gap-default\">\n\t\t\t\t\t<div class=\"elementor-column elementor-col-100 elementor-top-column elementor-element elementor-element-286ed39\" data-id=\"286ed39\" data-element_type=\"column\">\n\t\t\t<div class=\"elementor-widget-wrap elementor-element-populated\">\n\t\t\t\t\t\t<div class=\"elementor-element elementor-element-b523948 elementor-widget elementor-widget-heading\" data-id=\"b523948\" data-element_type=\"widget\" data-widget_type=\"heading.default\">\n\t\t\t\t<div class=\"elementor-widget-container\">\n\t\t\t<h1 class=\"elementor-heading-title elementor-size-default\">T\u00e9rminos y condiciones<\/h1>\t\t<\/div>\n\t\t\t\t<\/div>\n\t\t\t\t\t<\/div>\n\t\t<\/div>\n\t\t\t\t\t<\/div>\n\t\t<\/section>\n\t\t\t\t<section class=\"elementor-section elementor-top-section elementor-element elementor-element-14e7230 elementor-section-boxed elementor-section-height-default elementor-section-height-default\" data-id=\"14e7230\" data-element_type=\"section\" data-settings=\"{&quot;background_background&quot;:&quot;classic&quot;}\">\n\t\t\t\t\t\t<div class=\"elementor-container elementor-column-gap-no\">\n\t\t\t\t\t<div class=\"elementor-column elementor-col-100 elementor-top-column elementor-element elementor-element-8e90407\" data-id=\"8e90407\" data-element_type=\"column\">\n\t\t\t<div class=\"elementor-widget-wrap elementor-element-populated\">\n\t\t\t\t\t\t<div class=\"elementor-element elementor-element-6fe4676 elementor-widget elementor-widget-text-editor\" data-id=\"6fe4676\" data-element_type=\"widget\" data-widget_type=\"text-editor.default\">\n\t\t\t\t<div class=\"elementor-widget-container\">\n\t\t\t\t\t\t\t<p><b>Modificaciones a estos T\u00e9rminos<\/b><\/p>\n<p>REISER se reserva el derecho de cambiar o actualizar, en cualquier momento y sin previo aviso, este y todos los dem\u00e1s documentos reconocidos colectivamente como los &quot;T\u00e9rminos&quot;, y notificar\u00e1 a los usuarios de este sitio web mediante la publicaci\u00f3n de dichos T\u00e9rminos modificados o actualizados en esta p\u00e1gina. Cualquier cambio o actualizaci\u00f3n entrar\u00e1 en vigencia inmediatamente despu\u00e9s de su publicaci\u00f3n en este sitio web. En determinadas circunstancias, tambi\u00e9n podemos optar por notificarle los cambios o actualizaciones de nuestros T\u00e9rminos por medios adicionales, como envi\u00e1ndole un correo electr\u00f3nico.<\/p>\n<p><b>Uso y restricciones<\/b><\/p>\n<p>Las funciones de este sitio web solo pueden ser accedidas y utilizadas por personas que puedan formar contratos legalmente vinculantes seg\u00fan las leyes aplicables, que tengan 18 a\u00f1os de edad o m\u00e1s y que no tengan prohibido el uso del sitio web seg\u00fan las leyes aplicables. Usted reconoce y acepta que REISER, a su sola discreci\u00f3n y sin previo aviso u obligaci\u00f3n con usted, puede suspender o interrumpir temporal o permanentemente cualquier o todo el acceso al sitio web. Podemos cambiar, mover o eliminar partes de, o podemos agregar a nuestro sitio web o sus Contenidos (de aqu\u00ed en adelante definido) de vez en cuando, y estos t\u00e9rminos cubren cualquier cambio o modificaci\u00f3n posterior a nuestro sitio web y \/ o sus Contenidos.<\/p>\n<p>Aparte de la compra de mercader\u00eda de nuestro sitio web, nuestro sitio web y el contenido de nuestro sitio web (el &quot;Contenido&quot;) est\u00e1n destinados para uso personal, no comercial y usted acepta que no: (a) revender\u00e1 los productos comprados o hacer otro uso comercial de los productos, el sitio web o sus Contenidos (en adelante definidos); (b) modificar, reproducir, publicar, transmitir, distribuir, mostrar, crear trabajos derivados, vender, participar o explotar de cualquier manera, total o parcialmente, cualquiera de los Contenidos, el sitio web o cualquier software relacionado; (c) recopilar o utilizar cualquier listado o descripci\u00f3n de productos; (d) utilizar cualquier m\u00e9todo de extracci\u00f3n de datos o de recopilaci\u00f3n de datos similar del sitio web; (e) usar, enmarcar o utilizar t\u00e9cnicas de enmarcado para incluir cualquier marca registrada, logotipo u otra informaci\u00f3n de propiedad de REISER (incluidas im\u00e1genes, texto, dise\u00f1o o dise\u00f1o) sin el consentimiento expreso de REISER; o (f) excepto por su uso del sitio web seg\u00fan lo expresamente permitido en estos T\u00e9rminos, acceder o intentar acceder a cualquier sistema o servidor en el que est\u00e9 alojado el sitio web o modificar o alterar el sitio web de cualquier manera. Cualquier uso no autorizado del sitio web resultar\u00e1 en que se le proh\u00edba el uso del sitio web.<\/p>\n<p><b>Derechos de propiedad intelectual<\/b><\/p>\n<p>El sitio web y sus Contenidos est\u00e1n protegidos por derechos de autor, marcas registradas, imagen comercial y otras leyes y REISER posee y \/ o usa con permiso todos los derechos, t\u00edtulos e intereses en todo el mundo en y para el sitio web y sus Contenidos. REISER, ALPEN y todas las dem\u00e1s marcas comerciales que aparecen en el sitio web son marcas comerciales de REISER o tienen licencia y \/ o se utilizan con permiso. Acepta no mostrar ni utilizar dichas marcas comerciales sin el permiso expreso de REISER.<\/p>\n<p><b>Comentarios de usuario, retroalimentaci\u00f3n, postales y otros env\u00edos<\/b><\/p>\n<p>\u201cEnv\u00edos\u201d es cualquier tipo de contenido generado por el usuario en el sitio web que fue enviado por un usuario bajo los m\u00e9todos acordados y en los espacios apropiados. Estos incluyen, entre otros, comentarios, retroalimentaci\u00f3n, postales, sugerencias, ideas y otras presentaciones divulgadas, enviadas u ofrecidas por usted a REISER en o por este sitio web o divulgadas, enviadas u ofrecidas de otra manera en relaci\u00f3n con su uso. de este sitio web.<\/p>\n<p>Las presentaciones ser\u00e1n y seguir\u00e1n siendo propiedad de REISER. Usted acepta, si lo solicita REISER, ceder y transferir a REISER todos los derechos sobre los Env\u00edos que pueda tener y derivados de ellos, incluidos, entre otros, toda la propiedad y los derechos de uso, venta y comercializaci\u00f3n de la propiedad intelectual y el derecho a presentar solicitudes. para registrar tales derechos. REISER no tiene ninguna obligaci\u00f3n (1) de mantener la confidencialidad de los Comentarios; (2) pagarle cualquier compensaci\u00f3n por los Comentarios; o (3) para responder a los Comentarios de los usuarios.<\/p>\n<p>Al realizar cualquier Env\u00edo al sitio web, usted acepta que dicho Env\u00edo no viola ning\u00fan derecho de terceros, incluidos los derechos de autor, marcas comerciales, privacidad, patente u otros derechos personales o de propiedad. Adem\u00e1s, en la medida en que una Presentaci\u00f3n contenga el nombre, la imagen, la voz o la informaci\u00f3n biogr\u00e1fica suya o de cualquier otra persona (&quot;Derechos personales&quot;), usted otorga y har\u00e1 que dicha otra persona otorgue a REISER una transferencia, no exclusiva, mundial , licencia libre de regal\u00edas para usar dichos Derechos Personales para cualquier publicidad o marketing de productos REISER en cualquier medio. Usted acepta indemnizar y eximir de responsabilidad a REISER y sus afiliados y sus respectivos funcionarios, directores y empleados contra cualquier p\u00e9rdida, responsabilidad, reclamo y gasto (incluidos los honorarios de abogados) que surjan de su cuenta, su uso de este sitio web, su Presentaci\u00f3n y cualquier Derechos personales contenidos en el mismo.<\/p>\n<p>Adem\u00e1s, acepta que sus Env\u00edos al sitio web no contienen material difamatorio o ilegal, abusivo u obsceno. Usted es y seguir\u00e1 siendo el \u00fanico responsable del contenido de cualquier Env\u00edo que env\u00ede. Usted acepta que REISER puede usar y \/ o divulgar informaci\u00f3n en su Env\u00edo de acuerdo con los t\u00e9rminos de la Pol\u00edtica de privacidad.<\/p>\n<p><b>Comunicaciones electronicas<\/b><\/p>\n<p>Usted da su consentimiento para recibir comunicaciones electr\u00f3nicas de REISER ya sea en forma de un correo electr\u00f3nico enviado a la direcci\u00f3n de correo electr\u00f3nico que figura en su cuenta o por comunicaciones publicadas en el sitio web. Usted reconoce y acepta que cualquier comunicaci\u00f3n electr\u00f3nica en forma de correo electr\u00f3nico o publicaci\u00f3n en el sitio web deber\u00e1 satisfacer cualquier requisito legal de que dicha comunicaci\u00f3n sea por escrito.<\/p>\n<p>Puede leer m\u00e1s sobre las comunicaciones electr\u00f3nicas en nuestro documento de Pol\u00edtica de privacidad.<\/p>\n<p><b>Su cuenta<\/b><\/p>\n<p>Debe establecer una cuenta con REISER para poder comprar a trav\u00e9s del sitio web. Usted es el \u00fanico responsable de (i) mantener la seguridad de su cuenta y contrase\u00f1a; (ii) restringir el acceso a su cuenta para usted mismo; y (iii) mantener actualizada la direcci\u00f3n de correo electr\u00f3nico de su cuenta. Usted es el \u00fanico responsable de todas las actividades, incluidas, entre otras, todas las compras de productos en el sitio web y la publicaci\u00f3n de Env\u00edos que se realicen en su cuenta.<\/p>\n<p>Usted reconoce y acepta que REISER puede acceder, preservar y divulgar la informaci\u00f3n de su cuenta, Env\u00edos, comunicaciones e informaci\u00f3n relacionada con su uso del sitio web y cualquier otra informaci\u00f3n bajo su cuenta si REISER est\u00e1 obligado a hacerlo por ley o proceso legal. o si REISER determina, a su sola discreci\u00f3n, que dicha acci\u00f3n es necesaria para proteger los derechos de REISER, terceros y otros usuarios del sitio web o para responder a sus consultas de servicio al cliente.<\/p>\n<p>Los t\u00e9rminos y derechos sobre la divulgaci\u00f3n de informaci\u00f3n personal se explican con m\u00e1s detalle en nuestro documento de Pol\u00edtica de privacidad.<\/p>\n<p><b>Transacciones del sitio<\/b><\/p>\n<p>Nos reservamos el derecho de solicitar una identificaci\u00f3n adicional para el procesamiento de tarjetas de cr\u00e9dito en cualquier pedido que realice con nosotros. Nos reservamos el derecho de cambiar y \/ o rechazar cualquier orden que ingrese en el sitio web. Podemos, a nuestro exclusivo criterio, limitar o cancelar las cantidades compradas por persona, por hogar o por pedido; incluidos varios pedidos ingresados por o bajo la misma cuenta de cliente, la misma tarjeta de cr\u00e9dito y \/ o pedidos que utilizan la misma direcci\u00f3n de facturaci\u00f3n y \/ o env\u00edo. Nos reservamos el derecho de limitar o prohibir los pedidos que, a nuestro exclusivo criterio, parecen ser realizados por concesionarios, revendedores o distribuidores. En caso de que cambiemos o cancelemos un pedido, intentaremos notificarlo poni\u00e9ndonos en contacto con la informaci\u00f3n de contacto correspondiente proporcionada cuando se envi\u00f3 el pedido en el sitio web.<\/p>\n<p><b>Transporte<\/b><\/p>\n<p>Los t\u00e9rminos y condiciones de env\u00edo se pueden encontrar en nuestra p\u00e1gina de Env\u00edos.<\/p>\n<p><b>Modificaci\u00f3n<\/b><\/p>\n<p>Cualquier contenido ofrecido o publicado en este sitio web est\u00e1 sujeto a modificaci\u00f3n o interrupci\u00f3n en cualquier momento y de vez en cuando sin previo aviso ni obligaci\u00f3n con usted. Sin limitar lo anterior, REISER se reserva el derecho, a su entera discreci\u00f3n, de cobrar tarifas por el uso o compra de, o acceso a, cualquier producto, servicio o Contenido ofrecido a trav\u00e9s del sitio web, en cualquier momento de vez en cuando.<\/p>\n<p>REISER se reserva el derecho de cambiar o actualizar estos T\u00e9rminos, o cualquier otra de nuestras pol\u00edticas o pr\u00e1cticas, en cualquier momento, y notificar\u00e1 a los usuarios de este sitio web mediante la publicaci\u00f3n de dichos T\u00e9rminos modificados o actualizados en esta p\u00e1gina. Cualquier cambio o actualizaci\u00f3n entrar\u00e1 en vigencia inmediatamente despu\u00e9s de su publicaci\u00f3n en este sitio web. En determinadas circunstancias, tambi\u00e9n podemos optar por notificarle los cambios o actualizaciones de nuestros T\u00e9rminos por medios adicionales, como envi\u00e1ndole un correo electr\u00f3nico.<\/p>\n<p><b>Condiciones de venta<\/b><\/p>\n<p>Todas las ventas de productos del sitio web se rigen por la pol\u00edtica de cambios y devoluciones y la informaci\u00f3n de env\u00edo que se publica en el sitio web. Al ordenar y \/ o aceptar la entrega de los productos, usted acepta estar sujeto a dichas pol\u00edticas. Las pol\u00edticas est\u00e1n sujetas a cambios sin previo aviso y las ponemos a disposici\u00f3n de los usuarios antes de cualquier transacci\u00f3n.<\/p>\n<p><b>Garant\u00eda<\/b><\/p>\n<p>Su reloj est\u00e1 garantizado internacionalmente por REISER durante dos a\u00f1os a partir de la fecha de compra en todos los modelos con defectos de materiales o mano de obra.<\/p>\n<p>Esta garant\u00eda no cubre:<\/p>\n<p>Correas, cristales o pilas.<\/p>\n<p>Da\u00f1os internos o externos resultantes de un desgaste excesivo, uso inadecuado o mal manejo.<\/p>\n<p>Da\u00f1os resultantes del servicio proporcionado por un centro de servicio no autorizado.<\/p>\n<p><b>Limitaci\u00f3n de responsabilidad<\/b><\/p>\n<p>En la medida m\u00e1xima permitida por la ley, REISER y sus compa\u00f1\u00edas subsidiarias y \/ o cualquiera de sus entidades afiliadas (el &quot;REISER&quot;) excluyen toda responsabilidad por cualquier da\u00f1o (cualquiera que sea que surja, incluidos, entre otros, por contrato, por (incluida la negligencia), incumplimiento del deber legal o de otro tipo) que surja de o en conexi\u00f3n con su acceso (o incapacidad de acceso) o uso del sitio web y sus contenidos. Todas las condiciones, garant\u00edas y otros t\u00e9rminos que puedan estar impl\u00edcitos en el estatuto, el derecho consuetudinario o de otro modo quedan excluidos por la presente en la medida m\u00e1xima permitida por la ley. En ning\u00fan caso el REISER o sus respectivos funcionarios, directores, contratistas, empleados o agentes ser\u00e1n responsables de: (i) cualquier p\u00e9rdida o da\u00f1o indirecto, especial o consecuente, o (i) p\u00e9rdida de ganancias, (iii) p\u00e9rdida de negocios , (iv) p\u00e9rdida de contrato, o (vii) p\u00e9rdida de datos, en cada caso, incurrida por cualquier usuario en relaci\u00f3n con el sitio web, cualquier sitio vinculado a \u00e9l y cualquier material publicado en \u00e9l, incluso si REISER ha sido previamente informado de la posibilidad de tal da\u00f1o. Nada en estos T\u00e9rminos y Condiciones excluir\u00e1 o limitar\u00e1 nuestra responsabilidad por muerte o lesiones personales que surjan de nuestra negligencia, cualquier incumplimiento de las obligaciones impl\u00edcitas en la ley aplicable, o por cualquier fraude, tergiversaci\u00f3n fraudulenta o cualquier otra responsabilidad en la medida en que no pueda ser renunciado o limitado seg\u00fan la ley aplicable.<\/p>\n<p><b>Ley aplicable y jurisdicci\u00f3n<\/b><\/p>\n<p>Este sitio web est\u00e1 alojado y operado en los Pa\u00edses Bajos, de conformidad con la ley holandesa. Al proporcionar informaci\u00f3n personal a este sitio web, usted comprende y da su consentimiento para la recopilaci\u00f3n, el mantenimiento, el procesamiento y la transferencia de dicha informaci\u00f3n en los Pa\u00edses Bajos y otros pa\u00edses y territorios.<\/p>\n<p><b>Invalidez<\/b><\/p>\n<p>Si alguna disposici\u00f3n de estos T\u00e9rminos y Condiciones se considera inv\u00e1lida, ilegal o inaplicable en cualquier jurisdicci\u00f3n, la misma no afectar\u00e1 la efectividad o validez en otras jurisdicciones o la efectividad de cualquier otra disposici\u00f3n en este documento.<\/p>\n<p><b>Preguntas<\/b><\/p>\n<p>Si tiene alguna inquietud sobre el material que aparece en el sitio web o estos T\u00e9rminos y condiciones, comun\u00edquese con nosotros enviando un correo electr\u00f3nico a: cs [reemplazar por at] www.reiserwatches.com<\/p>\n<p><\/p>\t\t\t\t\t\t<\/div>\n\t\t\t\t<\/div>\n\t\t\t\t\t<\/div>\n\t\t<\/div>\n\t\t\t\t\t<\/div>\n\t\t<\/section>\n\t\t\t\t<\/div>","protected":false},"excerpt":{"rendered":"<p>Modificaciones a estos T\u00e9rminos REISER se reserva el derecho de cambiar o actualizar, en cualquier momento y sin previo aviso, este y todos los dem\u00e1s documentos reconocidos colectivamente como los &quot;T\u00e9rminos&quot;, y notificar\u00e1 a los usuarios de este sitio web mediante la publicaci\u00f3n de dichos T\u00e9rminos modificados o actualizados en esta p\u00e1gina. Cualquier cambio o actualizaci\u00f3n entrar\u00e1 en vigor inmediatamente [\u2026]<\/p>","protected":false},"author":1,"featured_media":0,"parent":0,"menu_order":0,"comment_status":"closed","ping_status":"closed","template":"elementor_header_footer","meta":{"_acf_changed":false,"footnotes":""},"class_list":["post-2099","page","type-page","status-publish","hentry"],"acf":[],"_links":{"self":[{"href":"https:\/\/www.reiserwatches.com\/es\/wp-json\/wp\/v2\/pages\/2099","targetHints":{"allow":["GET"]}}],"collection":[{"href":"https:\/\/www.reiserwatches.com\/es\/wp-json\/wp\/v2\/pages"}],"about":[{"href":"https:\/\/www.reiserwatches.com\/es\/wp-json\/wp\/v2\/types\/page"}],"author":[{"embeddable":true,"href":"https:\/\/www.reiserwatches.com\/es\/wp-json\/wp\/v2\/users\/1"}],"replies":[{"embeddable":true,"href":"https:\/\/www.reiserwatches.com\/es\/wp-json\/wp\/v2\/comments?post=2099"}],"version-history":[{"count":0,"href":"https:\/\/www.reiserwatches.com\/es\/wp-json\/wp\/v2\/pages\/2099\/revisions"}],"wp:attachment":[{"href":"https:\/\/www.reiserwatches.com\/es\/wp-json\/wp\/v2\/media?parent=2099"}],"curies":[{"name":"wp","href":"https:\/\/api.w.org\/{rel}","templated":true}]}}