{"id":2481,"date":"2020-10-21T11:33:05","date_gmt":"2020-10-21T11:33:05","guid":{"rendered":"http:\/\/rrnewlayout.kinsta.cloud\/?page_id=2481"},"modified":"2022-06-15T16:07:42","modified_gmt":"2022-06-15T14:07:42","slug":"warranty","status":"publish","type":"page","link":"https:\/\/www.reiserwatches.com\/es\/warranty\/","title":{"rendered":"Garant\u00eda"},"content":{"rendered":"<div data-elementor-type=\"wp-page\" data-elementor-id=\"2481\" class=\"elementor elementor-2481\" data-elementor-post-type=\"page\">\n\t\t\t\t\t\t<section class=\"elementor-section elementor-top-section elementor-element elementor-element-9fa3df3 elementor-section-boxed elementor-section-height-default elementor-section-height-default\" data-id=\"9fa3df3\" data-element_type=\"section\">\n\t\t\t\t\t\t<div class=\"elementor-container elementor-column-gap-default\">\n\t\t\t\t\t<div class=\"elementor-column elementor-col-100 elementor-top-column elementor-element elementor-element-ff497c3\" data-id=\"ff497c3\" data-element_type=\"column\">\n\t\t\t<div class=\"elementor-widget-wrap elementor-element-populated\">\n\t\t\t\t\t\t<div class=\"elementor-element elementor-element-c7bad57 elementor-widget elementor-widget-text-editor\" data-id=\"c7bad57\" data-element_type=\"widget\" data-widget_type=\"text-editor.default\">\n\t\t\t\t<div class=\"elementor-widget-container\">\n\t\t\t\t\t\t\t<p>Nuestros productos se fabrican de acuerdo con los est\u00e1ndares de alta calidad de REISER. No obstante, su reloj est\u00e1 cubierto por nuestra garant\u00eda limitada contra cualquier defecto de fabricaci\u00f3n; esto incluye el movimiento del reloj, los \u00edndices, la esfera y las manecillas.<\/p><p>La garant\u00eda de un reloj REISER es v\u00e1lida por un per\u00edodo de veinticuatro (24) meses a partir de la fecha de compra. Al vencimiento del per\u00edodo de garant\u00eda, cualquier reparaci\u00f3n estar\u00e1 sujeta a un cargo por servicio.<\/p><p>Esta garant\u00eda no cubre otras piezas que no aparecen en la lista anterior. Si el producto se devuelve durante el per\u00edodo de garant\u00eda, REISER reparar\u00e1 o reemplazar\u00e1 cualquier reloj o pieza de reloj defectuoso, sin costo adicional, dentro de un tiempo razonable, despu\u00e9s de que se devuelva el producto. Sin embargo, el cliente puede estar sujeto a los costos de env\u00edo del producto.\u00a0<\/p><p>La garant\u00eda no cubre:<\/p><ul><li>Da\u00f1os, provocados por el desgaste normal y el envejecimiento, el uso normal o los cambios de color, en la correa (cuero, textil, caucho, metal), el cristal (ara\u00f1azos), pelado del revestimiento, el bisel, la caja o cualquier otro parte no mencionada expresamente<\/li><li>Defectos y da\u00f1os por p\u00e9rdida, robo, incendio, agua o desastre natural<\/li><li>Da\u00f1os causados indirectamente por uso anormal o mal uso (incumplimiento de las instrucciones de uso) o como resultado de descuidos, negligencia o accidentes (golpes \/ golpes, abolladuras, aplastamiento, cristales rotos \/ vidrios, etc.)<\/li><li>Falla o da\u00f1o causado por reparaci\u00f3n o modificaci\u00f3n injustificada<\/li><li>Bater\u00eda, pulsera, corona o cristal \/ vaso<\/li><\/ul><p><br \/>REISER no acepta ning\u00fan reclamo de garant\u00eda que no est\u00e9 acompa\u00f1ado por la documentaci\u00f3n original. Para obtener una reparaci\u00f3n o reemplazo bajo esta garant\u00eda limitada, debe asegurarse de que el distribuidor autorizado donde compr\u00f3 el producto haya completado correctamente la tarjeta de garant\u00eda.\u00a0<\/p><p>REISER no aceptar\u00e1 ning\u00fan reclamo de garant\u00eda por relojes comprados a un minorista no autorizado.<\/p><p>Si experimenta alg\u00fan da\u00f1o en su reloj que se considere cubierto por nuestra garant\u00eda, puede comunicarse con nuestro equipo de servicio al cliente enviando una solicitud a continuaci\u00f3n para recibir m\u00e1s ayuda. Para facilitar y acelerar el proceso, complete la mayor cantidad de informaci\u00f3n posible para que podamos procesarlo de manera m\u00e1s eficiente.<\/p>\t\t\t\t\t\t<\/div>\n\t\t\t\t<\/div>\n\t\t\t\t<div class=\"elementor-element elementor-element-635634c elementor-widget elementor-widget-text-editor\" data-id=\"635634c\" data-element_type=\"widget\" data-widget_type=\"text-editor.default\">\n\t\t\t\t<div class=\"elementor-widget-container\">\n\t\t\t\t\t\t\t<p>Por favor, rellene todos los campos del siguiente formulario. Proporcionar informaci\u00f3n precisa y detallada ayudar\u00e1 a nuestro equipo a procesar su solicitud de garant\u00eda lo m\u00e1s r\u00e1pido posible.<\/p>\t\t\t\t\t\t<\/div>\n\t\t\t\t<\/div>\n\t\t\t\t<div class=\"elementor-element elementor-element-6ba5655 elementor-widget elementor-widget-heading\" data-id=\"6ba5655\" data-element_type=\"widget\" data-widget_type=\"heading.default\">\n\t\t\t\t<div class=\"elementor-widget-container\">\n\t\t\t<h2 class=\"elementor-heading-title elementor-size-default\">enviar una solicitud de garant\u00eda<\/h2>\t\t<\/div>\n\t\t\t\t<\/div>\n\t\t\t\t<div class=\"elementor-element elementor-element-8901855 elementor-button-align-stretch elementor-widget elementor-widget-form\" data-id=\"8901855\" data-element_type=\"widget\" data-settings=\"{&quot;button_width&quot;:&quot;60&quot;,&quot;step_next_label&quot;:&quot;Next&quot;,&quot;step_previous_label&quot;:&quot;Previous&quot;,&quot;step_type&quot;:&quot;number_text&quot;,&quot;step_icon_shape&quot;:&quot;circle&quot;}\" data-widget_type=\"form.default\">\n\t\t\t\t<div class=\"elementor-widget-container\">\n\t\t\t\t\t<form class=\"elementor-form\" method=\"post\" name=\"New Form\" action=\"\">\n\t\t\t<input type=\"hidden\" name=\"post_id\" value=\"2481\"\/>\n\t\t\t<input type=\"hidden\" name=\"form_id\" value=\"8901855\"\/>\n\t\t\t<input type=\"hidden\" name=\"referer_title\" value=\"\" \/>\n\n\t\t\t\n\t\t\t<div class=\"elementor-form-fields-wrapper elementor-labels-above\">\n\t\t\t\t\t\t\t\t<div class=\"elementor-field-type-text elementor-field-group elementor-column elementor-field-group-name elementor-col-60\">\n\t\t\t\t\t\t\t\t\t\t\t\t<label for=\"form-field-name\" class=\"elementor-field-label\">\n\t\t\t\t\t\t\t\tNombre\t\t\t\t\t\t\t<\/label>\n\t\t\t\t\t\t\t\t\t\t\t\t\t\t<input size=\"1\" type=\"text\" name=\"form_fields[name]\" id=\"form-field-name\" class=\"elementor-field elementor-size-sm  elementor-field-textual\" placeholder=\"Nombre\">\n\t\t\t\t\t\t\t\t\t\t\t<\/div>\n\t\t\t\t\t\t\t\t<div class=\"elementor-field-type-email elementor-field-group elementor-column elementor-field-group-email elementor-col-60 elementor-field-required\">\n\t\t\t\t\t\t\t\t\t\t\t\t<label for=\"form-field-email\" class=\"elementor-field-label\">\n\t\t\t\t\t\t\t\tCorreo electr\u00f3nico\t\t\t\t\t\t\t<\/label>\n\t\t\t\t\t\t\t\t\t\t\t\t\t\t<input size=\"1\" type=\"email\" name=\"form_fields[email]\" id=\"form-field-email\" class=\"elementor-field elementor-size-sm  elementor-field-textual\" placeholder=\"Correo electr\u00f3nico\" required=\"required\" aria-required=\"true\">\n\t\t\t\t\t\t\t\t\t\t\t<\/div>\n\t\t\t\t\t\t\t\t<div class=\"elementor-field-type-text elementor-field-group elementor-column elementor-field-group-field_194ff3b elementor-col-60 elementor-field-required\">\n\t\t\t\t\t\t\t\t\t\t\t\t<label for=\"form-field-field_194ff3b\" class=\"elementor-field-label\">\n\t\t\t\t\t\t\t\tN\u00famero de orden\t\t\t\t\t\t\t<\/label>\n\t\t\t\t\t\t\t\t\t\t\t\t\t\t<input size=\"1\" type=\"text\" name=\"form_fields[field_194ff3b]\" id=\"form-field-field_194ff3b\" class=\"elementor-field elementor-size-sm  elementor-field-textual\" placeholder=\"N\u00famero de orden\" required=\"required\" aria-required=\"true\">\n\t\t\t\t\t\t\t\t\t\t\t<\/div>\n\t\t\t\t\t\t\t\t<div class=\"elementor-field-type-textarea elementor-field-group elementor-column elementor-field-group-message elementor-col-60\">\n\t\t\t\t\t\t\t\t\t\t\t\t<label for=\"form-field-message\" class=\"elementor-field-label\">\n\t\t\t\t\t\t\t\tPor favor explique cu\u00e1l es el problema\t\t\t\t\t\t\t<\/label>\n\t\t\t\t\t\t<textarea class=\"elementor-field-textual elementor-field  elementor-size-sm\" name=\"form_fields[message]\" id=\"form-field-message\" rows=\"4\" placeholder=\"...\"><\/textarea>\t\t\t\t<\/div>\n\t\t\t\t\t\t\t\t<div class=\"elementor-field-group elementor-column elementor-field-type-submit elementor-col-60 e-form__buttons\">\n\t\t\t\t\t<button type=\"submit\" class=\"elementor-button elementor-size-sm\">\n\t\t\t\t\t\t<span >\n\t\t\t\t\t\t\t\t\t\t\t\t\t\t\t<span class=\"elementor-button-icon\">\n\t\t\t\t\t\t\t\t\t\t\t\t\t\t\t\t\t\t\t\t\t\t\t\t\t\t<\/span>\n\t\t\t\t\t\t\t\t\t\t\t\t\t\t\t\t\t\t\t\t\t\t<span class=\"elementor-button-text\">Enviar <\/span>\n\t\t\t\t\t\t\t\t\t\t\t\t\t<\/span>\n\t\t\t\t\t<\/button>\n\t\t\t\t<\/div>\n\t\t\t<\/div>\n\t\t<input type=\"hidden\" name=\"trp-form-language\" value=\"es\"\/><\/form>\n\t\t\t\t<\/div>\n\t\t\t\t<\/div>\n\t\t\t\t\t<\/div>\n\t\t<\/div>\n\t\t\t\t\t<\/div>\n\t\t<\/section>\n\t\t\t\t<\/div>","protected":false},"excerpt":{"rendered":"<p>Nuestros productos se fabrican de acuerdo con los est\u00e1ndares de alta calidad de REISER. No obstante, su reloj est\u00e1 cubierto por nuestra garant\u00eda limitada contra cualquier defecto de fabricaci\u00f3n; esto incluye el movimiento del reloj, los \u00edndices, la esfera y las manecillas. La garant\u00eda de un reloj REISER es v\u00e1lida por un per\u00edodo de veinticuatro (24) meses a partir de la fecha de compra. Al [\u2026]<\/p>","protected":false},"author":1,"featured_media":0,"parent":0,"menu_order":0,"comment_status":"closed","ping_status":"closed","template":"elementor_theme","meta":{"_acf_changed":false,"footnotes":""},"class_list":["post-2481","page","type-page","status-publish","hentry"],"acf":[],"_links":{"self":[{"href":"https:\/\/www.reiserwatches.com\/es\/wp-json\/wp\/v2\/pages\/2481","targetHints":{"allow":["GET"]}}],"collection":[{"href":"https:\/\/www.reiserwatches.com\/es\/wp-json\/wp\/v2\/pages"}],"about":[{"href":"https:\/\/www.reiserwatches.com\/es\/wp-json\/wp\/v2\/types\/page"}],"author":[{"embeddable":true,"href":"https:\/\/www.reiserwatches.com\/es\/wp-json\/wp\/v2\/users\/1"}],"replies":[{"embeddable":true,"href":"https:\/\/www.reiserwatches.com\/es\/wp-json\/wp\/v2\/comments?post=2481"}],"version-history":[{"count":0,"href":"https:\/\/www.reiserwatches.com\/es\/wp-json\/wp\/v2\/pages\/2481\/revisions"}],"wp:attachment":[{"href":"https:\/\/www.reiserwatches.com\/es\/wp-json\/wp\/v2\/media?parent=2481"}],"curies":[{"name":"wp","href":"https:\/\/api.w.org\/{rel}","templated":true}]}}