{"id":3235,"date":"2020-11-02T11:29:29","date_gmt":"2020-11-02T11:29:29","guid":{"rendered":"http:\/\/rrnewlayout.kinsta.cloud\/?page_id=3235"},"modified":"2022-06-15T16:02:32","modified_gmt":"2022-06-15T14:02:32","slug":"returns","status":"publish","type":"page","link":"https:\/\/www.reiserwatches.com\/es\/returns\/","title":{"rendered":"Devoluciones"},"content":{"rendered":"<div data-elementor-type=\"wp-page\" data-elementor-id=\"3235\" class=\"elementor elementor-3235\" data-elementor-post-type=\"page\">\n\t\t\t\t\t\t<section class=\"elementor-section elementor-top-section elementor-element elementor-element-5659be1 elementor-section-boxed elementor-section-height-default elementor-section-height-default\" data-id=\"5659be1\" data-element_type=\"section\">\n\t\t\t\t\t\t<div class=\"elementor-container elementor-column-gap-default\">\n\t\t\t\t\t<div class=\"elementor-column elementor-col-100 elementor-top-column elementor-element elementor-element-e8641e9\" data-id=\"e8641e9\" data-element_type=\"column\">\n\t\t\t<div class=\"elementor-widget-wrap elementor-element-populated\">\n\t\t\t\t\t\t<div class=\"elementor-element elementor-element-e764834 elementor-widget elementor-widget-text-editor\" data-id=\"e764834\" data-element_type=\"widget\" data-widget_type=\"text-editor.default\">\n\t\t\t\t<div class=\"elementor-widget-container\">\n\t\t\t\t\t\t\t<p class=\" translation-block\"><span data-preserver-spaces=\"true\">Tiene derecho a devolver su pedido dentro de los<\/span> <strong><span data-preserver-spaces=\"true\">14 d\u00edas posteriores a la fecha de entrega<\/span><\/strong> <span data-preserver-spaces=\"true\">.<\/span><\/p><p><strong>\u00bfC\u00f3mo devolver tu pedido?<\/strong><\/p><ul><li><span data-preserver-spaces=\"true\">Complete el siguiente formulario de devoluci\u00f3n y recibir\u00e1 instrucciones sobre c\u00f3mo devolver su pedido.<\/span><\/li><li><span data-preserver-spaces=\"true\">Los art\u00edculos deben devolverse a m\u00e1s tardar 14 d\u00edas a partir de la fecha en que recibi\u00f3 el paquete.<\/span><\/li><li><span data-preserver-spaces=\"true\">El costo de env\u00edo de devoluci\u00f3n corre por su cuenta.<\/span><\/li><\/ul><p><strong><br \/>Pol\u00edtica de devoluciones<\/strong><\/p><ul><li><span data-preserver-spaces=\"true\">Los art\u00edculos da\u00f1ados, incompletos o contaminados enviados por el cliente no ser\u00e1n aceptados y no se otorgar\u00e1n reembolsos.<\/span><\/li><li><span data-preserver-spaces=\"true\">Todos los art\u00edculos devueltos deben enviarse como nuevos, en su embalaje original y sin usar.<\/span><\/li><li><span data-preserver-spaces=\"true\">No nos hacemos responsables de los art\u00edculos perdidos durante la devoluci\u00f3n.<\/span><\/li><li><span data-preserver-spaces=\"true\">Recibir\u00e1 un reembolso completo si su solicitud de devoluci\u00f3n cumple con nuestra pol\u00edtica.<\/span><\/li><\/ul>\t\t\t\t\t\t<\/div>\n\t\t\t\t<\/div>\n\t\t\t\t<div class=\"elementor-element elementor-element-9bf338b elementor-hidden-desktop elementor-hidden-tablet elementor-hidden-phone elementor-widget elementor-widget-text-editor\" data-id=\"9bf338b\" data-element_type=\"widget\" data-widget_type=\"text-editor.default\">\n\t\t\t\t<div class=\"elementor-widget-container\">\n\t\t\t\t\t\t\t<p>Los clientes tienen hasta <b>14 d\u00edas desde la fecha de entrega<\/b> para ejercer su derecho a devolver productos y solicitar un reembolso o cambio. Antes de que se pueda procesar cualquier reembolso o cambio, el cliente debe completar el formulario de devoluci\u00f3n a trav\u00e9s del enlace a continuaci\u00f3n para ser elegible para la devoluci\u00f3n. Todos los productos deben ser devueltos por el cliente a REISER a su cargo. Los art\u00edculos deben devolverse a REISER a m\u00e1s tardar 14 d\u00edas a partir de la fecha de recepci\u00f3n del paquete.<\/p><p>Todos los art\u00edculos devueltos deben devolverse en su embalaje original y sin usar. El precio de compra original de los bienes se reembolsar\u00e1 al cliente una vez que REISER reciba los bienes.<\/p><p>En el caso de cambios, el producto de reemplazo se enviar\u00e1 una vez que REISER haya recibido el art\u00edculo devuelto. Los art\u00edculos da\u00f1ados, incompletos o contaminados enviados por el cliente no ser\u00e1n aceptados y no se otorgar\u00e1n reembolsos ni cambios.<\/p><p>REISER no se hace responsable de los art\u00edculos perdidos durante la devoluci\u00f3n.<\/p>\t\t\t\t\t\t<\/div>\n\t\t\t\t<\/div>\n\t\t\t\t<div class=\"elementor-element elementor-element-67ff71a elementor-widget elementor-widget-heading\" data-id=\"67ff71a\" data-element_type=\"widget\" data-widget_type=\"heading.default\">\n\t\t\t\t<div class=\"elementor-widget-container\">\n\t\t\t<h3 class=\"elementor-heading-title elementor-size-default\">Enviar una solicitud de devoluci\u00f3n<\/h3>\t\t<\/div>\n\t\t\t\t<\/div>\n\t\t\t\t<div class=\"elementor-element elementor-element-c4fc787 elementor-widget elementor-widget-text-editor\" data-id=\"c4fc787\" data-element_type=\"widget\" data-widget_type=\"text-editor.default\">\n\t\t\t\t<div class=\"elementor-widget-container\">\n\t\t\t\t\t\t\t<p>Complete todos los campos del formulario a continuaci\u00f3n. Proporcionar informaci\u00f3n precisa y detallada ayudar\u00e1 a nuestro equipo a procesar su devoluci\u00f3n lo m\u00e1s r\u00e1pido posible.<\/p>\t\t\t\t\t\t<\/div>\n\t\t\t\t<\/div>\n\t\t\t\t<div class=\"elementor-element elementor-element-c0895bc elementor-button-align-stretch elementor-widget elementor-widget-form\" data-id=\"c0895bc\" data-element_type=\"widget\" data-settings=\"{&quot;button_width&quot;:&quot;60&quot;,&quot;step_next_label&quot;:&quot;Next&quot;,&quot;step_previous_label&quot;:&quot;Previous&quot;,&quot;step_type&quot;:&quot;number_text&quot;,&quot;step_icon_shape&quot;:&quot;circle&quot;}\" data-widget_type=\"form.default\">\n\t\t\t\t<div class=\"elementor-widget-container\">\n\t\t\t\t\t<form class=\"elementor-form\" method=\"post\" name=\"New Form\" action=\"\">\n\t\t\t<input type=\"hidden\" name=\"post_id\" value=\"3235\"\/>\n\t\t\t<input type=\"hidden\" name=\"form_id\" value=\"c0895bc\"\/>\n\t\t\t<input type=\"hidden\" name=\"referer_title\" value=\"\" \/>\n\n\t\t\t\n\t\t\t<div class=\"elementor-form-fields-wrapper elementor-labels-above\">\n\t\t\t\t\t\t\t\t<div class=\"elementor-field-type-text elementor-field-group elementor-column elementor-field-group-name elementor-col-60\">\n\t\t\t\t\t\t\t\t\t\t\t\t<label for=\"form-field-name\" class=\"elementor-field-label\">\n\t\t\t\t\t\t\t\tNombre\t\t\t\t\t\t\t<\/label>\n\t\t\t\t\t\t\t\t\t\t\t\t\t\t<input size=\"1\" type=\"text\" name=\"form_fields[name]\" id=\"form-field-name\" class=\"elementor-field elementor-size-sm  elementor-field-textual\" placeholder=\"Nombre\">\n\t\t\t\t\t\t\t\t\t\t\t<\/div>\n\t\t\t\t\t\t\t\t<div class=\"elementor-field-type-email elementor-field-group elementor-column elementor-field-group-email elementor-col-60 elementor-field-required\">\n\t\t\t\t\t\t\t\t\t\t\t\t<label for=\"form-field-email\" class=\"elementor-field-label\">\n\t\t\t\t\t\t\t\tCorreo electr\u00f3nico\t\t\t\t\t\t\t<\/label>\n\t\t\t\t\t\t\t\t\t\t\t\t\t\t<input size=\"1\" type=\"email\" name=\"form_fields[email]\" id=\"form-field-email\" class=\"elementor-field elementor-size-sm  elementor-field-textual\" placeholder=\"Correo electr\u00f3nico\" required=\"required\" aria-required=\"true\">\n\t\t\t\t\t\t\t\t\t\t\t<\/div>\n\t\t\t\t\t\t\t\t<div class=\"elementor-field-type-text elementor-field-group elementor-column elementor-field-group-field_194ff3b elementor-col-60 elementor-field-required\">\n\t\t\t\t\t\t\t\t\t\t\t\t<label for=\"form-field-field_194ff3b\" class=\"elementor-field-label\">\n\t\t\t\t\t\t\t\tN\u00famero de orden\t\t\t\t\t\t\t<\/label>\n\t\t\t\t\t\t\t\t\t\t\t\t\t\t<input size=\"1\" type=\"text\" name=\"form_fields[field_194ff3b]\" id=\"form-field-field_194ff3b\" class=\"elementor-field elementor-size-sm  elementor-field-textual\" placeholder=\"N\u00famero de orden\" required=\"required\" aria-required=\"true\">\n\t\t\t\t\t\t\t\t\t\t\t<\/div>\n\t\t\t\t\t\t\t\t<div class=\"elementor-field-type-textarea elementor-field-group elementor-column elementor-field-group-message elementor-col-60\">\n\t\t\t\t\t\t\t\t\t\t\t\t<label for=\"form-field-message\" class=\"elementor-field-label\">\n\t\t\t\t\t\t\t\t\u00bfC\u00f3mo podemos ayudar?\t\t\t\t\t\t\t<\/label>\n\t\t\t\t\t\t<textarea class=\"elementor-field-textual elementor-field  elementor-size-sm\" name=\"form_fields[message]\" id=\"form-field-message\" rows=\"4\" placeholder=\"...\"><\/textarea>\t\t\t\t<\/div>\n\t\t\t\t\t\t\t\t<div class=\"elementor-field-group elementor-column elementor-field-type-submit elementor-col-60 e-form__buttons\">\n\t\t\t\t\t<button type=\"submit\" class=\"elementor-button elementor-size-sm\">\n\t\t\t\t\t\t<span >\n\t\t\t\t\t\t\t\t\t\t\t\t\t\t\t<span class=\"elementor-button-icon\">\n\t\t\t\t\t\t\t\t\t\t\t\t\t\t\t\t\t\t\t\t\t\t\t\t\t\t<\/span>\n\t\t\t\t\t\t\t\t\t\t\t\t\t\t\t\t\t\t\t\t\t\t<span class=\"elementor-button-text\">Enviar <\/span>\n\t\t\t\t\t\t\t\t\t\t\t\t\t<\/span>\n\t\t\t\t\t<\/button>\n\t\t\t\t<\/div>\n\t\t\t<\/div>\n\t\t<input type=\"hidden\" name=\"trp-form-language\" value=\"es\"\/><\/form>\n\t\t\t\t<\/div>\n\t\t\t\t<\/div>\n\t\t\t\t\t<\/div>\n\t\t<\/div>\n\t\t\t\t\t<\/div>\n\t\t<\/section>\n\t\t\t\t<\/div>","protected":false},"excerpt":{"rendered":"<p>Tienes derecho a devolver tu pedido en un plazo de 14 d\u00edas desde la fecha de entrega. \u00bfC\u00f3mo devolver tu pedido? Rellene el siguiente formulario de devoluci\u00f3n y recibir\u00e1 instrucciones sobre c\u00f3mo devolver su pedido. Los art\u00edculos deben devolverse a m\u00e1s tardar 14 d\u00edas a partir de la fecha en que recibi\u00f3 el paquete. Regreso [\u2026]<\/p>","protected":false},"author":1,"featured_media":0,"parent":0,"menu_order":0,"comment_status":"closed","ping_status":"closed","template":"elementor_theme","meta":{"_acf_changed":false,"footnotes":""},"class_list":["post-3235","page","type-page","status-publish","hentry"],"acf":[],"_links":{"self":[{"href":"https:\/\/www.reiserwatches.com\/es\/wp-json\/wp\/v2\/pages\/3235","targetHints":{"allow":["GET"]}}],"collection":[{"href":"https:\/\/www.reiserwatches.com\/es\/wp-json\/wp\/v2\/pages"}],"about":[{"href":"https:\/\/www.reiserwatches.com\/es\/wp-json\/wp\/v2\/types\/page"}],"author":[{"embeddable":true,"href":"https:\/\/www.reiserwatches.com\/es\/wp-json\/wp\/v2\/users\/1"}],"replies":[{"embeddable":true,"href":"https:\/\/www.reiserwatches.com\/es\/wp-json\/wp\/v2\/comments?post=3235"}],"version-history":[{"count":0,"href":"https:\/\/www.reiserwatches.com\/es\/wp-json\/wp\/v2\/pages\/3235\/revisions"}],"wp:attachment":[{"href":"https:\/\/www.reiserwatches.com\/es\/wp-json\/wp\/v2\/media?parent=3235"}],"curies":[{"name":"wp","href":"https:\/\/api.w.org\/{rel}","templated":true}]}}