{"id":1014,"date":"2020-09-23T11:35:21","date_gmt":"2020-09-23T11:35:21","guid":{"rendered":"http:\/\/rrnewlayout.kinsta.cloud\/?post_type=product&#038;p=1014"},"modified":"2023-03-14T15:23:17","modified_gmt":"2023-03-14T13:23:17","slug":"alpen-date-emerald-green","status":"publish","type":"product","link":"https:\/\/www.reiserwatches.com\/es\/r\/alpen-date-emerald-green\/","title":{"rendered":"ALPEN Date \u2013 Verde esmeralda"},"content":{"rendered":"","protected":false},"excerpt":{"rendered":"<p>ALPEN Date es la versi\u00f3n cl\u00e1sica de la nueva colecci\u00f3n REISER. Un dial de tres manecillas sofisticado pero sencillo.<\/p>\n<p>Nuestra esfera con dise\u00f1o labrado juega bien con la luz de manera sutil. El fondo de la caja de exhibici\u00f3n muestra un rotor de oro rosa de dise\u00f1o personalizado, con acabado Geneva Stripes.<\/p>","protected":false},"featured_media":10803,"template":"","meta":{"_acf_changed":false},"product_cat":[15],"product_tag":[21,52],"class_list":{"0":"post-1014","1":"product","2":"type-product","3":"status-publish","4":"has-post-thumbnail","6":"product_cat-uncategorized","7":"product_tag-rr01","8":"product_tag-steel","10":"first","11":"outofstock","12":"taxable","13":"shipping-taxable","14":"purchasable","15":"product-type-simple"},"acf":[],"gallery_images":[10780,10819,10860,10852],"_links":{"self":[{"href":"https:\/\/www.reiserwatches.com\/es\/wp-json\/wp\/v2\/product\/1014","targetHints":{"allow":["GET"]}}],"collection":[{"href":"https:\/\/www.reiserwatches.com\/es\/wp-json\/wp\/v2\/product"}],"about":[{"href":"https:\/\/www.reiserwatches.com\/es\/wp-json\/wp\/v2\/types\/product"}],"version-history":[{"count":0,"href":"https:\/\/www.reiserwatches.com\/es\/wp-json\/wp\/v2\/product\/1014\/revisions"}],"wp:featuredmedia":[{"embeddable":true,"href":"https:\/\/www.reiserwatches.com\/es\/wp-json\/wp\/v2\/media\/10803"}],"wp:attachment":[{"href":"https:\/\/www.reiserwatches.com\/es\/wp-json\/wp\/v2\/media?parent=1014"}],"wp:term":[{"taxonomy":"product_cat","embeddable":true,"href":"https:\/\/www.reiserwatches.com\/es\/wp-json\/wp\/v2\/product_cat?post=1014"},{"taxonomy":"product_tag","embeddable":true,"href":"https:\/\/www.reiserwatches.com\/es\/wp-json\/wp\/v2\/product_tag?post=1014"}],"curies":[{"name":"wp","href":"https:\/\/api.w.org\/{rel}","templated":true}]}}