{"id":4685,"date":"2020-12-21T15:13:36","date_gmt":"2020-12-21T15:13:36","guid":{"rendered":"http:\/\/www.reiserwatches.com\/?post_type=product&#038;p=4685"},"modified":"2021-12-29T15:16:06","modified_gmt":"2021-12-29T13:16:06","slug":"alpen-chrono-gun-metal-nbr","status":"publish","type":"product","link":"https:\/\/www.reiserwatches.com\/es\/r\/alpen-chrono-gun-metal-nbr\/","title":{"rendered":"ALPEN Chrono \u2013 Gun Metal (Caucho NBR)"},"content":{"rendered":"","protected":false},"excerpt":{"rendered":"<p>Presentamos el ALPEN Chrono. Ninguna colecci\u00f3n estar\u00eda completa sin un cron\u00f3grafo.<\/p>\n<p>Podr\u00eda decirse que el dise\u00f1o es el m\u00e1s fuerte de la gama, ya que las fuentes sofisticadas, los anillos de la esfera secundaria y la esfera en forma de rayos de sol se fusionan en perfecta armon\u00eda.<\/p>","protected":false},"featured_media":10814,"template":"","meta":{"_acf_changed":false},"product_cat":[15],"product_tag":[23],"class_list":{"0":"post-4685","1":"product","2":"type-product","3":"status-publish","4":"has-post-thumbnail","6":"product_cat-uncategorized","7":"product_tag-rr03","9":"first","10":"outofstock","11":"taxable","12":"shipping-taxable","13":"purchasable","14":"product-type-simple"},"acf":[],"gallery_images":[10770,10830,10871,10847],"_links":{"self":[{"href":"https:\/\/www.reiserwatches.com\/es\/wp-json\/wp\/v2\/product\/4685","targetHints":{"allow":["GET"]}}],"collection":[{"href":"https:\/\/www.reiserwatches.com\/es\/wp-json\/wp\/v2\/product"}],"about":[{"href":"https:\/\/www.reiserwatches.com\/es\/wp-json\/wp\/v2\/types\/product"}],"version-history":[{"count":0,"href":"https:\/\/www.reiserwatches.com\/es\/wp-json\/wp\/v2\/product\/4685\/revisions"}],"wp:featuredmedia":[{"embeddable":true,"href":"https:\/\/www.reiserwatches.com\/es\/wp-json\/wp\/v2\/media\/10814"}],"wp:attachment":[{"href":"https:\/\/www.reiserwatches.com\/es\/wp-json\/wp\/v2\/media?parent=4685"}],"wp:term":[{"taxonomy":"product_cat","embeddable":true,"href":"https:\/\/www.reiserwatches.com\/es\/wp-json\/wp\/v2\/product_cat?post=4685"},{"taxonomy":"product_tag","embeddable":true,"href":"https:\/\/www.reiserwatches.com\/es\/wp-json\/wp\/v2\/product_tag?post=4685"}],"curies":[{"name":"wp","href":"https:\/\/api.w.org\/{rel}","templated":true}]}}