{"id":1962,"date":"2020-09-30T15:40:06","date_gmt":"2020-09-30T15:40:06","guid":{"rendered":"http:\/\/rrnewlayout.kinsta.cloud\/?page_id=1962"},"modified":"2022-06-15T16:10:28","modified_gmt":"2022-06-15T14:10:28","slug":"made-in-germany","status":"publish","type":"page","link":"https:\/\/www.reiserwatches.com\/fr\/made-in-germany\/","title":{"rendered":"Fabriqu\u00e9 en Allemagne"},"content":{"rendered":"<div data-elementor-type=\"wp-page\" data-elementor-id=\"1962\" class=\"elementor elementor-1962\" data-elementor-post-type=\"page\">\n\t\t\t\t\t\t<section class=\"elementor-section elementor-top-section elementor-element elementor-element-c7515af elementor-section-boxed elementor-section-height-default elementor-section-height-default\" data-id=\"c7515af\" data-element_type=\"section\">\n\t\t\t\t\t\t<div class=\"elementor-container elementor-column-gap-custom\">\n\t\t\t\t\t<div class=\"elementor-column elementor-col-100 elementor-top-column elementor-element elementor-element-952f0d7\" data-id=\"952f0d7\" data-element_type=\"column\">\n\t\t\t<div class=\"elementor-widget-wrap elementor-element-populated\">\n\t\t\t\t\t\t<div class=\"elementor-element elementor-element-3c10ddc elementor-widget elementor-widget-image\" data-id=\"3c10ddc\" data-element_type=\"widget\" data-widget_type=\"image.default\">\n\t\t\t\t<div class=\"elementor-widget-container\">\n\t\t\t\t\t\t\t\t\t\t\t\t\t<img fetchpriority=\"high\" decoding=\"async\" width=\"300\" height=\"300\" src=\"https:\/\/www.reiserwatches.com\/wp-content\/uploads\/2021\/06\/strap-300x300.jpg\" class=\"attachment-medium size-medium wp-image-14006\" alt=\"\" srcset=\"https:\/\/www.reiserwatches.com\/wp-content\/uploads\/2021\/06\/strap-300x300.jpg 300w, https:\/\/www.reiserwatches.com\/wp-content\/uploads\/2021\/06\/strap-322x322.jpg 322w, https:\/\/www.reiserwatches.com\/wp-content\/uploads\/2021\/06\/strap-555x555.jpg 555w, https:\/\/www.reiserwatches.com\/wp-content\/uploads\/2021\/06\/strap.jpg 1024w, https:\/\/www.reiserwatches.com\/wp-content\/uploads\/2021\/06\/strap-150x150.jpg 150w, https:\/\/www.reiserwatches.com\/wp-content\/uploads\/2021\/06\/strap-768x768.jpg 768w, https:\/\/www.reiserwatches.com\/wp-content\/uploads\/2021\/06\/strap-12x12.jpg 12w\" sizes=\"(max-width: 300px) 100vw, 300px\" \/>\t\t\t\t\t\t\t\t\t\t\t\t\t<\/div>\n\t\t\t\t<\/div>\n\t\t\t\t<div class=\"elementor-element elementor-element-00f6e40 elementor-widget elementor-widget-heading\" data-id=\"00f6e40\" data-element_type=\"widget\" data-widget_type=\"heading.default\">\n\t\t\t\t<div class=\"elementor-widget-container\">\n\t\t\t<h1 class=\"elementor-heading-title elementor-size-default\">Fabriqu\u00e9 en Allemagne<\/h1>\t\t<\/div>\n\t\t\t\t<\/div>\n\t\t\t\t<div class=\"elementor-element elementor-element-e2a6cdb elementor-widget elementor-widget-text-editor\" data-id=\"e2a6cdb\" data-element_type=\"widget\" data-widget_type=\"text-editor.default\">\n\t\t\t\t<div class=\"elementor-widget-container\">\n\t\t\t\t\t\t\t<p>Un label de qualit\u00e9 internationalement reconnu.<\/p>\t\t\t\t\t\t<\/div>\n\t\t\t\t<\/div>\n\t\t\t\t\t<\/div>\n\t\t<\/div>\n\t\t\t\t\t<\/div>\n\t\t<\/section>\n\t\t\t\t<section class=\"elementor-section elementor-top-section elementor-element elementor-element-5f7d192 elementor-section-boxed elementor-section-height-default elementor-section-height-default\" data-id=\"5f7d192\" data-element_type=\"section\">\n\t\t\t\t\t\t<div class=\"elementor-container elementor-column-gap-default\">\n\t\t\t\t\t<div class=\"elementor-column elementor-col-50 elementor-top-column elementor-element elementor-element-e52bea8\" data-id=\"e52bea8\" data-element_type=\"column\">\n\t\t\t<div class=\"elementor-widget-wrap elementor-element-populated\">\n\t\t\t\t\t\t<div class=\"elementor-element elementor-element-7864425 elementor-widget elementor-widget-image\" data-id=\"7864425\" data-element_type=\"widget\" data-widget_type=\"image.default\">\n\t\t\t\t<div class=\"elementor-widget-container\">\n\t\t\t\t\t\t\t\t\t\t\t\t\t<img decoding=\"async\" width=\"792\" height=\"594\" src=\"https:\/\/www.reiserwatches.com\/wp-content\/uploads\/2021\/04\/germany.jpg\" class=\"attachment-large size-large wp-image-11684\" alt=\"\" srcset=\"https:\/\/www.reiserwatches.com\/wp-content\/uploads\/2021\/04\/germany.jpg 792w, https:\/\/www.reiserwatches.com\/wp-content\/uploads\/2021\/04\/germany-322x242.jpg 322w, https:\/\/www.reiserwatches.com\/wp-content\/uploads\/2021\/04\/germany-555x416.jpg 555w, https:\/\/www.reiserwatches.com\/wp-content\/uploads\/2021\/04\/germany-300x225.jpg 300w, https:\/\/www.reiserwatches.com\/wp-content\/uploads\/2021\/04\/germany-768x576.jpg 768w, https:\/\/www.reiserwatches.com\/wp-content\/uploads\/2021\/04\/germany-16x12.jpg 16w\" sizes=\"(max-width: 792px) 100vw, 792px\" \/>\t\t\t\t\t\t\t\t\t\t\t\t\t<\/div>\n\t\t\t\t<\/div>\n\t\t\t\t\t<\/div>\n\t\t<\/div>\n\t\t\t\t<div class=\"elementor-column elementor-col-50 elementor-top-column elementor-element elementor-element-b3c4848\" data-id=\"b3c4848\" data-element_type=\"column\" data-settings=\"{&quot;background_background&quot;:&quot;classic&quot;}\">\n\t\t\t<div class=\"elementor-widget-wrap elementor-element-populated\">\n\t\t\t\t\t\t<div class=\"elementor-element elementor-element-c2075cc elementor-widget elementor-widget-heading\" data-id=\"c2075cc\" data-element_type=\"widget\" data-widget_type=\"heading.default\">\n\t\t\t\t<div class=\"elementor-widget-container\">\n\t\t\t<h2 class=\"elementor-heading-title elementor-size-default\">La ville de Pforzheim<\/h2>\t\t<\/div>\n\t\t\t\t<\/div>\n\t\t\t\t<div class=\"elementor-element elementor-element-9e8df1d elementor-widget elementor-widget-text-editor\" data-id=\"9e8df1d\" data-element_type=\"widget\" data-widget_type=\"text-editor.default\">\n\t\t\t\t<div class=\"elementor-widget-container\">\n\t\t\t\t\t\t\t<p>L&#039;Allemagne est mondialement connue comme incubateur de technologies de pointe, d&#039;ing\u00e9nierie de haute performance et de progr\u00e8s horloger.<\/p><p>Tout a commenc\u00e9 dans les ann\u00e9es 1700, dans la ville de Pforzheim, o\u00f9 des artisans qualifi\u00e9s ont d\u00e9velopp\u00e9 certains des instruments de chronom\u00e9trage les plus avanc\u00e9s.<\/p>\t\t\t\t\t\t<\/div>\n\t\t\t\t<\/div>\n\t\t\t\t\t<\/div>\n\t\t<\/div>\n\t\t\t\t\t<\/div>\n\t\t<\/section>\n\t\t\t\t<section class=\"elementor-section elementor-top-section elementor-element elementor-element-fd5a7f4 elementor-reverse-mobile elementor-section-boxed elementor-section-height-default elementor-section-height-default\" data-id=\"fd5a7f4\" data-element_type=\"section\">\n\t\t\t\t\t\t<div class=\"elementor-container elementor-column-gap-default\">\n\t\t\t\t\t<div class=\"elementor-column elementor-col-50 elementor-top-column elementor-element elementor-element-d4f0521\" data-id=\"d4f0521\" data-element_type=\"column\">\n\t\t\t<div class=\"elementor-widget-wrap elementor-element-populated\">\n\t\t\t\t\t\t<div class=\"elementor-element elementor-element-8157cf5 elementor-widget elementor-widget-heading\" data-id=\"8157cf5\" data-element_type=\"widget\" data-widget_type=\"heading.default\">\n\t\t\t\t<div class=\"elementor-widget-container\">\n\t\t\t<h2 class=\"elementor-heading-title elementor-size-default\">Con\u00e7u aux Pays-Bas<\/h2>\t\t<\/div>\n\t\t\t\t<\/div>\n\t\t\t\t<div class=\"elementor-element elementor-element-5eeabc1 elementor-widget elementor-widget-text-editor\" data-id=\"5eeabc1\" data-element_type=\"widget\" data-widget_type=\"text-editor.default\">\n\t\t\t\t<div class=\"elementor-widget-container\">\n\t\t\t\t\t\t\t<p>Pendant ce temps, les Hollandais avaient d\u00e9j\u00e0 cultiv\u00e9 une profonde compr\u00e9hension des arts. Aujourd&#039;hui, ils sont consid\u00e9r\u00e9s comme l&#039;un des pays les plus influents du monde de l&#039;art, r\u00e9put\u00e9s pour leurs designs \u00e9pur\u00e9s, intelligents et minimalistes.<\/p><p>Notre touche cr\u00e9ative est intrins\u00e8que \u00e0 notre origine n\u00e9erlandaise et \u00e0 notre lien avec le progr\u00e8s artistique.<\/p>\t\t\t\t\t\t<\/div>\n\t\t\t\t<\/div>\n\t\t\t\t\t<\/div>\n\t\t<\/div>\n\t\t\t\t<div class=\"elementor-column elementor-col-50 elementor-top-column elementor-element elementor-element-308255d\" data-id=\"308255d\" data-element_type=\"column\">\n\t\t\t<div class=\"elementor-widget-wrap elementor-element-populated\">\n\t\t\t\t\t\t<div class=\"elementor-element elementor-element-5ace8ff elementor-widget elementor-widget-image\" data-id=\"5ace8ff\" data-element_type=\"widget\" data-widget_type=\"image.default\">\n\t\t\t\t<div class=\"elementor-widget-container\">\n\t\t\t\t\t\t\t\t\t\t\t\t\t<img decoding=\"async\" width=\"800\" height=\"600\" src=\"https:\/\/www.reiserwatches.com\/wp-content\/uploads\/2021\/04\/designedinnetherlands-1024x768.jpg\" class=\"attachment-large size-large wp-image-11659\" alt=\"\" srcset=\"https:\/\/www.reiserwatches.com\/wp-content\/uploads\/2021\/04\/designedinnetherlands-1024x768.jpg 1024w, https:\/\/www.reiserwatches.com\/wp-content\/uploads\/2021\/04\/designedinnetherlands-322x242.jpg 322w, https:\/\/www.reiserwatches.com\/wp-content\/uploads\/2021\/04\/designedinnetherlands-555x416.jpg 555w, https:\/\/www.reiserwatches.com\/wp-content\/uploads\/2021\/04\/designedinnetherlands-300x225.jpg 300w, https:\/\/www.reiserwatches.com\/wp-content\/uploads\/2021\/04\/designedinnetherlands-768x576.jpg 768w, https:\/\/www.reiserwatches.com\/wp-content\/uploads\/2021\/04\/designedinnetherlands-16x12.jpg 16w, https:\/\/www.reiserwatches.com\/wp-content\/uploads\/2021\/04\/designedinnetherlands.jpg 1028w\" sizes=\"(max-width: 800px) 100vw, 800px\" \/>\t\t\t\t\t\t\t\t\t\t\t\t\t<\/div>\n\t\t\t\t<\/div>\n\t\t\t\t\t<\/div>\n\t\t<\/div>\n\t\t\t\t\t<\/div>\n\t\t<\/section>\n\t\t\t\t<section class=\"elementor-section elementor-top-section elementor-element elementor-element-d96ec75 elementor-section-boxed elementor-section-height-default elementor-section-height-default\" data-id=\"d96ec75\" data-element_type=\"section\" data-settings=\"{&quot;background_background&quot;:&quot;classic&quot;}\">\n\t\t\t\t\t\t<div class=\"elementor-container elementor-column-gap-default\">\n\t\t\t\t\t<div class=\"elementor-column elementor-col-50 elementor-top-column elementor-element elementor-element-5fad23a\" data-id=\"5fad23a\" data-element_type=\"column\">\n\t\t\t<div class=\"elementor-widget-wrap elementor-element-populated\">\n\t\t\t\t\t\t<div class=\"elementor-element elementor-element-0e95b0d elementor-widget elementor-widget-image\" data-id=\"0e95b0d\" data-element_type=\"widget\" data-widget_type=\"image.default\">\n\t\t\t\t<div class=\"elementor-widget-container\">\n\t\t\t\t\t\t\t\t\t\t\t\t\t<img loading=\"lazy\" decoding=\"async\" width=\"800\" height=\"600\" src=\"https:\/\/www.reiserwatches.com\/wp-content\/uploads\/2021\/04\/Untitled-2-1024x768.jpg\" class=\"attachment-large size-large wp-image-11655\" alt=\"\" srcset=\"https:\/\/www.reiserwatches.com\/wp-content\/uploads\/2021\/04\/Untitled-2-1024x768.jpg 1024w, https:\/\/www.reiserwatches.com\/wp-content\/uploads\/2021\/04\/Untitled-2-322x242.jpg 322w, https:\/\/www.reiserwatches.com\/wp-content\/uploads\/2021\/04\/Untitled-2-555x416.jpg 555w, https:\/\/www.reiserwatches.com\/wp-content\/uploads\/2021\/04\/Untitled-2-300x225.jpg 300w, https:\/\/www.reiserwatches.com\/wp-content\/uploads\/2021\/04\/Untitled-2-768x576.jpg 768w, https:\/\/www.reiserwatches.com\/wp-content\/uploads\/2021\/04\/Untitled-2-16x12.jpg 16w, https:\/\/www.reiserwatches.com\/wp-content\/uploads\/2021\/04\/Untitled-2.jpg 1028w\" sizes=\"(max-width: 800px) 100vw, 800px\" \/>\t\t\t\t\t\t\t\t\t\t\t\t\t<\/div>\n\t\t\t\t<\/div>\n\t\t\t\t\t<\/div>\n\t\t<\/div>\n\t\t\t\t<div class=\"elementor-column elementor-col-50 elementor-top-column elementor-element elementor-element-de1f5cc\" data-id=\"de1f5cc\" data-element_type=\"column\">\n\t\t\t<div class=\"elementor-widget-wrap elementor-element-populated\">\n\t\t\t\t\t\t<div class=\"elementor-element elementor-element-91e2355 elementor-widget elementor-widget-heading\" data-id=\"91e2355\" data-element_type=\"widget\" data-widget_type=\"heading.default\">\n\t\t\t\t<div class=\"elementor-widget-container\">\n\t\t\t<h2 class=\"elementor-heading-title elementor-size-default\">Fabriqu\u00e9 en Allemagne<\/h2>\t\t<\/div>\n\t\t\t\t<\/div>\n\t\t\t\t<div class=\"elementor-element elementor-element-e4f90f5 elementor-widget elementor-widget-text-editor\" data-id=\"e4f90f5\" data-element_type=\"widget\" data-widget_type=\"text-editor.default\">\n\t\t\t\t<div class=\"elementor-widget-container\">\n\t\t\t\t\t\t\t<p>Nous r\u00e9sumons \u00e0 la fois nos origines allemandes et n\u00e9erlandaises et honorons l&#039;histoire profonde de chaque culture.<\/p><p>Nous sommes fiers de notre h\u00e9ritage multiculturel et incarnons la poursuite des deux voyages.<\/p><p>Nos montres sont assembl\u00e9es en Allemagne et portent le label \u00ab Made in Germany \u00bb : une garantie de qualit\u00e9 et de pr\u00e9cision bas\u00e9e sur des crit\u00e8res stricts d\u00e9finis par la loi.<\/p>\t\t\t\t\t\t<\/div>\n\t\t\t\t<\/div>\n\t\t\t\t\t<\/div>\n\t\t<\/div>\n\t\t\t\t\t<\/div>\n\t\t<\/section>\n\t\t\t\t<\/div>","protected":false},"excerpt":{"rendered":"<p>Fabriqu\u00e9 en Allemagne Un label de qualit\u00e9 internationalement reconnu. La ville de Pforzheim Allemagne est reconnue mondialement comme un incubateur de technologies de pointe, d&#039;ing\u00e9nierie de haute performance et de progr\u00e8s horloger. Tout a commenc\u00e9 dans les ann\u00e9es 1700, dans la ville de Pforzheim, o\u00f9 des artisans qualifi\u00e9s ont d\u00e9velopp\u00e9 certains des instruments de chronom\u00e9trage les plus avanc\u00e9s. Con\u00e7u aux Pays-Bas Pendant ce temps, le [\u2026]<\/p>","protected":false},"author":1,"featured_media":0,"parent":0,"menu_order":0,"comment_status":"closed","ping_status":"closed","template":"elementor_header_footer","meta":{"_acf_changed":false,"footnotes":""},"class_list":["post-1962","page","type-page","status-publish","hentry"],"acf":[],"_links":{"self":[{"href":"https:\/\/www.reiserwatches.com\/fr\/wp-json\/wp\/v2\/pages\/1962","targetHints":{"allow":["GET"]}}],"collection":[{"href":"https:\/\/www.reiserwatches.com\/fr\/wp-json\/wp\/v2\/pages"}],"about":[{"href":"https:\/\/www.reiserwatches.com\/fr\/wp-json\/wp\/v2\/types\/page"}],"author":[{"embeddable":true,"href":"https:\/\/www.reiserwatches.com\/fr\/wp-json\/wp\/v2\/users\/1"}],"replies":[{"embeddable":true,"href":"https:\/\/www.reiserwatches.com\/fr\/wp-json\/wp\/v2\/comments?post=1962"}],"version-history":[{"count":0,"href":"https:\/\/www.reiserwatches.com\/fr\/wp-json\/wp\/v2\/pages\/1962\/revisions"}],"wp:attachment":[{"href":"https:\/\/www.reiserwatches.com\/fr\/wp-json\/wp\/v2\/media?parent=1962"}],"curies":[{"name":"wp","href":"https:\/\/api.w.org\/{rel}","templated":true}]}}