{"id":2080,"date":"2020-10-01T13:41:24","date_gmt":"2020-10-01T13:41:24","guid":{"rendered":"http:\/\/rrnewlayout.kinsta.cloud\/?page_id=2080"},"modified":"2022-11-21T13:35:47","modified_gmt":"2022-11-21T11:35:47","slug":"shipping","status":"publish","type":"page","link":"https:\/\/www.reiserwatches.com\/fr\/shipping\/","title":{"rendered":"Informations sur la livraison"},"content":{"rendered":"<div data-elementor-type=\"wp-page\" data-elementor-id=\"2080\" class=\"elementor elementor-2080\" data-elementor-post-type=\"page\">\n\t\t\t\t\t\t<section class=\"elementor-section elementor-top-section elementor-element elementor-element-075cd41 elementor-section-boxed elementor-section-height-default elementor-section-height-default\" data-id=\"075cd41\" data-element_type=\"section\">\n\t\t\t\t\t\t<div class=\"elementor-container elementor-column-gap-default\">\n\t\t\t\t\t<div class=\"elementor-column elementor-col-100 elementor-top-column elementor-element elementor-element-80d221e\" data-id=\"80d221e\" data-element_type=\"column\">\n\t\t\t<div class=\"elementor-widget-wrap elementor-element-populated\">\n\t\t\t\t\t\t<div class=\"elementor-element elementor-element-5b38b83 elementor-widget elementor-widget-heading\" data-id=\"5b38b83\" data-element_type=\"widget\" data-widget_type=\"heading.default\">\n\t\t\t\t<div class=\"elementor-widget-container\">\n\t\t\t<h3 class=\"elementor-heading-title elementor-size-default\">Envoi gratuit dans le monde entier<\/h3>\t\t<\/div>\n\t\t\t\t<\/div>\n\t\t\t\t<div class=\"elementor-element elementor-element-8efdaed elementor-widget elementor-widget-text-editor\" data-id=\"8efdaed\" data-element_type=\"widget\" data-widget_type=\"text-editor.default\">\n\t\t\t\t<div class=\"elementor-widget-container\">\n\t\t\t\t\t\t\t<p><em>Derni\u00e8re mise \u00e0 jour le 21 novembre 2022.<\/em><\/p><p>Votre commande est trait\u00e9e dans les 1-2 jours ouvrables apr\u00e8s r\u00e9ception du paiement.\u00a0<\/p><p>Une fois votre commande parvenue au transporteur, un num\u00e9ro de suivi vous sera envoy\u00e9 par e-mail.<\/p><p>Pour les d\u00e9lais de livraison, veuillez consulter le tableau ci-dessous. Tous les jours mentionn\u00e9s sont des jours ouvrables.<\/p>\t\t\t\t\t\t<\/div>\n\t\t\t\t<\/div>\n\t\t\t\t<div class=\"elementor-element elementor-element-f4ba5cd elementor-widget elementor-widget-heading\" data-id=\"f4ba5cd\" data-element_type=\"widget\" data-widget_type=\"heading.default\">\n\t\t\t\t<div class=\"elementor-widget-container\">\n\t\t\t<h3 class=\"elementor-heading-title elementor-size-default\">D\u00e9lais de livraison<\/h3>\t\t<\/div>\n\t\t\t\t<\/div>\n\t\t\t\t<div class=\"elementor-element elementor-element-33a797f elementor-widget elementor-widget-toggle\" data-id=\"33a797f\" data-element_type=\"widget\" data-widget_type=\"toggle.default\">\n\t\t\t\t<div class=\"elementor-widget-container\">\n\t\t\t\t\t<div class=\"elementor-toggle\">\n\t\t\t\t\t\t\t<div class=\"elementor-toggle-item\">\n\t\t\t\t\t<div id=\"elementor-tab-title-5411\" class=\"elementor-tab-title\" data-tab=\"1\" role=\"button\" aria-controls=\"elementor-tab-content-5411\" aria-expanded=\"false\">\n\t\t\t\t\t\t\t\t\t\t\t\t<span class=\"elementor-toggle-icon elementor-toggle-icon-left\" aria-hidden=\"true\">\n\t\t\t\t\t\t\t\t\t\t\t\t\t\t\t<span class=\"elementor-toggle-icon-closed\"><i class=\"fas fa-chevron-down\"><\/i><\/span>\n\t\t\t\t\t\t\t\t<span class=\"elementor-toggle-icon-opened\"><i class=\"elementor-toggle-icon-opened fas fa-chevron-down\"><\/i><\/span>\n\t\t\t\t\t\t\t\t\t\t\t\t\t<\/span>\n\t\t\t\t\t\t\t\t\t\t\t\t<a class=\"elementor-toggle-title\" tabindex=\"0\">L&#039;Europe \uf0d7<\/a>\n\t\t\t\t\t<\/div>\n\n\t\t\t\t\t<div id=\"elementor-tab-content-5411\" class=\"elementor-tab-content elementor-clearfix\" data-tab=\"1\" role=\"region\" aria-labelledby=\"elementor-tab-title-5411\"><table dir=\"ltr\" border=\"1\" cellspacing=\"0\" cellpadding=\"0\"><colgroup><col width=\"163\" \/><col width=\"100\" \/><\/colgroup><tbody><tr><td data-sheets-value=\"{&quot;1&quot;:2,&quot;2&quot;:&quot;Austria&quot;}\">L&#039;Autriche<\/td><td data-sheets-value=\"{&quot;1&quot;:2,&quot;2&quot;:&quot;3-5 days&quot;}\">3 \u00e0 5 jours<\/td><\/tr><tr><td data-sheets-value=\"{&quot;1&quot;:2,&quot;2&quot;:&quot;Belgium&quot;}\">la Belgique<\/td><td data-sheets-value=\"{&quot;1&quot;:2,&quot;2&quot;:&quot;1-2 days&quot;}\">1 \u00e0 2 jours<\/td><\/tr><tr><td data-sheets-value=\"{&quot;1&quot;:2,&quot;2&quot;:&quot;Bulgaria&quot;}\">Bulgarie<\/td><td data-sheets-value=\"{&quot;1&quot;:2,&quot;2&quot;:&quot;4-6 days&quot;}\">4 \u00e0 6 jours<\/td><\/tr><tr><td data-sheets-value=\"{&quot;1&quot;:2,&quot;2&quot;:&quot;Croatia&quot;}\">Croatie<\/td><td data-sheets-value=\"{&quot;1&quot;:2,&quot;2&quot;:&quot;5-8 days&quot;}\">5 \u00e0 8 jours<\/td><\/tr><tr><td data-sheets-value=\"{&quot;1&quot;:2,&quot;2&quot;:&quot;Republic of Cyprus&quot;}\">R\u00e9publique de Chypre<\/td><td data-sheets-value=\"{&quot;1&quot;:2,&quot;2&quot;:&quot;4-6 days&quot;}\">4 \u00e0 6 jours<\/td><\/tr><tr><td data-sheets-value=\"{&quot;1&quot;:2,&quot;2&quot;:&quot;Czech Republic&quot;}\">R\u00e9publique Tch\u00e8que<\/td><td data-sheets-value=\"{&quot;1&quot;:2,&quot;2&quot;:&quot;3-6 days&quot;}\">3 \u00e0 6 jours<\/td><\/tr><tr><td data-sheets-value=\"{&quot;1&quot;:2,&quot;2&quot;:&quot;Denmark&quot;}\">Danemark<\/td><td data-sheets-value=\"{&quot;1&quot;:2,&quot;2&quot;:&quot;2-3 days&quot;}\">2-3 jours<\/td><\/tr><tr><td data-sheets-value=\"{&quot;1&quot;:2,&quot;2&quot;:&quot;Estonia&quot;}\">Estonie<\/td><td data-sheets-value=\"{&quot;1&quot;:2,&quot;2&quot;:&quot;4-6 days&quot;}\">4 \u00e0 6 jours<\/td><\/tr><tr><td data-sheets-value=\"{&quot;1&quot;:2,&quot;2&quot;:&quot;France&quot;}\">La France<\/td><td data-sheets-value=\"{&quot;1&quot;:2,&quot;2&quot;:&quot;2-4 days&quot;}\">2 \u00e0 4 jours<\/td><\/tr><tr><td data-sheets-value=\"{&quot;1&quot;:2,&quot;2&quot;:&quot;Germany&quot;}\">Allemagne<\/td><td data-sheets-value=\"{&quot;1&quot;:2,&quot;2&quot;:&quot;2-3 days&quot;}\">2-3 jours<\/td><\/tr><tr><td data-sheets-value=\"{&quot;1&quot;:2,&quot;2&quot;:&quot;Greece&quot;}\">Gr\u00e8ce<\/td><td data-sheets-value=\"{&quot;1&quot;:2,&quot;2&quot;:&quot;3-6 days&quot;}\">3 \u00e0 6 jours<\/td><\/tr><tr><td data-sheets-value=\"{&quot;1&quot;:2,&quot;2&quot;:&quot;Ireland&quot;}\">Irlande<\/td><td data-sheets-value=\"{&quot;1&quot;:2,&quot;2&quot;:&quot;2-4 days&quot;}\">2 \u00e0 4 jours<\/td><\/tr><tr><td data-sheets-value=\"{&quot;1&quot;:2,&quot;2&quot;:&quot;Italy&quot;}\">Italie<\/td><td data-sheets-value=\"{&quot;1&quot;:2,&quot;2&quot;:&quot;2-5 days&quot;}\">2 \u00e0 5 jours<\/td><\/tr><tr><td data-sheets-value=\"{&quot;1&quot;:2,&quot;2&quot;:&quot;Malta&quot;}\">Malte<\/td><td data-sheets-value=\"{&quot;1&quot;:2,&quot;2&quot;:&quot;3-6 days&quot;}\">3 \u00e0 6 jours<\/td><\/tr><tr><td data-sheets-value=\"{&quot;1&quot;:2,&quot;2&quot;:&quot;Netherlands&quot;}\">Pays-Bas<\/td><td data-sheets-value=\"{&quot;1&quot;:2,&quot;2&quot;:&quot;1-2 days&quot;}\">1 \u00e0 2 jours<\/td><\/tr><tr><td data-sheets-value=\"{&quot;1&quot;:2,&quot;2&quot;:&quot;Poland&quot;}\">Pologne<\/td><td data-sheets-value=\"{&quot;1&quot;:2,&quot;2&quot;:&quot;2-4 days&quot;}\">2 \u00e0 4 jours<\/td><\/tr><tr><td data-sheets-value=\"{&quot;1&quot;:2,&quot;2&quot;:&quot;Portugal&quot;}\">le Portugal<\/td><td data-sheets-value=\"{&quot;1&quot;:2,&quot;2&quot;:&quot;1-4 days&quot;}\">1 \u00e0 4 jours<\/td><\/tr><tr><td data-sheets-value=\"{&quot;1&quot;:2,&quot;2&quot;:&quot;Spain&quot;}\">Espagne<\/td><td data-sheets-value=\"{&quot;1&quot;:2,&quot;2&quot;:&quot;3-5 days&quot;}\">3 \u00e0 5 jours<\/td><\/tr><tr><td data-sheets-value=\"{&quot;1&quot;:2,&quot;2&quot;:&quot;All other EU countries:&quot;}\">Tous les autres pays de l'UE :<\/td><td data-sheets-value=\"{&quot;1&quot;:2,&quot;2&quot;:&quot;3-7 days&quot;}\">3 \u00e0 7 jours<\/td><\/tr><tr><td data-sheets-value=\"{&quot;1&quot;:2,&quot;2&quot;:&quot;Island territories&quot;}\">Territoires insulaires<\/td><td data-sheets-value=\"{&quot;1&quot;:2,&quot;2&quot;:&quot;5-24 days&quot;}\">5-24 jours<\/td><\/tr><\/tbody><\/table><\/div>\n\t\t\t\t<\/div>\n\t\t\t\t\t\t\t<div class=\"elementor-toggle-item\">\n\t\t\t\t\t<div id=\"elementor-tab-title-5412\" class=\"elementor-tab-title\" data-tab=\"2\" role=\"button\" aria-controls=\"elementor-tab-content-5412\" aria-expanded=\"false\">\n\t\t\t\t\t\t\t\t\t\t\t\t<span class=\"elementor-toggle-icon elementor-toggle-icon-left\" aria-hidden=\"true\">\n\t\t\t\t\t\t\t\t\t\t\t\t\t\t\t<span class=\"elementor-toggle-icon-closed\"><i class=\"fas fa-chevron-down\"><\/i><\/span>\n\t\t\t\t\t\t\t\t<span class=\"elementor-toggle-icon-opened\"><i class=\"elementor-toggle-icon-opened fas fa-chevron-down\"><\/i><\/span>\n\t\t\t\t\t\t\t\t\t\t\t\t\t<\/span>\n\t\t\t\t\t\t\t\t\t\t\t\t<a class=\"elementor-toggle-title\" tabindex=\"0\">Am\u00e9rique du Nord<\/a>\n\t\t\t\t\t<\/div>\n\n\t\t\t\t\t<div id=\"elementor-tab-content-5412\" class=\"elementor-tab-content elementor-clearfix\" data-tab=\"2\" role=\"region\" aria-labelledby=\"elementor-tab-title-5412\"><table dir=\"ltr\" border=\"1\" cellspacing=\"0\" cellpadding=\"0\"><colgroup><col width=\"163\" \/><col width=\"100\" \/><\/colgroup><tbody><tr><td data-sheets-value=\"{&quot;1&quot;:2,&quot;2&quot;:&quot;United States&quot;}\">\u00c9tats-Unis<\/td><td data-sheets-value=\"{&quot;1&quot;:2,&quot;2&quot;:&quot;4-9 days&quot;}\">4 \u00e0 9 jours<\/td><\/tr><tr><td data-sheets-value=\"{&quot;1&quot;:2,&quot;2&quot;:&quot;Canada&quot;}\">Canada<\/td><td data-sheets-value=\"{&quot;1&quot;:2,&quot;2&quot;:&quot;4-9 days&quot;}\">4 \u00e0 9 jours<\/td><\/tr><\/tbody><\/table><\/div>\n\t\t\t\t<\/div>\n\t\t\t\t\t\t\t<div class=\"elementor-toggle-item\">\n\t\t\t\t\t<div id=\"elementor-tab-title-5413\" class=\"elementor-tab-title\" data-tab=\"3\" role=\"button\" aria-controls=\"elementor-tab-content-5413\" aria-expanded=\"false\">\n\t\t\t\t\t\t\t\t\t\t\t\t<span class=\"elementor-toggle-icon elementor-toggle-icon-left\" aria-hidden=\"true\">\n\t\t\t\t\t\t\t\t\t\t\t\t\t\t\t<span class=\"elementor-toggle-icon-closed\"><i class=\"fas fa-chevron-down\"><\/i><\/span>\n\t\t\t\t\t\t\t\t<span class=\"elementor-toggle-icon-opened\"><i class=\"elementor-toggle-icon-opened fas fa-chevron-down\"><\/i><\/span>\n\t\t\t\t\t\t\t\t\t\t\t\t\t<\/span>\n\t\t\t\t\t\t\t\t\t\t\t\t<a class=\"elementor-toggle-title\" tabindex=\"0\">Asie<\/a>\n\t\t\t\t\t<\/div>\n\n\t\t\t\t\t<div id=\"elementor-tab-content-5413\" class=\"elementor-tab-content elementor-clearfix\" data-tab=\"3\" role=\"region\" aria-labelledby=\"elementor-tab-title-5413\"><table dir=\"ltr\" border=\"1\" cellspacing=\"0\" cellpadding=\"0\"><colgroup> <col width=\"163\" \/> <col width=\"100\" \/><\/colgroup>\n<tbody>\n<tr>\n<td data-sheets-value=\"{&quot;1&quot;:2,&quot;2&quot;:&quot;Saudi Arabia&quot;}\">Arabie Saoudite<\/td>\n<td data-sheets-value=\"{&quot;1&quot;:2,&quot;2&quot;:&quot;6-16 days&quot;}\">6 \u00e0 16 jours<\/td>\n<\/tr>\n<tr>\n<td data-sheets-value=\"{&quot;1&quot;:2,&quot;2&quot;:&quot;Qatar&quot;}\">Qatar<\/td>\n<td data-sheets-value=\"{&quot;1&quot;:2,&quot;2&quot;:&quot;5-12 days&quot;}\">5 \u00e0 12 jours<\/td>\n<\/tr>\n<tr>\n<td data-sheets-value=\"{&quot;1&quot;:2,&quot;2&quot;:&quot;Kuwait&quot;}\">Koweit<\/td>\n<td data-sheets-value=\"{&quot;1&quot;:2,&quot;2&quot;:&quot;12-25 days&quot;}\">12-25 jours<\/td>\n<\/tr>\n<tr>\n<td data-sheets-value=\"{&quot;1&quot;:2,&quot;2&quot;:&quot;United Arab Emirates&quot;}\">Emirats Arabes Unis<\/td>\n<td data-sheets-value=\"{&quot;1&quot;:2,&quot;2&quot;:&quot;4-8 days&quot;}\">4 \u00e0 8 jours<\/td>\n<\/tr>\n<tr>\n<td data-sheets-value=\"{&quot;1&quot;:2,&quot;2&quot;:&quot;Vietnam&quot;}\">Vi\u00eat Nam<\/td>\n<td data-sheets-value=\"{&quot;1&quot;:2,&quot;2&quot;:&quot;7-15 days&quot;}\">7 \u00e0 15 jours<\/td>\n<\/tr>\n<tr>\n<td data-sheets-value=\"{&quot;1&quot;:2,&quot;2&quot;:&quot;Thailand&quot;}\">Tha\u00eflande<\/td>\n<td data-sheets-value=\"{&quot;1&quot;:2,&quot;2&quot;:&quot;4-8 days&quot;}\">4 \u00e0 8 jours<\/td>\n<\/tr>\n<tr>\n<td data-sheets-value=\"{&quot;1&quot;:2,&quot;2&quot;:&quot;Malaysia&quot;}\">Malaisie<\/td>\n<td data-sheets-value=\"{&quot;1&quot;:2,&quot;2&quot;:&quot;6-14 days&quot;}\">6 \u00e0 14 jours<\/td>\n<\/tr>\n<tr>\n<td data-sheets-value=\"{&quot;1&quot;:2,&quot;2&quot;:&quot;Japan&quot;}\">Japon<\/td>\n<td data-sheets-value=\"{&quot;1&quot;:2,&quot;2&quot;:&quot;4-8 days&quot;}\">4 \u00e0 8 jours<\/td>\n<\/tr>\n<tr>\n<td data-sheets-value=\"{&quot;1&quot;:2,&quot;2&quot;:&quot;South Korea&quot;}\">Cor\u00e9e du Sud<\/td>\n<td data-sheets-value=\"{&quot;1&quot;:2,&quot;2&quot;:&quot;5-9 days&quot;}\">5 \u00e0 9 jours<\/td>\n<\/tr>\n<tr>\n<td data-sheets-value=\"{&quot;1&quot;:2,&quot;2&quot;:&quot;Hong Kong&quot;}\">Hong Kong<\/td>\n<td data-sheets-value=\"{&quot;1&quot;:2,&quot;2&quot;:&quot;4-7 days&quot;}\">4 \u00e0 7 jours<\/td>\n<\/tr>\n<tr>\n<td data-sheets-value=\"{&quot;1&quot;:2,&quot;2&quot;:&quot;Singapore&quot;}\">Singapour<\/td>\n<td data-sheets-value=\"{&quot;1&quot;:2,&quot;2&quot;:&quot;4-8 days&quot;}\">4 \u00e0 8 jours<\/td>\n<\/tr>\n<\/tbody>\n<\/table><\/div>\n\t\t\t\t<\/div>\n\t\t\t\t\t\t\t<div class=\"elementor-toggle-item\">\n\t\t\t\t\t<div id=\"elementor-tab-title-5414\" class=\"elementor-tab-title\" data-tab=\"4\" role=\"button\" aria-controls=\"elementor-tab-content-5414\" aria-expanded=\"false\">\n\t\t\t\t\t\t\t\t\t\t\t\t<span class=\"elementor-toggle-icon elementor-toggle-icon-left\" aria-hidden=\"true\">\n\t\t\t\t\t\t\t\t\t\t\t\t\t\t\t<span class=\"elementor-toggle-icon-closed\"><i class=\"fas fa-chevron-down\"><\/i><\/span>\n\t\t\t\t\t\t\t\t<span class=\"elementor-toggle-icon-opened\"><i class=\"elementor-toggle-icon-opened fas fa-chevron-down\"><\/i><\/span>\n\t\t\t\t\t\t\t\t\t\t\t\t\t<\/span>\n\t\t\t\t\t\t\t\t\t\t\t\t<a class=\"elementor-toggle-title\" tabindex=\"0\">Am\u00e9rique du Sud<\/a>\n\t\t\t\t\t<\/div>\n\n\t\t\t\t\t<div id=\"elementor-tab-content-5414\" class=\"elementor-tab-content elementor-clearfix\" data-tab=\"4\" role=\"region\" aria-labelledby=\"elementor-tab-title-5414\"><table dir=\"ltr\" border=\"1\" cellspacing=\"0\" cellpadding=\"0\"><colgroup><col width=\"163\" \/><col width=\"100\" \/><\/colgroup><tbody><tr><td data-sheets-value=\"{&quot;1&quot;:2,&quot;2&quot;:&quot;Mexico&quot;}\">Mexique<\/td><td data-sheets-value=\"{&quot;1&quot;:2,&quot;2&quot;:&quot;6-16 days&quot;}\">6 \u00e0 16 jours<\/td><\/tr><tr><td data-sheets-value=\"{&quot;1&quot;:2,&quot;2&quot;:&quot;Brazil&quot;}\">Br\u00e9sil<\/td><td data-sheets-value=\"{&quot;1&quot;:2,&quot;2&quot;:&quot;9-25 days&quot;}\">9-25 jours<\/td><\/tr><tr><td data-sheets-value=\"{&quot;1&quot;:2,&quot;2&quot;:&quot;Argentina&quot;}\">Argentine<\/td><td data-sheets-value=\"{&quot;1&quot;:2,&quot;2&quot;:&quot;12-25 days&quot;}\">12-25 jours<\/td><\/tr><tr><td data-sheets-value=\"{&quot;1&quot;:2,&quot;2&quot;:&quot;Chile&quot;}\">Chili<\/td><td data-sheets-value=\"{&quot;1&quot;:2,&quot;2&quot;:&quot;5-13 days&quot;}\">5-13 jours<\/td><\/tr><tr><td data-sheets-value=\"{&quot;1&quot;:2,&quot;2&quot;:&quot;Peru&quot;}\">P\u00e9rou<\/td><td data-sheets-value=\"{&quot;1&quot;:2,&quot;2&quot;:&quot;6-16 days&quot;}\">6 \u00e0 16 jours<\/td><\/tr><\/tbody><\/table><\/div>\n\t\t\t\t<\/div>\n\t\t\t\t\t\t\t<div class=\"elementor-toggle-item\">\n\t\t\t\t\t<div id=\"elementor-tab-title-5415\" class=\"elementor-tab-title\" data-tab=\"5\" role=\"button\" aria-controls=\"elementor-tab-content-5415\" aria-expanded=\"false\">\n\t\t\t\t\t\t\t\t\t\t\t\t<span class=\"elementor-toggle-icon elementor-toggle-icon-left\" aria-hidden=\"true\">\n\t\t\t\t\t\t\t\t\t\t\t\t\t\t\t<span class=\"elementor-toggle-icon-closed\"><i class=\"fas fa-chevron-down\"><\/i><\/span>\n\t\t\t\t\t\t\t\t<span class=\"elementor-toggle-icon-opened\"><i class=\"elementor-toggle-icon-opened fas fa-chevron-down\"><\/i><\/span>\n\t\t\t\t\t\t\t\t\t\t\t\t\t<\/span>\n\t\t\t\t\t\t\t\t\t\t\t\t<a class=\"elementor-toggle-title\" tabindex=\"0\">Oc\u00e9ane<\/a>\n\t\t\t\t\t<\/div>\n\n\t\t\t\t\t<div id=\"elementor-tab-content-5415\" class=\"elementor-tab-content elementor-clearfix\" data-tab=\"5\" role=\"region\" aria-labelledby=\"elementor-tab-title-5415\"><table dir=\"ltr\" border=\"1\" cellspacing=\"0\" cellpadding=\"0\"><colgroup><col width=\"163\" \/><col width=\"100\" \/><\/colgroup><tbody><tr><td data-sheets-value=\"{&quot;1&quot;:2,&quot;2&quot;:&quot;Australia&quot;}\">Australie<\/td><td data-sheets-value=\"{&quot;1&quot;:2,&quot;2&quot;:&quot;6-12 days&quot;}\">6 \u00e0 12 jours<\/td><\/tr><tr><td data-sheets-value=\"{&quot;1&quot;:2,&quot;2&quot;:&quot;New Zealand&quot;}\">Nouvelle-Z\u00e9lande<\/td><td data-sheets-value=\"{&quot;1&quot;:2,&quot;2&quot;:&quot;5-11 days&quot;}\">5 \u00e0 11 jours<\/td><\/tr><\/tbody><\/table><\/div>\n\t\t\t\t<\/div>\n\t\t\t\t\t\t\t<div class=\"elementor-toggle-item\">\n\t\t\t\t\t<div id=\"elementor-tab-title-5416\" class=\"elementor-tab-title\" data-tab=\"6\" role=\"button\" aria-controls=\"elementor-tab-content-5416\" aria-expanded=\"false\">\n\t\t\t\t\t\t\t\t\t\t\t\t<span class=\"elementor-toggle-icon elementor-toggle-icon-left\" aria-hidden=\"true\">\n\t\t\t\t\t\t\t\t\t\t\t\t\t\t\t<span class=\"elementor-toggle-icon-closed\"><i class=\"fas fa-chevron-down\"><\/i><\/span>\n\t\t\t\t\t\t\t\t<span class=\"elementor-toggle-icon-opened\"><i class=\"elementor-toggle-icon-opened fas fa-chevron-down\"><\/i><\/span>\n\t\t\t\t\t\t\t\t\t\t\t\t\t<\/span>\n\t\t\t\t\t\t\t\t\t\t\t\t<a class=\"elementor-toggle-title\" tabindex=\"0\">Reste du monde<\/a>\n\t\t\t\t\t<\/div>\n\n\t\t\t\t\t<div id=\"elementor-tab-content-5416\" class=\"elementor-tab-content elementor-clearfix\" data-tab=\"6\" role=\"region\" aria-labelledby=\"elementor-tab-title-5416\"><table dir=\"ltr\" border=\"1\" cellspacing=\"0\" cellpadding=\"0\"><colgroup><col width=\"163\" \/><col width=\"100\" \/><\/colgroup><tbody><tr><td data-sheets-value=\"{&quot;1&quot;:2,&quot;2&quot;:&quot;All other countries&quot;}\">Tous les autres pays<\/td><td data-sheets-value=\"{&quot;1&quot;:2,&quot;2&quot;:&quot;5-25 days&quot;}\">5-25 jours<\/td><\/tr><\/tbody><\/table><\/div>\n\t\t\t\t<\/div>\n\t\t\t\t\t\t\t\t<\/div>\n\t\t\t\t<\/div>\n\t\t\t\t<\/div>\n\t\t\t\t<div class=\"elementor-element elementor-element-a427efa elementor-widget elementor-widget-heading\" data-id=\"a427efa\" data-element_type=\"widget\" data-widget_type=\"heading.default\">\n\t\t\t\t<div class=\"elementor-widget-container\">\n\t\t\t<h3 class=\"elementor-heading-title elementor-size-default\">Taxes et droits d&#039;importation<\/h3>\t\t<\/div>\n\t\t\t\t<\/div>\n\t\t\t\t<div class=\"elementor-element elementor-element-2fbe8ec elementor-widget elementor-widget-text-editor\" data-id=\"2fbe8ec\" data-element_type=\"widget\" data-widget_type=\"text-editor.default\">\n\t\t\t\t<div class=\"elementor-widget-container\">\n\t\t\t\t\t\t\t<p>\u00c9tant donn\u00e9 que nous exp\u00e9dions depuis l&#039;Union europ\u00e9enne et que les clients de l&#039;UE n&#039;ont \u00e0 payer aucune taxe \u00e0 l&#039;importation ni aucun autre droit !\u00a0<\/p><p>Votre commande peut \u00eatre soumise \u00e0 des droits et taxes d&#039;importation, qui sont pr\u00e9lev\u00e9s une fois qu&#039;un envoi atteint votre pays. Vous devez contacter votre bureau de douane pour les montants et pourcentages sp\u00e9cifiques. REISER ne peut pas contr\u00f4ler et n&#039;est pas responsable des droits\/taxes appliqu\u00e9s \u00e0 votre colis.<\/p><p>Vous serez responsable du paiement des frais suppl\u00e9mentaires pour le d\u00e9douanement. Les politiques douani\u00e8res varient consid\u00e9rablement d&#039;un pays \u00e0 l&#039;autre; Veuillez contacter votre bureau de douane local pour plus d&#039;informations. Attention, en de rares occasions, les agents des douanes peuvent retarder la livraison de certains colis.<\/p>\t\t\t\t\t\t<\/div>\n\t\t\t\t<\/div>\n\t\t\t\t\t<\/div>\n\t\t<\/div>\n\t\t\t\t\t<\/div>\n\t\t<\/section>\n\t\t\t\t<\/div>","protected":false},"excerpt":{"rendered":"<p>Free shipping worldwide Last updated on 21 November 2022. Your order is processed within 1-2 business days after the payment is received.\u00a0 Once your order reaches the carrier, a tracking number will be sent to your e-mail. For delivery times, please see below. All days mentioned are working days. Delivery times Europe Austria 3-5 days [&hellip;]<\/p>","protected":false},"author":1,"featured_media":0,"parent":0,"menu_order":0,"comment_status":"closed","ping_status":"closed","template":"elementor_theme","meta":{"_acf_changed":false,"footnotes":""},"class_list":["post-2080","page","type-page","status-publish","hentry"],"acf":[],"_links":{"self":[{"href":"https:\/\/www.reiserwatches.com\/fr\/wp-json\/wp\/v2\/pages\/2080","targetHints":{"allow":["GET"]}}],"collection":[{"href":"https:\/\/www.reiserwatches.com\/fr\/wp-json\/wp\/v2\/pages"}],"about":[{"href":"https:\/\/www.reiserwatches.com\/fr\/wp-json\/wp\/v2\/types\/page"}],"author":[{"embeddable":true,"href":"https:\/\/www.reiserwatches.com\/fr\/wp-json\/wp\/v2\/users\/1"}],"replies":[{"embeddable":true,"href":"https:\/\/www.reiserwatches.com\/fr\/wp-json\/wp\/v2\/comments?post=2080"}],"version-history":[{"count":0,"href":"https:\/\/www.reiserwatches.com\/fr\/wp-json\/wp\/v2\/pages\/2080\/revisions"}],"wp:attachment":[{"href":"https:\/\/www.reiserwatches.com\/fr\/wp-json\/wp\/v2\/media?parent=2080"}],"curies":[{"name":"wp","href":"https:\/\/api.w.org\/{rel}","templated":true}]}}