{"id":2099,"date":"2020-10-01T13:44:06","date_gmt":"2020-10-01T13:44:06","guid":{"rendered":"http:\/\/rrnewlayout.kinsta.cloud\/?page_id=2099"},"modified":"2022-06-15T16:07:38","modified_gmt":"2022-06-15T14:07:38","slug":"terms-and-conditions","status":"publish","type":"page","link":"https:\/\/www.reiserwatches.com\/fr\/terms-and-conditions\/","title":{"rendered":"Termes et conditions"},"content":{"rendered":"<div data-elementor-type=\"wp-page\" data-elementor-id=\"2099\" class=\"elementor elementor-2099\" data-elementor-post-type=\"page\">\n\t\t\t\t\t\t<section class=\"elementor-section elementor-top-section elementor-element elementor-element-d88750e elementor-section-height-min-height elementor-section-boxed elementor-section-height-default elementor-section-items-middle\" data-id=\"d88750e\" data-element_type=\"section\" data-settings=\"{&quot;background_background&quot;:&quot;gradient&quot;,&quot;animation&quot;:&quot;none&quot;,&quot;animation_tablet&quot;:&quot;none&quot;}\">\n\t\t\t\t\t\t\t<div class=\"elementor-background-overlay\"><\/div>\n\t\t\t\t\t\t\t<div class=\"elementor-container elementor-column-gap-default\">\n\t\t\t\t\t<div class=\"elementor-column elementor-col-100 elementor-top-column elementor-element elementor-element-286ed39\" data-id=\"286ed39\" data-element_type=\"column\">\n\t\t\t<div class=\"elementor-widget-wrap elementor-element-populated\">\n\t\t\t\t\t\t<div class=\"elementor-element elementor-element-b523948 elementor-widget elementor-widget-heading\" data-id=\"b523948\" data-element_type=\"widget\" data-widget_type=\"heading.default\">\n\t\t\t\t<div class=\"elementor-widget-container\">\n\t\t\t<h1 class=\"elementor-heading-title elementor-size-default\">Termes et conditions<\/h1>\t\t<\/div>\n\t\t\t\t<\/div>\n\t\t\t\t\t<\/div>\n\t\t<\/div>\n\t\t\t\t\t<\/div>\n\t\t<\/section>\n\t\t\t\t<section class=\"elementor-section elementor-top-section elementor-element elementor-element-14e7230 elementor-section-boxed elementor-section-height-default elementor-section-height-default\" data-id=\"14e7230\" data-element_type=\"section\" data-settings=\"{&quot;background_background&quot;:&quot;classic&quot;}\">\n\t\t\t\t\t\t<div class=\"elementor-container elementor-column-gap-no\">\n\t\t\t\t\t<div class=\"elementor-column elementor-col-100 elementor-top-column elementor-element elementor-element-8e90407\" data-id=\"8e90407\" data-element_type=\"column\">\n\t\t\t<div class=\"elementor-widget-wrap elementor-element-populated\">\n\t\t\t\t\t\t<div class=\"elementor-element elementor-element-6fe4676 elementor-widget elementor-widget-text-editor\" data-id=\"6fe4676\" data-element_type=\"widget\" data-widget_type=\"text-editor.default\">\n\t\t\t\t<div class=\"elementor-widget-container\">\n\t\t\t\t\t\t\t<p><b>Modifications des pr\u00e9sentes Conditions<\/b><\/p>\n<p>REISER se r\u00e9serve le droit de modifier ou de mettre \u00e0 jour, \u00e0 tout moment et sans pr\u00e9avis, ce document et tous les autres documents collectivement reconnus comme les \u00ab\u00a0Conditions\u00a0\u00bb, et informera les utilisateurs de ce site Web en publiant ces conditions modifi\u00e9es ou mises \u00e0 jour sur cette page. Tout changement ou mise \u00e0 jour entrera en vigueur d\u00e8s sa publication sur ce site Web. Dans certaines circonstances, nous pouvons \u00e9galement choisir de vous informer des modifications ou des mises \u00e0 jour de nos Conditions par d&#039;autres moyens, par exemple en vous envoyant un e-mail.<\/p>\n<p><b>Utilisation et restrictions<\/b><\/p>\n<p>Les fonctionnalit\u00e9s de ce site Web ne peuvent \u00eatre consult\u00e9es et utilis\u00e9es que par des personnes pouvant conclure des contrats juridiquement contraignants en vertu des lois applicables, \u00e2g\u00e9es de 18 ans ou plus et qui ne sont pas interdites d&#039;utiliser le site Web en vertu des lois applicables. Vous reconnaissez et acceptez que REISER, \u00e0 sa seule discr\u00e9tion et sans pr\u00e9avis ni obligation envers vous, peut suspendre ou interrompre temporairement ou d\u00e9finitivement tout ou partie de l&#039;acc\u00e8s au site Web. Nous pouvons changer, d\u00e9placer ou supprimer des parties de, ou pouvons ajouter \u00e0 notre site Web ou \u00e0 son contenu (ci-apr\u00e8s d\u00e9fini) de temps \u00e0 autre, et ces conditions couvrent tout changement ou modification ult\u00e9rieur de notre site Web et\/ou de son contenu.<\/p>\n<p>Sauf pour l&#039;achat de marchandises sur notre site Web, notre site Web et le contenu de notre site Web (le \u00ab\u00a0Contenu\u00a0\u00bb) sont destin\u00e9s \u00e0 un usage personnel et non commercial et vous acceptez de ne pas\u00a0: (a) revendre les produits achet\u00e9s ou faire un autre usage commercial des produits, du site Web ou de son contenu (ci-apr\u00e8s d\u00e9finis)\u00a0; (b) modifier, reproduire, publier, transmettre, distribuer, afficher, cr\u00e9er des \u0153uvres d\u00e9riv\u00e9es, vendre ou participer ou exploiter de quelque mani\u00e8re que ce soit, en tout ou en partie, l&#039;un des Contenus, le site Web ou tout logiciel connexe\u00a0; (c) collecter ou utiliser des listes ou des descriptions de produits\u00a0; (d) utiliser des m\u00e9thodes d&#039;exploration de donn\u00e9es ou de collecte de donn\u00e9es similaires \u00e0 partir du site Web\u00a0; (e) utiliser, encadrer ou utiliser des techniques de cadrage pour inclure toute marque de commerce, logo ou autre information exclusive de REISER (y compris les images, le texte, la mise en page ou la conception) sans le consentement expr\u00e8s de REISER\u00a0; ou (f) \u00e0 l&#039;exception de votre utilisation du site Web tel qu&#039;express\u00e9ment autoris\u00e9 dans les pr\u00e9sentes Conditions, acc\u00e9der ou tenter d&#039;acc\u00e9der \u00e0 tout syst\u00e8me ou serveur sur lequel le site Web est h\u00e9berg\u00e9 ou modifier ou alt\u00e9rer le site Web de quelque mani\u00e8re que ce soit. Toute utilisation non autoris\u00e9e du site Web entra\u00eenera votre interdiction d&#039;utiliser le site Web.<\/p>\n<p><b>Droits de propri\u00e9t\u00e9 intellectuelle<\/b><\/p>\n<p>Le site Web et son contenu sont prot\u00e9g\u00e9s par le droit d&#039;auteur, les marques de commerce, l&#039;habillage commercial et d&#039;autres lois et REISER poss\u00e8de et\/ou utilise avec autorisation tous les droits, titres et int\u00e9r\u00eats mondiaux sur le site Web et son contenu. REISER, ALPEN et toutes les autres marques de commerce apparaissant sur le site Web sont des marques de commerce de REISER ou sont sous licence et\/ou utilis\u00e9es avec autorisation. Vous acceptez de ne pas afficher ou utiliser de telles marques sans l&#039;autorisation expresse de REISER.<\/p>\n<p><b>Commentaires des utilisateurs, commentaires, cartes postales et autres soumissions<\/b><\/p>\n<p>Les \u00ab\u00a0soumissions\u00a0\u00bb sont tout type de contenu g\u00e9n\u00e9r\u00e9 par l&#039;utilisateur sur le site Web qui a \u00e9t\u00e9 soumis par un utilisateur selon les m\u00e9thodes convenues et dans les espaces appropri\u00e9s. Ceux-ci incluent, mais sans s&#039;y limiter, les commentaires, les r\u00e9actions, les cartes postales, les suggestions, les id\u00e9es et autres soumissions divulgu\u00e9s, soumis ou offerts par vous \u00e0 REISER sur ou par ce site Web ou autrement divulgu\u00e9s, soumis ou offerts en relation avec votre utilisation de ce site Internet.<\/p>\n<p>Les soumissions sont et restent la propri\u00e9t\u00e9 de REISER. Vous acceptez, \u00e0 la demande de REISER, de c\u00e9der et de transf\u00e9rer \u00e0 REISER tous les droits sur et d\u00e9riv\u00e9s des Soumissions que vous pourriez avoir, y compris, sans s&#039;y limiter, tous les droits de propri\u00e9t\u00e9 et d&#039;utilisation, de vente et de commercialisation de la propri\u00e9t\u00e9 intellectuelle et le droit de d\u00e9poser des demandes. d&#039;enregistrer ces droits. REISER n&#039;a aucune obligation (1) de maintenir la confidentialit\u00e9 des commentaires\u00a0; (2) pour vous verser une compensation pour tout commentaire\u00a0; ou (3) pour r\u00e9pondre aux commentaires des utilisateurs.<\/p>\n<p>En faisant une soumission sur le site Web, vous acceptez que cette soumission ne viole aucun droit d&#039;un tiers, y compris le droit d&#039;auteur, la marque de commerce, la confidentialit\u00e9, le brevet ou tout autre droit personnel ou de propri\u00e9t\u00e9. De plus, dans la mesure o\u00f9 une soumission contient le v\u00f4tre ou celui de toute autre personne, votre image, votre voix ou des informations biographiques (\u00ab\u00a0Droits personnels\u00a0\u00bb), vous accordez par la pr\u00e9sente et ferez en sorte que cette autre personne accorde \u00e0 REISER un droit transf\u00e9rable, non exclusif, mondial , licence libre de redevance pour utiliser ces droits personnels pour toute publicit\u00e9 ou commercialisation des produits REISER sur tout support. Vous acceptez d&#039;indemniser et de d\u00e9gager de toute responsabilit\u00e9 REISER et ses soci\u00e9t\u00e9s affili\u00e9es et leurs dirigeants, administrateurs et employ\u00e9s respectifs contre toute perte, responsabilit\u00e9, r\u00e9clamation et d\u00e9pense (y compris les honoraires d&#039;avocat) d\u00e9coulant de votre compte, de votre utilisation de ce site Web, de votre soumission et de toute Droits personnels qui y sont contenus.<\/p>\n<p>Vous acceptez en outre que vos soumissions sur le site Web ne contiennent pas de mat\u00e9riel diffamatoire ou autrement ill\u00e9gal, abusif ou obsc\u00e8ne. Vous \u00eates et resterez seul responsable du contenu de toute Soumission que vous soumettez. Vous acceptez que REISER puisse utiliser et\/ou divulguer des informations dans votre soumission conform\u00e9ment aux termes de la politique de confidentialit\u00e9.<\/p>\n<p><b>Communications \u00e9lectroniques<\/b><\/p>\n<p>Vous consentez \u00e0 recevoir des communications \u00e9lectroniques de REISER soit sous la forme d&#039;un e-mail qui vous est envoy\u00e9 \u00e0 l&#039;adresse e-mail indiqu\u00e9e sur votre compte, soit par des communications publi\u00e9es sur le site Web. Vous reconnaissez et acceptez que toute communication \u00e9lectronique sous la forme d&#039;un tel e-mail ou d&#039;une publication sur le site Web satisfera \u00e0 toute exigence l\u00e9gale selon laquelle une telle communication doit \u00eatre faite par \u00e9crit.<\/p>\n<p>Vous pouvez en savoir plus sur les communications \u00e9lectroniques dans notre document de politique de confidentialit\u00e9.<\/p>\n<p><b>Votre compte<\/b><\/p>\n<p>Vous devez cr\u00e9er un compte avec REISER afin d&#039;acheter via le site Web. Vous \u00eates seul responsable (i) du maintien de la s\u00e9curit\u00e9 de votre compte et de votre mot de passe\u00a0; (ii) restreindre l&#039;acc\u00e8s \u00e0 votre compte \u00e0 vous-m\u00eame\u00a0; et (iii) maintenir \u00e0 jour l&#039;adresse e-mail de votre compte. Vous \u00eates seul responsable de toutes les activit\u00e9s, y compris, mais sans s&#039;y limiter, tous les achats de produits sur le site Web et la publication de soumissions, qui se produisent sous votre compte.<\/p>\n<p>Vous reconnaissez et acceptez que REISER peut acc\u00e9der, pr\u00e9server et divulguer les informations de votre compte, les soumissions, les communications et les informations relatives \u00e0 votre utilisation du site Web, et toute autre information sous votre compte si REISER est tenu de le faire par la loi ou une proc\u00e9dure l\u00e9gale. ou si REISER d\u00e9termine, \u00e0 sa seule discr\u00e9tion, qu&#039;une telle action est n\u00e9cessaire pour prot\u00e9ger les droits de REISER, de tiers et d&#039;autres utilisateurs du site Web ou pour r\u00e9pondre d&#039;une autre mani\u00e8re \u00e0 vos demandes de service client.<\/p>\n<p>Les conditions et les droits de divulgation des informations personnelles sont expliqu\u00e9s plus en d\u00e9tail dans notre document de politique de confidentialit\u00e9.<\/p>\n<p><b>Transactions sur le site<\/b><\/p>\n<p>Nous nous r\u00e9servons le droit de demander une identification suppl\u00e9mentaire pour le traitement de la carte de cr\u00e9dit sur toute commande que vous passez avec nous. Nous nous r\u00e9servons le droit de modifier et\/ou de refuser toute commande que vous entrez sur le site Web. Nous pouvons, \u00e0 notre seule discr\u00e9tion, limiter ou annuler les quantit\u00e9s achet\u00e9es par personne, par foyer ou par commande\u00a0; y compris plusieurs commandes saisies par ou sous le m\u00eame compte client, la m\u00eame carte de cr\u00e9dit et\/ou les commandes qui utilisent la m\u00eame adresse de facturation et\/ou de livraison. Nous nous r\u00e9servons le droit de limiter ou d&#039;interdire les commandes qui, \u00e0 notre seul jugement, semblent \u00eatre pass\u00e9es par des revendeurs, des revendeurs ou des distributeurs. Dans le cas o\u00f9 nous modifions ou annulons une commande, nous tenterons de vous en informer en contactant les coordonn\u00e9es applicables fournies lorsque la commande a \u00e9t\u00e9 soumise sur le site Web.<\/p>\n<p><b>Exp\u00e9dition<\/b><\/p>\n<p>Les termes et conditions d&#039;exp\u00e9dition peuvent \u00eatre trouv\u00e9s dans notre page d&#039;exp\u00e9dition.<\/p>\n<p><b>Modification<\/b><\/p>\n<p>Tout contenu propos\u00e9 ou publi\u00e9 sur ce site Web est sujet \u00e0 modification ou \u00e0 interruption \u00e0 tout moment et de temps \u00e0 autre sans pr\u00e9avis ni obligation envers vous. Sans limiter ce qui pr\u00e9c\u00e8de, REISER se r\u00e9serve le droit, \u00e0 sa seule discr\u00e9tion, de facturer des frais pour l&#039;utilisation, l&#039;achat ou l&#039;acc\u00e8s \u00e0 tout produit, service ou contenu offert sur le site Web, \u00e0 tout moment et de temps \u00e0 autre.<\/p>\n<p>REISER se r\u00e9serve le droit de modifier ou de mettre \u00e0 jour ces Conditions, ou toute autre de nos politiques ou pratiques, \u00e0 tout moment, et informera les utilisateurs de ce site Web en publiant ces Conditions modifi\u00e9es ou mises \u00e0 jour sur cette page. Tout changement ou mise \u00e0 jour entrera en vigueur d\u00e8s sa publication sur ce site Web. Dans certaines circonstances, nous pouvons \u00e9galement choisir de vous informer des modifications ou des mises \u00e0 jour de nos Conditions par d&#039;autres moyens, par exemple en vous envoyant un e-mail.<\/p>\n<p><b>Conditions de vente<\/b><\/p>\n<p>Toutes les ventes de produits sur le site Web sont r\u00e9gies par la politique de retour et d&#039;\u00e9change et les informations d&#039;exp\u00e9dition publi\u00e9es sur le site Web. En commandant et\/ou en acceptant la livraison des produits, vous acceptez d&#039;\u00eatre li\u00e9 par ces politiques. Les politiques sont susceptibles d&#039;\u00eatre modifi\u00e9es sans pr\u00e9avis et nous les soumettons \u00e0 l&#039;examen des utilisateurs avant toute transaction.<\/p>\n<p><b>garantie<\/b><\/p>\n<p>Votre montre est garantie internationalement par REISER pendant deux ans \u00e0 compter de la date d&#039;achat sur tous les mod\u00e8les pr\u00e9sentant des d\u00e9fauts de mat\u00e9riaux ou de fabrication.<\/p>\n<p>Cette garantie ne couvre pas :<\/p>\n<p>Sangles, verre ou piles.<\/p>\n<p>Dommages internes ou externes r\u00e9sultant d&#039;une usure excessive, d&#039;une mauvaise utilisation ou d&#039;une mauvaise manipulation.<\/p>\n<p>Dommages r\u00e9sultant d&#039;un service fourni par un centre de service non autoris\u00e9.<\/p>\n<p><b>Limitation de responsabilit\u00e9<\/b><\/p>\n<p>Dans toute la mesure permise par la loi, REISER et ses filiales et\/ou l&#039;une de ses entit\u00e9s affili\u00e9es (le \u00ab\u00a0REISER\u00a0\u00bb) excluent toute responsabilit\u00e9 pour tout dommage (quelle qu&#039;en soit la cause, y compris, sans limitation, par contrat, tor (y compris la n\u00e9gligence), violation d&#039;obligation l\u00e9gale ou autre) d\u00e9coulant de ou en relation avec votre acc\u00e8s (ou votre incapacit\u00e9 \u00e0 acc\u00e9der) ou votre utilisation du site Web et de son contenu. Toutes les conditions, garanties et autres termes qui peuvent \u00eatre impliqu\u00e9s par la loi, la common law ou autrement sont exclus par les pr\u00e9sentes dans la mesure maximale permise par la loi. En aucun cas, REISER ou leurs dirigeants, administrateurs, entrepreneurs, employ\u00e9s ou agents respectifs ne seront responsables de\u00a0: (i) toute perte ou tout dommage indirect, sp\u00e9cial ou cons\u00e9cutif, ou (i) la perte de profit, (iii) la perte d&#039;activit\u00e9 , (iv) la perte de contrat ou (vii) la perte de donn\u00e9es, dans chaque cas, encourue par tout utilisateur en relation avec le site Web, tous les sites qui y sont li\u00e9s et tout mat\u00e9riel publi\u00e9 sur celui-ci, m\u00eame si REISER a \u00e9t\u00e9 pr\u00e9alablement inform\u00e9 de la possibilit\u00e9 de tels dommages. Rien dans les pr\u00e9sentes conditions g\u00e9n\u00e9rales n&#039;exclura ou ne limitera notre responsabilit\u00e9 en cas de d\u00e9c\u00e8s ou de blessures corporelles r\u00e9sultant de notre n\u00e9gligence, de tout manquement aux obligations impliqu\u00e9es par la loi applicable, ou pour toute fraude, ou d\u00e9claration frauduleuse ou toute autre responsabilit\u00e9 dans la mesure o\u00f9 il ne peut \u00eatre renonc\u00e9 ou limit\u00e9 en vertu de la loi applicable.<\/p>\n<p><b>Droit applicable et juridiction<\/b><\/p>\n<p>Ce site Web est h\u00e9berg\u00e9 et exploit\u00e9 aux Pays-Bas, conform\u00e9ment au droit n\u00e9erlandais. En fournissant des informations personnelles \u00e0 ce site Web, vous comprenez et consentez \u00e0 la collecte, \u00e0 la maintenance, au traitement et au transfert de ces informations aux Pays-Bas et dans d&#039;autres pays et territoires.<\/p>\n<p><b>Invalidit\u00e9<\/b><\/p>\n<p>Si une disposition de ces conditions g\u00e9n\u00e9rales est jug\u00e9e invalide, ill\u00e9gale ou inapplicable dans une juridiction, cela n&#039;affectera pas l&#039;efficacit\u00e9 ou la validit\u00e9 dans d&#039;autres juridictions ou l&#039;efficacit\u00e9 de toute autre disposition des pr\u00e9sentes.<\/p>\n<p><b>Des questions<\/b><\/p>\n<p>Si vous avez des inqui\u00e9tudes concernant le mat\u00e9riel qui appara\u00eet sur le site Web ou ces conditions g\u00e9n\u00e9rales, veuillez nous contacter par courrier \u00e9lectronique \u00e0 l&#039;adresse : cs [remplacer par at] www.reiserwatches.com<\/p>\n<p><\/p>\t\t\t\t\t\t<\/div>\n\t\t\t\t<\/div>\n\t\t\t\t\t<\/div>\n\t\t<\/div>\n\t\t\t\t\t<\/div>\n\t\t<\/section>\n\t\t\t\t<\/div>","protected":false},"excerpt":{"rendered":"<p>Modifications de ces Conditions REISER se r\u00e9serve le droit de modifier ou de mettre \u00e0 jour, \u00e0 tout moment et sans pr\u00e9avis, ce document et tous les autres documents collectivement reconnus comme les &quot;Conditions&quot;, et informera les utilisateurs de ce site Web en publiant ces Conditions modifi\u00e9es ou mises \u00e0 jour sur cette page. Toute modification ou mise \u00e0 jour entrera en vigueur imm\u00e9diatement [...]<\/p>","protected":false},"author":1,"featured_media":0,"parent":0,"menu_order":0,"comment_status":"closed","ping_status":"closed","template":"elementor_header_footer","meta":{"_acf_changed":false,"footnotes":""},"class_list":["post-2099","page","type-page","status-publish","hentry"],"acf":[],"_links":{"self":[{"href":"https:\/\/www.reiserwatches.com\/fr\/wp-json\/wp\/v2\/pages\/2099","targetHints":{"allow":["GET"]}}],"collection":[{"href":"https:\/\/www.reiserwatches.com\/fr\/wp-json\/wp\/v2\/pages"}],"about":[{"href":"https:\/\/www.reiserwatches.com\/fr\/wp-json\/wp\/v2\/types\/page"}],"author":[{"embeddable":true,"href":"https:\/\/www.reiserwatches.com\/fr\/wp-json\/wp\/v2\/users\/1"}],"replies":[{"embeddable":true,"href":"https:\/\/www.reiserwatches.com\/fr\/wp-json\/wp\/v2\/comments?post=2099"}],"version-history":[{"count":0,"href":"https:\/\/www.reiserwatches.com\/fr\/wp-json\/wp\/v2\/pages\/2099\/revisions"}],"wp:attachment":[{"href":"https:\/\/www.reiserwatches.com\/fr\/wp-json\/wp\/v2\/media?parent=2099"}],"curies":[{"name":"wp","href":"https:\/\/api.w.org\/{rel}","templated":true}]}}