{"id":2481,"date":"2020-10-21T11:33:05","date_gmt":"2020-10-21T11:33:05","guid":{"rendered":"http:\/\/rrnewlayout.kinsta.cloud\/?page_id=2481"},"modified":"2022-06-15T16:07:42","modified_gmt":"2022-06-15T14:07:42","slug":"warranty","status":"publish","type":"page","link":"https:\/\/www.reiserwatches.com\/fr\/warranty\/","title":{"rendered":"garantie"},"content":{"rendered":"<div data-elementor-type=\"wp-page\" data-elementor-id=\"2481\" class=\"elementor elementor-2481\" data-elementor-post-type=\"page\">\n\t\t\t\t\t\t<section class=\"elementor-section elementor-top-section elementor-element elementor-element-9fa3df3 elementor-section-boxed elementor-section-height-default elementor-section-height-default\" data-id=\"9fa3df3\" data-element_type=\"section\">\n\t\t\t\t\t\t<div class=\"elementor-container elementor-column-gap-default\">\n\t\t\t\t\t<div class=\"elementor-column elementor-col-100 elementor-top-column elementor-element elementor-element-ff497c3\" data-id=\"ff497c3\" data-element_type=\"column\">\n\t\t\t<div class=\"elementor-widget-wrap elementor-element-populated\">\n\t\t\t\t\t\t<div class=\"elementor-element elementor-element-c7bad57 elementor-widget elementor-widget-text-editor\" data-id=\"c7bad57\" data-element_type=\"widget\" data-widget_type=\"text-editor.default\">\n\t\t\t\t<div class=\"elementor-widget-container\">\n\t\t\t\t\t\t\t<p>Nos produits sont fabriqu\u00e9s selon les normes de haute qualit\u00e9 REISER. N\u00e9anmoins, votre montre est couverte par notre garantie limit\u00e9e contre tout d\u00e9faut de fabrication ; cela inclut le mouvement de la montre, les index, le cadran et les aiguilles.<\/p><p>La garantie d&#039;une montre REISER est valable pour une dur\u00e9e de vingt-quatre (24) mois \u00e0 compter de la date d&#039;achat. \u00c0 l&#039;expiration de la p\u00e9riode de garantie, toute r\u00e9paration sera soumise \u00e0 des frais de service.<\/p><p>Les autres pi\u00e8ces non r\u00e9pertori\u00e9es ci-dessus ne sont pas couvertes par cette garantie. Si le produit est retourn\u00e9 pendant la p\u00e9riode de garantie, REISER r\u00e9parera ou remplacera toute montre ou pi\u00e8ce de montre d\u00e9fectueuse, sans frais suppl\u00e9mentaires, dans un d\u00e9lai raisonnable, apr\u00e8s le retour du produit. Toutefois, le client peut \u00eatre soumis aux frais d&#039;exp\u00e9dition du produit.\u00a0<\/p><p>La garantie ne couvre pas :<\/p><ul><li>Dommages, caus\u00e9s par l&#039;usure normale et le vieillissement, une utilisation normale ou des changements de couleur, au bracelet (cuir, textile, caoutchouc, m\u00e9tal), au verre (rayures), d\u00e9collement du placage, de la lunette, du bo\u00eetier ou de tout autre partie non express\u00e9ment mentionn\u00e9e<\/li><li>D\u00e9fauts et dommages dus \u00e0 la perte, au vol, au feu, \u00e0 l&#039;eau ou \u00e0 une catastrophe naturelle<\/li><li>Dommages caus\u00e9s indirectement par une utilisation anormale ou abusive (non-respect du mode d&#039;emploi) ou r\u00e9sultant d&#039;une imprudence, d&#039;une n\u00e9gligence ou d&#039;accidents (coups\/coups, bosses, \u00e9crasement, bris de cristal\/verre, etc.)<\/li><li>D\u00e9faillance ou dommage caus\u00e9 par une r\u00e9paration ou une modification injustifi\u00e9e<\/li><li>Pile, bracelet, couronne ou cristal\/verre<\/li><\/ul><p><br \/>REISER n&#039;honore aucune demande de garantie non accompagn\u00e9e de la documentation d&#039;origine. Pour obtenir une r\u00e9paration ou un remplacement dans le cadre de cette garantie limit\u00e9e, vous devez vous assurer que le revendeur agr\u00e9\u00e9 aupr\u00e8s duquel le produit a \u00e9t\u00e9 achet\u00e9 a correctement rempli la carte de garantie.\u00a0<\/p><p>REISER n&#039;honorera aucune r\u00e9clamation de garantie pour les montres achet\u00e9es aupr\u00e8s d&#039;un d\u00e9taillant non autoris\u00e9.<\/p><p>Si vous rencontrez des dommages sur votre montre qui sont consid\u00e9r\u00e9s comme couverts par notre garantie, vous pouvez contacter notre \u00e9quipe de service client en soumettant une demande ci-dessous pour recevoir de l&#039;aide suppl\u00e9mentaire. Pour faciliter et acc\u00e9l\u00e9rer le processus, veuillez fournir autant d&#039;informations que possible afin que nous puissions le traiter plus efficacement.<\/p>\t\t\t\t\t\t<\/div>\n\t\t\t\t<\/div>\n\t\t\t\t<div class=\"elementor-element elementor-element-635634c elementor-widget elementor-widget-text-editor\" data-id=\"635634c\" data-element_type=\"widget\" data-widget_type=\"text-editor.default\">\n\t\t\t\t<div class=\"elementor-widget-container\">\n\t\t\t\t\t\t\t<p>Veuillez remplir tous les champs du formulaire ci-dessous. Fournir des informations pr\u00e9cises et d\u00e9taill\u00e9es aidera notre \u00e9quipe \u00e0 traiter votre demande de garantie le plus rapidement possible.<\/p>\t\t\t\t\t\t<\/div>\n\t\t\t\t<\/div>\n\t\t\t\t<div class=\"elementor-element elementor-element-6ba5655 elementor-widget elementor-widget-heading\" data-id=\"6ba5655\" data-element_type=\"widget\" data-widget_type=\"heading.default\">\n\t\t\t\t<div class=\"elementor-widget-container\">\n\t\t\t<h2 class=\"elementor-heading-title elementor-size-default\">soumettre une demande de garantie<\/h2>\t\t<\/div>\n\t\t\t\t<\/div>\n\t\t\t\t<div class=\"elementor-element elementor-element-8901855 elementor-button-align-stretch elementor-widget elementor-widget-form\" data-id=\"8901855\" data-element_type=\"widget\" data-settings=\"{&quot;button_width&quot;:&quot;60&quot;,&quot;step_next_label&quot;:&quot;Next&quot;,&quot;step_previous_label&quot;:&quot;Previous&quot;,&quot;step_type&quot;:&quot;number_text&quot;,&quot;step_icon_shape&quot;:&quot;circle&quot;}\" data-widget_type=\"form.default\">\n\t\t\t\t<div class=\"elementor-widget-container\">\n\t\t\t\t\t<form class=\"elementor-form\" method=\"post\" name=\"New Form\" action=\"\">\n\t\t\t<input type=\"hidden\" name=\"post_id\" value=\"2481\"\/>\n\t\t\t<input type=\"hidden\" name=\"form_id\" value=\"8901855\"\/>\n\t\t\t<input type=\"hidden\" name=\"referer_title\" value=\"\" \/>\n\n\t\t\t\n\t\t\t<div class=\"elementor-form-fields-wrapper elementor-labels-above\">\n\t\t\t\t\t\t\t\t<div class=\"elementor-field-type-text elementor-field-group elementor-column elementor-field-group-name elementor-col-60\">\n\t\t\t\t\t\t\t\t\t\t\t\t<label for=\"form-field-name\" class=\"elementor-field-label\">\n\t\t\t\t\t\t\t\tNom\t\t\t\t\t\t\t<\/label>\n\t\t\t\t\t\t\t\t\t\t\t\t\t\t<input size=\"1\" type=\"text\" name=\"form_fields[name]\" id=\"form-field-name\" class=\"elementor-field elementor-size-sm  elementor-field-textual\" placeholder=\"Nom\">\n\t\t\t\t\t\t\t\t\t\t\t<\/div>\n\t\t\t\t\t\t\t\t<div class=\"elementor-field-type-email elementor-field-group elementor-column elementor-field-group-email elementor-col-60 elementor-field-required\">\n\t\t\t\t\t\t\t\t\t\t\t\t<label for=\"form-field-email\" class=\"elementor-field-label\">\n\t\t\t\t\t\t\t\tE-mail\t\t\t\t\t\t\t<\/label>\n\t\t\t\t\t\t\t\t\t\t\t\t\t\t<input size=\"1\" type=\"email\" name=\"form_fields[email]\" id=\"form-field-email\" class=\"elementor-field elementor-size-sm  elementor-field-textual\" placeholder=\"E-mail\" required=\"required\" aria-required=\"true\">\n\t\t\t\t\t\t\t\t\t\t\t<\/div>\n\t\t\t\t\t\t\t\t<div class=\"elementor-field-type-text elementor-field-group elementor-column elementor-field-group-field_194ff3b elementor-col-60 elementor-field-required\">\n\t\t\t\t\t\t\t\t\t\t\t\t<label for=\"form-field-field_194ff3b\" class=\"elementor-field-label\">\n\t\t\t\t\t\t\t\tNum\u00e9ro de commande\t\t\t\t\t\t\t<\/label>\n\t\t\t\t\t\t\t\t\t\t\t\t\t\t<input size=\"1\" type=\"text\" name=\"form_fields[field_194ff3b]\" id=\"form-field-field_194ff3b\" class=\"elementor-field elementor-size-sm  elementor-field-textual\" placeholder=\"num\u00e9ro de commande\" required=\"required\" aria-required=\"true\">\n\t\t\t\t\t\t\t\t\t\t\t<\/div>\n\t\t\t\t\t\t\t\t<div class=\"elementor-field-type-textarea elementor-field-group elementor-column elementor-field-group-message elementor-col-60\">\n\t\t\t\t\t\t\t\t\t\t\t\t<label for=\"form-field-message\" class=\"elementor-field-label\">\n\t\t\t\t\t\t\t\tVeuillez expliquer quel est le probl\u00e8me\t\t\t\t\t\t\t<\/label>\n\t\t\t\t\t\t<textarea class=\"elementor-field-textual elementor-field  elementor-size-sm\" name=\"form_fields[message]\" id=\"form-field-message\" rows=\"4\" placeholder=\"...\"><\/textarea>\t\t\t\t<\/div>\n\t\t\t\t\t\t\t\t<div class=\"elementor-field-group elementor-column elementor-field-type-submit elementor-col-60 e-form__buttons\">\n\t\t\t\t\t<button type=\"submit\" class=\"elementor-button elementor-size-sm\">\n\t\t\t\t\t\t<span >\n\t\t\t\t\t\t\t\t\t\t\t\t\t\t\t<span class=\"elementor-button-icon\">\n\t\t\t\t\t\t\t\t\t\t\t\t\t\t\t\t\t\t\t\t\t\t\t\t\t\t<\/span>\n\t\t\t\t\t\t\t\t\t\t\t\t\t\t\t\t\t\t\t\t\t\t<span class=\"elementor-button-text\">Soumettre <\/span>\n\t\t\t\t\t\t\t\t\t\t\t\t\t<\/span>\n\t\t\t\t\t<\/button>\n\t\t\t\t<\/div>\n\t\t\t<\/div>\n\t\t<input type=\"hidden\" name=\"trp-form-language\" value=\"fr\"\/><\/form>\n\t\t\t\t<\/div>\n\t\t\t\t<\/div>\n\t\t\t\t\t<\/div>\n\t\t<\/div>\n\t\t\t\t\t<\/div>\n\t\t<\/section>\n\t\t\t\t<\/div>","protected":false},"excerpt":{"rendered":"<p>Nos produits sont fabriqu\u00e9s selon les normes de haute qualit\u00e9 REISER. N\u00e9anmoins, votre montre est couverte par notre garantie limit\u00e9e contre tout d\u00e9faut de fabrication ; cela inclut le mouvement de la montre, les index, le cadran et les aiguilles. La garantie d&#039;une montre REISER est valable pour une dur\u00e9e de vingt-quatre (24) mois \u00e0 compter de la date d&#039;achat. Sur [\u2026]<\/p>","protected":false},"author":1,"featured_media":0,"parent":0,"menu_order":0,"comment_status":"closed","ping_status":"closed","template":"elementor_theme","meta":{"_acf_changed":false,"footnotes":""},"class_list":["post-2481","page","type-page","status-publish","hentry"],"acf":[],"_links":{"self":[{"href":"https:\/\/www.reiserwatches.com\/fr\/wp-json\/wp\/v2\/pages\/2481","targetHints":{"allow":["GET"]}}],"collection":[{"href":"https:\/\/www.reiserwatches.com\/fr\/wp-json\/wp\/v2\/pages"}],"about":[{"href":"https:\/\/www.reiserwatches.com\/fr\/wp-json\/wp\/v2\/types\/page"}],"author":[{"embeddable":true,"href":"https:\/\/www.reiserwatches.com\/fr\/wp-json\/wp\/v2\/users\/1"}],"replies":[{"embeddable":true,"href":"https:\/\/www.reiserwatches.com\/fr\/wp-json\/wp\/v2\/comments?post=2481"}],"version-history":[{"count":0,"href":"https:\/\/www.reiserwatches.com\/fr\/wp-json\/wp\/v2\/pages\/2481\/revisions"}],"wp:attachment":[{"href":"https:\/\/www.reiserwatches.com\/fr\/wp-json\/wp\/v2\/media?parent=2481"}],"curies":[{"name":"wp","href":"https:\/\/api.w.org\/{rel}","templated":true}]}}