{"id":3285,"date":"2020-11-02T17:27:09","date_gmt":"2020-11-02T17:27:09","guid":{"rendered":"http:\/\/rrnewlayout.kinsta.cloud\/?page_id=3285"},"modified":"2022-08-08T16:04:52","modified_gmt":"2022-08-08T14:04:52","slug":"alpen-skeleton","status":"publish","type":"page","link":"https:\/\/www.reiserwatches.com\/fr\/alpen-skeleton\/","title":{"rendered":"ALPEN Skeleton"},"content":{"rendered":"<div data-elementor-type=\"wp-page\" data-elementor-id=\"3285\" class=\"elementor elementor-3285\" data-elementor-post-type=\"page\">\n\t\t\t\t\t\t<section class=\"elementor-section elementor-top-section elementor-element elementor-element-6a4ad44 elementor-section-height-min-height elementor-section-items-bottom elementor-section-boxed elementor-section-height-default\" data-id=\"6a4ad44\" data-element_type=\"section\" data-settings=\"{&quot;background_background&quot;:&quot;classic&quot;}\">\n\t\t\t\t\t\t\t<div class=\"elementor-background-overlay\"><\/div>\n\t\t\t\t\t\t\t<div class=\"elementor-container elementor-column-gap-default\">\n\t\t\t\t\t<div class=\"elementor-column elementor-col-100 elementor-top-column elementor-element elementor-element-c6930a0\" data-id=\"c6930a0\" data-element_type=\"column\">\n\t\t\t<div class=\"elementor-widget-wrap elementor-element-populated\">\n\t\t\t\t\t\t<div class=\"elementor-element elementor-element-cfe17cc elementor-widget elementor-widget-heading\" data-id=\"cfe17cc\" data-element_type=\"widget\" data-widget_type=\"heading.default\">\n\t\t\t\t<div class=\"elementor-widget-container\">\n\t\t\t<h1 class=\"elementor-heading-title elementor-size-default\">ALPEN Skeleton<\/h1>\t\t<\/div>\n\t\t\t\t<\/div>\n\t\t\t\t<div class=\"elementor-element elementor-element-d71c95b elementor-widget elementor-widget-text-editor\" data-id=\"d71c95b\" data-element_type=\"widget\" data-widget_type=\"text-editor.default\">\n\t\t\t\t<div class=\"elementor-widget-container\">\n\t\t\t\t\t\t\t<p>Limit\u00e9 \u00e0 75 pi\u00e8ces<\/p>\t\t\t\t\t\t<\/div>\n\t\t\t\t<\/div>\n\t\t\t\t\t<\/div>\n\t\t<\/div>\n\t\t\t\t\t<\/div>\n\t\t<\/section>\n\t\t\t\t<section class=\"elementor-section elementor-top-section elementor-element elementor-element-760ee3b elementor-section-boxed elementor-section-height-default elementor-section-height-default\" data-id=\"760ee3b\" data-element_type=\"section\">\n\t\t\t\t\t\t<div class=\"elementor-container elementor-column-gap-default\">\n\t\t\t\t\t<div class=\"elementor-column elementor-col-100 elementor-top-column elementor-element elementor-element-e164b3d\" data-id=\"e164b3d\" data-element_type=\"column\">\n\t\t\t<div class=\"elementor-widget-wrap elementor-element-populated\">\n\t\t\t\t\t\t<div class=\"elementor-element elementor-element-1976831 elementor-product-loop-item--align-center elementor-grid-4 elementor-grid-tablet-3 elementor-grid-mobile-2 elementor-products-grid elementor-wc-products elementor-widget elementor-widget-woocommerce-products\" data-id=\"1976831\" data-element_type=\"widget\" data-widget_type=\"woocommerce-products.default\">\n\t\t\t\t<div class=\"elementor-widget-container\">\n\t\t\t<div class=\"woocommerce columns-4\"><ul class=\"products elementor-grid columns-4\">\n<li class=\"product type-product post-1874 status-publish first outofstock product_cat-uncategorized product_tag-rr02 has-post-thumbnail taxable shipping-taxable purchasable product-type-simple\">\n\t<a href=\"https:\/\/www.reiserwatches.com\/fr\/r\/rr02-fkm-skeleton-silver\/\" class=\"woocommerce-LoopProduct-link woocommerce-loop-product__link\"><img fetchpriority=\"high\" decoding=\"async\" width=\"322\" height=\"412\" src=\"https:\/\/www.reiserwatches.com\/wp-content\/uploads\/2021\/03\/0017_REISER_Skeleton_Front_S1_Rubber_00000.png-min-322x412.png\" class=\"attachment-woocommerce_thumbnail size-woocommerce_thumbnail\" alt=\"\" srcset=\"https:\/\/www.reiserwatches.com\/wp-content\/uploads\/2021\/03\/0017_REISER_Skeleton_Front_S1_Rubber_00000.png-min-322x412.png 322w, https:\/\/www.reiserwatches.com\/wp-content\/uploads\/2021\/03\/0017_REISER_Skeleton_Front_S1_Rubber_00000.png-min-555x710.png 555w, https:\/\/www.reiserwatches.com\/wp-content\/uploads\/2021\/03\/0017_REISER_Skeleton_Front_S1_Rubber_00000.png-min-235x300.png 235w, https:\/\/www.reiserwatches.com\/wp-content\/uploads\/2021\/03\/0017_REISER_Skeleton_Front_S1_Rubber_00000.png-min-9x12.png 9w, https:\/\/www.reiserwatches.com\/wp-content\/uploads\/2021\/03\/0017_REISER_Skeleton_Front_S1_Rubber_00000.png-min.png 750w\" sizes=\"(max-width: 322px) 100vw, 322px\" \/><h2 class=\"woocommerce-loop-product__title\">ALPEN Skeleton \u2013 Argent (Caoutchouc NBR)<\/h2>\n\t<span class=\"price\"><span class=\"wcpbc-price wcpbc-price-1874\" data-product-id=\"1874\"><span class=\"woocommerce-Price-amount amount\"><bdi><span class=\"woocommerce-Price-currencySymbol\">\u20ac<\/span>949.00<\/bdi><\/span><\/span><\/span>\n<\/a><a href=\"https:\/\/www.reiserwatches.com\/fr\/r\/rr02-fkm-skeleton-silver\/\" data-quantity=\"1\" class=\"button product_type_simple\" data-product_id=\"1874\" data-product_sku=\"41-SKEL-SLV-BLK-FKM\" aria-label=\"En savoir plus sur \u201cALPEN Skeleton - Silver (NBR Rubber)\u201d\" aria-describedby=\"\" rel=\"nofollow\" data-no-translation=\"\" data-trp-gettext=\"\" data-no-translation-aria-label=\"\">Lire la suite<\/a><\/li>\n<li class=\"product type-product post-1027 status-publish outofstock product_cat-uncategorized product_tag-rr02 has-post-thumbnail taxable shipping-taxable purchasable product-type-simple\">\n\t<a href=\"https:\/\/www.reiserwatches.com\/fr\/r\/rr02-skeleton-silver\/\" class=\"woocommerce-LoopProduct-link woocommerce-loop-product__link\"><img decoding=\"async\" width=\"322\" height=\"412\" src=\"https:\/\/www.reiserwatches.com\/wp-content\/uploads\/2021\/03\/0016_REISER_Skeleton_Front_S1_Bracelet_00000.png-min-322x412.png\" class=\"attachment-woocommerce_thumbnail size-woocommerce_thumbnail\" alt=\"\" srcset=\"https:\/\/www.reiserwatches.com\/wp-content\/uploads\/2021\/03\/0016_REISER_Skeleton_Front_S1_Bracelet_00000.png-min-322x412.png 322w, https:\/\/www.reiserwatches.com\/wp-content\/uploads\/2021\/03\/0016_REISER_Skeleton_Front_S1_Bracelet_00000.png-min-555x710.png 555w, https:\/\/www.reiserwatches.com\/wp-content\/uploads\/2021\/03\/0016_REISER_Skeleton_Front_S1_Bracelet_00000.png-min-235x300.png 235w, https:\/\/www.reiserwatches.com\/wp-content\/uploads\/2021\/03\/0016_REISER_Skeleton_Front_S1_Bracelet_00000.png-min-9x12.png 9w, https:\/\/www.reiserwatches.com\/wp-content\/uploads\/2021\/03\/0016_REISER_Skeleton_Front_S1_Bracelet_00000.png-min.png 750w\" sizes=\"(max-width: 322px) 100vw, 322px\" \/><h2 class=\"woocommerce-loop-product__title\">ALPEN Skeleton \u2013 Argent m\u00e9tallis\u00e9<\/h2>\n\t<span class=\"price\"><span class=\"wcpbc-price wcpbc-price-1027\" data-product-id=\"1027\"><span class=\"woocommerce-Price-amount amount\"><bdi><span class=\"woocommerce-Price-currencySymbol\">\u20ac<\/span>999.00<\/bdi><\/span><\/span><\/span>\n<\/a><a href=\"https:\/\/www.reiserwatches.com\/fr\/r\/rr02-skeleton-silver\/\" data-quantity=\"1\" class=\"button product_type_simple\" data-product_id=\"1027\" data-product_sku=\"41-SKEL-SLV-BLK-SS\" aria-label=\"En savoir plus sur \u201cALPEN Skeleton - Silver Metalic\u201d\" aria-describedby=\"\" rel=\"nofollow\" data-no-translation=\"\" data-trp-gettext=\"\" data-no-translation-aria-label=\"\">Lire la suite<\/a><\/li>\n<\/ul>\n<\/div>\t\t<\/div>\n\t\t\t\t<\/div>\n\t\t\t\t\t<\/div>\n\t\t<\/div>\n\t\t\t\t\t<\/div>\n\t\t<\/section>\n\t\t\t\t<section class=\"elementor-section elementor-top-section elementor-element elementor-element-690905e elementor-section-boxed elementor-section-height-default elementor-section-height-default\" data-id=\"690905e\" data-element_type=\"section\">\n\t\t\t\t\t\t<div class=\"elementor-container elementor-column-gap-default\">\n\t\t\t\t\t<div class=\"elementor-column elementor-col-50 elementor-top-column elementor-element elementor-element-222903d\" data-id=\"222903d\" data-element_type=\"column\">\n\t\t\t<div class=\"elementor-widget-wrap elementor-element-populated\">\n\t\t\t\t\t\t<div class=\"elementor-element elementor-element-cf43dd0 elementor-widget elementor-widget-image\" data-id=\"cf43dd0\" data-element_type=\"widget\" data-widget_type=\"image.default\">\n\t\t\t\t<div class=\"elementor-widget-container\">\n\t\t\t\t\t\t\t\t\t\t\t\t\t<img decoding=\"async\" width=\"800\" height=\"800\" src=\"https:\/\/www.reiserwatches.com\/wp-content\/uploads\/2021\/10\/Reiser-ALPEN-Skeleton.017SQ.jpg\" class=\"attachment-large size-large wp-image-18648\" alt=\"\" srcset=\"https:\/\/www.reiserwatches.com\/wp-content\/uploads\/2021\/10\/Reiser-ALPEN-Skeleton.017SQ.jpg 1000w, https:\/\/www.reiserwatches.com\/wp-content\/uploads\/2021\/10\/Reiser-ALPEN-Skeleton.017SQ-322x322.jpg 322w, https:\/\/www.reiserwatches.com\/wp-content\/uploads\/2021\/10\/Reiser-ALPEN-Skeleton.017SQ-555x555.jpg 555w, https:\/\/www.reiserwatches.com\/wp-content\/uploads\/2021\/10\/Reiser-ALPEN-Skeleton.017SQ-300x300.jpg 300w, https:\/\/www.reiserwatches.com\/wp-content\/uploads\/2021\/10\/Reiser-ALPEN-Skeleton.017SQ-150x150.jpg 150w, https:\/\/www.reiserwatches.com\/wp-content\/uploads\/2021\/10\/Reiser-ALPEN-Skeleton.017SQ-768x768.jpg 768w, https:\/\/www.reiserwatches.com\/wp-content\/uploads\/2021\/10\/Reiser-ALPEN-Skeleton.017SQ-12x12.jpg 12w\" sizes=\"(max-width: 800px) 100vw, 800px\" \/>\t\t\t\t\t\t\t\t\t\t\t\t\t<\/div>\n\t\t\t\t<\/div>\n\t\t\t\t\t<\/div>\n\t\t<\/div>\n\t\t\t\t<div class=\"elementor-column elementor-col-50 elementor-top-column elementor-element elementor-element-2e2c258\" data-id=\"2e2c258\" data-element_type=\"column\" data-settings=\"{&quot;background_background&quot;:&quot;classic&quot;}\">\n\t\t\t<div class=\"elementor-widget-wrap elementor-element-populated\">\n\t\t\t\t\t\t<div class=\"elementor-element elementor-element-5d6bf37 elementor-widget elementor-widget-heading\" data-id=\"5d6bf37\" data-element_type=\"widget\" data-widget_type=\"heading.default\">\n\t\t\t\t<div class=\"elementor-widget-container\">\n\t\t\t<h2 class=\"elementor-heading-title elementor-size-default\">La meilleure montre que nous ayons cr\u00e9\u00e9e jusqu&#039;\u00e0 pr\u00e9sent<\/h2>\t\t<\/div>\n\t\t\t\t<\/div>\n\t\t\t\t<div class=\"elementor-element elementor-element-efff753 elementor-widget elementor-widget-text-editor\" data-id=\"efff753\" data-element_type=\"widget\" data-widget_type=\"text-editor.default\">\n\t\t\t\t<div class=\"elementor-widget-container\">\n\t\t\t\t\t\t\t<p>Nous vous pr\u00e9sentons, le ALPEN Skeleton.<\/p><p>L&#039;id\u00e9e derri\u00e8re la conception du cadran est de maximiser le fonctionnement interne du cadran squelett\u00e9 contemporain.<\/p><p>Les ponts de mouvement au fini PVD et le cadran assorti cr\u00e9ent une apparence sobre qui contribue \u00e9galement grandement \u00e0 la lisibilit\u00e9.<\/p><p>Nous avons travaill\u00e9 plus de 18 mois sur ce projet et sommes extr\u00eamement heureux de vous le r\u00e9v\u00e9ler enfin.<\/p>\t\t\t\t\t\t<\/div>\n\t\t\t\t<\/div>\n\t\t\t\t<div class=\"elementor-element elementor-element-387e237 elementor-widget elementor-widget-heading\" data-id=\"387e237\" data-element_type=\"widget\" data-widget_type=\"heading.default\">\n\t\t\t\t<div class=\"elementor-widget-container\">\n\t\t\t<h2 class=\"elementor-heading-title elementor-size-default\">Limit\u00e9 \u00e0 75 pi\u00e8ces<\/h2>\t\t<\/div>\n\t\t\t\t<\/div>\n\t\t\t\t\t<\/div>\n\t\t<\/div>\n\t\t\t\t\t<\/div>\n\t\t<\/section>\n\t\t\t\t<section class=\"elementor-section elementor-top-section elementor-element elementor-element-1824982 elementor-reverse-mobile elementor-section-boxed elementor-section-height-default elementor-section-height-default\" data-id=\"1824982\" data-element_type=\"section\">\n\t\t\t\t\t\t<div class=\"elementor-container elementor-column-gap-default\">\n\t\t\t\t\t<div class=\"elementor-column elementor-col-50 elementor-top-column elementor-element elementor-element-c9e2236\" data-id=\"c9e2236\" data-element_type=\"column\">\n\t\t\t<div class=\"elementor-widget-wrap elementor-element-populated\">\n\t\t\t\t\t\t<div class=\"elementor-element elementor-element-3274c1c elementor-widget elementor-widget-heading\" data-id=\"3274c1c\" data-element_type=\"widget\" data-widget_type=\"heading.default\">\n\t\t\t\t<div class=\"elementor-widget-container\">\n\t\t\t<h2 class=\"elementor-heading-title elementor-size-default\">Mouvement STP 6-15 de fabrication suisse<\/h2>\t\t<\/div>\n\t\t\t\t<\/div>\n\t\t\t\t<div class=\"elementor-element elementor-element-da6aac4 elementor-widget elementor-widget-text-editor\" data-id=\"da6aac4\" data-element_type=\"widget\" data-widget_type=\"text-editor.default\">\n\t\t\t\t<div class=\"elementor-widget-container\">\n\t\t\t\t\t\t\t<p>Cette nouvelle version du premier mod\u00e8le est propuls\u00e9e par un Swiss STP 6-15. De construction similaire au tr\u00e8s populaire ETA 2824-2, le STP 6-15 bat \u00e9galement \u00e0 28 800 alternances par heure (4hz).<\/p><p>Il comporte 26 rubis et dispose d&#039;une r\u00e9serve de marche de 44 heures, soit l\u00e9g\u00e8rement plus que celle du 2824-2. Le STP 6-15 comporte \u00e9galement des ponts dont l&#039;exc\u00e8s de mat\u00e9riau a \u00e9t\u00e9 retir\u00e9, r\u00e9v\u00e9lant son fonctionnement interne.<\/p><p>Le mouvement est personnalis\u00e9 avec un rev\u00eatement PVD noir et le rotor est fini en PVD or rose avec d\u00e9coration Geneva Stripes.<\/p>\t\t\t\t\t\t<\/div>\n\t\t\t\t<\/div>\n\t\t\t\t<div class=\"elementor-element elementor-element-2a7e29f elementor-widget elementor-widget-heading\" data-id=\"2a7e29f\" data-element_type=\"widget\" data-widget_type=\"heading.default\">\n\t\t\t\t<div class=\"elementor-widget-container\">\n\t\t\t<h2 class=\"elementor-heading-title elementor-size-default\">Limit\u00e9 \u00e0 75 pi\u00e8ces<\/h2>\t\t<\/div>\n\t\t\t\t<\/div>\n\t\t\t\t\t<\/div>\n\t\t<\/div>\n\t\t\t\t<div class=\"elementor-column elementor-col-50 elementor-top-column elementor-element elementor-element-ea67c20\" data-id=\"ea67c20\" data-element_type=\"column\">\n\t\t\t<div class=\"elementor-widget-wrap elementor-element-populated\">\n\t\t\t\t\t\t<div class=\"elementor-element elementor-element-0482386 elementor-widget elementor-widget-image\" data-id=\"0482386\" data-element_type=\"widget\" data-widget_type=\"image.default\">\n\t\t\t\t<div class=\"elementor-widget-container\">\n\t\t\t\t\t\t\t\t\t\t\t\t\t<img loading=\"lazy\" decoding=\"async\" width=\"750\" height=\"750\" src=\"https:\/\/www.reiserwatches.com\/wp-content\/uploads\/2021\/10\/Reiser-ALPEN-Skeleton.011SQ.jpg\" class=\"attachment-large size-large wp-image-18649\" alt=\"\" srcset=\"https:\/\/www.reiserwatches.com\/wp-content\/uploads\/2021\/10\/Reiser-ALPEN-Skeleton.011SQ.jpg 750w, https:\/\/www.reiserwatches.com\/wp-content\/uploads\/2021\/10\/Reiser-ALPEN-Skeleton.011SQ-322x322.jpg 322w, https:\/\/www.reiserwatches.com\/wp-content\/uploads\/2021\/10\/Reiser-ALPEN-Skeleton.011SQ-555x555.jpg 555w, https:\/\/www.reiserwatches.com\/wp-content\/uploads\/2021\/10\/Reiser-ALPEN-Skeleton.011SQ-300x300.jpg 300w, https:\/\/www.reiserwatches.com\/wp-content\/uploads\/2021\/10\/Reiser-ALPEN-Skeleton.011SQ-150x150.jpg 150w, https:\/\/www.reiserwatches.com\/wp-content\/uploads\/2021\/10\/Reiser-ALPEN-Skeleton.011SQ-12x12.jpg 12w\" sizes=\"(max-width: 750px) 100vw, 750px\" \/>\t\t\t\t\t\t\t\t\t\t\t\t\t<\/div>\n\t\t\t\t<\/div>\n\t\t\t\t\t<\/div>\n\t\t<\/div>\n\t\t\t\t\t<\/div>\n\t\t<\/section>\n\t\t\t\t<section class=\"elementor-section elementor-top-section elementor-element elementor-element-7a92ea3 elementor-section-boxed elementor-section-height-default elementor-section-height-default\" data-id=\"7a92ea3\" data-element_type=\"section\" data-settings=\"{&quot;background_background&quot;:&quot;classic&quot;}\">\n\t\t\t\t\t\t<div class=\"elementor-container elementor-column-gap-default\">\n\t\t\t\t\t<div class=\"elementor-column elementor-col-50 elementor-top-column elementor-element elementor-element-94f7941\" data-id=\"94f7941\" data-element_type=\"column\">\n\t\t\t<div class=\"elementor-widget-wrap elementor-element-populated\">\n\t\t\t\t\t\t<div class=\"elementor-element elementor-element-a83bc08 elementor-widget elementor-widget-image\" data-id=\"a83bc08\" data-element_type=\"widget\" data-widget_type=\"image.default\">\n\t\t\t\t<div class=\"elementor-widget-container\">\n\t\t\t\t\t\t\t\t\t\t\t\t\t<img loading=\"lazy\" decoding=\"async\" width=\"750\" height=\"750\" src=\"https:\/\/www.reiserwatches.com\/wp-content\/uploads\/2021\/10\/Reiser-ALPEN-Skeleton.014SQ.jpg\" class=\"attachment-large size-large wp-image-18650\" alt=\"\" srcset=\"https:\/\/www.reiserwatches.com\/wp-content\/uploads\/2021\/10\/Reiser-ALPEN-Skeleton.014SQ.jpg 750w, https:\/\/www.reiserwatches.com\/wp-content\/uploads\/2021\/10\/Reiser-ALPEN-Skeleton.014SQ-322x322.jpg 322w, https:\/\/www.reiserwatches.com\/wp-content\/uploads\/2021\/10\/Reiser-ALPEN-Skeleton.014SQ-555x555.jpg 555w, https:\/\/www.reiserwatches.com\/wp-content\/uploads\/2021\/10\/Reiser-ALPEN-Skeleton.014SQ-300x300.jpg 300w, https:\/\/www.reiserwatches.com\/wp-content\/uploads\/2021\/10\/Reiser-ALPEN-Skeleton.014SQ-150x150.jpg 150w, https:\/\/www.reiserwatches.com\/wp-content\/uploads\/2021\/10\/Reiser-ALPEN-Skeleton.014SQ-12x12.jpg 12w\" sizes=\"(max-width: 750px) 100vw, 750px\" \/>\t\t\t\t\t\t\t\t\t\t\t\t\t<\/div>\n\t\t\t\t<\/div>\n\t\t\t\t\t<\/div>\n\t\t<\/div>\n\t\t\t\t<div class=\"elementor-column elementor-col-50 elementor-top-column elementor-element elementor-element-5fd788c\" data-id=\"5fd788c\" data-element_type=\"column\">\n\t\t\t<div class=\"elementor-widget-wrap elementor-element-populated\">\n\t\t\t\t\t\t<div class=\"elementor-element elementor-element-1571a3c elementor-widget elementor-widget-heading\" data-id=\"1571a3c\" data-element_type=\"widget\" data-widget_type=\"heading.default\">\n\t\t\t\t<div class=\"elementor-widget-container\">\n\t\t\t<h2 class=\"elementor-heading-title elementor-size-default\">Fabriqu\u00e9 en Allemagne<\/h2>\t\t<\/div>\n\t\t\t\t<\/div>\n\t\t\t\t<div class=\"elementor-element elementor-element-cf4bfd0 elementor-widget elementor-widget-text-editor\" data-id=\"cf4bfd0\" data-element_type=\"widget\" data-widget_type=\"text-editor.default\">\n\t\t\t\t<div class=\"elementor-widget-container\">\n\t\t\t\t\t\t\t<p>Nous r\u00e9sumons \u00e0 la fois nos origines allemandes et n\u00e9erlandaises et honorons l&#039;histoire profonde de chaque culture.<\/p><p>Nous sommes fiers de notre h\u00e9ritage multiculturel et incarnons la poursuite des deux voyages.<\/p><p>Nos montres sont fabriqu\u00e9es en Allemagne et construites par un horloger familial \u00e0 Pforzheim, en Allemagne.<\/p>\t\t\t\t\t\t<\/div>\n\t\t\t\t<\/div>\n\t\t\t\t\t<\/div>\n\t\t<\/div>\n\t\t\t\t\t<\/div>\n\t\t<\/section>\n\t\t\t\t<section class=\"elementor-section elementor-top-section elementor-element elementor-element-76b54e4 elementor-section-boxed elementor-section-height-default elementor-section-height-default\" data-id=\"76b54e4\" data-element_type=\"section\">\n\t\t\t\t\t\t<div class=\"elementor-container elementor-column-gap-default\">\n\t\t\t\t\t<div class=\"elementor-column elementor-col-100 elementor-top-column elementor-element elementor-element-04c9368\" data-id=\"04c9368\" data-element_type=\"column\">\n\t\t\t<div class=\"elementor-widget-wrap elementor-element-populated\">\n\t\t\t\t\t\t<div class=\"elementor-element elementor-element-4315279 elementor-widget elementor-widget-heading\" data-id=\"4315279\" data-element_type=\"widget\" data-widget_type=\"heading.default\">\n\t\t\t\t<div class=\"elementor-widget-container\">\n\t\t\t<h1 class=\"elementor-heading-title elementor-size-default\">Plus de d\u00e9tails<\/h1>\t\t<\/div>\n\t\t\t\t<\/div>\n\t\t\t\t<div class=\"elementor-element elementor-element-70a11cb elementor-widget elementor-widget-toggle\" data-id=\"70a11cb\" data-element_type=\"widget\" data-widget_type=\"toggle.default\">\n\t\t\t\t<div class=\"elementor-widget-container\">\n\t\t\t\t\t<div class=\"elementor-toggle\">\n\t\t\t\t\t\t\t<div class=\"elementor-toggle-item\">\n\t\t\t\t\t<h6 id=\"elementor-tab-title-1181\" class=\"elementor-tab-title\" data-tab=\"1\" role=\"button\" aria-controls=\"elementor-tab-content-1181\" aria-expanded=\"false\">\n\t\t\t\t\t\t\t\t\t\t\t\t<span class=\"elementor-toggle-icon elementor-toggle-icon-left\" aria-hidden=\"true\">\n\t\t\t\t\t\t\t\t\t\t\t\t\t\t\t<span class=\"elementor-toggle-icon-closed\"><i class=\"fas fa-chevron-right\"><\/i><\/span>\n\t\t\t\t\t\t\t\t<span class=\"elementor-toggle-icon-opened\"><i class=\"elementor-toggle-icon-opened fas fa-chevron-down\"><\/i><\/span>\n\t\t\t\t\t\t\t\t\t\t\t\t\t<\/span>\n\t\t\t\t\t\t\t\t\t\t\t\t<a class=\"elementor-toggle-title\" tabindex=\"0\">Quand sera-t-il exp\u00e9di\u00e9 ?<\/a>\n\t\t\t\t\t<\/h6>\n\n\t\t\t\t\t<div id=\"elementor-tab-content-1181\" class=\"elementor-tab-content elementor-clearfix\" data-tab=\"1\" role=\"region\" aria-labelledby=\"elementor-tab-title-1181\"><p>La collection ALPEN Skeleton est pr\u00eate \u00e0 \u00eatre exp\u00e9di\u00e9e dans les 3 jours suivant la r\u00e9ception de votre commande.<\/p><\/div>\n\t\t\t\t<\/div>\n\t\t\t\t\t\t\t<div class=\"elementor-toggle-item\">\n\t\t\t\t\t<h6 id=\"elementor-tab-title-1182\" class=\"elementor-tab-title\" data-tab=\"2\" role=\"button\" aria-controls=\"elementor-tab-content-1182\" aria-expanded=\"false\">\n\t\t\t\t\t\t\t\t\t\t\t\t<span class=\"elementor-toggle-icon elementor-toggle-icon-left\" aria-hidden=\"true\">\n\t\t\t\t\t\t\t\t\t\t\t\t\t\t\t<span class=\"elementor-toggle-icon-closed\"><i class=\"fas fa-chevron-right\"><\/i><\/span>\n\t\t\t\t\t\t\t\t<span class=\"elementor-toggle-icon-opened\"><i class=\"elementor-toggle-icon-opened fas fa-chevron-down\"><\/i><\/span>\n\t\t\t\t\t\t\t\t\t\t\t\t\t<\/span>\n\t\t\t\t\t\t\t\t\t\t\t\t<a class=\"elementor-toggle-title\" tabindex=\"0\">Puis-je changer mon adresse de livraison ?<\/a>\n\t\t\t\t\t<\/h6>\n\n\t\t\t\t\t<div id=\"elementor-tab-content-1182\" class=\"elementor-tab-content elementor-clearfix\" data-tab=\"2\" role=\"region\" aria-labelledby=\"elementor-tab-title-1182\"><p>Veuillez contacter notre \u00e9quipe de service \u00e0 la client\u00e8le d\u00e8s que possible. Si votre commande n&#039;a pas atteint le stade de l&#039;ex\u00e9cution, il est possible que nous puissions toujours la modifier ou l&#039;annuler.<\/p><\/div>\n\t\t\t\t<\/div>\n\t\t\t\t\t\t\t<div class=\"elementor-toggle-item\">\n\t\t\t\t\t<h6 id=\"elementor-tab-title-1183\" class=\"elementor-tab-title\" data-tab=\"3\" role=\"button\" aria-controls=\"elementor-tab-content-1183\" aria-expanded=\"false\">\n\t\t\t\t\t\t\t\t\t\t\t\t<span class=\"elementor-toggle-icon elementor-toggle-icon-left\" aria-hidden=\"true\">\n\t\t\t\t\t\t\t\t\t\t\t\t\t\t\t<span class=\"elementor-toggle-icon-closed\"><i class=\"fas fa-chevron-right\"><\/i><\/span>\n\t\t\t\t\t\t\t\t<span class=\"elementor-toggle-icon-opened\"><i class=\"elementor-toggle-icon-opened fas fa-chevron-down\"><\/i><\/span>\n\t\t\t\t\t\t\t\t\t\t\t\t\t<\/span>\n\t\t\t\t\t\t\t\t\t\t\t\t<a class=\"elementor-toggle-title\" tabindex=\"0\">Puis-je annuler ma commande ?<\/a>\n\t\t\t\t\t<\/h6>\n\n\t\t\t\t\t<div id=\"elementor-tab-content-1183\" class=\"elementor-tab-content elementor-clearfix\" data-tab=\"3\" role=\"region\" aria-labelledby=\"elementor-tab-title-1183\"><p>Veuillez contacter notre \u00e9quipe de service \u00e0 la client\u00e8le d\u00e8s que possible. Si votre commande n&#039;a pas atteint le stade de l&#039;ex\u00e9cution, il est possible que nous puissions toujours la modifier ou l&#039;annuler.<\/p><\/div>\n\t\t\t\t<\/div>\n\t\t\t\t\t\t\t<div class=\"elementor-toggle-item\">\n\t\t\t\t\t<h6 id=\"elementor-tab-title-1184\" class=\"elementor-tab-title\" data-tab=\"4\" role=\"button\" aria-controls=\"elementor-tab-content-1184\" aria-expanded=\"false\">\n\t\t\t\t\t\t\t\t\t\t\t\t<span class=\"elementor-toggle-icon elementor-toggle-icon-left\" aria-hidden=\"true\">\n\t\t\t\t\t\t\t\t\t\t\t\t\t\t\t<span class=\"elementor-toggle-icon-closed\"><i class=\"fas fa-chevron-right\"><\/i><\/span>\n\t\t\t\t\t\t\t\t<span class=\"elementor-toggle-icon-opened\"><i class=\"elementor-toggle-icon-opened fas fa-chevron-down\"><\/i><\/span>\n\t\t\t\t\t\t\t\t\t\t\t\t\t<\/span>\n\t\t\t\t\t\t\t\t\t\t\t\t<a class=\"elementor-toggle-title\" tabindex=\"0\">Les montres sont-elles num\u00e9rot\u00e9es ?<\/a>\n\t\t\t\t\t<\/h6>\n\n\t\t\t\t\t<div id=\"elementor-tab-content-1184\" class=\"elementor-tab-content elementor-clearfix\" data-tab=\"4\" role=\"region\" aria-labelledby=\"elementor-tab-title-1184\"><p>Non, chaque montre aura un certificat unique pour prouver que vous avez 1 des 75 pi\u00e8ces produites.\u00a0<\/p><\/div>\n\t\t\t\t<\/div>\n\t\t\t\t\t\t\t\t<\/div>\n\t\t\t\t<\/div>\n\t\t\t\t<\/div>\n\t\t\t\t\t<\/div>\n\t\t<\/div>\n\t\t\t\t\t<\/div>\n\t\t<\/section>\n\t\t\t\t<\/div>","protected":false},"excerpt":{"rendered":"<p>ALPEN Skeleton Limit\u00e9 \u00e0 75 pi\u00e8ces La meilleure montre que nous ayons cr\u00e9\u00e9e jusqu&#039;\u00e0 pr\u00e9sent Nous vous pr\u00e9sentons la ALPEN Skeleton. L&#039;id\u00e9e derri\u00e8re la conception du cadran est de maximiser le fonctionnement interne du cadran squelett\u00e9 contemporain. Les ponts de mouvement finis PVD et le cadran assorti cr\u00e9ent une apparence sobre qui contribue \u00e9galement grandement \u00e0 la lisibilit\u00e9. Nous [\u2026]<\/p>","protected":false},"author":1,"featured_media":0,"parent":0,"menu_order":0,"comment_status":"closed","ping_status":"closed","template":"elementor_header_footer","meta":{"_acf_changed":false,"footnotes":""},"class_list":["post-3285","page","type-page","status-publish","hentry"],"acf":[],"_links":{"self":[{"href":"https:\/\/www.reiserwatches.com\/fr\/wp-json\/wp\/v2\/pages\/3285","targetHints":{"allow":["GET"]}}],"collection":[{"href":"https:\/\/www.reiserwatches.com\/fr\/wp-json\/wp\/v2\/pages"}],"about":[{"href":"https:\/\/www.reiserwatches.com\/fr\/wp-json\/wp\/v2\/types\/page"}],"author":[{"embeddable":true,"href":"https:\/\/www.reiserwatches.com\/fr\/wp-json\/wp\/v2\/users\/1"}],"replies":[{"embeddable":true,"href":"https:\/\/www.reiserwatches.com\/fr\/wp-json\/wp\/v2\/comments?post=3285"}],"version-history":[{"count":0,"href":"https:\/\/www.reiserwatches.com\/fr\/wp-json\/wp\/v2\/pages\/3285\/revisions"}],"wp:attachment":[{"href":"https:\/\/www.reiserwatches.com\/fr\/wp-json\/wp\/v2\/media?parent=3285"}],"curies":[{"name":"wp","href":"https:\/\/api.w.org\/{rel}","templated":true}]}}