{"id":1022,"date":"2020-09-23T11:37:06","date_gmt":"2020-09-23T11:37:06","guid":{"rendered":"http:\/\/rrnewlayout.kinsta.cloud\/?post_type=product&#038;p=1022"},"modified":"2022-04-05T17:39:51","modified_gmt":"2022-04-05T15:39:51","slug":"alpen-date-rose-gold","status":"publish","type":"product","link":"https:\/\/www.reiserwatches.com\/fr\/r\/alpen-date-rose-gold\/","title":{"rendered":"ALPEN Date \u2013 Or Rose"},"content":{"rendered":"","protected":false},"excerpt":{"rendered":"<p>ALPEN Date est la version classique de la nouvelle collection REISER. Un cadran \u00e0 trois aiguilles sophistiqu\u00e9 mais simple.<\/p>\n<p>Notre cadran \u00e0 motif guilloch\u00e9 joue bien avec la lumi\u00e8re de mani\u00e8re subtile. Le fond du bo\u00eetier d&#039;exposition affiche un rotor en or rose con\u00e7u sur mesure, avec une finition Geneva Stripes.<\/p>","protected":false},"featured_media":10805,"template":"","meta":{"_acf_changed":false},"product_cat":[15],"product_tag":[21,52],"class_list":{"0":"post-1022","1":"product","2":"type-product","3":"status-publish","4":"has-post-thumbnail","6":"product_cat-uncategorized","7":"product_tag-rr01","8":"product_tag-steel","10":"first","11":"outofstock","12":"taxable","13":"shipping-taxable","14":"purchasable","15":"product-type-simple"},"acf":[],"gallery_images":[10782,10823,10862,10854],"_links":{"self":[{"href":"https:\/\/www.reiserwatches.com\/fr\/wp-json\/wp\/v2\/product\/1022","targetHints":{"allow":["GET"]}}],"collection":[{"href":"https:\/\/www.reiserwatches.com\/fr\/wp-json\/wp\/v2\/product"}],"about":[{"href":"https:\/\/www.reiserwatches.com\/fr\/wp-json\/wp\/v2\/types\/product"}],"version-history":[{"count":0,"href":"https:\/\/www.reiserwatches.com\/fr\/wp-json\/wp\/v2\/product\/1022\/revisions"}],"wp:featuredmedia":[{"embeddable":true,"href":"https:\/\/www.reiserwatches.com\/fr\/wp-json\/wp\/v2\/media\/10805"}],"wp:attachment":[{"href":"https:\/\/www.reiserwatches.com\/fr\/wp-json\/wp\/v2\/media?parent=1022"}],"wp:term":[{"taxonomy":"product_cat","embeddable":true,"href":"https:\/\/www.reiserwatches.com\/fr\/wp-json\/wp\/v2\/product_cat?post=1022"},{"taxonomy":"product_tag","embeddable":true,"href":"https:\/\/www.reiserwatches.com\/fr\/wp-json\/wp\/v2\/product_tag?post=1022"}],"curies":[{"name":"wp","href":"https:\/\/api.w.org\/{rel}","templated":true}]}}