{"id":4673,"date":"2020-12-21T14:58:51","date_gmt":"2020-12-21T14:58:51","guid":{"rendered":"http:\/\/www.reiserwatches.com\/?post_type=product&#038;p=4673"},"modified":"2023-02-08T18:02:04","modified_gmt":"2023-02-08T16:02:04","slug":"alpen-date-black-star-leather","status":"publish","type":"product","link":"https:\/\/www.reiserwatches.com\/fr\/r\/alpen-date-black-star-leather\/","title":{"rendered":"ALPEN Date \u2013 \u00c9toile noire (cuir)"},"content":{"rendered":"","protected":false},"excerpt":{"rendered":"<p>ALPEN Date est la version classique de la nouvelle collection REISER. Un cadran \u00e0 trois aiguilles sophistiqu\u00e9 mais simple.<\/p>\n<p>Notre cadran \u00e0 motif guilloch\u00e9 joue bien avec la lumi\u00e8re de mani\u00e8re subtile. Le fond du bo\u00eetier d&#039;exposition affiche un rotor en or rose con\u00e7u sur mesure, avec une finition Geneva Stripes.<\/p>","protected":false},"featured_media":10800,"template":"","meta":{"_acf_changed":false},"product_cat":[15],"product_tag":[21],"class_list":{"0":"post-4673","1":"product","2":"type-product","3":"status-publish","4":"has-post-thumbnail","6":"product_cat-uncategorized","7":"product_tag-rr01","9":"first","10":"outofstock","11":"sale","12":"taxable","13":"shipping-taxable","14":"purchasable","15":"product-type-simple"},"acf":[],"gallery_images":[10777,10820,10857,10849],"_links":{"self":[{"href":"https:\/\/www.reiserwatches.com\/fr\/wp-json\/wp\/v2\/product\/4673","targetHints":{"allow":["GET"]}}],"collection":[{"href":"https:\/\/www.reiserwatches.com\/fr\/wp-json\/wp\/v2\/product"}],"about":[{"href":"https:\/\/www.reiserwatches.com\/fr\/wp-json\/wp\/v2\/types\/product"}],"version-history":[{"count":1,"href":"https:\/\/www.reiserwatches.com\/fr\/wp-json\/wp\/v2\/product\/4673\/revisions"}],"predecessor-version":[{"id":24195,"href":"https:\/\/www.reiserwatches.com\/fr\/wp-json\/wp\/v2\/product\/4673\/revisions\/24195"}],"wp:featuredmedia":[{"embeddable":true,"href":"https:\/\/www.reiserwatches.com\/fr\/wp-json\/wp\/v2\/media\/10800"}],"wp:attachment":[{"href":"https:\/\/www.reiserwatches.com\/fr\/wp-json\/wp\/v2\/media?parent=4673"}],"wp:term":[{"taxonomy":"product_cat","embeddable":true,"href":"https:\/\/www.reiserwatches.com\/fr\/wp-json\/wp\/v2\/product_cat?post=4673"},{"taxonomy":"product_tag","embeddable":true,"href":"https:\/\/www.reiserwatches.com\/fr\/wp-json\/wp\/v2\/product_tag?post=4673"}],"curies":[{"name":"wp","href":"https:\/\/api.w.org\/{rel}","templated":true}]}}