{"id":4679,"date":"2020-12-21T14:59:40","date_gmt":"2020-12-21T14:59:40","guid":{"rendered":"http:\/\/www.reiserwatches.com\/?post_type=product&#038;p=4679"},"modified":"2021-12-29T15:07:43","modified_gmt":"2021-12-29T13:07:43","slug":"alpen-date-rose-gold-leather","status":"publish","type":"product","link":"https:\/\/www.reiserwatches.com\/fr\/r\/alpen-date-rose-gold-leather\/","title":{"rendered":"ALPEN Date \u2013 Or Rose (Cuir)"},"content":{"rendered":"","protected":false},"excerpt":{"rendered":"<p>ALPEN Date est la version classique de la nouvelle collection REISER. Un cadran \u00e0 trois aiguilles sophistiqu\u00e9 mais simple.<\/p>\n<p>Notre cadran \u00e0 motif guilloch\u00e9 joue bien avec la lumi\u00e8re de mani\u00e8re subtile. Le fond du bo\u00eetier d&#039;exposition affiche un rotor en or rose con\u00e7u sur mesure, avec une finition Geneva Stripes.<\/p>","protected":false},"featured_media":10806,"template":"","meta":{"_acf_changed":false},"product_cat":[15],"product_tag":[21],"class_list":{"0":"post-4679","1":"product","2":"type-product","3":"status-publish","4":"has-post-thumbnail","6":"product_cat-uncategorized","7":"product_tag-rr01","9":"first","10":"outofstock","11":"taxable","12":"shipping-taxable","13":"purchasable","14":"product-type-simple"},"acf":[],"gallery_images":[10783,10824,10806,10863,10855],"_links":{"self":[{"href":"https:\/\/www.reiserwatches.com\/fr\/wp-json\/wp\/v2\/product\/4679","targetHints":{"allow":["GET"]}}],"collection":[{"href":"https:\/\/www.reiserwatches.com\/fr\/wp-json\/wp\/v2\/product"}],"about":[{"href":"https:\/\/www.reiserwatches.com\/fr\/wp-json\/wp\/v2\/types\/product"}],"version-history":[{"count":0,"href":"https:\/\/www.reiserwatches.com\/fr\/wp-json\/wp\/v2\/product\/4679\/revisions"}],"wp:featuredmedia":[{"embeddable":true,"href":"https:\/\/www.reiserwatches.com\/fr\/wp-json\/wp\/v2\/media\/10806"}],"wp:attachment":[{"href":"https:\/\/www.reiserwatches.com\/fr\/wp-json\/wp\/v2\/media?parent=4679"}],"wp:term":[{"taxonomy":"product_cat","embeddable":true,"href":"https:\/\/www.reiserwatches.com\/fr\/wp-json\/wp\/v2\/product_cat?post=4679"},{"taxonomy":"product_tag","embeddable":true,"href":"https:\/\/www.reiserwatches.com\/fr\/wp-json\/wp\/v2\/product_tag?post=4679"}],"curies":[{"name":"wp","href":"https:\/\/api.w.org\/{rel}","templated":true}]}}