{"id":4684,"date":"2020-12-21T15:13:35","date_gmt":"2020-12-21T15:13:35","guid":{"rendered":"http:\/\/www.reiserwatches.com\/?post_type=product&#038;p=4684"},"modified":"2021-12-29T15:16:01","modified_gmt":"2021-12-29T13:16:01","slug":"alpen-chrono-gun-metal","status":"publish","type":"product","link":"https:\/\/www.reiserwatches.com\/fr\/r\/alpen-chrono-gun-metal\/","title":{"rendered":"ALPEN Chrono \u2013 M\u00e9tal au pistolet"},"content":{"rendered":"","protected":false},"excerpt":{"rendered":"<p>Pr\u00e9sentation du ALPEN Chrono. Aucune collection ne serait compl\u00e8te sans un chronographe.<\/p>\n<p>Le design est sans doute le plus fort de la gamme, car les polices sophistiqu\u00e9es, les anneaux de sous-cadran et le cadran sunburst fusionnent en parfaite harmonie.<\/p>","protected":false},"featured_media":10813,"template":"","meta":{"_acf_changed":false},"product_cat":[15],"product_tag":[23],"class_list":{"0":"post-4684","1":"product","2":"type-product","3":"status-publish","4":"has-post-thumbnail","6":"product_cat-uncategorized","7":"product_tag-rr03","9":"first","10":"outofstock","11":"taxable","12":"shipping-taxable","13":"purchasable","14":"product-type-simple"},"acf":[],"gallery_images":[10769,10829,10870,10846],"_links":{"self":[{"href":"https:\/\/www.reiserwatches.com\/fr\/wp-json\/wp\/v2\/product\/4684","targetHints":{"allow":["GET"]}}],"collection":[{"href":"https:\/\/www.reiserwatches.com\/fr\/wp-json\/wp\/v2\/product"}],"about":[{"href":"https:\/\/www.reiserwatches.com\/fr\/wp-json\/wp\/v2\/types\/product"}],"version-history":[{"count":0,"href":"https:\/\/www.reiserwatches.com\/fr\/wp-json\/wp\/v2\/product\/4684\/revisions"}],"wp:featuredmedia":[{"embeddable":true,"href":"https:\/\/www.reiserwatches.com\/fr\/wp-json\/wp\/v2\/media\/10813"}],"wp:attachment":[{"href":"https:\/\/www.reiserwatches.com\/fr\/wp-json\/wp\/v2\/media?parent=4684"}],"wp:term":[{"taxonomy":"product_cat","embeddable":true,"href":"https:\/\/www.reiserwatches.com\/fr\/wp-json\/wp\/v2\/product_cat?post=4684"},{"taxonomy":"product_tag","embeddable":true,"href":"https:\/\/www.reiserwatches.com\/fr\/wp-json\/wp\/v2\/product_tag?post=4684"}],"curies":[{"name":"wp","href":"https:\/\/api.w.org\/{rel}","templated":true}]}}