{"id":1962,"date":"2020-09-30T15:40:06","date_gmt":"2020-09-30T15:40:06","guid":{"rendered":"http:\/\/rrnewlayout.kinsta.cloud\/?page_id=1962"},"modified":"2022-06-15T16:10:28","modified_gmt":"2022-06-15T14:10:28","slug":"made-in-germany","status":"publish","type":"page","link":"https:\/\/www.reiserwatches.com\/it\/made-in-germany\/","title":{"rendered":"Fatto in Germania"},"content":{"rendered":"<div data-elementor-type=\"wp-page\" data-elementor-id=\"1962\" class=\"elementor elementor-1962\" data-elementor-post-type=\"page\">\n\t\t\t\t\t\t<section class=\"elementor-section elementor-top-section elementor-element elementor-element-c7515af elementor-section-boxed elementor-section-height-default elementor-section-height-default\" data-id=\"c7515af\" data-element_type=\"section\">\n\t\t\t\t\t\t<div class=\"elementor-container elementor-column-gap-custom\">\n\t\t\t\t\t<div class=\"elementor-column elementor-col-100 elementor-top-column elementor-element elementor-element-952f0d7\" data-id=\"952f0d7\" data-element_type=\"column\">\n\t\t\t<div class=\"elementor-widget-wrap elementor-element-populated\">\n\t\t\t\t\t\t<div class=\"elementor-element elementor-element-3c10ddc elementor-widget elementor-widget-image\" data-id=\"3c10ddc\" data-element_type=\"widget\" data-widget_type=\"image.default\">\n\t\t\t\t<div class=\"elementor-widget-container\">\n\t\t\t\t\t\t\t\t\t\t\t\t\t<img fetchpriority=\"high\" decoding=\"async\" width=\"300\" height=\"300\" src=\"https:\/\/www.reiserwatches.com\/wp-content\/uploads\/2021\/06\/strap-300x300.jpg\" class=\"attachment-medium size-medium wp-image-14006\" alt=\"\" srcset=\"https:\/\/www.reiserwatches.com\/wp-content\/uploads\/2021\/06\/strap-300x300.jpg 300w, https:\/\/www.reiserwatches.com\/wp-content\/uploads\/2021\/06\/strap-322x322.jpg 322w, https:\/\/www.reiserwatches.com\/wp-content\/uploads\/2021\/06\/strap-555x555.jpg 555w, https:\/\/www.reiserwatches.com\/wp-content\/uploads\/2021\/06\/strap.jpg 1024w, https:\/\/www.reiserwatches.com\/wp-content\/uploads\/2021\/06\/strap-150x150.jpg 150w, https:\/\/www.reiserwatches.com\/wp-content\/uploads\/2021\/06\/strap-768x768.jpg 768w, https:\/\/www.reiserwatches.com\/wp-content\/uploads\/2021\/06\/strap-12x12.jpg 12w\" sizes=\"(max-width: 300px) 100vw, 300px\" \/>\t\t\t\t\t\t\t\t\t\t\t\t\t<\/div>\n\t\t\t\t<\/div>\n\t\t\t\t<div class=\"elementor-element elementor-element-00f6e40 elementor-widget elementor-widget-heading\" data-id=\"00f6e40\" data-element_type=\"widget\" data-widget_type=\"heading.default\">\n\t\t\t\t<div class=\"elementor-widget-container\">\n\t\t\t<h1 class=\"elementor-heading-title elementor-size-default\">Fatto in Germania<\/h1>\t\t<\/div>\n\t\t\t\t<\/div>\n\t\t\t\t<div class=\"elementor-element elementor-element-e2a6cdb elementor-widget elementor-widget-text-editor\" data-id=\"e2a6cdb\" data-element_type=\"widget\" data-widget_type=\"text-editor.default\">\n\t\t\t\t<div class=\"elementor-widget-container\">\n\t\t\t\t\t\t\t<p>Un marchio di qualit\u00e0 riconosciuto a livello internazionale.<\/p>\t\t\t\t\t\t<\/div>\n\t\t\t\t<\/div>\n\t\t\t\t\t<\/div>\n\t\t<\/div>\n\t\t\t\t\t<\/div>\n\t\t<\/section>\n\t\t\t\t<section class=\"elementor-section elementor-top-section elementor-element elementor-element-5f7d192 elementor-section-boxed elementor-section-height-default elementor-section-height-default\" data-id=\"5f7d192\" data-element_type=\"section\">\n\t\t\t\t\t\t<div class=\"elementor-container elementor-column-gap-default\">\n\t\t\t\t\t<div class=\"elementor-column elementor-col-50 elementor-top-column elementor-element elementor-element-e52bea8\" data-id=\"e52bea8\" data-element_type=\"column\">\n\t\t\t<div class=\"elementor-widget-wrap elementor-element-populated\">\n\t\t\t\t\t\t<div class=\"elementor-element elementor-element-7864425 elementor-widget elementor-widget-image\" data-id=\"7864425\" data-element_type=\"widget\" data-widget_type=\"image.default\">\n\t\t\t\t<div class=\"elementor-widget-container\">\n\t\t\t\t\t\t\t\t\t\t\t\t\t<img decoding=\"async\" width=\"792\" height=\"594\" src=\"https:\/\/www.reiserwatches.com\/wp-content\/uploads\/2021\/04\/germany.jpg\" class=\"attachment-large size-large wp-image-11684\" alt=\"\" srcset=\"https:\/\/www.reiserwatches.com\/wp-content\/uploads\/2021\/04\/germany.jpg 792w, https:\/\/www.reiserwatches.com\/wp-content\/uploads\/2021\/04\/germany-322x242.jpg 322w, https:\/\/www.reiserwatches.com\/wp-content\/uploads\/2021\/04\/germany-555x416.jpg 555w, https:\/\/www.reiserwatches.com\/wp-content\/uploads\/2021\/04\/germany-300x225.jpg 300w, https:\/\/www.reiserwatches.com\/wp-content\/uploads\/2021\/04\/germany-768x576.jpg 768w, https:\/\/www.reiserwatches.com\/wp-content\/uploads\/2021\/04\/germany-16x12.jpg 16w\" sizes=\"(max-width: 792px) 100vw, 792px\" \/>\t\t\t\t\t\t\t\t\t\t\t\t\t<\/div>\n\t\t\t\t<\/div>\n\t\t\t\t\t<\/div>\n\t\t<\/div>\n\t\t\t\t<div class=\"elementor-column elementor-col-50 elementor-top-column elementor-element elementor-element-b3c4848\" data-id=\"b3c4848\" data-element_type=\"column\" data-settings=\"{&quot;background_background&quot;:&quot;classic&quot;}\">\n\t\t\t<div class=\"elementor-widget-wrap elementor-element-populated\">\n\t\t\t\t\t\t<div class=\"elementor-element elementor-element-c2075cc elementor-widget elementor-widget-heading\" data-id=\"c2075cc\" data-element_type=\"widget\" data-widget_type=\"heading.default\">\n\t\t\t\t<div class=\"elementor-widget-container\">\n\t\t\t<h2 class=\"elementor-heading-title elementor-size-default\">La citt\u00e0 di Pforzheim<\/h2>\t\t<\/div>\n\t\t\t\t<\/div>\n\t\t\t\t<div class=\"elementor-element elementor-element-9e8df1d elementor-widget elementor-widget-text-editor\" data-id=\"9e8df1d\" data-element_type=\"widget\" data-widget_type=\"text-editor.default\">\n\t\t\t\t<div class=\"elementor-widget-container\">\n\t\t\t\t\t\t\t<p>La Germania \u00e8 famosa in tutto il mondo come incubatore di tecnologie all&#039;avanguardia, ingegneria ad alte prestazioni e progresso orologiero.<\/p><p>Tutto ebbe inizio nel 1700, nella citt\u00e0 di Pforzheim, dove abili artigiani svilupparono alcuni dei pi\u00f9 avanzati strumenti di cronometraggio.<\/p>\t\t\t\t\t\t<\/div>\n\t\t\t\t<\/div>\n\t\t\t\t\t<\/div>\n\t\t<\/div>\n\t\t\t\t\t<\/div>\n\t\t<\/section>\n\t\t\t\t<section class=\"elementor-section elementor-top-section elementor-element elementor-element-fd5a7f4 elementor-reverse-mobile elementor-section-boxed elementor-section-height-default elementor-section-height-default\" data-id=\"fd5a7f4\" data-element_type=\"section\">\n\t\t\t\t\t\t<div class=\"elementor-container elementor-column-gap-default\">\n\t\t\t\t\t<div class=\"elementor-column elementor-col-50 elementor-top-column elementor-element elementor-element-d4f0521\" data-id=\"d4f0521\" data-element_type=\"column\">\n\t\t\t<div class=\"elementor-widget-wrap elementor-element-populated\">\n\t\t\t\t\t\t<div class=\"elementor-element elementor-element-8157cf5 elementor-widget elementor-widget-heading\" data-id=\"8157cf5\" data-element_type=\"widget\" data-widget_type=\"heading.default\">\n\t\t\t\t<div class=\"elementor-widget-container\">\n\t\t\t<h2 class=\"elementor-heading-title elementor-size-default\">Progettato nei Paesi Bassi<\/h2>\t\t<\/div>\n\t\t\t\t<\/div>\n\t\t\t\t<div class=\"elementor-element elementor-element-5eeabc1 elementor-widget elementor-widget-text-editor\" data-id=\"5eeabc1\" data-element_type=\"widget\" data-widget_type=\"text-editor.default\">\n\t\t\t\t<div class=\"elementor-widget-container\">\n\t\t\t\t\t\t\t<p>Nel frattempo, gli olandesi avevano gi\u00e0 coltivato una profonda comprensione delle arti. Oggi sono considerati uno dei paesi pi\u00f9 influenti nel mondo dell&#039;arte, rinomati per i loro design puliti, intelligenti e minimalisti.<\/p><p>Il nostro tocco creativo \u00e8 intrinseco al nostro background olandese e alla nostra connessione con il progresso artistico.<\/p>\t\t\t\t\t\t<\/div>\n\t\t\t\t<\/div>\n\t\t\t\t\t<\/div>\n\t\t<\/div>\n\t\t\t\t<div class=\"elementor-column elementor-col-50 elementor-top-column elementor-element elementor-element-308255d\" data-id=\"308255d\" data-element_type=\"column\">\n\t\t\t<div class=\"elementor-widget-wrap elementor-element-populated\">\n\t\t\t\t\t\t<div class=\"elementor-element elementor-element-5ace8ff elementor-widget elementor-widget-image\" data-id=\"5ace8ff\" data-element_type=\"widget\" data-widget_type=\"image.default\">\n\t\t\t\t<div class=\"elementor-widget-container\">\n\t\t\t\t\t\t\t\t\t\t\t\t\t<img decoding=\"async\" width=\"800\" height=\"600\" src=\"https:\/\/www.reiserwatches.com\/wp-content\/uploads\/2021\/04\/designedinnetherlands-1024x768.jpg\" class=\"attachment-large size-large wp-image-11659\" alt=\"\" srcset=\"https:\/\/www.reiserwatches.com\/wp-content\/uploads\/2021\/04\/designedinnetherlands-1024x768.jpg 1024w, https:\/\/www.reiserwatches.com\/wp-content\/uploads\/2021\/04\/designedinnetherlands-322x242.jpg 322w, https:\/\/www.reiserwatches.com\/wp-content\/uploads\/2021\/04\/designedinnetherlands-555x416.jpg 555w, https:\/\/www.reiserwatches.com\/wp-content\/uploads\/2021\/04\/designedinnetherlands-300x225.jpg 300w, https:\/\/www.reiserwatches.com\/wp-content\/uploads\/2021\/04\/designedinnetherlands-768x576.jpg 768w, https:\/\/www.reiserwatches.com\/wp-content\/uploads\/2021\/04\/designedinnetherlands-16x12.jpg 16w, https:\/\/www.reiserwatches.com\/wp-content\/uploads\/2021\/04\/designedinnetherlands.jpg 1028w\" sizes=\"(max-width: 800px) 100vw, 800px\" \/>\t\t\t\t\t\t\t\t\t\t\t\t\t<\/div>\n\t\t\t\t<\/div>\n\t\t\t\t\t<\/div>\n\t\t<\/div>\n\t\t\t\t\t<\/div>\n\t\t<\/section>\n\t\t\t\t<section class=\"elementor-section elementor-top-section elementor-element elementor-element-d96ec75 elementor-section-boxed elementor-section-height-default elementor-section-height-default\" data-id=\"d96ec75\" data-element_type=\"section\" data-settings=\"{&quot;background_background&quot;:&quot;classic&quot;}\">\n\t\t\t\t\t\t<div class=\"elementor-container elementor-column-gap-default\">\n\t\t\t\t\t<div class=\"elementor-column elementor-col-50 elementor-top-column elementor-element elementor-element-5fad23a\" data-id=\"5fad23a\" data-element_type=\"column\">\n\t\t\t<div class=\"elementor-widget-wrap elementor-element-populated\">\n\t\t\t\t\t\t<div class=\"elementor-element elementor-element-0e95b0d elementor-widget elementor-widget-image\" data-id=\"0e95b0d\" data-element_type=\"widget\" data-widget_type=\"image.default\">\n\t\t\t\t<div class=\"elementor-widget-container\">\n\t\t\t\t\t\t\t\t\t\t\t\t\t<img loading=\"lazy\" decoding=\"async\" width=\"800\" height=\"600\" src=\"https:\/\/www.reiserwatches.com\/wp-content\/uploads\/2021\/04\/Untitled-2-1024x768.jpg\" class=\"attachment-large size-large wp-image-11655\" alt=\"\" srcset=\"https:\/\/www.reiserwatches.com\/wp-content\/uploads\/2021\/04\/Untitled-2-1024x768.jpg 1024w, https:\/\/www.reiserwatches.com\/wp-content\/uploads\/2021\/04\/Untitled-2-322x242.jpg 322w, https:\/\/www.reiserwatches.com\/wp-content\/uploads\/2021\/04\/Untitled-2-555x416.jpg 555w, https:\/\/www.reiserwatches.com\/wp-content\/uploads\/2021\/04\/Untitled-2-300x225.jpg 300w, https:\/\/www.reiserwatches.com\/wp-content\/uploads\/2021\/04\/Untitled-2-768x576.jpg 768w, https:\/\/www.reiserwatches.com\/wp-content\/uploads\/2021\/04\/Untitled-2-16x12.jpg 16w, https:\/\/www.reiserwatches.com\/wp-content\/uploads\/2021\/04\/Untitled-2.jpg 1028w\" sizes=\"(max-width: 800px) 100vw, 800px\" \/>\t\t\t\t\t\t\t\t\t\t\t\t\t<\/div>\n\t\t\t\t<\/div>\n\t\t\t\t\t<\/div>\n\t\t<\/div>\n\t\t\t\t<div class=\"elementor-column elementor-col-50 elementor-top-column elementor-element elementor-element-de1f5cc\" data-id=\"de1f5cc\" data-element_type=\"column\">\n\t\t\t<div class=\"elementor-widget-wrap elementor-element-populated\">\n\t\t\t\t\t\t<div class=\"elementor-element elementor-element-91e2355 elementor-widget elementor-widget-heading\" data-id=\"91e2355\" data-element_type=\"widget\" data-widget_type=\"heading.default\">\n\t\t\t\t<div class=\"elementor-widget-container\">\n\t\t\t<h2 class=\"elementor-heading-title elementor-size-default\">Fatto in Germania<\/h2>\t\t<\/div>\n\t\t\t\t<\/div>\n\t\t\t\t<div class=\"elementor-element elementor-element-e4f90f5 elementor-widget elementor-widget-text-editor\" data-id=\"e4f90f5\" data-element_type=\"widget\" data-widget_type=\"text-editor.default\">\n\t\t\t\t<div class=\"elementor-widget-container\">\n\t\t\t\t\t\t\t<p>Racchiudiamo le nostre origini tedesche e olandesi e onoriamo la storia profonda di ogni cultura.<\/p><p>Siamo orgogliosi della nostra eredit\u00e0 multiculturale e incarniamo la continuazione di entrambi i viaggi.<\/p><p>I nostri orologi sono assemblati in Germania e portano l&#039;etichetta \u201cMade in Germany\u201d: una garanzia di qualit\u00e0 e precisione basata su rigorosi criteri definiti dalla legge.<\/p>\t\t\t\t\t\t<\/div>\n\t\t\t\t<\/div>\n\t\t\t\t\t<\/div>\n\t\t<\/div>\n\t\t\t\t\t<\/div>\n\t\t<\/section>\n\t\t\t\t<\/div>","protected":false},"excerpt":{"rendered":"<p>Made in Germany Un marchio di qualit\u00e0 riconosciuto a livello internazionale. La citt\u00e0 di Pforzheim Germania \u00e8 famosa in tutto il mondo come incubatrice di tecnologia all&#039;avanguardia, ingegneria ad alte prestazioni e progresso nel settore dell&#039;orologeria. Tutto ebbe inizio nel 1700, nella citt\u00e0 di Pforzheim, dove abili artigiani svilupparono alcuni dei pi\u00f9 avanzati strumenti di cronometraggio. Progettato nei Paesi Bassi Nel frattempo, il [\u2026]<\/p>","protected":false},"author":1,"featured_media":0,"parent":0,"menu_order":0,"comment_status":"closed","ping_status":"closed","template":"elementor_header_footer","meta":{"_acf_changed":false,"footnotes":""},"class_list":["post-1962","page","type-page","status-publish","hentry"],"acf":[],"_links":{"self":[{"href":"https:\/\/www.reiserwatches.com\/it\/wp-json\/wp\/v2\/pages\/1962","targetHints":{"allow":["GET"]}}],"collection":[{"href":"https:\/\/www.reiserwatches.com\/it\/wp-json\/wp\/v2\/pages"}],"about":[{"href":"https:\/\/www.reiserwatches.com\/it\/wp-json\/wp\/v2\/types\/page"}],"author":[{"embeddable":true,"href":"https:\/\/www.reiserwatches.com\/it\/wp-json\/wp\/v2\/users\/1"}],"replies":[{"embeddable":true,"href":"https:\/\/www.reiserwatches.com\/it\/wp-json\/wp\/v2\/comments?post=1962"}],"version-history":[{"count":0,"href":"https:\/\/www.reiserwatches.com\/it\/wp-json\/wp\/v2\/pages\/1962\/revisions"}],"wp:attachment":[{"href":"https:\/\/www.reiserwatches.com\/it\/wp-json\/wp\/v2\/media?parent=1962"}],"curies":[{"name":"wp","href":"https:\/\/api.w.org\/{rel}","templated":true}]}}