{"id":2084,"date":"2020-10-01T13:41:30","date_gmt":"2020-10-01T13:41:30","guid":{"rendered":"http:\/\/rrnewlayout.kinsta.cloud\/?page_id=2084"},"modified":"2022-06-15T16:01:59","modified_gmt":"2022-06-15T14:01:59","slug":"privacy-policy","status":"publish","type":"page","link":"https:\/\/www.reiserwatches.com\/it\/privacy-policy\/","title":{"rendered":"politica sulla riservatezza"},"content":{"rendered":"<div data-elementor-type=\"wp-page\" data-elementor-id=\"2084\" class=\"elementor elementor-2084\" data-elementor-post-type=\"page\">\n\t\t\t\t\t\t<section class=\"elementor-section elementor-top-section elementor-element elementor-element-1059f85 elementor-section-boxed elementor-section-height-default elementor-section-height-default\" data-id=\"1059f85\" data-element_type=\"section\">\n\t\t\t\t\t\t<div class=\"elementor-container elementor-column-gap-default\">\n\t\t\t\t\t<div class=\"elementor-column elementor-col-100 elementor-top-column elementor-element elementor-element-9cada76\" data-id=\"9cada76\" data-element_type=\"column\">\n\t\t\t<div class=\"elementor-widget-wrap elementor-element-populated\">\n\t\t\t\t\t\t<div class=\"elementor-element elementor-element-49edce6 elementor-widget elementor-widget-text-editor\" data-id=\"49edce6\" data-element_type=\"widget\" data-widget_type=\"text-editor.default\">\n\t\t\t\t<div class=\"elementor-widget-container\">\n\t\t\t\t\t\t\t<p>Il seguente documento esplicita la politica sulla privacy che regola l&#039;utilizzo del sito web, che si trova all&#039;indirizzo www.reiserwatches.com (il &quot;sito web&quot;). Visitando questo sito Web e\/o utilizzando i servizi offerti su o tramite questo sito Web, l&#039;utente accetta i termini della presente informativa sulla privacy come possono essere modificati di volta in volta. Come spiegato pi\u00f9 avanti, questo documento pu\u00f2 essere cambiato o modificato in qualsiasi momento a nostra esclusiva discrezione e tali modifiche saranno effettive immediatamente dopo la pubblicazione della modifica o della modifica del documento su questo sito web. Questa politica sulla privacy \u00e8 incorporata in, e parte di, Global Watches B.V. (&quot;REISER&quot;) termini e condizioni d&#039;uso, che regolano l&#039;utilizzo di questo sito web in generale.<\/p><p>\u00a0<\/p><div class=\"heading-wrapper\"><div id=\"draft-privacy-notice-text-all-markets-except-switzerland\"><h4 class=\"heading-h3\">Testo dell&#039;informativa sulla privacy di Klarna (tutti i mercati tranne la Svizzera)<\/h4><\/div><\/div><p>&quot;Al fine di offrirti i metodi di pagamento di Klarna, al momento del pagamento potremmo trasmettere i tuoi dati personali sotto forma di contatto e dettagli dell&#039;ordine a Klarna, in modo che Klarna possa valutare se sei idoneo per i loro metodi di pagamento e adattare tali metodi di pagamento per tu. I tuoi dati personali trasferiti sono trattati in linea con\u00a0<a class=\"link-item link-secondary\" href=\"https:\/\/www.klarna.com\/international\/privacy-policy\/\"><span class=\"link-content\">Informativa sulla privacy di Klarna<\/span><\/a>.\u201d<\/p><div class=\"heading-wrapper\"><div class=\"animated-tooltip-container\"><div class=\"animated-tooltip-item animated-tooltip-left\">\u00a0<\/div><\/div><div id=\"draft-privacy-notice-text-switzerland-only\"><h4 class=\"heading-h3\">Informativa sulla privacy di Klarna (solo Svizzera)<\/h4><\/div><\/div><p>In Svizzera, Klarna offre i suoi servizi insieme alla sua controllata Billpay. Se condividi dati personali con Klarna e Billpay, devi spiegarlo nella tua informativa sulla privacy e collegarti alle informative sulla privacy locali di Klarna e Billpay. Di seguito \u00e8 riportato un esempio di come potrebbe apparire nella tua informativa sulla privacy esistente (le specifiche categorie di dati trasferite da aggiungere e il testo da tradurre nella tua lingua locale):<\/p><p>Opzioni di pagamento di Billpay\/Klarna: per poterti offrire le opzioni di pagamento di Klarna e valutare se sei idoneo per le loro opzioni di pagamento e per personalizzare le opzioni di pagamento per te, al momento del pagamento potremmo trasmettere i tuoi dati personali sotto forma di contatto e i dettagli dell&#039;ordine a Klarna e Billpay. I tuoi dati personali sono trattati in conformit\u00e0 con la legge sulla protezione dei dati applicabile e in conformit\u00e0 con le informazioni in Klarna (<a class=\"link-item link-secondary\" href=\"https:\/\/cdn.klarna.com\/1.0\/shared\/content\/legal\/terms\/0\/de_ch\/privacy_bp\"><span class=\"link-content\">de<\/span><\/a>,\u00a0<a class=\"link-item link-secondary\" href=\"https:\/\/cdn.klarna.com\/1.0\/shared\/content\/legal\/terms\/0\/fr_ch\/privacy_bp\"><span class=\"link-content\">FR<\/span><\/a>,\u00a0<a class=\"link-item link-secondary\" href=\"https:\/\/cdn.klarna.com\/1.0\/shared\/content\/legal\/terms\/0\/it_ch\/privacy_bp\"><span class=\"link-content\">esso<\/span><\/a>\u00a0o\u00a0<a class=\"link-item link-secondary\" href=\"https:\/\/cdn.klarna.com\/1.0\/shared\/content\/legal\/terms\/0\/en_ch\/privacy_bp\"><span class=\"link-content\">it<\/span><\/a>\u00a0versioni) e Billpay (<a class=\"link-item link-secondary\" href=\"https:\/\/cdn.klarna.com\/1.0\/shared\/content\/legal\/terms\/0\/de_ch\/invoice\"><span class=\"link-content\">de<\/span><\/a>,\u00a0<a class=\"link-item link-secondary\" href=\"https:\/\/cdn.klarna.com\/1.0\/shared\/content\/legal\/terms\/EID\/fr_ch\/invoice\"><span class=\"link-content\">FR<\/span><\/a>,\u00a0<a class=\"link-item link-secondary\" href=\"https:\/\/cdn.klarna.com\/1.0\/shared\/content\/legal\/terms\/EID\/it_ch\/invoice\"><span class=\"link-content\">esso<\/span><\/a>\u00a0o\u00a0<a class=\"link-item link-secondary\" href=\"https:\/\/cdn.klarna.com\/1.0\/shared\/content\/legal\/terms\/EID\/en_ch\/invoice\"><span class=\"link-content\">it<\/span><\/a>\u00a0versioni) informative sulla privacy.<\/p><h4>RACCOLTA INFORMAZIONI<\/h4><p>Potremmo chiederti informazioni personali e\/o raccogliere determinate informazioni dal tuo computer ogni volta che visiti il sito web. Questa politica sulla privacy spiega, in generale, quali informazioni personali e altre informazioni vengono raccolte sul nostro sito Web, come vengono utilizzate le informazioni, con chi possiamo condividere tali informazioni e i tuoi diritti in merito all&#039;uso e alla memorizzazione di tali informazioni.<\/p><p>Non chiederemo mai consapevolmente informazioni di identificazione personale a chiunque abbia meno di 13 anni senza il previo consenso verificabile dei genitori quando richiesto dalla legge. Se ci rendiamo conto che un cliente ha meno di 13 anni e si \u00e8 registrato senza il previo consenso dei genitori verificabile richiesto dalla legge, rimuoveremo le sue informazioni di registrazione di identificazione personale dai nostri file.<\/p><h4>INFORMAZIONE PERSONALE<\/h4><p>Le &quot;informazioni personali&quot; che chiediamo possono includere, ma non sono necessariamente limitate al tuo nome; indirizzo di casa e\/o di lavoro; indirizzo email; telefono e\/o cellulare; servizio di messaggistica breve o indirizzo di messaggi di testo o altro indirizzo di dispositivo mobile; indirizzo di messaggistica istantanea; informazioni demografiche e\/o altre informazioni che potrebbero identificarti come individuo o consentire il contatto online o offline con te come individuo.<\/p><p>Hai il diritto di &quot;rinunciare&quot; ad alcuni dei nostri usi delle tue informazioni personali. Ad esempio, nel momento in cui ti viene richiesto di fornire informazioni personali su questo sito Web, potresti avere l&#039;opportunit\u00e0 di scegliere o meno di: (1) ricevere la nostra corrispondenza o (2) far condividere le tue informazioni personali con altri entit\u00e0 per le loro finalit\u00e0 di marketing. Puoi richiedere di modificare queste scelte in qualsiasi momento. Tuttavia, tale richiesta si applicher\u00e0 solo alla data in cui \u00e8 stata richiesta. Ad esempio: se hai scelto di consentirci di condividere le tue informazioni personali con altre entit\u00e0 per i loro scopi di marketing e in seguito ci hai chiesto di smettere di farlo, lo faremo solo quando la tua richiesta verr\u00e0 elaborata e non saremo ritenuti responsabili per le informazioni precedentemente condivise previo tuo consenso. In questi casi, dovrai contattare direttamente tali entit\u00e0.<\/p><p>Puoi disattivare le e-mail promozionali REISER facendo clic su un collegamento di disattivazione all&#039;interno di qualsiasi e-mail che potresti ricevere da noi.<\/p><p>Anche se puoi scegliere di non ricevere la nostra corrispondenza promozionale, potremmo comunque contattarti in relazione alla tua relazione, attivit\u00e0 e comunicazioni con noi.<\/p><h4>INFORMAZIONI DI UTILIZZO, COOKIE, IP, ECC.<\/h4><p>Visitando questo sito Web e\/o utilizzando i servizi offerti su o tramite questo sito Web, accetti di consentirci di raccogliere informazioni sull&#039;utilizzo con mezzi automatizzati. Tali informazioni vengono raccolte, ad esempio, quando gli utenti si registrano o si iscrivono a funzioni del nostro sito Web, partecipano a lotterie e concorsi, completano sondaggi, inviano un commento o una domanda utilizzando un &quot;contattaci&quot; o una funzione simile sul nostro sito Web, inviano inviarci un&#039;e-mail o inviarci in qualsiasi altro modo informazioni personali tramite il nostro sito web.<\/p><p>Utilizziamo i &quot;cookie&quot; per conservare e talvolta tenere traccia delle informazioni su di te. I cookie sono piccoli file di dati che vengono inviati al browser Web o al software correlato da un server Web e memorizzati sul disco rigido del computer. I cookie tengono traccia del tuo utilizzo e della tua visita sul nostro sito web, come le pagine che visiti e gli articoli che acquisti. Possono memorizzare le informazioni nel tuo carrello e\/o il tuo nome utente e\/o password. Un cookie pu\u00f2 consentirci di mettere in relazione il tuo utilizzo del nostro sito Web con altre informazioni su di te, comprese le tue informazioni personali. Tutti questi scopi servono a migliorare e personalizzare la tua esperienza sul nostro sito Web, a determinare quali aree e caratteristiche del nostro sito Web sono pi\u00f9 popolari e ad apportare miglioramenti e aggiornamenti per migliorare l&#039;esperienza del sito Web REISER.<\/p><p>Puoi rifiutarti di ricevere i nostri cookie nelle impostazioni del tuo browser web o del relativo software. La maggior parte dei browser Web pu\u00f2 essere impostata per informarti quando ti \u00e8 stato inviato un cookie e fornirti l&#039;opportunit\u00e0 di rifiutare quel cookie. Tuttavia, il rifiuto di un cookie pu\u00f2, in alcuni casi, precluderti l&#039;utilizzo o avere un impatto negativo sulla visualizzazione o sulla funzione del sito web o di determinate aree o funzionalit\u00e0 del sito web. Per maggiori informazioni, consulta il servizio di supporto del tuo browser web\/software preferito su come configurare la privacy dei cookie.<\/p><p>Possiamo utilizzare &quot;clear gif&quot; (noti anche come &quot;web beacon&quot; o &quot;pixel tag&quot;) o tecnologie simili, nel sito web e\/o nelle nostre comunicazioni con te per consentirci di sapere se hai visitato una pagina web o ricevuto un Messaggio. Una gif trasparente \u00e8 in genere un&#039;immagine trasparente di un pixel (sebbene possa essere anche un&#039;immagine visibile), situata in una pagina Web o in un messaggio di posta elettronica o di altro tipo, recuperata da un sito remoto sul Internet che consente la verifica della visualizzazione o della ricezione di una pagina Web o di un messaggio da parte di un individuo. Un clear gif pu\u00f2 consentirci di mettere in relazione la tua visualizzazione o ricezione di una pagina web o di un messaggio con altre informazioni su di te, comprese le tue informazioni personali.<\/p><p>Il nostro server raccoglie automaticamente i dati sull&#039;indirizzo Internet del tuo server quando ci visiti. Questa informazione, nota come indirizzo di protocollo Internet (&quot;indirizzo IP&quot;) \u00e8 un numero che viene assegnato automaticamente al tuo computer dal tuo provider di servizi Internet ogni volta che sei su Internet. Quando richiedi pagine dal nostro sito web, i nostri server possono registrare il tuo indirizzo IP e talvolta il tuo nome di dominio. Il nostro server pu\u00f2 anche registrare la pagina di riferimento che ti ha collegato a noi (ad esempio, un altro sito Web o un motore di ricerca); le pagine che visiti su questo sito web; il sito web che visiti dopo questo sito web; gli annunci che vedi e\/o fai clic su; i tuoi interessi sui prodotti; altre informazioni sul tipo di browser web, computer, piattaforma, software correlato e impostazioni che stai utilizzando; qualsiasi termine di ricerca immesso su questo sito Web o su un sito di riferimento; e altre attivit\u00e0 di utilizzo del web e dati registrati dai nostri server web.<\/p><p>Utilizziamo queste informazioni per l&#039;amministrazione interna del sistema, per aiutare a diagnosticare problemi con il nostro server e per amministrare il nostro sito web. Tali informazioni possono anche essere utilizzate per raccogliere ampie informazioni demografiche, come il paese di origine e il provider di servizi Internet. Potremmo anche collegare queste informazioni con le tue informazioni personali. Una o tutte queste attivit\u00e0 relative alle informazioni sull&#039;utilizzo del sito Web possono essere eseguite per nostro conto dai nostri fornitori di servizi, se presenti.<\/p><p>Utilizzeremo le informazioni personali fornite al nostro sito Web, ad esempio, per rispondere alle vostre richieste e per fornirvi le nostre offerte di prodotti e servizi. Ad esempio, risponderemo alle tue richieste e richieste e ti forniremo tutti i servizi e le funzionalit\u00e0 che possono essere offerti su o attraverso il nostro sito web. Potremmo anche utilizzare le tue informazioni personali per aiutarci a sviluppare e migliorare il nostro sito web, adattare il nostro sito web ai tuoi interessi e mantenere la nostra tenuta dei registri interni. Potremmo abbinare le informazioni raccolte dall&#039;utente tramite mezzi diversi o in momenti diversi, comprese le informazioni personali e le informazioni sull&#039;utilizzo del sito Web, e utilizzare tali informazioni insieme alle informazioni ottenute da altre fonti, comprese terze parti. Inoltre, potremmo inviarti avvisi (ad esempio, sotto forma di e-mail, mailing e simili) e corrispondere in altro modo con te, su prodotti, servizi, aziende, promozioni, concorsi ed eventi, sponsorizzati da noi e altri, che pensiamo possano interessarti. REISER pu\u00f2 offrire e-mail come servizio ai nostri utenti. Riceverai un&#039;e-mail promozionale da REISER solo se accetti durante la registrazione, o durante le tue altre attivit\u00e0 su o attraverso il nostro sito web, o utilizzando il nostro modulo di iscrizione alla newsletter, per ricevere questi articoli. Le istruzioni per la cancellazione sono incluse in ogni e-mail. Puoi scegliere di non ricevere tali comunicazioni da noi seguendo le istruzioni nella sezione relativa al diritto di recesso sopra.<\/p><h4>INFORMAZIONI AGGREGATE, STATISTICHE, PUBBLICIT\u00c0 DI TERZE PARTI, ECC.<\/h4><p>Possiamo analizzare il comportamento degli utenti come misura dell&#039;interesse e dell&#039;utilizzo del nostro sito Web e delle e-mail, sia su base individuale che aggregata. Potremmo utilizzare altri partner di terze parti per aiutare a gestire il nostro sito web. Potremmo condividere le tue informazioni con i nostri affiliati, fornitori di servizi e altre terze parti che forniscono servizi per o tramite questo sito Web o per la nostra attivit\u00e0 (come societ\u00e0 di hosting di siti Web o database, societ\u00e0 di hosting di elenchi di indirizzi, fornitori di servizi di posta elettronica, analisi societ\u00e0, societ\u00e0 di distribuzione, societ\u00e0 di adempimento e altri fornitori di servizi simili che utilizzano tali informazioni per nostro conto). Richiediamo ai nostri fornitori di servizi di mantenere la riservatezza delle tue informazioni personali.<\/p><p>Possiamo divulgare statistiche aggregate sul comportamento degli utenti come misura dell&#039;interesse e dell&#039;utilizzo del nostro sito Web e delle e-mail a terzi sotto forma di dati aggregati, come modelli generali o rapporti demografici che non descrivono o identificano alcun singolo utente. Le informazioni aggregate sono informazioni non identificabili personalmente\/anonime su di te, come et\u00e0, sesso, tipi di prodotti acquistati, pagine a cui accedi pi\u00f9 frequentemente o termini di ricerca che inserisci. Le informazioni aggregate vengono utilizzate in modo collettivo e nessuna singola persona pu\u00f2 essere identificata da tali informazioni compilate.<\/p><p>Poich\u00e9 le informazioni aggregate non possono essere ricollegate a nessun individuo e, in quanto tali, non violano la privacy di alcun individuo, i diritti dell&#039;utente presentati in questo documento non si applicano qui e REISER si riserva il diritto di utilizzare tali informazioni aggregate, e solo questo, come meglio crede e senza possibilit\u00e0 di rinuncia. Tuttavia, se un utente ci richiede di eliminare le sue informazioni personali e le informazioni di utilizzo dai nostri server, smetteremo naturalmente di utilizzarle in forma aggregata poich\u00e9 non le avremo pi\u00f9, nel rispetto dei diritti alla privacy dell&#039;utente.<\/p><p>Potremmo utilizzare societ\u00e0 pubblicitarie di terze parti per pubblicare annunci quando visiti il nostro sito web. Queste societ\u00e0 possono utilizzare le informazioni (generalmente non includendo il tuo nome, indirizzo e-mail o numero di telefono) sulle tue visite a questo e ad altri siti Web al fine di fornire annunci pubblicitari su beni e servizi di tuo interesse. Queste aziende possono utilizzare cookie e gif trasparenti per misurare l&#039;efficacia della pubblicit\u00e0. Qualsiasi informazione che queste terze parti raccolgono tramite cookie e clear gif non \u00e8 personalmente identificabile.<\/p><h4>AUTORIT\u00c0 GOVERNATIVE E LEGALI<\/h4><p>Possiamo divulgare le informazioni dell&#039;utente alle autorit\u00e0 governative e ad altre terze parti quando obbligati a farlo dalle autorit\u00e0 governative, a nostra discrezione, o altrimenti come richiesto dalla legge in nostra buona fede, incluso ma non limitato a in risposta a ordini del tribunale e citazioni in giudizio e come altrimenti richiesto in relazione a un procedimento giudiziario o governativo o a un procedimento legale. Potremmo anche divulgare le informazioni dell&#039;utente quando abbiamo motivo di ritenere che qualcuno stia causando lesioni o interferenze con i nostri diritti o propriet\u00e0, altri utenti del sito Web o chiunque altro possa essere danneggiato da tali attivit\u00e0. REISER collabora con le indagini delle forze dell&#039;ordine e altre terze parti per far rispettare le leggi, i diritti di propriet\u00e0 intellettuale e altri diritti.<\/p><h4>I TUOI DIRITTI E PROCEDURE RELATIVE ALLE TUE INFORMAZIONI<\/h4><p>\u00c8 possibile rivedere le informazioni personali memorizzate nel proprio account utente su questo sito Web contattandoci all&#039;indirizzo cs [sostituisci con @] www.reiserwatches.com. Ti invieremo una copia delle informazioni personali che abbiamo in archivio nel tuo account utente (se presente). Puoi fornirci informazioni nuove o aggiornate in qualsiasi momento. Faremo il possibile per rispondere alla tua richiesta di accedere, aggiornare o eliminare le tue informazioni non appena possibile. Prima di poterti fornire qualsiasi informazione, correggere eventuali imprecisioni o eliminare qualsiasi informazione, tuttavia, potremmo chiederti di verificare la tua identit\u00e0 e di fornire altri dettagli per aiutarci a rispondere alla tua richiesta.<\/p><h4>MISURE E RISCHI DI SICUREZZA<\/h4><p>REISER adotter\u00e0 misure ragionevoli per proteggere la sicurezza e l&#039;integrit\u00e0 di tutte le informazioni personali fornite a questo sito web. Tuttavia, riconosciamo che tutte le trasmissioni di dati non sono 100% sicure e possono essere fuori dal nostro completo controllo. Non possiamo garantire che le informazioni, durante la trasmissione tramite Internet o mentre sono archiviate sul nostro sistema o altrimenti in nostra cura, siano assolutamente al sicuro da intrusioni da parte di altri. Inoltre, potrebbe essere possibile per terzi non sotto il controllo di REISER intercettare o accedere illegalmente a trasmissioni o comunicazioni private. Sebbene ci sforziamo di proteggere le tue informazioni personali, REISER non pu\u00f2 garantire o garantire la sicurezza delle informazioni che ci trasmetti. Qualsiasi trasmissione di questo tipo viene effettuata a proprio rischio.<\/p><p>Non avremo alcuna responsabilit\u00e0 per la divulgazione delle tue informazioni a causa di errori o atti non autorizzati di terzi durante o dopo la trasmissione.<\/p><p>Nell&#039;improbabile caso in cui riteniamo che la sicurezza delle tue informazioni personali in nostro possesso o controllo possa essere stata compromessa, potremmo cercare di informarti di tale sviluppo. Se una notifica \u00e8 appropriata, cercheremo di farlo il pi\u00f9 rapidamente possibile in base alle circostanze e, nella misura in cui disponiamo del tuo indirizzo e-mail, potremmo informarti tramite e-mail. Acconsenti al nostro utilizzo della posta elettronica come mezzo di tale notifica.<\/p><p>Questo sito web \u00e8 ospitato e gestito nei Paesi Bassi, ai sensi della legge olandese. Fornendo informazioni personali a questo sito Web, l&#039;utente comprende e acconsente alla raccolta, alla manutenzione, all&#039;elaborazione e al trasferimento di tali informazioni nei e verso i Paesi Bassi e altri paesi e territori.<\/p><h4>CONDIZIONI FINALI<\/h4><p>Quando sei sul nostro sito web potresti avere l&#039;opportunit\u00e0 di visitare o collegarti ad altri siti non gestiti da REISER, inclusi altri siti web gestiti dai nostri affiliati o da terze parti non affiliate. Questi siti possono raccogliere informazioni personali su di te. REISER non controlla i siti gestiti da queste entit\u00e0 e non \u00e8 responsabile per le pratiche informative di questi siti. Questa politica sulla privacy non riguarda le pratiche informative di quegli altri siti web.<\/p><p>REISER si riserva il diritto di modificare o aggiornare questa politica sulla privacy, o qualsiasi altra delle nostre politiche o pratiche, in qualsiasi momento e informer\u00e0 gli utenti di questo sito Web pubblicando tale politica sulla privacy modificata o aggiornata su questa pagina. Eventuali modifiche o aggiornamenti saranno effettivi immediatamente dopo la pubblicazione su questo sito web. In determinate circostanze, potremmo anche scegliere di notificarti modifiche o aggiornamenti alla nostra politica sulla privacy con mezzi aggiuntivi, ad esempio inviandoti un&#039;e-mail.<\/p><p>Nel caso in cui REISER, o sostanzialmente tutte le sue attivit\u00e0, siano acquisite da una o pi\u00f9 terze parti a seguito di un&#039;acquisizione, fusione, vendita, riorganizzazione, consolidamento o liquidazione, le informazioni personali possono essere una delle risorse trasferite.<\/p><p>Ultima revisione: 18 maggio 2021<\/p>\t\t\t\t\t\t<\/div>\n\t\t\t\t<\/div>\n\t\t\t\t\t<\/div>\n\t\t<\/div>\n\t\t\t\t\t<\/div>\n\t\t<\/section>\n\t\t\t\t<\/div>","protected":false},"excerpt":{"rendered":"<p>Il seguente documento esplicita l&#039;informativa sulla privacy che regola l&#039;utilizzo del sito web, che si trova all&#039;indirizzo www.reiserwatches.com (il \u201csito web\u201d). Visitando questo sito Web e\/o utilizzando i servizi offerti su o tramite questo sito Web, accetti i termini di questa politica sulla privacy in quanto potrebbero essere modificati di volta in volta [\u2026]<\/p>","protected":false},"author":1,"featured_media":0,"parent":0,"menu_order":0,"comment_status":"closed","ping_status":"closed","template":"elementor_theme","meta":{"_acf_changed":false,"footnotes":""},"class_list":["post-2084","page","type-page","status-publish","hentry"],"acf":[],"_links":{"self":[{"href":"https:\/\/www.reiserwatches.com\/it\/wp-json\/wp\/v2\/pages\/2084","targetHints":{"allow":["GET"]}}],"collection":[{"href":"https:\/\/www.reiserwatches.com\/it\/wp-json\/wp\/v2\/pages"}],"about":[{"href":"https:\/\/www.reiserwatches.com\/it\/wp-json\/wp\/v2\/types\/page"}],"author":[{"embeddable":true,"href":"https:\/\/www.reiserwatches.com\/it\/wp-json\/wp\/v2\/users\/1"}],"replies":[{"embeddable":true,"href":"https:\/\/www.reiserwatches.com\/it\/wp-json\/wp\/v2\/comments?post=2084"}],"version-history":[{"count":0,"href":"https:\/\/www.reiserwatches.com\/it\/wp-json\/wp\/v2\/pages\/2084\/revisions"}],"wp:attachment":[{"href":"https:\/\/www.reiserwatches.com\/it\/wp-json\/wp\/v2\/media?parent=2084"}],"curies":[{"name":"wp","href":"https:\/\/api.w.org\/{rel}","templated":true}]}}