{"id":2099,"date":"2020-10-01T13:44:06","date_gmt":"2020-10-01T13:44:06","guid":{"rendered":"http:\/\/rrnewlayout.kinsta.cloud\/?page_id=2099"},"modified":"2022-06-15T16:07:38","modified_gmt":"2022-06-15T14:07:38","slug":"terms-and-conditions","status":"publish","type":"page","link":"https:\/\/www.reiserwatches.com\/it\/terms-and-conditions\/","title":{"rendered":"Termini e Condizioni"},"content":{"rendered":"<div data-elementor-type=\"wp-page\" data-elementor-id=\"2099\" class=\"elementor elementor-2099\" data-elementor-post-type=\"page\">\n\t\t\t\t\t\t<section class=\"elementor-section elementor-top-section elementor-element elementor-element-d88750e elementor-section-height-min-height elementor-section-boxed elementor-section-height-default elementor-section-items-middle\" data-id=\"d88750e\" data-element_type=\"section\" data-settings=\"{&quot;background_background&quot;:&quot;gradient&quot;,&quot;animation&quot;:&quot;none&quot;,&quot;animation_tablet&quot;:&quot;none&quot;}\">\n\t\t\t\t\t\t\t<div class=\"elementor-background-overlay\"><\/div>\n\t\t\t\t\t\t\t<div class=\"elementor-container elementor-column-gap-default\">\n\t\t\t\t\t<div class=\"elementor-column elementor-col-100 elementor-top-column elementor-element elementor-element-286ed39\" data-id=\"286ed39\" data-element_type=\"column\">\n\t\t\t<div class=\"elementor-widget-wrap elementor-element-populated\">\n\t\t\t\t\t\t<div class=\"elementor-element elementor-element-b523948 elementor-widget elementor-widget-heading\" data-id=\"b523948\" data-element_type=\"widget\" data-widget_type=\"heading.default\">\n\t\t\t\t<div class=\"elementor-widget-container\">\n\t\t\t<h1 class=\"elementor-heading-title elementor-size-default\">Termini e Condizioni<\/h1>\t\t<\/div>\n\t\t\t\t<\/div>\n\t\t\t\t\t<\/div>\n\t\t<\/div>\n\t\t\t\t\t<\/div>\n\t\t<\/section>\n\t\t\t\t<section class=\"elementor-section elementor-top-section elementor-element elementor-element-14e7230 elementor-section-boxed elementor-section-height-default elementor-section-height-default\" data-id=\"14e7230\" data-element_type=\"section\" data-settings=\"{&quot;background_background&quot;:&quot;classic&quot;}\">\n\t\t\t\t\t\t<div class=\"elementor-container elementor-column-gap-no\">\n\t\t\t\t\t<div class=\"elementor-column elementor-col-100 elementor-top-column elementor-element elementor-element-8e90407\" data-id=\"8e90407\" data-element_type=\"column\">\n\t\t\t<div class=\"elementor-widget-wrap elementor-element-populated\">\n\t\t\t\t\t\t<div class=\"elementor-element elementor-element-6fe4676 elementor-widget elementor-widget-text-editor\" data-id=\"6fe4676\" data-element_type=\"widget\" data-widget_type=\"text-editor.default\">\n\t\t\t\t<div class=\"elementor-widget-container\">\n\t\t\t\t\t\t\t<p><b>Modifiche ai presenti Termini<\/b><\/p>\n<p>REISER si riserva il diritto di modificare o aggiornare, in qualsiasi momento e senza preavviso, questo e tutti gli altri documenti collettivamente riconosciuti come i &quot;Termini&quot;, e informer\u00e0 gli utenti di questo sito Web pubblicando tali Termini modificati o aggiornati in questa pagina. Eventuali modifiche o aggiornamenti saranno effettivi immediatamente dopo la pubblicazione su questo sito web. In determinate circostanze, potremmo anche scegliere di notificarti modifiche o aggiornamenti ai nostri Termini con mezzi aggiuntivi, ad esempio inviandoti un&#039;e-mail.<\/p>\n<p><b>Uso e restrizioni<\/b><\/p>\n<p>Le funzionalit\u00e0 di questo sito Web sono accessibili e utilizzate solo da individui che possono stipulare contratti legalmente vincolanti ai sensi delle leggi applicabili, di et\u00e0 pari o superiore a 18 anni e a cui non \u00e8 vietato l&#039;utilizzo del sito Web in base alle leggi applicabili. Riconosci e accetti che REISER, a sua esclusiva discrezione e senza preavviso o obbligo nei tuoi confronti, pu\u00f2 sospendere o interrompere temporaneamente o permanentemente uno o tutti gli accessi al sito web. Possiamo cambiare, spostare o eliminare parti o aggiungere al nostro sito Web o ai suoi Contenuti (di seguito definiti) di volta in volta, e questi termini coprono eventuali modifiche o modifiche successive al nostro sito Web e\/o ai suoi Contenuti.<\/p>\n<p>Oltre all&#039;acquisto di merce dal nostro sito Web, il nostro sito Web e i contenuti del nostro sito Web (i &quot;Contenuti&quot;) sono destinati all&#039;uso personale e non commerciale e l&#039;utente accetta di non: (a) rivendere i prodotti acquistati o fare altro uso commerciale dei prodotti, del sito web o dei suoi Contenuti (di seguito definiti); (b) modificare, riprodurre, pubblicare, trasmettere, distribuire, visualizzare, creare opere derivate, vendere o partecipare o sfruttare in qualsiasi modo, in tutto o in parte, i Contenuti, il sito Web o qualsiasi software correlato; (c) raccogliere o utilizzare elenchi o descrizioni di prodotti; (d) utilizzare qualsiasi metodo di data mining o simile raccolta di dati dal sito web; (e) utilizzare, inquadrare o utilizzare tecniche di framing per racchiudere qualsiasi marchio, logo o altre informazioni proprietarie di REISER (incluse immagini, testo, layout o design) senza l&#039;espresso consenso di REISER; o (f) ad eccezione dell&#039;utilizzo del sito Web come espressamente consentito nei presenti Termini, accedere o tentare di accedere a qualsiasi sistema o server su cui \u00e8 ospitato il sito Web o modificare o alterare il sito Web in qualsiasi modo. Qualsiasi uso non autorizzato del sito Web comporter\u00e0 l&#039;esclusione dell&#039;utente dall&#039;uso del sito Web.<\/p>\n<p><b>Diritti di propriet\u00e0 intellettuale<\/b><\/p>\n<p>Il sito web e i suoi contenuti sono protetti da copyright, marchi, immagine commerciale e altre leggi e REISER possiede e\/o utilizza con il permesso tutti i diritti, titoli e interessi a livello mondiale nel e al sito web e ai suoi contenuti. REISER, ALPEN e tutti gli altri marchi che compaiono sul sito web sono marchi di REISER o sono concessi in licenza e\/o utilizzati con autorizzazione. Accetti di non visualizzare o utilizzare tali marchi senza l&#039;espressa autorizzazione di REISER.<\/p>\n<p><b>Commenti degli utenti, feedback, cartoline e altri contributi<\/b><\/p>\n<p>&quot;Contributi&quot; \u00e8 qualsiasi tipo di contenuto generato dall&#039;utente sul sito Web che \u00e8 stato inviato da un utente secondo le modalit\u00e0 concordate e negli spazi appropriati. Questi includono, ma non sono limitati a, commenti, feedback, cartoline, suggerimenti, idee e altri invii divulgati, inviati o offerti da te a REISER su o da questo sito Web o altrimenti divulgati, inviati o offerti in relazione al tuo utilizzo di questo sito web.<\/p>\n<p>I contributi devono essere e rimanere di propriet\u00e0 di REISER. Accetti, se richiesto da REISER, di cedere e trasferire a REISER tutti i diritti in e derivati dai Contributi che potresti avere inclusi, senza limitazioni, tutti i diritti di utilizzo, vendita e commercializzazione della propriet\u00e0 intellettuale e il diritto di presentare domande registrare tali diritti. REISER non ha alcun obbligo (1) di mantenere riservati i Commenti; (2) pagare all&#039;utente alcun compenso per eventuali Commenti; o (3) per rispondere a qualsiasi commento dell&#039;utente.<\/p>\n<p>Effettuando qualsiasi Invio al sito Web, l&#039;utente accetta che tale Invio non viola alcun diritto di terzi, inclusi copyright, marchi, privacy, brevetto o altri diritti personali o di propriet\u00e0. Inoltre, nella misura in cui qualsiasi Contributo contiene il tuo o qualsiasi altra persona nome, immagine, voce o informazioni biografiche (&quot;Diritti personali&quot;), con il presente concedi e farai in modo che tale altra persona conceda a REISER un trasferimento trasferibile, non esclusivo, in tutto il mondo , licenza royalty-free per utilizzare tali Diritti personali per qualsiasi pubblicit\u00e0 o marketing di prodotti REISER su qualsiasi supporto. Accetti di indennizzare e manlevare REISER e le sue affiliate e i loro rispettivi funzionari, direttori e dipendenti da eventuali perdite, responsabilit\u00e0, reclami e spese (incluse le spese legali) derivanti dal tuo account, dal tuo utilizzo di questo sito Web, dalla tua presentazione e da qualsiasi Diritti Personali ivi contenuti.<\/p>\n<p>Accetti inoltre che i tuoi Contributi al sito web non contengano materiale diffamatorio o altrimenti illegale, offensivo o osceno. Sei e rimarrai l&#039;unico responsabile per il contenuto di qualsiasi Contributo inviato. Accetti che REISER possa utilizzare e\/o divulgare informazioni nel tuo Contributo coerentemente con i termini dell&#039;Informativa sulla privacy.<\/p>\n<p><b>Comunicazioni elettroniche<\/b><\/p>\n<p>Acconsenti a ricevere comunicazioni elettroniche da REISER sotto forma di e-mail inviata all&#039;indirizzo e-mail indicato sul tuo account o tramite comunicazioni pubblicate sul sito web. Riconosci e accetti che qualsiasi comunicazione elettronica sotto forma di tale e-mail o pubblicazione sul sito web soddisfer\u00e0 qualsiasi requisito legale che tale comunicazione sia in forma scritta.<\/p>\n<p>Puoi leggere di pi\u00f9 sulle comunicazioni elettroniche nel nostro documento sulla privacy.<\/p>\n<p><b>Il tuo account<\/b><\/p>\n<p>\u00c8 necessario creare un account con REISER per acquistare tramite il sito web. Sei l&#039;unico responsabile per (i) mantenere la sicurezza del tuo account e password; (ii) limitare a te stesso l&#039;accesso al tuo account; e (iii) mantenere aggiornato l&#039;indirizzo e-mail del tuo account. Sei l&#039;unico responsabile per tutte le attivit\u00e0, inclusi ma non limitati a, tutti gli acquisti di prodotti sul sito web e la pubblicazione di Contributi, che avvengono sotto il tuo account.<\/p>\n<p>Riconosci e accetti che REISER possa accedere, conservare e divulgare le informazioni del tuo account, Invii, comunicazioni e informazioni relative al tuo utilizzo del sito Web e qualsiasi altra informazione sotto il tuo account se REISER \u00e8 tenuto a farlo per legge o procedimento legale o se REISER determina, a sua esclusiva discrezione, che tale azione \u00e8 necessaria per proteggere i diritti di REISER, di terzi e di altri utenti del sito Web o per rispondere in altro modo alle richieste del servizio clienti.<\/p>\n<p>I termini e i diritti sulla divulgazione delle informazioni personali sono ulteriormente spiegati nel nostro documento sulla privacy.<\/p>\n<p><b>Transazioni sul sito<\/b><\/p>\n<p>Ci riserviamo il diritto di richiedere un&#039;ulteriore identificazione per l&#039;elaborazione della carta di credito su qualsiasi ordine effettuato con noi. Ci riserviamo il diritto di modificare e\/o rifiutare qualsiasi ordine inserito nel sito web. Possiamo, a nostra esclusiva discrezione, limitare o annullare le quantit\u00e0 acquistate per persona, per nucleo familiare o per ordine; inclusi pi\u00f9 ordini inseriti da o sotto lo stesso account cliente, la stessa carta di credito e\/o ordini che utilizzano lo stesso indirizzo di fatturazione e\/o spedizione. Ci riserviamo il diritto di limitare o vietare gli ordini che, a nostro insindacabile giudizio, sembrano essere effettuati da rivenditori, rivenditori o distributori. Nel caso in cui cambiamo o annulliamo un ordine, cercheremo di informarti contattando le informazioni di contatto applicabili fornite al momento dell&#039;invio dell&#039;ordine sul sito web.<\/p>\n<p><b>Spedizione<\/b><\/p>\n<p>I termini e le condizioni per la spedizione sono disponibili nella nostra pagina Spedizioni.<\/p>\n<p><b>Modifica<\/b><\/p>\n<p>Qualsiasi contenuto offerto o pubblicato su questo sito Web \u00e8 soggetto a modifiche o interruzioni in qualsiasi momento e di volta in volta senza preavviso o obbligo nei tuoi confronti. Senza limitare quanto sopra, REISER si riserva il diritto, a sua esclusiva discrezione, di addebitare commissioni per l&#039;uso, l&#039;acquisto o l&#039;accesso a qualsiasi prodotto, servizio o Contenuto offerto attraverso il sito Web, in qualsiasi momento e di volta in volta.<\/p>\n<p>REISER si riserva il diritto di modificare o aggiornare i presenti Termini, o qualsiasi altra delle nostre politiche o pratiche, in qualsiasi momento e informer\u00e0 gli utenti di questo sito Web pubblicando tali Termini modificati o aggiornati in questa pagina. Eventuali modifiche o aggiornamenti saranno effettivi immediatamente dopo la pubblicazione su questo sito web. In determinate circostanze, potremmo anche scegliere di notificarti modifiche o aggiornamenti ai nostri Termini con mezzi aggiuntivi, ad esempio inviandoti un&#039;e-mail.<\/p>\n<p><b>Condizioni di vendita<\/b><\/p>\n<p>Tutte le vendite di prodotti dal sito Web sono regolate dalla politica di resi e cambi e dalle informazioni sulla spedizione pubblicate sul sito Web. Ordinando e\/o accettando la consegna dei prodotti, accetti di essere vincolato da tali politiche. Le politiche sono soggette a modifiche senza preavviso e le sottoponiamo a revisione per gli utenti prima di qualsiasi transazione.<\/p>\n<p><b>Garanzia<\/b><\/p>\n<p>Il tuo orologio \u00e8 garantito a livello internazionale da REISER per due anni dalla data di acquisto su tutti i modelli con difetti di materiale o di fabbricazione.<\/p>\n<p>Questa garanzia non copre:<\/p>\n<p>Cinghie, vetro o batterie.<\/p>\n<p>Danni interni o esterni derivanti da usura eccessiva, uso improprio o cattiva gestione.<\/p>\n<p>Danni derivanti dal servizio fornito da un centro di assistenza non autorizzato.<\/p>\n<p><b>Limitazione di responsabilit\u00e0<\/b><\/p>\n<p>Nella misura massima consentita dalla legge, REISER e le sue societ\u00e0 controllate e\/o qualsiasi delle sue entit\u00e0 affiliate (il &quot;REISER&quot;) escludono ogni responsabilit\u00e0 per eventuali danni (comunque derivanti, inclusi senza limitazione attraverso il contratto, torto (inclusa la negligenza), violazione di obblighi legali o altro) derivanti da o in connessione con l&#039;accesso (o l&#039;impossibilit\u00e0 di accedere) o l&#039;utilizzo del sito Web e dei suoi contenuti. Tutte le condizioni, garanzie e altri termini che possono essere impliciti per statuto, diritto comune o altro sono esclusi nella misura massima consentita dalla legge. In nessun caso REISER o i loro rispettivi funzionari, direttori, appaltatori, dipendenti o agenti saranno responsabili per: (i) qualsiasi perdita o danno indiretto, speciale o consequenziale, o (i) perdita di profitto, (iii) perdita di affari , (iv) perdita di contratto, o (vii) perdita di dati, in ogni caso, subita da qualsiasi utente in relazione al sito web, a qualsiasi sito ad esso collegato e a qualsiasi materiale pubblicato su di esso, anche se REISER \u00e8 stato preventivamente informato della possibilit\u00e0 di tale danno. Nulla in questi Termini e Condizioni escluder\u00e0 o limiter\u00e0 la nostra responsabilit\u00e0 per morte o lesioni personali derivanti dalla nostra negligenza, qualsiasi violazione degli obblighi impliciti dalla legge applicabile, o per qualsiasi frode, falsa dichiarazione fraudolenta o qualsiasi altra responsabilit\u00e0 nella misura in cui non pu\u00f2 essere derogato o limitato dalla legge applicabile.<\/p>\n<p><b>Legge applicabile e giurisdizione<\/b><\/p>\n<p>Questo sito web \u00e8 ospitato e gestito nei Paesi Bassi, ai sensi della legge olandese. Fornendo informazioni personali a questo sito Web, l&#039;utente comprende e acconsente alla raccolta, alla manutenzione, all&#039;elaborazione e al trasferimento di tali informazioni nei e verso i Paesi Bassi e altri paesi e territori.<\/p>\n<p><b>Invalidit\u00e0<\/b><\/p>\n<p>Se una qualsiasi disposizione di questi Termini e Condizioni \u00e8 ritenuta non valida, illegale o inapplicabile in qualsiasi giurisdizione, lo stesso non pregiudicher\u00e0 l&#039;efficacia o la validit\u00e0 in altre giurisdizioni o l&#039;efficacia di qualsiasi altra disposizione nel presente documento.<\/p>\n<p><b>Domande<\/b><\/p>\n<p>In caso di dubbi sul materiale che appare sul sito Web o sui presenti Termini e condizioni, si prega di contattarci inviando un&#039;e-mail a: cs [sostituisci con at] www.reiserwatches.com<\/p>\n<p><\/p>\t\t\t\t\t\t<\/div>\n\t\t\t\t<\/div>\n\t\t\t\t\t<\/div>\n\t\t<\/div>\n\t\t\t\t\t<\/div>\n\t\t<\/section>\n\t\t\t\t<\/div>","protected":false},"excerpt":{"rendered":"<p>Modifiche a questi Termini REISER si riserva il diritto di modificare o aggiornare, in qualsiasi momento e senza preavviso, questo e tutti gli altri documenti collettivamente riconosciuti come i &quot;Termini&quot;, e informer\u00e0 gli utenti di questo sito web pubblicando tali Termini modificati o aggiornati su questa pagina. Eventuali modifiche o aggiornamenti avranno effetto immediato [\u2026]<\/p>","protected":false},"author":1,"featured_media":0,"parent":0,"menu_order":0,"comment_status":"closed","ping_status":"closed","template":"elementor_header_footer","meta":{"_acf_changed":false,"footnotes":""},"class_list":["post-2099","page","type-page","status-publish","hentry"],"acf":[],"_links":{"self":[{"href":"https:\/\/www.reiserwatches.com\/it\/wp-json\/wp\/v2\/pages\/2099","targetHints":{"allow":["GET"]}}],"collection":[{"href":"https:\/\/www.reiserwatches.com\/it\/wp-json\/wp\/v2\/pages"}],"about":[{"href":"https:\/\/www.reiserwatches.com\/it\/wp-json\/wp\/v2\/types\/page"}],"author":[{"embeddable":true,"href":"https:\/\/www.reiserwatches.com\/it\/wp-json\/wp\/v2\/users\/1"}],"replies":[{"embeddable":true,"href":"https:\/\/www.reiserwatches.com\/it\/wp-json\/wp\/v2\/comments?post=2099"}],"version-history":[{"count":0,"href":"https:\/\/www.reiserwatches.com\/it\/wp-json\/wp\/v2\/pages\/2099\/revisions"}],"wp:attachment":[{"href":"https:\/\/www.reiserwatches.com\/it\/wp-json\/wp\/v2\/media?parent=2099"}],"curies":[{"name":"wp","href":"https:\/\/api.w.org\/{rel}","templated":true}]}}