{"id":569,"date":"2020-09-06T11:06:35","date_gmt":"2020-09-06T11:06:35","guid":{"rendered":"http:\/\/rrnewlayout.kinsta.cloud\/?page_id=569"},"modified":"2022-06-15T16:06:17","modified_gmt":"2022-06-15T14:06:17","slug":"our-story","status":"publish","type":"page","link":"https:\/\/www.reiserwatches.com\/it\/our-story\/","title":{"rendered":"La nostra storia"},"content":{"rendered":"<div data-elementor-type=\"wp-page\" data-elementor-id=\"569\" class=\"elementor elementor-569\" data-elementor-post-type=\"page\">\n\t\t\t\t\t\t<section class=\"elementor-section elementor-top-section elementor-element elementor-element-566923f3 elementor-section-height-min-height elementor-section-items-bottom elementor-section-boxed elementor-section-height-default\" data-id=\"566923f3\" data-element_type=\"section\" data-settings=\"{&quot;background_background&quot;:&quot;classic&quot;}\">\n\t\t\t\t\t\t\t<div class=\"elementor-background-overlay\"><\/div>\n\t\t\t\t\t\t\t<div class=\"elementor-container elementor-column-gap-default\">\n\t\t\t\t\t<div class=\"elementor-column elementor-col-100 elementor-top-column elementor-element elementor-element-2bf5dae4\" data-id=\"2bf5dae4\" data-element_type=\"column\">\n\t\t\t<div class=\"elementor-widget-wrap elementor-element-populated\">\n\t\t\t\t\t\t<div class=\"elementor-element elementor-element-70fa8572 elementor-widget elementor-widget-heading\" data-id=\"70fa8572\" data-element_type=\"widget\" data-widget_type=\"heading.default\">\n\t\t\t\t<div class=\"elementor-widget-container\">\n\t\t\t<h1 class=\"elementor-heading-title elementor-size-default\">La nostra storia<\/h1>\t\t<\/div>\n\t\t\t\t<\/div>\n\t\t\t\t<div class=\"elementor-element elementor-element-60f85237 elementor-widget elementor-widget-text-editor\" data-id=\"60f85237\" data-element_type=\"widget\" data-widget_type=\"text-editor.default\">\n\t\t\t\t<div class=\"elementor-widget-container\">\n\t\t\t\t\t\t\t<p>Tutto \u00e8 iniziato con alcuni schizzi.<\/p>\t\t\t\t\t\t<\/div>\n\t\t\t\t<\/div>\n\t\t\t\t\t<\/div>\n\t\t<\/div>\n\t\t\t\t\t<\/div>\n\t\t<\/section>\n\t\t\t\t<section class=\"elementor-section elementor-top-section elementor-element elementor-element-305149d3 elementor-section-boxed elementor-section-height-default elementor-section-height-default\" data-id=\"305149d3\" data-element_type=\"section\">\n\t\t\t\t\t\t<div class=\"elementor-container elementor-column-gap-default\">\n\t\t\t\t\t<div class=\"elementor-column elementor-col-50 elementor-top-column elementor-element elementor-element-7b9de55a\" data-id=\"7b9de55a\" data-element_type=\"column\">\n\t\t\t<div class=\"elementor-widget-wrap elementor-element-populated\">\n\t\t\t\t\t\t<div class=\"elementor-element elementor-element-63274f4 elementor-widget elementor-widget-image\" data-id=\"63274f4\" data-element_type=\"widget\" data-widget_type=\"image.default\">\n\t\t\t\t<div class=\"elementor-widget-container\">\n\t\t\t\t\t\t\t\t\t\t\t\t\t<img fetchpriority=\"high\" decoding=\"async\" width=\"695\" height=\"521\" src=\"https:\/\/www.reiserwatches.com\/wp-content\/uploads\/2021\/05\/office1.jpg\" class=\"attachment-medium_large size-medium_large wp-image-12449\" alt=\"\" srcset=\"https:\/\/www.reiserwatches.com\/wp-content\/uploads\/2021\/05\/office1.jpg 695w, https:\/\/www.reiserwatches.com\/wp-content\/uploads\/2021\/05\/office1-322x241.jpg 322w, https:\/\/www.reiserwatches.com\/wp-content\/uploads\/2021\/05\/office1-555x416.jpg 555w, https:\/\/www.reiserwatches.com\/wp-content\/uploads\/2021\/05\/office1-300x225.jpg 300w, https:\/\/www.reiserwatches.com\/wp-content\/uploads\/2021\/05\/office1-16x12.jpg 16w\" sizes=\"(max-width: 695px) 100vw, 695px\" \/>\t\t\t\t\t\t\t\t\t\t\t\t\t<\/div>\n\t\t\t\t<\/div>\n\t\t\t\t\t<\/div>\n\t\t<\/div>\n\t\t\t\t<div class=\"elementor-column elementor-col-50 elementor-top-column elementor-element elementor-element-7544c11c\" data-id=\"7544c11c\" data-element_type=\"column\" data-settings=\"{&quot;background_background&quot;:&quot;classic&quot;}\">\n\t\t\t<div class=\"elementor-widget-wrap elementor-element-populated\">\n\t\t\t\t\t\t<div class=\"elementor-element elementor-element-569e293f elementor-widget elementor-widget-heading\" data-id=\"569e293f\" data-element_type=\"widget\" data-widget_type=\"heading.default\">\n\t\t\t\t<div class=\"elementor-widget-container\">\n\t\t\t<h2 class=\"elementor-heading-title elementor-size-default\">Un viaggio inizia con un&#039;idea<\/h2>\t\t<\/div>\n\t\t\t\t<\/div>\n\t\t\t\t<div class=\"elementor-element elementor-element-81f3186 elementor-widget elementor-widget-text-editor\" data-id=\"81f3186\" data-element_type=\"widget\" data-widget_type=\"text-editor.default\">\n\t\t\t\t<div class=\"elementor-widget-container\">\n\t\t\t\t\t\t\t<p>Fondata nel 2019, REISER \u00e8 stata fondata da Hicham per progettare orologi iconici. Spinto da passione e perseveranza, \u00e8 determinato a rimanere coerente con la produzione di orologi da polso di alta qualit\u00e0.<\/p><p>La sua storia inizia con un&#039;idea. Un&#039;idea abbastanza audace da ispirare e abbastanza audace da intraprendere. Un&#039;idea che nasce dalla convinzione di sviluppare un orologio che sfida lo status quo.<\/p>\t\t\t\t\t\t<\/div>\n\t\t\t\t<\/div>\n\t\t\t\t\t<\/div>\n\t\t<\/div>\n\t\t\t\t\t<\/div>\n\t\t<\/section>\n\t\t\t\t<section class=\"elementor-section elementor-top-section elementor-element elementor-element-21478069 elementor-reverse-mobile elementor-section-boxed elementor-section-height-default elementor-section-height-default\" data-id=\"21478069\" data-element_type=\"section\">\n\t\t\t\t\t\t<div class=\"elementor-container elementor-column-gap-default\">\n\t\t\t\t\t<div class=\"elementor-column elementor-col-50 elementor-top-column elementor-element elementor-element-2edbeff8\" data-id=\"2edbeff8\" data-element_type=\"column\">\n\t\t\t<div class=\"elementor-widget-wrap elementor-element-populated\">\n\t\t\t\t\t\t<div class=\"elementor-element elementor-element-1bc55fc7 elementor-widget elementor-widget-heading\" data-id=\"1bc55fc7\" data-element_type=\"widget\" data-widget_type=\"heading.default\">\n\t\t\t\t<div class=\"elementor-widget-container\">\n\t\t\t<h2 class=\"elementor-heading-title elementor-size-default\">Questo \u00e8 il viaggio di REISER<\/h2>\t\t<\/div>\n\t\t\t\t<\/div>\n\t\t\t\t<div class=\"elementor-element elementor-element-697b7dca elementor-widget elementor-widget-text-editor\" data-id=\"697b7dca\" data-element_type=\"widget\" data-widget_type=\"text-editor.default\">\n\t\t\t\t<div class=\"elementor-widget-container\">\n\t\t\t\t\t\t\t<p>La nostra storia \u00e8 un impavido desiderio di connetterti con le tradizioni orologiere. Si tratta di un orologio che stimola la voglia di avventura, la ricerca di nuovi limiti.<\/p><p>Si tratta di un orologio che insegue l&#039;ignoto e ti incoraggia a cercare il disagio.<\/p>\t\t\t\t\t\t<\/div>\n\t\t\t\t<\/div>\n\t\t\t\t\t<\/div>\n\t\t<\/div>\n\t\t\t\t<div class=\"elementor-column elementor-col-50 elementor-top-column elementor-element elementor-element-1db91a1f\" data-id=\"1db91a1f\" data-element_type=\"column\">\n\t\t\t<div class=\"elementor-widget-wrap elementor-element-populated\">\n\t\t\t\t\t\t<div class=\"elementor-element elementor-element-89a83ca elementor-widget elementor-widget-image\" data-id=\"89a83ca\" data-element_type=\"widget\" data-widget_type=\"image.default\">\n\t\t\t\t<div class=\"elementor-widget-container\">\n\t\t\t\t\t\t\t\t\t\t\t\t\t<img decoding=\"async\" width=\"675\" height=\"450\" src=\"https:\/\/www.reiserwatches.com\/wp-content\/uploads\/2021\/02\/dd6.jpg\" class=\"attachment-large size-large wp-image-8661\" alt=\"\" srcset=\"https:\/\/www.reiserwatches.com\/wp-content\/uploads\/2021\/02\/dd6.jpg 675w, https:\/\/www.reiserwatches.com\/wp-content\/uploads\/2021\/02\/dd6-322x215.jpg 322w, https:\/\/www.reiserwatches.com\/wp-content\/uploads\/2021\/02\/dd6-555x370.jpg 555w, https:\/\/www.reiserwatches.com\/wp-content\/uploads\/2021\/02\/dd6-300x200.jpg 300w, https:\/\/www.reiserwatches.com\/wp-content\/uploads\/2021\/02\/dd6-16x12.jpg 16w\" sizes=\"(max-width: 675px) 100vw, 675px\" \/>\t\t\t\t\t\t\t\t\t\t\t\t\t<\/div>\n\t\t\t\t<\/div>\n\t\t\t\t\t<\/div>\n\t\t<\/div>\n\t\t\t\t\t<\/div>\n\t\t<\/section>\n\t\t\t\t<section class=\"elementor-section elementor-top-section elementor-element elementor-element-6cf18284 elementor-section-boxed elementor-section-height-default elementor-section-height-default\" data-id=\"6cf18284\" data-element_type=\"section\">\n\t\t\t\t\t\t<div class=\"elementor-container elementor-column-gap-default\">\n\t\t\t\t\t<div class=\"elementor-column elementor-col-50 elementor-top-column elementor-element elementor-element-1f9f4c5d\" data-id=\"1f9f4c5d\" data-element_type=\"column\">\n\t\t\t<div class=\"elementor-widget-wrap elementor-element-populated\">\n\t\t\t\t\t\t<div class=\"elementor-element elementor-element-8152a45 elementor-widget elementor-widget-image\" data-id=\"8152a45\" data-element_type=\"widget\" data-widget_type=\"image.default\">\n\t\t\t\t<div class=\"elementor-widget-container\">\n\t\t\t\t\t\t\t\t\t\t\t\t\t<img decoding=\"async\" width=\"675\" height=\"450\" src=\"https:\/\/www.reiserwatches.com\/wp-content\/uploads\/2021\/04\/Untitled-1.jpg\" class=\"attachment-large size-large wp-image-12004\" alt=\"\" srcset=\"https:\/\/www.reiserwatches.com\/wp-content\/uploads\/2021\/04\/Untitled-1.jpg 675w, https:\/\/www.reiserwatches.com\/wp-content\/uploads\/2021\/04\/Untitled-1-322x215.jpg 322w, https:\/\/www.reiserwatches.com\/wp-content\/uploads\/2021\/04\/Untitled-1-555x370.jpg 555w, https:\/\/www.reiserwatches.com\/wp-content\/uploads\/2021\/04\/Untitled-1-300x200.jpg 300w, https:\/\/www.reiserwatches.com\/wp-content\/uploads\/2021\/04\/Untitled-1-16x12.jpg 16w\" sizes=\"(max-width: 675px) 100vw, 675px\" \/>\t\t\t\t\t\t\t\t\t\t\t\t\t<\/div>\n\t\t\t\t<\/div>\n\t\t\t\t\t<\/div>\n\t\t<\/div>\n\t\t\t\t<div class=\"elementor-column elementor-col-50 elementor-top-column elementor-element elementor-element-33a4c412\" data-id=\"33a4c412\" data-element_type=\"column\">\n\t\t\t<div class=\"elementor-widget-wrap elementor-element-populated\">\n\t\t\t\t\t\t<div class=\"elementor-element elementor-element-70dfb10e elementor-widget elementor-widget-heading\" data-id=\"70dfb10e\" data-element_type=\"widget\" data-widget_type=\"heading.default\">\n\t\t\t\t<div class=\"elementor-widget-container\">\n\t\t\t<h2 class=\"elementor-heading-title elementor-size-default\">Questo \u00e8 il tuo viaggio<\/h2>\t\t<\/div>\n\t\t\t\t<\/div>\n\t\t\t\t<div class=\"elementor-element elementor-element-68be589c elementor-widget elementor-widget-text-editor\" data-id=\"68be589c\" data-element_type=\"widget\" data-widget_type=\"text-editor.default\">\n\t\t\t\t<div class=\"elementor-widget-container\">\n\t\t\t\t\t\t\t<p>\u00c8 una storia di valori condivisi e una celebrazione della diversit\u00e0, del patrimonio e delle culture del mondo. Si tratta di un orologio che sblocca infinite opportunit\u00e0 mentre crea un nuovo senso di scopo.<\/p><p>Questa \u00e8 una storia unica che abbiamo gi\u00e0 intrapreso insieme.<\/p>\t\t\t\t\t\t<\/div>\n\t\t\t\t<\/div>\n\t\t\t\t\t<\/div>\n\t\t<\/div>\n\t\t\t\t\t<\/div>\n\t\t<\/section>\n\t\t\t\t<\/div>","protected":false},"excerpt":{"rendered":"<p>La nostra storia Tutto \u00e8 iniziato con alcuni schizzi. Un viaggio inizia con un&#039;idea Fondata nel 2019, REISER \u00e8 stata fondata da Hicham per progettare orologi iconici. Spinto dalla passione e dalla perseveranza, \u00e8 determinato a rimanere coerente con la produzione di orologi da polso di alta qualit\u00e0. La sua storia inizia con un&#039;idea. Un&#039;idea abbastanza audace da ispirare [\u2026]<\/p>","protected":false},"author":1,"featured_media":0,"parent":0,"menu_order":0,"comment_status":"closed","ping_status":"closed","template":"elementor_header_footer","meta":{"_acf_changed":false,"footnotes":""},"class_list":["post-569","page","type-page","status-publish","hentry"],"acf":[],"_links":{"self":[{"href":"https:\/\/www.reiserwatches.com\/it\/wp-json\/wp\/v2\/pages\/569","targetHints":{"allow":["GET"]}}],"collection":[{"href":"https:\/\/www.reiserwatches.com\/it\/wp-json\/wp\/v2\/pages"}],"about":[{"href":"https:\/\/www.reiserwatches.com\/it\/wp-json\/wp\/v2\/types\/page"}],"author":[{"embeddable":true,"href":"https:\/\/www.reiserwatches.com\/it\/wp-json\/wp\/v2\/users\/1"}],"replies":[{"embeddable":true,"href":"https:\/\/www.reiserwatches.com\/it\/wp-json\/wp\/v2\/comments?post=569"}],"version-history":[{"count":0,"href":"https:\/\/www.reiserwatches.com\/it\/wp-json\/wp\/v2\/pages\/569\/revisions"}],"wp:attachment":[{"href":"https:\/\/www.reiserwatches.com\/it\/wp-json\/wp\/v2\/media?parent=569"}],"curies":[{"name":"wp","href":"https:\/\/api.w.org\/{rel}","templated":true}]}}