{"id":1809,"date":"2020-09-30T11:57:28","date_gmt":"2020-09-30T11:57:28","guid":{"rendered":"http:\/\/rrnewlayout.kinsta.cloud\/?post_type=product&#038;p=1809"},"modified":"2022-11-15T11:27:38","modified_gmt":"2022-11-15T09:27:38","slug":"alpen-chrono-rose-gold-nbr","status":"publish","type":"product","link":"https:\/\/www.reiserwatches.com\/it\/r\/alpen-chrono-rose-gold-nbr\/","title":{"rendered":"ALPEN Chrono \u2013 Oro rosa (gomma NBR)"},"content":{"rendered":"","protected":false},"excerpt":{"rendered":"<p>Presentazione dell&#039;ALPEN Chrono. Nessuna collezione sarebbe completa senza un cronografo.<\/p>\n<p>Il design \u00e8 probabilmente il pi\u00f9 forte della gamma, poich\u00e9 i caratteri sofisticati, gli anelli del sub-quadrante e il quadrante sunburst si fondono insieme in perfetta armonia.<\/p>","protected":false},"featured_media":10812,"template":"","meta":{"_acf_changed":false},"product_cat":[15],"product_tag":[23],"class_list":{"0":"post-1809","1":"product","2":"type-product","3":"status-publish","4":"has-post-thumbnail","6":"product_cat-uncategorized","7":"product_tag-rr03","9":"first","10":"outofstock","11":"taxable","12":"shipping-taxable","13":"purchasable","14":"product-type-simple"},"acf":[],"gallery_images":[10768,10828,10869,10845],"_links":{"self":[{"href":"https:\/\/www.reiserwatches.com\/it\/wp-json\/wp\/v2\/product\/1809","targetHints":{"allow":["GET"]}}],"collection":[{"href":"https:\/\/www.reiserwatches.com\/it\/wp-json\/wp\/v2\/product"}],"about":[{"href":"https:\/\/www.reiserwatches.com\/it\/wp-json\/wp\/v2\/types\/product"}],"version-history":[{"count":0,"href":"https:\/\/www.reiserwatches.com\/it\/wp-json\/wp\/v2\/product\/1809\/revisions"}],"wp:featuredmedia":[{"embeddable":true,"href":"https:\/\/www.reiserwatches.com\/it\/wp-json\/wp\/v2\/media\/10812"}],"wp:attachment":[{"href":"https:\/\/www.reiserwatches.com\/it\/wp-json\/wp\/v2\/media?parent=1809"}],"wp:term":[{"taxonomy":"product_cat","embeddable":true,"href":"https:\/\/www.reiserwatches.com\/it\/wp-json\/wp\/v2\/product_cat?post=1809"},{"taxonomy":"product_tag","embeddable":true,"href":"https:\/\/www.reiserwatches.com\/it\/wp-json\/wp\/v2\/product_tag?post=1809"}],"curies":[{"name":"wp","href":"https:\/\/api.w.org\/{rel}","templated":true}]}}