{"id":1825,"date":"2020-09-30T12:00:05","date_gmt":"2020-09-30T12:00:05","guid":{"rendered":"http:\/\/rrnewlayout.kinsta.cloud\/?post_type=product&#038;p=1825"},"modified":"2023-03-18T20:26:50","modified_gmt":"2023-03-18T18:26:50","slug":"alpen-chrono-silver-blue-nbr","status":"publish","type":"product","link":"https:\/\/www.reiserwatches.com\/it\/r\/alpen-chrono-silver-blue-nbr\/","title":{"rendered":"ALPEN Chrono \u2013 Navy (gomma NBR)"},"content":{"rendered":"","protected":false},"excerpt":{"rendered":"<p>Presentazione dell&#039;ALPEN Chrono. Nessuna collezione sarebbe completa senza un cronografo.<\/p>\n<p>Il design \u00e8 probabilmente il pi\u00f9 forte della gamma, poich\u00e9 i caratteri sofisticati, gli anelli del sub-quadrante e il quadrante sunburst si fondono insieme in perfetta armonia.<\/p>","protected":false},"featured_media":10810,"template":"","meta":{"_acf_changed":false},"product_cat":[15],"product_tag":[23],"class_list":{"0":"post-1825","1":"product","2":"type-product","3":"status-publish","4":"has-post-thumbnail","6":"product_cat-uncategorized","7":"product_tag-rr03","9":"first","10":"instock","11":"sale","12":"taxable","13":"shipping-taxable","14":"purchasable","15":"product-type-simple"},"acf":[],"gallery_images":[10766,10826,10867,10843],"_links":{"self":[{"href":"https:\/\/www.reiserwatches.com\/it\/wp-json\/wp\/v2\/product\/1825","targetHints":{"allow":["GET"]}}],"collection":[{"href":"https:\/\/www.reiserwatches.com\/it\/wp-json\/wp\/v2\/product"}],"about":[{"href":"https:\/\/www.reiserwatches.com\/it\/wp-json\/wp\/v2\/types\/product"}],"version-history":[{"count":1,"href":"https:\/\/www.reiserwatches.com\/it\/wp-json\/wp\/v2\/product\/1825\/revisions"}],"predecessor-version":[{"id":24194,"href":"https:\/\/www.reiserwatches.com\/it\/wp-json\/wp\/v2\/product\/1825\/revisions\/24194"}],"wp:featuredmedia":[{"embeddable":true,"href":"https:\/\/www.reiserwatches.com\/it\/wp-json\/wp\/v2\/media\/10810"}],"wp:attachment":[{"href":"https:\/\/www.reiserwatches.com\/it\/wp-json\/wp\/v2\/media?parent=1825"}],"wp:term":[{"taxonomy":"product_cat","embeddable":true,"href":"https:\/\/www.reiserwatches.com\/it\/wp-json\/wp\/v2\/product_cat?post=1825"},{"taxonomy":"product_tag","embeddable":true,"href":"https:\/\/www.reiserwatches.com\/it\/wp-json\/wp\/v2\/product_tag?post=1825"}],"curies":[{"name":"wp","href":"https:\/\/api.w.org\/{rel}","templated":true}]}}